{"id":39254,"date":"2025-09-29T17:45:10","date_gmt":"2025-09-29T14:45:10","guid":{"rendered":"https:\/\/keluvo.com\/se\/product\/skarverktyg-2-st\/"},"modified":"2025-10-13T11:21:51","modified_gmt":"2025-10-13T08:21:51","slug":"skarverktyg-2-st","status":"publish","type":"product","link":"https:\/\/keluvo.com\/se\/product\/skarverktyg-2-st\/","title":{"rendered":"Sk\u00e4rverktyg (2 st)"},"content":{"rendered":"<p style=\"text-align: center;\" data-start=\"123\" data-end=\"174\"><strong>Sk\u00e4r komplicerade former med enkelhet och precision. \ud83d\udd8a\ufe0f<\/strong><\/p>\n<p style=\"text-align: center;\" data-start=\"176\" data-end=\"467\">Detta l\u00e4ttviktssk\u00e4rverktyg f\u00f6r hantverk \u00e4r utformat f\u00f6r kreativa projekt, fr\u00e5n pappershantverk till vinylklisterm\u00e4rken. Med det 360\u00b0 roterande bladet kan du snabbt sk\u00e4ra ut detaljerade former utan anstr\u00e4ngning. Den \u00e4r s\u00e4ker, m\u00e5ngsidig och enkel att anv\u00e4nda och passar perfekt f\u00f6r b\u00e5de nyb\u00f6rjare, hobbyister och experter.<\/p>\n<p data-start=\"176\" data-end=\"467\"><img decoding=\"async\" class=\"size-full wp-image-35402 aligncenter\" src=\"https:\/\/keluvo.com\/template\/wp-content\/uploads\/sites\/5\/2025\/09\/09228-ezgif.com-video-to-webp-converter.webp\" alt=\"\" \/><\/p>\n<h2 style=\"text-align: center;\" data-start=\"474\" data-end=\"496\">Huvudsakliga f\u00f6rdelar<\/h2>\n<p data-start=\"499\" data-end=\"548\">\u2702\ufe0f 360\u00b0 roterande blad f\u00f6r j\u00e4mn och exakt sk\u00e4rning.<\/p>\n<p data-start=\"499\" data-end=\"548\">\ud83d\udd8a\ufe0f L\u00e4tt att anv\u00e4nda som en penna f\u00f6r naturlig kontroll.<\/p>\n<p data-start=\"499\" data-end=\"548\">\ud83e\uddd2 S\u00e4ker f\u00f6r skolor och unga hantverksentusiaster (sk\u00e4r inte i huden vid normal anv\u00e4ndning).<\/p>\n<p data-start=\"499\" data-end=\"548\">\ud83d\udcd0 Perfekt f\u00f6r pappershantverk, scrapbooking, korttillverkning och vinylklisterm\u00e4rken.<\/p>\n<p data-start=\"499\" data-end=\"548\">\ud83d\udee0\ufe0f Kompatibel med stans- och pr\u00e4glingsmaskiner.<\/p>\n<p data-start=\"499\" data-end=\"548\">\ud83d\udca1 L\u00e4tt plasthandtag minskar handtr\u00f6tthet.<\/p>\n<p data-start=\"828\" data-end=\"880\"><img decoding=\"async\" class=\"size-full wp-image-35401 aligncenter\" src=\"https:\/\/keluvo.com\/template\/wp-content\/uploads\/sites\/5\/2025\/09\/6_900x_76e0f77c-2718-42a7-bb87-de9ec3e7af7b_480x480.webp\" alt=\"\" \/><\/p>\n<h2 style=\"text-align: center;\" data-start=\"887\" data-end=\"906\">S\u00e5 h\u00e4r g\u00f6r du<\/h2>\n<ol data-start=\"907\" data-end=\"1174\">\n<li data-start=\"907\" data-end=\"962\">\n<p data-start=\"910\" data-end=\"962\">H\u00e5ll sk\u00e4rverktyget som en penna f\u00f6r enkel kontroll.<\/p>\n<\/li>\n<li data-start=\"907\" data-end=\"962\">\n<p data-start=\"910\" data-end=\"962\">Placera det p\u00e5 papper, kartong, vinyl eller plastfilm.<\/p>\n<\/li>\n<li data-start=\"907\" data-end=\"962\">\n<p data-start=\"910\" data-end=\"962\">Glid det 360\u00b0 roterande bladet f\u00f6r att sk\u00e4ra former och m\u00f6nster.<\/p>\n<\/li>\n<li data-start=\"907\" data-end=\"962\">\n<p data-start=\"910\" data-end=\"962\">Byt ut bladet med en t\u00e5ng n\u00e4r det beh\u00f6vs.<\/p>\n<\/li>\n<li data-start=\"907\" data-end=\"962\">\n<p data-start=\"910\" data-end=\"962\">Njut av exakta snitt f\u00f6r kreativa projekt.<\/p>\n<\/li>\n<\/ol>\n<h2 style=\"text-align: center;\" data-start=\"1181\" data-end=\"1205\">Produktinformation<\/h2>\n<ul data-start=\"1206\" data-end=\"1506\">\n<li data-start=\"1238\" data-end=\"1278\">\n<p data-start=\"1240\" data-end=\"1278\">Handtagsmaterial: L\u00e4ttviktsplast<\/p>\n<\/li>\n<li data-start=\"1238\" data-end=\"1278\">\n<p data-start=\"1240\" data-end=\"1278\">Bladmaterial: Kolst\u00e5l (roterande blad)<\/p>\n<\/li>\n<li data-start=\"1238\" data-end=\"1278\">\n<p data-start=\"1240\" data-end=\"1278\">Funktioner: 360\u00b0 roterande blad, pennliknande grepp, s\u00e4ker f\u00f6r normal anv\u00e4ndning<\/p>\n<\/li>\n<li data-start=\"1238\" data-end=\"1278\">\n<p data-start=\"1240\" data-end=\"1278\">Anv\u00e4ndningsomr\u00e5den: Decoupage, scrapbooking, malltillverkning, kortdesign, vinylbokst\u00e4ver, konstverk med mera<\/p>\n<\/li>\n<\/ul>\n<h2 style=\"text-align: center;\" data-start=\"1513\" data-end=\"1538\">Paketet inneh\u00e5ller<\/h2>\n<ul data-start=\"1539\" data-end=\"1587\">\n<li data-start=\"1539\" data-end=\"1587\">\n<p data-start=\"1541\" data-end=\"1587\">2x sk\u00e4rverktyg<\/p>\n<\/li>\n<li data-start=\"1539\" data-end=\"1587\">\n<p data-start=\"1541\" data-end=\"1587\">6x 360-graders roterande ers\u00e4ttningsblad i kolst\u00e5l.<\/p>\n<\/li>\n<\/ul>\n","protected":false},"excerpt":{"rendered":"<p>Sk\u00e4r komplicerade former med enkelhet och precision. \ud83d\udd8a\ufe0f Detta l\u00e4ttviktssk\u00e4rverktyg f\u00f6r hantverk \u00e4r utformat f\u00f6r kreativa projekt, fr\u00e5n pappershantverk till [&hellip;]<\/p>\n","protected":false},"featured_media":39250,"comment_status":"open","ping_status":"closed","template":"","meta":{"site-sidebar-layout":"default","site-content-layout":"","ast-site-content-layout":"default","site-content-style":"default","site-sidebar-style":"default","ast-global-header-display":"","ast-banner-title-visibility":"","ast-main-header-display":"","ast-hfb-above-header-display":"","ast-hfb-below-header-display":"","ast-hfb-mobile-header-display":"","site-post-title":"","ast-breadcrumbs-content":"","ast-featured-img":"","footer-sml-layout":"","theme-transparent-header-meta":"default","adv-header-id-meta":"","stick-header-meta":"","header-above-stick-meta":"","header-main-stick-meta":"","header-below-stick-meta":"","astra-migrate-meta-layouts":"set","ast-page-background-enabled":"default","ast-page-background-meta":{"desktop":{"background-color":"var(--ast-global-color-4)","background-image":"","background-repeat":"repeat","background-position":"center center","background-size":"auto","background-attachment":"scroll","background-type":"","background-media":"","overlay-type":"","overlay-color":"","overlay-opacity":"","overlay-gradient":""},"tablet":{"background-color":"","background-image":"","background-repeat":"repeat","background-position":"center center","background-size":"auto","background-attachment":"scroll","background-type":"","background-media":"","overlay-type":"","overlay-color":"","overlay-opacity":"","overlay-gradient":""},"mobile":{"background-color":"","background-image":"","background-repeat":"repeat","background-position":"center center","background-size":"auto","background-attachment":"scroll","background-type":"","background-media":"","overlay-type":"","overlay-color":"","overlay-opacity":"","overlay-gradient":""}},"ast-content-background-meta":{"desktop":{"background-color":"var(--ast-global-color-5)","background-image":"","background-repeat":"repeat","background-position":"center center","background-size":"auto","background-attachment":"scroll","background-type":"","background-media":"","overlay-type":"","overlay-color":"","overlay-opacity":"","overlay-gradient":""},"tablet":{"background-color":"var(--ast-global-color-5)","background-image":"","background-repeat":"repeat","background-position":"center center","background-size":"auto","background-attachment":"scroll","background-type":"","background-media":"","overlay-type":"","overlay-color":"","overlay-opacity":"","overlay-gradient":""},"mobile":{"background-color":"var(--ast-global-color-5)","background-image":"","background-repeat":"repeat","background-position":"center center","background-size":"auto","background-attachment":"scroll","background-type":"","background-media":"","overlay-type":"","overlay-color":"","overlay-opacity":"","overlay-gradient":""}}},"product_brand":[],"product_cat":[993,996],"product_tag":[],"class_list":{"0":"post-39254","1":"product","2":"type-product","3":"status-publish","4":"has-post-thumbnail","6":"product_cat-footwear-accessories","7":"product_cat-tools","8":"pa_18739_2guy96va-gra","9":"pa_18739_2guy96va-gron","10":"pa_18739_2guy96va-morkbla","11":"pa_18739_2guy96va-orange","12":"pa_18739_2guy96va-rod","13":"pa_18739_2guy96va-rosa","14":"pa_18739_2guy96va-svart","15":"pa_18739_2guy96va-vit","16":"desktop-align-left","17":"tablet-align-left","18":"mobile-align-left","20":"first","21":"instock","22":"shipping-taxable","23":"purchasable","24":"product-type-variable"},"_links":{"self":[{"href":"https:\/\/keluvo.com\/se\/wp-json\/wp\/v2\/product\/39254","targetHints":{"allow":["GET"]}}],"collection":[{"href":"https:\/\/keluvo.com\/se\/wp-json\/wp\/v2\/product"}],"about":[{"href":"https:\/\/keluvo.com\/se\/wp-json\/wp\/v2\/types\/product"}],"replies":[{"embeddable":true,"href":"https:\/\/keluvo.com\/se\/wp-json\/wp\/v2\/comments?post=39254"}],"wp:featuredmedia":[{"embeddable":true,"href":"https:\/\/keluvo.com\/se\/wp-json\/wp\/v2\/media\/39250"}],"wp:attachment":[{"href":"https:\/\/keluvo.com\/se\/wp-json\/wp\/v2\/media?parent=39254"}],"wp:term":[{"taxonomy":"product_brand","embeddable":true,"href":"https:\/\/keluvo.com\/se\/wp-json\/wp\/v2\/product_brand?post=39254"},{"taxonomy":"product_cat","embeddable":true,"href":"https:\/\/keluvo.com\/se\/wp-json\/wp\/v2\/product_cat?post=39254"},{"taxonomy":"product_tag","embeddable":true,"href":"https:\/\/keluvo.com\/se\/wp-json\/wp\/v2\/product_tag?post=39254"}],"curies":[{"name":"wp","href":"https:\/\/api.w.org\/{rel}","templated":true}]}}