{"id":39242,"date":"2025-09-29T17:44:09","date_gmt":"2025-09-29T14:44:09","guid":{"rendered":"https:\/\/keluvo.com\/se\/product\/faste-for-vattenpump\/"},"modified":"2025-10-13T11:22:06","modified_gmt":"2025-10-13T08:22:06","slug":"faste-for-vattenpump","status":"publish","type":"product","link":"https:\/\/keluvo.com\/se\/product\/faste-for-vattenpump\/","title":{"rendered":"F\u00e4ste f\u00f6r vattenpump"},"content":{"rendered":"<p style=\"text-align: center;\" data-start=\"136\" data-end=\"201\"><strong>\u00d6verf\u00f6r v\u00e4tskor snabbt med den h\u00e4r enkla borrmaskinsdrivna pumpen.<\/strong><\/p>\n<p style=\"text-align: center;\" data-start=\"203\" data-end=\"530\">Detta sj\u00e4lvsugande vattenpumptillbeh\u00f6r f\u00f6rvandlar alla elektriska handborrmaskiner till ett kraftfullt verktyg f\u00f6r v\u00e4tske\u00f6verf\u00f6ring. Den \u00e4r l\u00e4tt och b\u00e4rbar och perfekt f\u00f6r tr\u00e4dg\u00e5rdsbevattning, bilreng\u00f6ring, akvariev\u00e5rd eller till och med f\u00f6r att pumpa olja och diesel. Den \u00e4r enkel att installera och tillverkad av h\u00e5llbara material, vilket g\u00f6r sm\u00e5 hush\u00e5lls- och utomhusuppgifter mycket enklare.<\/p>\n<p data-start=\"203\" data-end=\"530\"><img decoding=\"async\" class=\"size-full wp-image-35348 aligncenter\" src=\"https:\/\/keluvo.com\/template\/wp-content\/uploads\/sites\/5\/2025\/09\/ezgif.com-crop_48_480x480.webp\" alt=\"\" \/><\/p>\n<h2 style=\"text-align: center;\" data-start=\"537\" data-end=\"559\">\ud83c\udf1f Huvudf\u00f6rdelar<\/h2>\n<p data-start=\"562\" data-end=\"608\">\ud83d\udca7 Sj\u00e4lvsugande design sparar tid och anstr\u00e4ngning.<\/p>\n<p data-start=\"562\" data-end=\"608\">\ud83d\udd27 Drivs av en vanlig elektrisk borrmaskin.<\/p>\n<p data-start=\"562\" data-end=\"608\">\ud83e\udeb6 L\u00e4tt och b\u00e4rbar f\u00f6r inomhus- och utomhusbruk.<\/p>\n<p data-start=\"562\" data-end=\"608\">\ud83c\udfe1 Perfekt f\u00f6r hemuppgifter \u2013 vattna v\u00e4xter eller reng\u00f6ring av bilar.<\/p>\n<p data-start=\"562\" data-end=\"608\">\ud83d\udc1f Anv\u00e4ndbar f\u00f6r akvarier, pooler och akvarier.<\/p>\n<p data-start=\"562\" data-end=\"608\">\u26fd Fungerar med vatten, olja, diesel med mera.<\/p>\n<p data-start=\"562\" data-end=\"608\">\ud83d\udcaa Tillverkad av stark, korrosionsbest\u00e4ndig plast f\u00f6r l\u00e5ng h\u00e5llbarhet.<\/p>\n<p data-start=\"893\" data-end=\"971\"><img decoding=\"async\" class=\"size-full wp-image-35347 aligncenter\" src=\"https:\/\/keluvo.com\/template\/wp-content\/uploads\/sites\/5\/2025\/09\/nasadkadliavodi-ezgif.com-crop_480x480.webp\" alt=\"\" \/><\/p>\n<h2 style=\"text-align: center;\" data-start=\"978\" data-end=\"997\">S\u00e5 h\u00e4r g\u00f6r du \ud83d\udcdd<\/h2>\n<ol data-start=\"998\" data-end=\"1255\">\n<li data-start=\"998\" data-end=\"1057\">\n<p data-start=\"1001\" data-end=\"1057\">F\u00e4st slangarna p\u00e5 b\u00e5da g\u00e4ngade anslutningarna p\u00e5 pumpen.<\/p>\n<\/li>\n<li data-start=\"998\" data-end=\"1057\">\n<p data-start=\"1001\" data-end=\"1057\">F\u00e4st slangarna med de medf\u00f6ljande kl\u00e4mmorna.<\/p>\n<\/li>\n<li data-start=\"998\" data-end=\"1057\">\n<p data-start=\"1001\" data-end=\"1057\">Anslut pumpen till din elektriska borrmaskin.<\/p>\n<\/li>\n<li data-start=\"998\" data-end=\"1057\">\n<p data-start=\"1001\" data-end=\"1057\">K\u00f6r borren f\u00f6r att b\u00f6rja \u00f6verf\u00f6ra v\u00e4tska.<\/p>\n<\/li>\n<li data-start=\"998\" data-end=\"1057\">\n<p data-start=\"1001\" data-end=\"1057\">Stoppa borren n\u00e4r du \u00e4r klar och ta loss pumpen.<\/p>\n<\/li>\n<\/ol>\n<h2 style=\"text-align: center;\" data-start=\"1262\" data-end=\"1286\">\ud83d\udccf Produktdetaljer<\/h2>\n<ul data-start=\"1287\" data-end=\"1558\">\n<li data-start=\"1334\" data-end=\"1397\">\n<p data-start=\"1336\" data-end=\"1397\">Material: H\u00f6gkvalitativ plast (h\u00e5llbar och korrosionsskyddande)<\/p>\n<\/li>\n<li data-start=\"1334\" data-end=\"1397\">\n<p data-start=\"1336\" data-end=\"1397\">Funktioner: Sj\u00e4lvsugande, kompakt, enkel installation<\/p>\n<\/li>\n<li data-start=\"1334\" data-end=\"1397\">\n<p data-start=\"1336\" data-end=\"1397\">Anv\u00e4ndningsomr\u00e5den: Vatten, olja, diesel, tr\u00e4dg\u00e5rdsbevattning, akvariev\u00e5rd, bilreng\u00f6ring, sm\u00e5 hush\u00e5ll<\/p>\n<\/li>\n<li data-start=\"1334\" data-end=\"1397\">\n<p data-start=\"1336\" data-end=\"1397\">Storlek: 12,5 x 7 x 6,2 cm<\/p>\n<\/li>\n<\/ul>\n<h2 style=\"text-align: center;\" data-start=\"1565\" data-end=\"1590\">Paketet inneh\u00e5ller \ud83d\udce6<\/h2>\n<ul data-start=\"1591\" data-end=\"1661\">\n<li data-start=\"1591\" data-end=\"1609\">\n<p data-start=\"1593\" data-end=\"1609\">1x vattenpump<\/p>\n<\/li>\n<li data-start=\"1591\" data-end=\"1609\">\n<p data-start=\"1593\" data-end=\"1609\">2x r\u00f6rkl\u00e4mmor<\/p>\n<\/li>\n<li data-start=\"1591\" data-end=\"1609\">\n<p data-start=\"1593\" data-end=\"1609\">2x skruvar<\/p>\n<\/li>\n<li data-start=\"1591\" data-end=\"1609\">\n<p data-start=\"1593\" data-end=\"1609\">2x f\u00e4sten.<\/p>\n<\/li>\n<\/ul>\n","protected":false},"excerpt":{"rendered":"<p>\u00d6verf\u00f6r v\u00e4tskor snabbt med den h\u00e4r enkla borrmaskinsdrivna pumpen. Detta sj\u00e4lvsugande vattenpumptillbeh\u00f6r f\u00f6rvandlar alla elektriska handborrmaskiner till ett kraftfullt verktyg [&hellip;]<\/p>\n","protected":false},"featured_media":39238,"comment_status":"open","ping_status":"closed","template":"","meta":{"site-sidebar-layout":"default","site-content-layout":"","ast-site-content-layout":"default","site-content-style":"default","site-sidebar-style":"default","ast-global-header-display":"","ast-banner-title-visibility":"","ast-main-header-display":"","ast-hfb-above-header-display":"","ast-hfb-below-header-display":"","ast-hfb-mobile-header-display":"","site-post-title":"","ast-breadcrumbs-content":"","ast-featured-img":"","footer-sml-layout":"","theme-transparent-header-meta":"default","adv-header-id-meta":"","stick-header-meta":"","header-above-stick-meta":"","header-main-stick-meta":"","header-below-stick-meta":"","astra-migrate-meta-layouts":"set","ast-page-background-enabled":"default","ast-page-background-meta":{"desktop":{"background-color":"var(--ast-global-color-4)","background-image":"","background-repeat":"repeat","background-position":"center center","background-size":"auto","background-attachment":"scroll","background-type":"","background-media":"","overlay-type":"","overlay-color":"","overlay-opacity":"","overlay-gradient":""},"tablet":{"background-color":"","background-image":"","background-repeat":"repeat","background-position":"center center","background-size":"auto","background-attachment":"scroll","background-type":"","background-media":"","overlay-type":"","overlay-color":"","overlay-opacity":"","overlay-gradient":""},"mobile":{"background-color":"","background-image":"","background-repeat":"repeat","background-position":"center center","background-size":"auto","background-attachment":"scroll","background-type":"","background-media":"","overlay-type":"","overlay-color":"","overlay-opacity":"","overlay-gradient":""}},"ast-content-background-meta":{"desktop":{"background-color":"var(--ast-global-color-5)","background-image":"","background-repeat":"repeat","background-position":"center center","background-size":"auto","background-attachment":"scroll","background-type":"","background-media":"","overlay-type":"","overlay-color":"","overlay-opacity":"","overlay-gradient":""},"tablet":{"background-color":"var(--ast-global-color-5)","background-image":"","background-repeat":"repeat","background-position":"center center","background-size":"auto","background-attachment":"scroll","background-type":"","background-media":"","overlay-type":"","overlay-color":"","overlay-opacity":"","overlay-gradient":""},"mobile":{"background-color":"var(--ast-global-color-5)","background-image":"","background-repeat":"repeat","background-position":"center center","background-size":"auto","background-attachment":"scroll","background-type":"","background-media":"","overlay-type":"","overlay-color":"","overlay-opacity":"","overlay-gradient":""}}},"product_brand":[],"product_cat":[996],"product_tag":[],"class_list":{"0":"post-39242","1":"product","2":"type-product","3":"status-publish","4":"has-post-thumbnail","6":"product_cat-tools","7":"desktop-align-left","8":"tablet-align-left","9":"mobile-align-left","11":"first","12":"instock","13":"shipping-taxable","14":"purchasable","15":"product-type-simple"},"_links":{"self":[{"href":"https:\/\/keluvo.com\/se\/wp-json\/wp\/v2\/product\/39242","targetHints":{"allow":["GET"]}}],"collection":[{"href":"https:\/\/keluvo.com\/se\/wp-json\/wp\/v2\/product"}],"about":[{"href":"https:\/\/keluvo.com\/se\/wp-json\/wp\/v2\/types\/product"}],"replies":[{"embeddable":true,"href":"https:\/\/keluvo.com\/se\/wp-json\/wp\/v2\/comments?post=39242"}],"wp:featuredmedia":[{"embeddable":true,"href":"https:\/\/keluvo.com\/se\/wp-json\/wp\/v2\/media\/39238"}],"wp:attachment":[{"href":"https:\/\/keluvo.com\/se\/wp-json\/wp\/v2\/media?parent=39242"}],"wp:term":[{"taxonomy":"product_brand","embeddable":true,"href":"https:\/\/keluvo.com\/se\/wp-json\/wp\/v2\/product_brand?post=39242"},{"taxonomy":"product_cat","embeddable":true,"href":"https:\/\/keluvo.com\/se\/wp-json\/wp\/v2\/product_cat?post=39242"},{"taxonomy":"product_tag","embeddable":true,"href":"https:\/\/keluvo.com\/se\/wp-json\/wp\/v2\/product_tag?post=39242"}],"curies":[{"name":"wp","href":"https:\/\/api.w.org\/{rel}","templated":true}]}}