{"id":39112,"date":"2025-09-29T17:35:24","date_gmt":"2025-09-29T14:35:24","guid":{"rendered":"https:\/\/keluvo.com\/se\/product\/nyckelgommare-sten\/"},"modified":"2025-10-13T11:22:20","modified_gmt":"2025-10-13T08:22:20","slug":"nyckelgommare-sten","status":"publish","type":"product","link":"https:\/\/keluvo.com\/se\/product\/nyckelgommare-sten\/","title":{"rendered":"Nyckelg\u00f6mmare sten"},"content":{"rendered":"<p style=\"text-align: center;\" data-start=\"123\" data-end=\"180\"><strong>H\u00e5ll din reservnyckel s\u00e4ker och g\u00f6md i vanlig syn. \ud83d\udddd\ufe0f<\/strong><\/p>\n<p style=\"text-align: center;\" data-start=\"182\" data-end=\"451\">Denna realistiska nyckelg\u00f6mma ser ut som en vanlig tr\u00e4dg\u00e5rdssten men \u00e4r utformad f\u00f6r att s\u00e4kert f\u00f6rvara din reservnyckel. Den \u00e4r v\u00e4derbest\u00e4ndig, h\u00e5llbar och kompakt och \u00e4r den perfekta l\u00f6sningen f\u00f6r att g\u00f6mma nycklar p\u00e5 uteplatsen, i tr\u00e4dg\u00e5rden eller i rabatten utan att dra till sig uppm\u00e4rksamhet.<\/p>\n<p data-start=\"182\" data-end=\"451\"><img decoding=\"async\" class=\"size-full wp-image-35191 aligncenter\" src=\"https:\/\/keluvo.com\/template\/wp-content\/uploads\/sites\/5\/2025\/09\/09226-ezgif.com-video-to-webp-converter.webp\" alt=\"\" \/><\/p>\n<h2 style=\"text-align: center;\" data-start=\"458\" data-end=\"480\">Huvudf\u00f6rdelar<\/h2>\n<p data-start=\"483\" data-end=\"538\">\ud83d\udddd\ufe0f S\u00e4ker f\u00f6rvaring \u2013 h\u00e5ller reservnycklar s\u00e4kra fr\u00e5n st\u00f6ld.<\/p>\n<p data-start=\"483\" data-end=\"538\">\ud83c\udf3f Realistisk stendesign sm\u00e4lter naturligt in i alla tr\u00e4dg\u00e5rdar.<\/p>\n<p data-start=\"483\" data-end=\"538\">\u2614 V\u00e4derbest\u00e4ndig och l\u00e4mplig f\u00f6r utomhusbruk.<\/p>\n<p data-start=\"483\" data-end=\"538\">\ud83e\uddf1 H\u00e5llbara material s\u00e4kerst\u00e4ller l\u00e5ngvarig anv\u00e4ndning.<\/p>\n<p data-start=\"483\" data-end=\"538\">\ud83d\udd0d Kompakt och diskret f\u00f6r enkel g\u00f6mning.<\/p>\n<p data-start=\"706\" data-end=\"747\"><img decoding=\"async\" class=\"size-full wp-image-35192 aligncenter\" src=\"https:\/\/keluvo.com\/template\/wp-content\/uploads\/sites\/5\/2025\/09\/Se49bdf7b11fb4385bed0d5ba6aa2a871J.jpg_960x960q75.jpg_.avif\" alt=\"\" \/><\/p>\n<h2 style=\"text-align: center;\" data-start=\"754\" data-end=\"773\">S\u00e5 h\u00e4r g\u00f6r du<\/h2>\n<ol data-start=\"774\" data-end=\"1028\">\n<li data-start=\"774\" data-end=\"842\">\n<p data-start=\"777\" data-end=\"842\">Placera nyckelg\u00f6mman i sten i din tr\u00e4dg\u00e5rd, uteplats eller rabatt.<\/p>\n<\/li>\n<li data-start=\"774\" data-end=\"842\">\n<p data-start=\"777\" data-end=\"842\">Dra ut bottenfacket.<\/p>\n<\/li>\n<li data-start=\"774\" data-end=\"842\">\n<p data-start=\"777\" data-end=\"842\">S\u00e4tt in din reservnyckel inuti.<\/p>\n<\/li>\n<li data-start=\"774\" data-end=\"842\">\n<p data-start=\"777\" data-end=\"842\">Skjut tillbaka facket och l\u00e5t stenen vara p\u00e5 plats.<\/p>\n<\/li>\n<li data-start=\"774\" data-end=\"842\">\n<p data-start=\"777\" data-end=\"842\">Njut av sinnesfrid att veta att din nyckel \u00e4r s\u00e4kert g\u00f6md.<\/p>\n<\/li>\n<\/ol>\n<h2 style=\"text-align: center;\" data-start=\"1035\" data-end=\"1059\">Produktdetaljer \ud83d\udccf<\/h2>\n<ul data-start=\"1060\" data-end=\"1256\">\n<li data-start=\"1100\" data-end=\"1124\">\n<p data-start=\"1102\" data-end=\"1124\">Material: PP + harts<\/p>\n<\/li>\n<li data-start=\"1100\" data-end=\"1124\">\n<p data-start=\"1102\" data-end=\"1124\">Storlek: 8,3 x 5,7 x 4,5 cm<\/p>\n<\/li>\n<li data-start=\"1100\" data-end=\"1124\">\n<p data-start=\"1102\" data-end=\"1124\">F\u00e4rg\/design: Realistiskt stenutseende<\/p>\n<\/li>\n<li data-start=\"1100\" data-end=\"1124\">\n<p data-start=\"1102\" data-end=\"1124\">Funktioner: H\u00e5llbar, v\u00e4derbest\u00e4ndig, kompakt, s\u00e4ker utomhus<\/p>\n<\/li>\n<\/ul>\n<h2 style=\"text-align: center;\" data-start=\"1263\" data-end=\"1288\">Paketet inneh\u00e5ller \ud83d\udce6<\/h2>\n<ul data-start=\"1289\" data-end=\"1342\">\n<li data-start=\"1289\" data-end=\"1342\">\n<p data-start=\"1291\" data-end=\"1342\">1x nyckelg\u00f6mmarsten.<\/p>\n<\/li>\n<\/ul>\n","protected":false},"excerpt":{"rendered":"<p>H\u00e5ll din reservnyckel s\u00e4ker och g\u00f6md i vanlig syn. \ud83d\udddd\ufe0f Denna realistiska nyckelg\u00f6mma ser ut som en vanlig tr\u00e4dg\u00e5rdssten men [&hellip;]<\/p>\n","protected":false},"featured_media":39108,"comment_status":"open","ping_status":"closed","template":"","meta":{"site-sidebar-layout":"default","site-content-layout":"","ast-site-content-layout":"default","site-content-style":"default","site-sidebar-style":"default","ast-global-header-display":"","ast-banner-title-visibility":"","ast-main-header-display":"","ast-hfb-above-header-display":"","ast-hfb-below-header-display":"","ast-hfb-mobile-header-display":"","site-post-title":"","ast-breadcrumbs-content":"","ast-featured-img":"","footer-sml-layout":"","theme-transparent-header-meta":"default","adv-header-id-meta":"","stick-header-meta":"","header-above-stick-meta":"","header-main-stick-meta":"","header-below-stick-meta":"","astra-migrate-meta-layouts":"set","ast-page-background-enabled":"default","ast-page-background-meta":{"desktop":{"background-color":"var(--ast-global-color-4)","background-image":"","background-repeat":"repeat","background-position":"center center","background-size":"auto","background-attachment":"scroll","background-type":"","background-media":"","overlay-type":"","overlay-color":"","overlay-opacity":"","overlay-gradient":""},"tablet":{"background-color":"","background-image":"","background-repeat":"repeat","background-position":"center center","background-size":"auto","background-attachment":"scroll","background-type":"","background-media":"","overlay-type":"","overlay-color":"","overlay-opacity":"","overlay-gradient":""},"mobile":{"background-color":"","background-image":"","background-repeat":"repeat","background-position":"center center","background-size":"auto","background-attachment":"scroll","background-type":"","background-media":"","overlay-type":"","overlay-color":"","overlay-opacity":"","overlay-gradient":""}},"ast-content-background-meta":{"desktop":{"background-color":"var(--ast-global-color-5)","background-image":"","background-repeat":"repeat","background-position":"center center","background-size":"auto","background-attachment":"scroll","background-type":"","background-media":"","overlay-type":"","overlay-color":"","overlay-opacity":"","overlay-gradient":""},"tablet":{"background-color":"var(--ast-global-color-5)","background-image":"","background-repeat":"repeat","background-position":"center center","background-size":"auto","background-attachment":"scroll","background-type":"","background-media":"","overlay-type":"","overlay-color":"","overlay-opacity":"","overlay-gradient":""},"mobile":{"background-color":"var(--ast-global-color-5)","background-image":"","background-repeat":"repeat","background-position":"center center","background-size":"auto","background-attachment":"scroll","background-type":"","background-media":"","overlay-type":"","overlay-color":"","overlay-opacity":"","overlay-gradient":""}}},"product_brand":[],"product_cat":[1001],"product_tag":[],"class_list":{"0":"post-39112","1":"product","2":"type-product","3":"status-publish","4":"has-post-thumbnail","6":"product_cat-household-goods","7":"desktop-align-left","8":"tablet-align-left","9":"mobile-align-left","11":"first","12":"instock","13":"shipping-taxable","14":"purchasable","15":"product-type-simple"},"_links":{"self":[{"href":"https:\/\/keluvo.com\/se\/wp-json\/wp\/v2\/product\/39112","targetHints":{"allow":["GET"]}}],"collection":[{"href":"https:\/\/keluvo.com\/se\/wp-json\/wp\/v2\/product"}],"about":[{"href":"https:\/\/keluvo.com\/se\/wp-json\/wp\/v2\/types\/product"}],"replies":[{"embeddable":true,"href":"https:\/\/keluvo.com\/se\/wp-json\/wp\/v2\/comments?post=39112"}],"wp:featuredmedia":[{"embeddable":true,"href":"https:\/\/keluvo.com\/se\/wp-json\/wp\/v2\/media\/39108"}],"wp:attachment":[{"href":"https:\/\/keluvo.com\/se\/wp-json\/wp\/v2\/media?parent=39112"}],"wp:term":[{"taxonomy":"product_brand","embeddable":true,"href":"https:\/\/keluvo.com\/se\/wp-json\/wp\/v2\/product_brand?post=39112"},{"taxonomy":"product_cat","embeddable":true,"href":"https:\/\/keluvo.com\/se\/wp-json\/wp\/v2\/product_cat?post=39112"},{"taxonomy":"product_tag","embeddable":true,"href":"https:\/\/keluvo.com\/se\/wp-json\/wp\/v2\/product_tag?post=39112"}],"curies":[{"name":"wp","href":"https:\/\/api.w.org\/{rel}","templated":true}]}}