{"id":39094,"date":"2025-09-29T17:34:29","date_gmt":"2025-09-29T14:34:29","guid":{"rendered":"https:\/\/keluvo.com\/se\/product\/reflekterande-tejp\/"},"modified":"2025-10-20T16:09:57","modified_gmt":"2025-10-20T13:09:57","slug":"reflekterande-tejp","status":"publish","type":"product","link":"https:\/\/keluvo.com\/se\/product\/reflekterande-tejp\/","title":{"rendered":"Reflekterande tejp"},"content":{"rendered":"<p style=\"text-align: center;\" data-start=\"170\" data-end=\"246\"><strong>Bli sedd. H\u00e5ll dig s\u00e4ker. Synligg\u00f6r var som helst med reflekterande tejp \ud83d\udeb6\u2642\ufe0f\ud83c\udf19<\/strong><\/p>\n<p style=\"text-align: center;\" data-start=\"248\" data-end=\"500\">Den h\u00e4r sj\u00e4lvh\u00e4ftande reflekterande tejpen \u00e4r perfekt f\u00f6r att synligg\u00f6ra kl\u00e4der, v\u00e4skor, cyklar, barnvagnar eller andra ytor som beh\u00f6ver synas i m\u00f6rkret. L\u00e4tt att applicera, mycket reflekterande och utformad f\u00f6r att h\u00e5lla dig och dina n\u00e4ra och k\u00e4ra s\u00e4krare n\u00e4r ni r\u00f6r er.<\/p>\n<p data-start=\"248\" data-end=\"500\"><img decoding=\"async\" class=\"size-full wp-image-35180 aligncenter\" src=\"https:\/\/keluvo.com\/template\/wp-content\/uploads\/sites\/5\/2025\/09\/09225-ezgif.com-video-to-webp-converter.webp\" alt=\"\" \/><\/p>\n<h2 style=\"text-align: center;\" data-start=\"507\" data-end=\"527\">Huvudf\u00f6rdelar \ud83c\udf1f<\/h2>\n<p data-start=\"531\" data-end=\"623\">\ud83c\udf1f Mycket reflekterande \u2013 lyser starkt n\u00e4r den tr\u00e4ffas av ljus (str\u00e5lkastare, ficklampor osv.).<\/p>\n<p data-start=\"531\" data-end=\"623\">\ud83e\uddf2 Sj\u00e4lvh\u00e4ftande baksida \u2013 f\u00e4ster p\u00e5 n\u00e4stan alla rena, plana ytor.<\/p>\n<p data-start=\"531\" data-end=\"623\">\u2702\ufe0f L\u00e4tt att klippa \u2013 forma eller dimensionera den precis som du vill.<\/p>\n<p data-start=\"531\" data-end=\"623\">\ud83d\udcbc M\u00e5ngsidig \u2013 fungerar p\u00e5 jackor, ryggs\u00e4ckar, cyklar, hj\u00e4lmar, barnvagnar, med mera.<\/p>\n<p data-start=\"531\" data-end=\"623\">\ud83d\udca7 V\u00e4derbest\u00e4ndig \u2013 h\u00e5ller i regn, vind eller kyla.<\/p>\n<p data-start=\"531\" data-end=\"623\">\ud83e\uddd2 Perfekt f\u00f6r alla \u00e5ldrar \u2013 passar utm\u00e4rkt f\u00f6r barnens skolv\u00e4skor eller \u00e4ldre som promenerar p\u00e5 natten.<\/p>\n<p data-start=\"923\" data-end=\"1008\"><img decoding=\"async\" class=\"size-full wp-image-35181 aligncenter\" src=\"https:\/\/keluvo.com\/template\/wp-content\/uploads\/sites\/5\/2025\/09\/Hd87c225e326e49f391ec70ff8e0ba5a24.jpg_960x960q75.jpg_.jpg\" alt=\"\" \/><\/p>\n<h2 style=\"text-align: center;\" data-start=\"1015\" data-end=\"1032\">S\u00e5 h\u00e4r g\u00f6r du \ud83e\uddfe<\/h2>\n<ol data-start=\"1034\" data-end=\"1268\">\n<li data-start=\"1034\" data-end=\"1096\">\n<p data-start=\"1037\" data-end=\"1096\">Reng\u00f6r och torka ytan d\u00e4r tejpen ska appliceras.<\/p>\n<\/li>\n<li data-start=\"1034\" data-end=\"1096\">\n<p data-start=\"1037\" data-end=\"1096\">\u00a0Klipp till \u00f6nskad form\/l\u00e4ngd p\u00e5 tejpen.<\/p>\n<\/li>\n<li data-start=\"1034\" data-end=\"1096\">\n<p data-start=\"1037\" data-end=\"1096\">Dra av baksidan och tryck fast den ordentligt p\u00e5 ytan.<\/p>\n<\/li>\n<li data-start=\"1034\" data-end=\"1096\">\n<p data-start=\"1037\" data-end=\"1096\">F\u00f6r b\u00e4sta resultat, l\u00e5t den sitta i 24 timmar innan du anv\u00e4nder den.<\/p>\n<\/li>\n<\/ol>\n<h2 style=\"text-align: center;\" data-start=\"1360\" data-end=\"1382\">\ud83d\udccf Produktdetaljer<\/h2>\n<ul data-start=\"1384\" data-end=\"1619\">\n<li data-start=\"1384\" data-end=\"1424\">\n<p data-start=\"1386\" data-end=\"1424\">Storleksalternativ: 5 cm x 5 m, 5 cm x 10 m<\/p>\n<\/li>\n<li data-start=\"1384\" data-end=\"1424\">\n<p data-start=\"1386\" data-end=\"1424\">F\u00e4rg: Silverreflekterande (starkt vitt sken n\u00e4r den tr\u00e4ffas av ljus)<\/p>\n<\/li>\n<li data-start=\"1384\" data-end=\"1424\">\n<p data-start=\"1386\" data-end=\"1424\">Material: Reflekterande vinyl med sj\u00e4lvh\u00e4ftande baksida<\/p>\n<\/li>\n<li data-start=\"1384\" data-end=\"1424\">\n<p data-start=\"1386\" data-end=\"1424\">\u00c5teranv\u00e4ndbarhet: Nej, f\u00f6r eng\u00e5ngsbruk<\/p>\n<\/li>\n<li data-start=\"1384\" data-end=\"1424\">\n<p data-start=\"1386\" data-end=\"1424\">Fungerar b\u00e4st p\u00e5 sl\u00e4ta, plana ytor som tyg, metall, plast eller gummi<\/p>\n<\/li>\n<\/ul>\n<h2 style=\"text-align: center;\" data-start=\"1626\" data-end=\"1649\">Paketet inneh\u00e5ller \ud83d\udce6<\/h2>\n<ul data-start=\"1651\" data-end=\"1703\">\n<li data-start=\"1651\" data-end=\"1703\">\n<p data-start=\"1653\" data-end=\"1703\">1x reflekterande tejp.<\/p>\n<\/li>\n<\/ul>\n","protected":false},"excerpt":{"rendered":"<p>Bli sedd. H\u00e5ll dig s\u00e4ker. Synligg\u00f6r var som helst med reflekterande tejp \ud83d\udeb6\u2642\ufe0f\ud83c\udf19 Den h\u00e4r sj\u00e4lvh\u00e4ftande reflekterande tejpen \u00e4r perfekt [&hellip;]<\/p>\n","protected":false},"featured_media":39090,"comment_status":"open","ping_status":"closed","template":"","meta":{"site-sidebar-layout":"default","site-content-layout":"","ast-site-content-layout":"default","site-content-style":"default","site-sidebar-style":"default","ast-global-header-display":"","ast-banner-title-visibility":"","ast-main-header-display":"","ast-hfb-above-header-display":"","ast-hfb-below-header-display":"","ast-hfb-mobile-header-display":"","site-post-title":"","ast-breadcrumbs-content":"","ast-featured-img":"","footer-sml-layout":"","theme-transparent-header-meta":"default","adv-header-id-meta":"","stick-header-meta":"","header-above-stick-meta":"","header-main-stick-meta":"","header-below-stick-meta":"","astra-migrate-meta-layouts":"set","ast-page-background-enabled":"default","ast-page-background-meta":{"desktop":{"background-color":"var(--ast-global-color-4)","background-image":"","background-repeat":"repeat","background-position":"center center","background-size":"auto","background-attachment":"scroll","background-type":"","background-media":"","overlay-type":"","overlay-color":"","overlay-opacity":"","overlay-gradient":""},"tablet":{"background-color":"","background-image":"","background-repeat":"repeat","background-position":"center center","background-size":"auto","background-attachment":"scroll","background-type":"","background-media":"","overlay-type":"","overlay-color":"","overlay-opacity":"","overlay-gradient":""},"mobile":{"background-color":"","background-image":"","background-repeat":"repeat","background-position":"center center","background-size":"auto","background-attachment":"scroll","background-type":"","background-media":"","overlay-type":"","overlay-color":"","overlay-opacity":"","overlay-gradient":""}},"ast-content-background-meta":{"desktop":{"background-color":"var(--ast-global-color-5)","background-image":"","background-repeat":"repeat","background-position":"center center","background-size":"auto","background-attachment":"scroll","background-type":"","background-media":"","overlay-type":"","overlay-color":"","overlay-opacity":"","overlay-gradient":""},"tablet":{"background-color":"var(--ast-global-color-5)","background-image":"","background-repeat":"repeat","background-position":"center center","background-size":"auto","background-attachment":"scroll","background-type":"","background-media":"","overlay-type":"","overlay-color":"","overlay-opacity":"","overlay-gradient":""},"mobile":{"background-color":"var(--ast-global-color-5)","background-image":"","background-repeat":"repeat","background-position":"center center","background-size":"auto","background-attachment":"scroll","background-type":"","background-media":"","overlay-type":"","overlay-color":"","overlay-opacity":"","overlay-gradient":""}}},"product_brand":[],"product_cat":[1000,996],"product_tag":[],"class_list":{"0":"post-39094","1":"product","2":"type-product","3":"status-publish","4":"has-post-thumbnail","6":"product_cat-hiking-camping-and-leisure-goods","7":"product_cat-tools","8":"pa_16377_h6unf89z-5-cm-x-5-m","9":"pa_16377_h6unf89z-5cm-x-10m","10":"desktop-align-left","11":"tablet-align-left","12":"mobile-align-left","14":"first","15":"instock","16":"shipping-taxable","17":"purchasable","18":"product-type-variable"},"_links":{"self":[{"href":"https:\/\/keluvo.com\/se\/wp-json\/wp\/v2\/product\/39094","targetHints":{"allow":["GET"]}}],"collection":[{"href":"https:\/\/keluvo.com\/se\/wp-json\/wp\/v2\/product"}],"about":[{"href":"https:\/\/keluvo.com\/se\/wp-json\/wp\/v2\/types\/product"}],"replies":[{"embeddable":true,"href":"https:\/\/keluvo.com\/se\/wp-json\/wp\/v2\/comments?post=39094"}],"wp:featuredmedia":[{"embeddable":true,"href":"https:\/\/keluvo.com\/se\/wp-json\/wp\/v2\/media\/39090"}],"wp:attachment":[{"href":"https:\/\/keluvo.com\/se\/wp-json\/wp\/v2\/media?parent=39094"}],"wp:term":[{"taxonomy":"product_brand","embeddable":true,"href":"https:\/\/keluvo.com\/se\/wp-json\/wp\/v2\/product_brand?post=39094"},{"taxonomy":"product_cat","embeddable":true,"href":"https:\/\/keluvo.com\/se\/wp-json\/wp\/v2\/product_cat?post=39094"},{"taxonomy":"product_tag","embeddable":true,"href":"https:\/\/keluvo.com\/se\/wp-json\/wp\/v2\/product_tag?post=39094"}],"curies":[{"name":"wp","href":"https:\/\/api.w.org\/{rel}","templated":true}]}}