{"id":39078,"date":"2025-09-29T17:32:53","date_gmt":"2025-09-29T14:32:53","guid":{"rendered":"https:\/\/keluvo.com\/se\/product\/titta-pa-oppnare-1-1-gratis\/"},"modified":"2025-10-13T11:22:25","modified_gmt":"2025-10-13T08:22:25","slug":"titta-pa-oppnare-1-1-gratis","status":"publish","type":"product","link":"https:\/\/keluvo.com\/se\/product\/titta-pa-oppnare-1-1-gratis\/","title":{"rendered":"Klock\u00f6ppnare \u2013 1 + 1 gratis!"},"content":{"rendered":"<p style=\"text-align: center;\" data-start=\"177\" data-end=\"244\"><strong>\u00d6ppna klockbaksidor som ett proffs \u2013 inga fler resor till juveleraren! \u231a\ud83d\udd27<\/strong><\/p>\n<p style=\"text-align: center;\" data-start=\"246\" data-end=\"463\">Den h\u00e4r l\u00e4ttanv\u00e4nda klock\u00f6ppnaren \u00e4r det perfekta verktyget f\u00f6r att ta bort skruvbaksidorna p\u00e5 de flesta vanliga klockor. Oavsett om du ska byta batteri eller inspektera interna komponenter f\u00e5r du jobbet gjort snabbt och s\u00e4kert.<\/p>\n<p data-start=\"246\" data-end=\"463\"><img decoding=\"async\" class=\"size-full wp-image-35173 aligncenter\" src=\"https:\/\/keluvo.com\/template\/wp-content\/uploads\/sites\/5\/2025\/09\/09224-ezgif.com-video-to-webp-converter.webp\" alt=\"\" \/><\/p>\n<h2 style=\"text-align: center;\" data-start=\"470\" data-end=\"490\">Huvudf\u00f6rdelar<\/h2>\n<p data-start=\"494\" data-end=\"567\">\ud83d\udee0\ufe0f Robust &amp; h\u00e5llbar \u2013 tillverkad av starka material f\u00f6r l\u00e5ngvarig anv\u00e4ndning.<\/p>\n<p data-start=\"494\" data-end=\"567\">\u270b Enkel att anv\u00e4nda \u2013 utformad f\u00f6r nyb\u00f6rjare och g\u00f6r-det-sj\u00e4lv-reparationer.<\/p>\n<p data-start=\"494\" data-end=\"567\">\ud83d\udd04 Justerbar bredd \u2013 passar de flesta g\u00e4ngade klockbaksidor (\u00d8 15\u201336 mm).<\/p>\n<p data-start=\"494\" data-end=\"567\">\ud83d\udcb0 Sparar pengar \u2013 inga fler resor till verkstaden f\u00f6r grundl\u00e4ggande underh\u00e5ll.<\/p>\n<p data-start=\"494\" data-end=\"567\">\ud83d\udc5c Kompakt &amp; portabel \u2013 l\u00e4tt att f\u00f6rvara i en l\u00e5da eller verktygsl\u00e5da.<\/p>\n<p data-start=\"789\" data-end=\"856\"><img decoding=\"async\" class=\"size-full wp-image-35170 aligncenter\" src=\"https:\/\/keluvo.com\/template\/wp-content\/uploads\/sites\/5\/2025\/09\/klockoppnare-29.jpg\" alt=\"\" \/><\/p>\n<h2 style=\"text-align: center;\" data-start=\"863\" data-end=\"880\">S\u00e5 h\u00e4r g\u00f6r du<\/h2>\n<ol data-start=\"882\" data-end=\"1148\">\n<li data-start=\"882\" data-end=\"946\">\n<p data-start=\"885\" data-end=\"946\">Justera verktygets bredd s\u00e5 att det passar sp\u00e5ren p\u00e5 klockans baksida.<\/p>\n<\/li>\n<li data-start=\"882\" data-end=\"946\">\n<p data-start=\"885\" data-end=\"946\">\u00a0Vrid f\u00f6rsiktigt (vanligtvis moturs) f\u00f6r att \u00f6ppna.<\/p>\n<\/li>\n<li data-start=\"882\" data-end=\"946\">\n<p data-start=\"885\" data-end=\"946\">Byt batteri eller slutf\u00f6r din reparation.<\/p>\n<\/li>\n<li data-start=\"882\" data-end=\"946\">\n<p data-start=\"885\" data-end=\"946\">Skruva tillbaka boetten n\u00e4r du \u00e4r klar.<\/p>\n<\/li>\n<\/ol>\n<h2 style=\"text-align: center;\" data-start=\"1287\" data-end=\"1309\"><strong>Produktdetaljer<\/strong><\/h2>\n<ul data-start=\"1311\" data-end=\"1520\">\n<li data-start=\"1311\" data-end=\"1352\">\n<p data-start=\"1313\" data-end=\"1352\">Material: Slitstark metall + plast<\/p>\n<\/li>\n<li data-start=\"1311\" data-end=\"1352\">\n<p data-start=\"1313\" data-end=\"1352\">Passform: Klockbaksidor mellan \u00d8 15\u201336 mm<\/p>\n<\/li>\n<li data-start=\"1311\" data-end=\"1352\">\n<p data-start=\"1313\" data-end=\"1352\">Kompatibilitet: De flesta vanliga klockor med skruvbaksida<\/p>\n<\/li>\n<li data-start=\"1311\" data-end=\"1352\">\n<p data-start=\"1313\" data-end=\"1352\">Anv\u00e4ndning: Batteribyte, interna inspektioner, DIY-reparationer<\/p>\n<\/li>\n<li data-start=\"1311\" data-end=\"1352\">\n<p data-start=\"1313\" data-end=\"1352\">F\u00e4rg: Svart, Bl\u00e5<\/p>\n<\/li>\n<li data-start=\"1311\" data-end=\"1352\">\n<p data-start=\"1313\" data-end=\"1352\">\u00a0Storlek: 7 x 2,5 x 1 cm<\/p>\n<\/li>\n<\/ul>\n<h2 style=\"text-align: center;\" data-start=\"1527\" data-end=\"1550\">Paketet inneh\u00e5ller<\/h2>\n<ul data-start=\"1552\" data-end=\"1576\">\n<li data-start=\"1552\" data-end=\"1576\">\n<p data-start=\"1554\" data-end=\"1576\">2 x klock\u00f6ppnare.<\/p>\n<\/li>\n<\/ul>\n","protected":false},"excerpt":{"rendered":"<p>\u00d6ppna klockbaksidor som ett proffs \u2013 inga fler resor till juveleraren! \u231a\ud83d\udd27 Den h\u00e4r l\u00e4ttanv\u00e4nda klock\u00f6ppnaren \u00e4r det perfekta verktyget [&hellip;]<\/p>\n","protected":false},"featured_media":39074,"comment_status":"open","ping_status":"closed","template":"","meta":{"site-sidebar-layout":"default","site-content-layout":"","ast-site-content-layout":"default","site-content-style":"default","site-sidebar-style":"default","ast-global-header-display":"","ast-banner-title-visibility":"","ast-main-header-display":"","ast-hfb-above-header-display":"","ast-hfb-below-header-display":"","ast-hfb-mobile-header-display":"","site-post-title":"","ast-breadcrumbs-content":"","ast-featured-img":"","footer-sml-layout":"","theme-transparent-header-meta":"default","adv-header-id-meta":"","stick-header-meta":"","header-above-stick-meta":"","header-main-stick-meta":"","header-below-stick-meta":"","astra-migrate-meta-layouts":"set","ast-page-background-enabled":"default","ast-page-background-meta":{"desktop":{"background-color":"var(--ast-global-color-4)","background-image":"","background-repeat":"repeat","background-position":"center center","background-size":"auto","background-attachment":"scroll","background-type":"","background-media":"","overlay-type":"","overlay-color":"","overlay-opacity":"","overlay-gradient":""},"tablet":{"background-color":"","background-image":"","background-repeat":"repeat","background-position":"center center","background-size":"auto","background-attachment":"scroll","background-type":"","background-media":"","overlay-type":"","overlay-color":"","overlay-opacity":"","overlay-gradient":""},"mobile":{"background-color":"","background-image":"","background-repeat":"repeat","background-position":"center center","background-size":"auto","background-attachment":"scroll","background-type":"","background-media":"","overlay-type":"","overlay-color":"","overlay-opacity":"","overlay-gradient":""}},"ast-content-background-meta":{"desktop":{"background-color":"var(--ast-global-color-5)","background-image":"","background-repeat":"repeat","background-position":"center center","background-size":"auto","background-attachment":"scroll","background-type":"","background-media":"","overlay-type":"","overlay-color":"","overlay-opacity":"","overlay-gradient":""},"tablet":{"background-color":"var(--ast-global-color-5)","background-image":"","background-repeat":"repeat","background-position":"center center","background-size":"auto","background-attachment":"scroll","background-type":"","background-media":"","overlay-type":"","overlay-color":"","overlay-opacity":"","overlay-gradient":""},"mobile":{"background-color":"var(--ast-global-color-5)","background-image":"","background-repeat":"repeat","background-position":"center center","background-size":"auto","background-attachment":"scroll","background-type":"","background-media":"","overlay-type":"","overlay-color":"","overlay-opacity":"","overlay-gradient":""}}},"product_brand":[],"product_cat":[996],"product_tag":[],"class_list":{"0":"post-39078","1":"product","2":"type-product","3":"status-publish","4":"has-post-thumbnail","6":"product_cat-tools","7":"pa_16357_2sex6764-bla","8":"pa_16357_2sex6764-svart","9":"desktop-align-left","10":"tablet-align-left","11":"mobile-align-left","13":"first","14":"instock","15":"shipping-taxable","16":"purchasable","17":"product-type-variable"},"_links":{"self":[{"href":"https:\/\/keluvo.com\/se\/wp-json\/wp\/v2\/product\/39078","targetHints":{"allow":["GET"]}}],"collection":[{"href":"https:\/\/keluvo.com\/se\/wp-json\/wp\/v2\/product"}],"about":[{"href":"https:\/\/keluvo.com\/se\/wp-json\/wp\/v2\/types\/product"}],"replies":[{"embeddable":true,"href":"https:\/\/keluvo.com\/se\/wp-json\/wp\/v2\/comments?post=39078"}],"wp:featuredmedia":[{"embeddable":true,"href":"https:\/\/keluvo.com\/se\/wp-json\/wp\/v2\/media\/39074"}],"wp:attachment":[{"href":"https:\/\/keluvo.com\/se\/wp-json\/wp\/v2\/media?parent=39078"}],"wp:term":[{"taxonomy":"product_brand","embeddable":true,"href":"https:\/\/keluvo.com\/se\/wp-json\/wp\/v2\/product_brand?post=39078"},{"taxonomy":"product_cat","embeddable":true,"href":"https:\/\/keluvo.com\/se\/wp-json\/wp\/v2\/product_cat?post=39078"},{"taxonomy":"product_tag","embeddable":true,"href":"https:\/\/keluvo.com\/se\/wp-json\/wp\/v2\/product_tag?post=39078"}],"curies":[{"name":"wp","href":"https:\/\/api.w.org\/{rel}","templated":true}]}}