{"id":38972,"date":"2025-09-29T17:26:58","date_gmt":"2025-09-29T14:26:58","guid":{"rendered":"https:\/\/keluvo.com\/se\/product\/elastiska-skosnoren-4-st\/"},"modified":"2025-10-13T11:21:57","modified_gmt":"2025-10-13T08:21:57","slug":"elastiska-skosnoren-4-st","status":"publish","type":"product","link":"https:\/\/keluvo.com\/se\/product\/elastiska-skosnoren-4-st\/","title":{"rendered":"Elastiska skosn\u00f6ren (4 st)"},"content":{"rendered":"<p style=\"text-align: center;\" data-start=\"149\" data-end=\"214\"><strong>F\u00f6rvandla alla skor till slip-ons med elastiska skosn\u00f6ren utan knytning. \ud83d\udc5f<\/strong><\/p>\n<p style=\"text-align: center;\" data-start=\"216\" data-end=\"484\">Dessa elastiska skosn\u00f6ren g\u00f6r det snabbare, enklare och bekv\u00e4mare att b\u00e4ra skor. Med en enkel slip-on\/slip-off-design beh\u00f6ver du aldrig knyta eller lossa dina skosn\u00f6ren igen. Perfekt f\u00f6r barn, vuxna, idrottare eller alla som vill ha bekv\u00e4mlighet utan att offra stilen.<\/p>\n<p data-start=\"216\" data-end=\"484\"><img decoding=\"async\" class=\"size-full wp-image-35014 aligncenter\" src=\"https:\/\/keluvo.com\/template\/wp-content\/uploads\/sites\/5\/2025\/09\/Hcc315962a29244babd9ba8c869415c2aF.jpg\" alt=\"\" \/><\/p>\n<h2 style=\"text-align: center;\" data-start=\"491\" data-end=\"513\">Huvudsakliga f\u00f6rdelar<\/h2>\n<p data-start=\"516\" data-end=\"556\">\u23f1\ufe0f Spara tid \u2013 aldrig mer knyta skosn\u00f6ren.<\/p>\n<p data-start=\"516\" data-end=\"556\">\ud83d\udc5f Slip-on\/slip-off design g\u00f6r skorna l\u00e4ttare att b\u00e4ra.<\/p>\n<p data-start=\"516\" data-end=\"556\">\ud83e\uddd2 Perfekt f\u00f6r barn, seniorer, och personer med begr\u00e4nsad r\u00f6rlighet.<\/p>\n<p data-start=\"516\" data-end=\"556\">\ud83c\udfc3 Perfekt f\u00f6r l\u00f6pare och idrottare som beh\u00f6ver snabba \u00f6verg\u00e5ngar.<\/p>\n<p data-start=\"516\" data-end=\"556\">\ud83c\udfa8 Finns i 18 f\u00e4rger f\u00f6r att matcha alla skor.<\/p>\n<p data-start=\"516\" data-end=\"556\">\ud83d\udd12 S\u00e4ker passform med h\u00e5llbara metallsp\u00e4nnen.<\/p>\n<p data-start=\"796\" data-end=\"838\"><img decoding=\"async\" class=\"size-full wp-image-35018 aligncenter\" src=\"https:\/\/keluvo.com\/template\/wp-content\/uploads\/sites\/5\/2025\/09\/a83acfaf-3537-485e-ba1b-d9deb268c148.webp\" alt=\"\" \/><\/p>\n<h2 style=\"text-align: center;\" data-start=\"845\" data-end=\"864\">S\u00e5 h\u00e4r g\u00f6r du<\/h2>\n<ol data-start=\"865\" data-end=\"1122\">\n<li data-start=\"865\" data-end=\"942\">\n<p data-start=\"868\" data-end=\"942\">F\u00f6r in de elastiska sn\u00f6rena i dina skor som du skulle g\u00f6ra med vanliga sn\u00f6ren.<\/p>\n<\/li>\n<li data-start=\"865\" data-end=\"942\">\n<p data-start=\"868\" data-end=\"942\">\u00a0F\u00e4st de medf\u00f6ljande metallsp\u00e4nnena f\u00f6r att l\u00e5sa sn\u00f6rena p\u00e5 plats.<\/p>\n<\/li>\n<li data-start=\"865\" data-end=\"942\">\n<p data-start=\"868\" data-end=\"942\">Justera \u00e5tdragningen till din komfortniv\u00e5.<\/p>\n<\/li>\n<li data-start=\"865\" data-end=\"942\">\n<p data-start=\"868\" data-end=\"942\">Ta av och p\u00e5 skorna utan att n\u00e5gonsin knyta sn\u00f6ren igen.<\/p>\n<\/li>\n<\/ol>\n<h2 style=\"text-align: center;\" data-start=\"1129\" data-end=\"1153\"><strong>Produktdetaljer<\/strong><\/h2>\n<ul data-start=\"1154\" data-end=\"1323\">\n<li data-start=\"1154\" data-end=\"1208\">\n<p data-start=\"1156\" data-end=\"1208\">Material: Elastiskt rep + h\u00f6gkvalitativt metallsp\u00e4nne<\/p>\n<\/li>\n<li data-start=\"1154\" data-end=\"1208\">\n<p data-start=\"1156\" data-end=\"1208\">L\u00e4ngd: 103 cm<\/p>\n<\/li>\n<li data-start=\"1154\" data-end=\"1208\">\n<p data-start=\"1156\" data-end=\"1208\">Bredd: 0,7 cm<\/p>\n<\/li>\n<li data-start=\"1154\" data-end=\"1208\">\n<p data-start=\"1156\" data-end=\"1208\">Passform: En storlek passar alla (barn och vuxna)<\/p>\n<\/li>\n<\/ul>\n<h2 style=\"text-align: center;\" data-start=\"1330\" data-end=\"1355\">Paketet inneh\u00e5ller<\/h2>\n<ul data-start=\"1356\" data-end=\"1412\">\n<li data-start=\"1356\" data-end=\"1390\">\n<p data-start=\"1358\" data-end=\"1390\">4 par elastiska skosn\u00f6ren<\/p>\n<\/li>\n<li data-start=\"1356\" data-end=\"1390\">\n<p data-start=\"1358\" data-end=\"1390\">16 metallsp\u00e4nnen.<\/p>\n<\/li>\n<\/ul>\n","protected":false},"excerpt":{"rendered":"<p>F\u00f6rvandla alla skor till slip-ons med elastiska skosn\u00f6ren utan knytning. \ud83d\udc5f Dessa elastiska skosn\u00f6ren g\u00f6r det snabbare, enklare och bekv\u00e4mare [&hellip;]<\/p>\n","protected":false},"featured_media":38968,"comment_status":"open","ping_status":"closed","template":"","meta":{"site-sidebar-layout":"default","site-content-layout":"","ast-site-content-layout":"default","site-content-style":"default","site-sidebar-style":"default","ast-global-header-display":"","ast-banner-title-visibility":"","ast-main-header-display":"","ast-hfb-above-header-display":"","ast-hfb-below-header-display":"","ast-hfb-mobile-header-display":"","site-post-title":"","ast-breadcrumbs-content":"","ast-featured-img":"","footer-sml-layout":"","theme-transparent-header-meta":"default","adv-header-id-meta":"","stick-header-meta":"","header-above-stick-meta":"","header-main-stick-meta":"","header-below-stick-meta":"","astra-migrate-meta-layouts":"set","ast-page-background-enabled":"default","ast-page-background-meta":{"desktop":{"background-color":"var(--ast-global-color-4)","background-image":"","background-repeat":"repeat","background-position":"center center","background-size":"auto","background-attachment":"scroll","background-type":"","background-media":"","overlay-type":"","overlay-color":"","overlay-opacity":"","overlay-gradient":""},"tablet":{"background-color":"","background-image":"","background-repeat":"repeat","background-position":"center center","background-size":"auto","background-attachment":"scroll","background-type":"","background-media":"","overlay-type":"","overlay-color":"","overlay-opacity":"","overlay-gradient":""},"mobile":{"background-color":"","background-image":"","background-repeat":"repeat","background-position":"center center","background-size":"auto","background-attachment":"scroll","background-type":"","background-media":"","overlay-type":"","overlay-color":"","overlay-opacity":"","overlay-gradient":""}},"ast-content-background-meta":{"desktop":{"background-color":"var(--ast-global-color-5)","background-image":"","background-repeat":"repeat","background-position":"center center","background-size":"auto","background-attachment":"scroll","background-type":"","background-media":"","overlay-type":"","overlay-color":"","overlay-opacity":"","overlay-gradient":""},"tablet":{"background-color":"var(--ast-global-color-5)","background-image":"","background-repeat":"repeat","background-position":"center center","background-size":"auto","background-attachment":"scroll","background-type":"","background-media":"","overlay-type":"","overlay-color":"","overlay-opacity":"","overlay-gradient":""},"mobile":{"background-color":"var(--ast-global-color-5)","background-image":"","background-repeat":"repeat","background-position":"center center","background-size":"auto","background-attachment":"scroll","background-type":"","background-media":"","overlay-type":"","overlay-color":"","overlay-opacity":"","overlay-gradient":""}}},"product_brand":[],"product_cat":[993],"product_tag":[],"class_list":{"0":"post-38972","1":"product","2":"type-product","3":"status-publish","4":"has-post-thumbnail","6":"product_cat-footwear-accessories","7":"pa_16320_ens0v3ni-beige","8":"pa_16320_ens0v3ni-brun","9":"pa_16320_ens0v3ni-gron","10":"pa_16320_ens0v3ni-gul","11":"pa_16320_ens0v3ni-khaki","12":"pa_16320_ens0v3ni-lila","13":"pa_16320_ens0v3ni-ljusbla","14":"pa_16320_ens0v3ni-ljusgra","15":"pa_16320_ens0v3ni-marinbla","16":"pa_16320_ens0v3ni-morkbla","17":"pa_16320_ens0v3ni-morkgra","18":"pa_16320_ens0v3ni-morkrod","19":"pa_16320_ens0v3ni-orange","20":"pa_16320_ens0v3ni-rod","21":"pa_16320_ens0v3ni-rosa","22":"pa_16320_ens0v3ni-rosarod","23":"pa_16320_ens0v3ni-svart","24":"pa_16320_ens0v3ni-vit","25":"desktop-align-left","26":"tablet-align-left","27":"mobile-align-left","29":"first","30":"instock","31":"shipping-taxable","32":"purchasable","33":"product-type-variable"},"_links":{"self":[{"href":"https:\/\/keluvo.com\/se\/wp-json\/wp\/v2\/product\/38972","targetHints":{"allow":["GET"]}}],"collection":[{"href":"https:\/\/keluvo.com\/se\/wp-json\/wp\/v2\/product"}],"about":[{"href":"https:\/\/keluvo.com\/se\/wp-json\/wp\/v2\/types\/product"}],"replies":[{"embeddable":true,"href":"https:\/\/keluvo.com\/se\/wp-json\/wp\/v2\/comments?post=38972"}],"wp:featuredmedia":[{"embeddable":true,"href":"https:\/\/keluvo.com\/se\/wp-json\/wp\/v2\/media\/38968"}],"wp:attachment":[{"href":"https:\/\/keluvo.com\/se\/wp-json\/wp\/v2\/media?parent=38972"}],"wp:term":[{"taxonomy":"product_brand","embeddable":true,"href":"https:\/\/keluvo.com\/se\/wp-json\/wp\/v2\/product_brand?post=38972"},{"taxonomy":"product_cat","embeddable":true,"href":"https:\/\/keluvo.com\/se\/wp-json\/wp\/v2\/product_cat?post=38972"},{"taxonomy":"product_tag","embeddable":true,"href":"https:\/\/keluvo.com\/se\/wp-json\/wp\/v2\/product_tag?post=38972"}],"curies":[{"name":"wp","href":"https:\/\/api.w.org\/{rel}","templated":true}]}}