{"id":38951,"date":"2025-09-29T17:25:14","date_gmt":"2025-09-29T14:25:14","guid":{"rendered":"https:\/\/keluvo.com\/se\/product\/aktivitetsbok\/"},"modified":"2025-10-13T11:22:37","modified_gmt":"2025-10-13T08:22:37","slug":"aktivitetsbok","status":"publish","type":"product","link":"https:\/\/keluvo.com\/se\/product\/aktivitetsbok\/","title":{"rendered":"Aktivitetsbok"},"content":{"rendered":"<p style=\"text-align: center;\" data-start=\"175\" data-end=\"274\"><strong>Frig\u00f6r ditt barns kreativitet med den h\u00e4r aktivitetsboken \u2013 den ultimata interaktiva sensoriska boken! \ud83c\udf08\ud83d\udcd8<\/strong><\/p>\n<p style=\"text-align: center;\" data-start=\"276\" data-end=\"503\">Den h\u00e4r f\u00e4rgglada och pedagogiska aktivitetsboken h\u00e5ller sm\u00e5 h\u00e4nder och sinnen engagerade genom texturer, pussel, spel och mycket mer \u2013 samtidigt som den hj\u00e4lper barn att l\u00e4ra sig former, f\u00e4rger, bokst\u00e4ver, djur och vardagsf\u00e4rdigheter p\u00e5 ett roligt och s\u00e4kert s\u00e4tt.<\/p>\n<p data-start=\"276\" data-end=\"503\"><img decoding=\"async\" class=\"size-full wp-image-34999 aligncenter\" src=\"https:\/\/keluvo.com\/template\/wp-content\/uploads\/sites\/5\/2025\/09\/b2f488a0e9299a8ba143ad6a4381fc879692b5cd_480x480.webp\" alt=\"\" \/><\/p>\n<h2 style=\"text-align: center;\" data-start=\"510\" data-end=\"530\">Huvudf\u00f6rdelar \ud83c\udf1f<\/h2>\n<p data-start=\"534\" data-end=\"603\">\ud83e\udde0 Stimulerar alla sinnen \u2013 ber\u00f6ring, syn, ljud och till och med r\u00f6relse.<\/p>\n<p data-start=\"534\" data-end=\"603\">\ud83c\udfa8 Levande bilder och texturer \u2013 h\u00e5ller ditt barn engagerat och l\u00e4r sig genom lek.<\/p>\n<p data-start=\"534\" data-end=\"603\">\u270b Praktiska aktiviteter \u2013 inneh\u00e5ller blixtl\u00e5s, sn\u00f6ren, kardborreband, knappar och mer.<\/p>\n<p data-start=\"534\" data-end=\"603\">\ud83d\udca1 \u00d6kar tidig inl\u00e4rning \u2013 f\u00f6rb\u00e4ttrar logik, minne, motorik och sj\u00e4lvst\u00e4ndighet.<\/p>\n<p data-start=\"534\" data-end=\"603\">\ud83e\uddf7 S\u00e4kert och barnv\u00e4nligt \u2013 tillverkat av mjuka, slitstarka och giftfria material.<\/p>\n<p data-start=\"534\" data-end=\"603\">\u2708\ufe0f Resev\u00e4nlig \u2013 l\u00e4tt och b\u00e4rbar, perfekt f\u00f6r resor eller lugna stunder.<\/p>\n<p data-start=\"957\" data-end=\"1039\"><img decoding=\"async\" class=\"size-full wp-image-34998 aligncenter\" src=\"https:\/\/keluvo.com\/template\/wp-content\/uploads\/sites\/5\/2025\/09\/video_ip_V2_480x480.webp\" alt=\"\" \/><\/p>\n<h2 style=\"text-align: center;\" data-start=\"1046\" data-end=\"1063\">S\u00e5 h\u00e4r g\u00f6r du \ud83e\uddfe<\/h2>\n<ol>\n<li data-start=\"1068\" data-end=\"1135\">\u00d6ppna boken och l\u00e5t ditt barn utforska varje aktivitetssida.<\/li>\n<li data-start=\"1068\" data-end=\"1135\">Uppmuntra ditt barn att matcha former, dra upp dragkedjan, kn\u00e4ppa, f\u00e4sta eller sn\u00f6ra ihop elementen.<\/li>\n<li data-start=\"1068\" data-end=\"1135\">Anv\u00e4nd den p\u00e5 resan, hemma eller under lugna lekar.<\/li>\n<li data-start=\"1068\" data-end=\"1135\">Reng\u00f6r f\u00f6rsiktigt med en fuktig trasa n\u00e4r det beh\u00f6vs.<\/li>\n<\/ol>\n<h2 style=\"text-align: center;\" data-start=\"1343\" data-end=\"1365\">Produktdetaljer \ud83d\udccf<\/h2>\n<ul>\n<li data-start=\"1369\" data-end=\"1412\">Material: Mjuk filt och bomullstyg<\/li>\n<li data-start=\"1369\" data-end=\"1412\">Storlek: Cirka 20,3 x 20,3 cm<\/li>\n<li data-start=\"1369\" data-end=\"1412\">Vikt: L\u00e4tt och enkel att b\u00e4ra<\/li>\n<li data-start=\"1369\" data-end=\"1412\">Sidor: Varje aktivitetsbok inneh\u00e5ller flera temasidor<\/li>\n<li data-start=\"1369\" data-end=\"1412\">\u00c5ldersrekommendation: Idealisk f\u00f6r \u00e5ldrarna 2\u20136<\/li>\n<\/ul>\n<h2 style=\"text-align: center;\" data-start=\"1608\" data-end=\"1631\">F\u00f6rpackningen inneh\u00e5ller \ud83d\udce6<\/h2>\n<ul>\n<li>1x aktivitetsbok.<\/li>\n<\/ul>\n","protected":false},"excerpt":{"rendered":"<p>Frig\u00f6r ditt barns kreativitet med den h\u00e4r aktivitetsboken \u2013 den ultimata interaktiva sensoriska boken! \ud83c\udf08\ud83d\udcd8 Den h\u00e4r f\u00e4rgglada och pedagogiska [&hellip;]<\/p>\n","protected":false},"featured_media":38947,"comment_status":"open","ping_status":"closed","template":"","meta":{"site-sidebar-layout":"default","site-content-layout":"","ast-site-content-layout":"default","site-content-style":"default","site-sidebar-style":"default","ast-global-header-display":"","ast-banner-title-visibility":"","ast-main-header-display":"","ast-hfb-above-header-display":"","ast-hfb-below-header-display":"","ast-hfb-mobile-header-display":"","site-post-title":"","ast-breadcrumbs-content":"","ast-featured-img":"","footer-sml-layout":"","theme-transparent-header-meta":"default","adv-header-id-meta":"","stick-header-meta":"","header-above-stick-meta":"","header-main-stick-meta":"","header-below-stick-meta":"","astra-migrate-meta-layouts":"set","ast-page-background-enabled":"default","ast-page-background-meta":{"desktop":{"background-color":"var(--ast-global-color-4)","background-image":"","background-repeat":"repeat","background-position":"center center","background-size":"auto","background-attachment":"scroll","background-type":"","background-media":"","overlay-type":"","overlay-color":"","overlay-opacity":"","overlay-gradient":""},"tablet":{"background-color":"","background-image":"","background-repeat":"repeat","background-position":"center center","background-size":"auto","background-attachment":"scroll","background-type":"","background-media":"","overlay-type":"","overlay-color":"","overlay-opacity":"","overlay-gradient":""},"mobile":{"background-color":"","background-image":"","background-repeat":"repeat","background-position":"center center","background-size":"auto","background-attachment":"scroll","background-type":"","background-media":"","overlay-type":"","overlay-color":"","overlay-opacity":"","overlay-gradient":""}},"ast-content-background-meta":{"desktop":{"background-color":"var(--ast-global-color-5)","background-image":"","background-repeat":"repeat","background-position":"center center","background-size":"auto","background-attachment":"scroll","background-type":"","background-media":"","overlay-type":"","overlay-color":"","overlay-opacity":"","overlay-gradient":""},"tablet":{"background-color":"var(--ast-global-color-5)","background-image":"","background-repeat":"repeat","background-position":"center center","background-size":"auto","background-attachment":"scroll","background-type":"","background-media":"","overlay-type":"","overlay-color":"","overlay-opacity":"","overlay-gradient":""},"mobile":{"background-color":"var(--ast-global-color-5)","background-image":"","background-repeat":"repeat","background-position":"center center","background-size":"auto","background-attachment":"scroll","background-type":"","background-media":"","overlay-type":"","overlay-color":"","overlay-opacity":"","overlay-gradient":""}}},"product_brand":[],"product_cat":[990],"product_tag":[],"class_list":{"0":"post-38951","1":"product","2":"type-product","3":"status-publish","4":"has-post-thumbnail","6":"product_cat-toys-childrens-and-baby-products","7":"pa_16196_wlr4pb9y-dinosaurie","8":"pa_16196_wlr4pb9y-gard","9":"pa_16196_wlr4pb9y-livet","10":"pa_16196_wlr4pb9y-trafik","11":"desktop-align-left","12":"tablet-align-left","13":"mobile-align-left","15":"first","16":"instock","17":"shipping-taxable","18":"purchasable","19":"product-type-variable"},"_links":{"self":[{"href":"https:\/\/keluvo.com\/se\/wp-json\/wp\/v2\/product\/38951","targetHints":{"allow":["GET"]}}],"collection":[{"href":"https:\/\/keluvo.com\/se\/wp-json\/wp\/v2\/product"}],"about":[{"href":"https:\/\/keluvo.com\/se\/wp-json\/wp\/v2\/types\/product"}],"replies":[{"embeddable":true,"href":"https:\/\/keluvo.com\/se\/wp-json\/wp\/v2\/comments?post=38951"}],"wp:featuredmedia":[{"embeddable":true,"href":"https:\/\/keluvo.com\/se\/wp-json\/wp\/v2\/media\/38947"}],"wp:attachment":[{"href":"https:\/\/keluvo.com\/se\/wp-json\/wp\/v2\/media?parent=38951"}],"wp:term":[{"taxonomy":"product_brand","embeddable":true,"href":"https:\/\/keluvo.com\/se\/wp-json\/wp\/v2\/product_brand?post=38951"},{"taxonomy":"product_cat","embeddable":true,"href":"https:\/\/keluvo.com\/se\/wp-json\/wp\/v2\/product_cat?post=38951"},{"taxonomy":"product_tag","embeddable":true,"href":"https:\/\/keluvo.com\/se\/wp-json\/wp\/v2\/product_tag?post=38951"}],"curies":[{"name":"wp","href":"https:\/\/api.w.org\/{rel}","templated":true}]}}