{"id":38270,"date":"2025-09-24T16:21:42","date_gmt":"2025-09-24T13:21:42","guid":{"rendered":"https:\/\/keluvo.com\/se\/product\/led-tutu-kjol-2\/"},"modified":"2025-10-13T11:21:50","modified_gmt":"2025-10-13T08:21:50","slug":"led-tutu-kjol-2","status":"publish","type":"product","link":"https:\/\/keluvo.com\/se\/product\/led-tutu-kjol-2\/","title":{"rendered":"LED tutu kjol"},"content":{"rendered":"<p style=\"text-align: center\"><strong>storlek\u00a0 \u00a0 \u00a0 kjoll\u00e4ngd\u00a0 \u00a0 \u00a0 \u00a0platt midja\u00a0 \u00a0 \u00a0 \u00a0stretchmidja\u00a0 \u00a0 \u00e5lder<\/strong><\/p>\n<p style=\"text-align: center\"><strong>S\u00a0 \u00a0 \u00a0 \u00a0 \u00a0 \u00a0 \u00a028cm\u00a0 \u00a0 \u00a0 \u00a0 \u00a0 \u00a0 \u00a0 \u00a0 20*2cm\u00a0 \u00a0 \u00a0 \u00a0 \u00a0 \u00a0 \u00a0 35*2\u00a0 \u00a0 \u00a0 \u00a0 \u00a0 \u00a0 \u00a0 2-5 \u00e5r<\/strong><\/p>\n<p style=\"text-align: center\"><strong>M\u00a0 \u00a0 \u00a0 \u00a0 \u00a0 \u00a0 \u00a030cm\u00a0 \u00a0 \u00a0 \u00a0 \u00a0 \u00a0 \u00a0 \u00a023*2cm\u00a0 \u00a0 \u00a0 \u00a0 \u00a0 \u00a0 \u00a0 45*2\u00a0 \u00a0 \u00a0 \u00a0 \u00a0 \u00a06-10 \u00e5r<\/strong><\/p>\n<p style=\"text-align: center\"><span style=\"font-weight: 400\">LED-tutukjolen kombinerar kul, mode och komfort i en bl\u00e4ndande design. Med inbyggda LED-lampor lyser kjolen upp alla rum och blir en showstopper p\u00e5 kalas, lek och semester. Kjolen \u00e4r tillverkad i ett mjukt material som andas och har en stretchig midjeres\u00e5r som g\u00f6r den bekv\u00e4m att b\u00e4ra hela dagen. Oavsett om det \u00e4r v\u00e5r eller vinter, kl\u00e4 upp det eller ner &#8211; den h\u00e4r kjolen \u00e4r en favorit \u00e5ret runt f\u00f6r barn som \u00e4lskar att skina.<\/span><\/p>\n<p><img decoding=\"async\" class=\"alignnone size-full wp-image-21922 aligncenter\" src=\"https:\/\/keluvo.com\/template\/wp-content\/uploads\/sites\/5\/2025\/05\/LEDTutuSkirt-ezgif.com-video-to-webp-converter.webp\" alt=\"\" \/><\/p>\n<h2 style=\"text-align: center\">\u2b50 Huvudf\u00f6rdelar<\/h2>\n<p><span style=\"font-weight: 400\">\ud83d\udca1 <\/span><b>LED-ljuskul<\/b><span style=\"font-weight: 400\"> \u2013 Ljusa inbyggda lampor g\u00f6r den perfekt f\u00f6r fester och speciella evenemang.<\/span><\/p>\n<p><span style=\"font-weight: 400\">\ud83d\udc57 <\/span><b>Snygg &amp; m\u00e5ngsidig<\/b><span style=\"font-weight: 400\"> \u2013 Tutu mesh stil ser bra ut f\u00f6r kl\u00e4dsel eller fritidskl\u00e4der.<\/span><\/p>\n<p><span style=\"font-weight: 400\">\ud83d\udc76 <\/span><b>Barnv\u00e4nlig komfort<\/b><span style=\"font-weight: 400\"> \u2013 Mjukt, andningsbart tyg perfekt f\u00f6r varje s\u00e4song.<\/span><span style=\"font-weight: 400\"><br \/>\n<\/span><\/p>\n<p><span style=\"font-weight: 400\">\ud83e\udd38 <\/span><b>L\u00e4tt att b\u00e4ra<\/b><span style=\"font-weight: 400\"> \u2013 Enkel pull-on-design med bekv\u00e4m passform f\u00f6r aktiva barn.<\/span><\/p>\n<p><span style=\"font-weight: 400\">\ud83e\uddfc <\/span><b>H\u00e5llbar &amp; tv\u00e4ttbar<\/b><span style=\"font-weight: 400\"> \u2013 Tillverkad av kvalitetsmaterial som \u00e4r l\u00e4tta att reng\u00f6ra.<\/span><span style=\"font-weight: 400\"><br \/>\n<\/span><\/p>\n<p><img decoding=\"async\" class=\"alignnone size-full wp-image-21918 aligncenter\" src=\"https:\/\/keluvo.com\/template\/wp-content\/uploads\/sites\/5\/2025\/05\/ba696dc2-ef46-44fe-8c56-a3c83dbe03ab.webp.webp\" alt=\"\" \/><\/p>\n<h2 style=\"text-align: center\">\ud83d\udccc Hur man anv\u00e4nder<\/h2>\n<ol>\n<li style=\"font-weight: 400\"><span style=\"font-weight: 400\">Glid kjolen \u00f6ver kl\u00e4derna eller p\u00e5 egen hand.<\/span><span style=\"font-weight: 400\"><br \/>\n<\/span><\/li>\n<li style=\"font-weight: 400\"><span style=\"font-weight: 400\">S\u00e4tt p\u00e5 LED-lamporna f\u00f6r en gl\u00f6dande effekt.<\/span><span style=\"font-weight: 400\"><br \/>\n<\/span><\/li>\n<li style=\"font-weight: 400\"><span style=\"font-weight: 400\">L\u00e5t ditt barn dansa, snurra och njuta av glittret!<\/span><span style=\"font-weight: 400\"><br \/>\n<\/span><\/li>\n<\/ol>\n<h2 style=\"text-align: center\">\ud83d\udcd0 Produktdetaljer<\/h2>\n<ul>\n<li style=\"font-weight: 400\"><span style=\"font-weight: 400\">Material: Mjukt n\u00e4t med LED-komponenter<\/span><span style=\"font-weight: 400\"><br \/>\n<\/span><\/li>\n<li style=\"font-weight: 400\"><span style=\"font-weight: 400\">Stil: Tutu-design med lysande effekt<\/span><span style=\"font-weight: 400\"><br \/>\n<\/span><\/li>\n<li style=\"font-weight: 400\"><span style=\"font-weight: 400\">Passform: Stretchigt midjeband f\u00f6r enkel anv\u00e4ndning<\/span><span style=\"font-weight: 400\"><br \/>\n<\/span><\/li>\n<li style=\"font-weight: 400\"><span style=\"font-weight: 400\">S\u00e4song: L\u00e4mplig f\u00f6r v\u00e5r, sommar, h\u00f6st och vinter<\/span><span style=\"font-weight: 400\"><br \/>\n<\/span><\/li>\n<li style=\"font-weight: 400\"><span style=\"font-weight: 400\">Anv\u00e4ndning: Perfekt f\u00f6r fester, f\u00f6delsedagar, Halloween, skolevenemang och vardagsskoj<\/span><span style=\"font-weight: 400\"><br \/>\n<\/span><\/li>\n<\/ul>\n<h2 style=\"text-align: center\">\ud83d\udce6 Paketet inneh\u00e5ller<\/h2>\n<ul>\n<li style=\"font-weight: 400\"><span style=\"font-weight: 400\">1x LED tutu kjol.<\/span><\/li>\n<\/ul>\n","protected":false},"excerpt":{"rendered":"<p>storlek\u00a0 \u00a0 \u00a0 kjoll\u00e4ngd\u00a0 \u00a0 \u00a0 \u00a0platt midja\u00a0 \u00a0 \u00a0 \u00a0stretchmidja\u00a0 \u00a0 \u00e5lder S\u00a0 \u00a0 \u00a0 \u00a0 \u00a0 \u00a0 \u00a028cm\u00a0 [&hellip;]<\/p>\n","protected":false},"featured_media":38266,"comment_status":"open","ping_status":"closed","template":"","meta":{"site-sidebar-layout":"default","site-content-layout":"","ast-site-content-layout":"default","site-content-style":"default","site-sidebar-style":"default","ast-global-header-display":"","ast-banner-title-visibility":"","ast-main-header-display":"","ast-hfb-above-header-display":"","ast-hfb-below-header-display":"","ast-hfb-mobile-header-display":"","site-post-title":"","ast-breadcrumbs-content":"","ast-featured-img":"","footer-sml-layout":"","theme-transparent-header-meta":"default","adv-header-id-meta":"","stick-header-meta":"","header-above-stick-meta":"","header-main-stick-meta":"","header-below-stick-meta":"","astra-migrate-meta-layouts":"set","ast-page-background-enabled":"default","ast-page-background-meta":{"desktop":{"background-color":"var(--ast-global-color-4)","background-image":"","background-repeat":"repeat","background-position":"center center","background-size":"auto","background-attachment":"scroll","background-type":"","background-media":"","overlay-type":"","overlay-color":"","overlay-opacity":"","overlay-gradient":""},"tablet":{"background-color":"","background-image":"","background-repeat":"repeat","background-position":"center center","background-size":"auto","background-attachment":"scroll","background-type":"","background-media":"","overlay-type":"","overlay-color":"","overlay-opacity":"","overlay-gradient":""},"mobile":{"background-color":"","background-image":"","background-repeat":"repeat","background-position":"center center","background-size":"auto","background-attachment":"scroll","background-type":"","background-media":"","overlay-type":"","overlay-color":"","overlay-opacity":"","overlay-gradient":""}},"ast-content-background-meta":{"desktop":{"background-color":"var(--ast-global-color-5)","background-image":"","background-repeat":"repeat","background-position":"center center","background-size":"auto","background-attachment":"scroll","background-type":"","background-media":"","overlay-type":"","overlay-color":"","overlay-opacity":"","overlay-gradient":""},"tablet":{"background-color":"var(--ast-global-color-5)","background-image":"","background-repeat":"repeat","background-position":"center center","background-size":"auto","background-attachment":"scroll","background-type":"","background-media":"","overlay-type":"","overlay-color":"","overlay-opacity":"","overlay-gradient":""},"mobile":{"background-color":"var(--ast-global-color-5)","background-image":"","background-repeat":"repeat","background-position":"center center","background-size":"auto","background-attachment":"scroll","background-type":"","background-media":"","overlay-type":"","overlay-color":"","overlay-opacity":"","overlay-gradient":""}}},"product_brand":[],"product_cat":[990],"product_tag":[],"class_list":{"0":"post-38270","1":"product","2":"type-product","3":"status-publish","4":"has-post-thumbnail","6":"product_cat-toys-childrens-and-baby-products","7":"pa_30257_5iblcgc3-bla","8":"pa_30257_5iblcgc3-gron","9":"pa_30257_5iblcgc3-gul","10":"pa_30257_5iblcgc3-lila","11":"pa_30257_5iblcgc3-ljusrosa","12":"pa_30257_5iblcgc3-rod","13":"pa_30257_5iblcgc3-rosa","14":"pa_30257_5iblcgc3-svart","15":"pa_30257_5oeg5fj6-2-5-ar","16":"pa_30257_5oeg5fj6-6-10-ar","17":"desktop-align-left","18":"tablet-align-left","19":"mobile-align-left","21":"first","22":"instock","23":"shipping-taxable","24":"purchasable","25":"product-type-variable","26":"has-default-attributes"},"_links":{"self":[{"href":"https:\/\/keluvo.com\/se\/wp-json\/wp\/v2\/product\/38270","targetHints":{"allow":["GET"]}}],"collection":[{"href":"https:\/\/keluvo.com\/se\/wp-json\/wp\/v2\/product"}],"about":[{"href":"https:\/\/keluvo.com\/se\/wp-json\/wp\/v2\/types\/product"}],"replies":[{"embeddable":true,"href":"https:\/\/keluvo.com\/se\/wp-json\/wp\/v2\/comments?post=38270"}],"wp:featuredmedia":[{"embeddable":true,"href":"https:\/\/keluvo.com\/se\/wp-json\/wp\/v2\/media\/38266"}],"wp:attachment":[{"href":"https:\/\/keluvo.com\/se\/wp-json\/wp\/v2\/media?parent=38270"}],"wp:term":[{"taxonomy":"product_brand","embeddable":true,"href":"https:\/\/keluvo.com\/se\/wp-json\/wp\/v2\/product_brand?post=38270"},{"taxonomy":"product_cat","embeddable":true,"href":"https:\/\/keluvo.com\/se\/wp-json\/wp\/v2\/product_cat?post=38270"},{"taxonomy":"product_tag","embeddable":true,"href":"https:\/\/keluvo.com\/se\/wp-json\/wp\/v2\/product_tag?post=38270"}],"curies":[{"name":"wp","href":"https:\/\/api.w.org\/{rel}","templated":true}]}}