{"id":37855,"date":"2025-09-21T10:34:45","date_gmt":"2025-09-21T07:34:45","guid":{"rendered":"https:\/\/keluvo.com\/se\/product\/dubbelhaftande-tejp\/"},"modified":"2025-09-21T10:34:53","modified_gmt":"2025-09-21T07:34:53","slug":"dubbelhaftande-tejp","status":"publish","type":"product","link":"https:\/\/keluvo.com\/se\/product\/dubbelhaftande-tejp\/","title":{"rendered":"Dubbelh\u00e4ftande tejp"},"content":{"rendered":"<p style=\"text-align: center\" data-start=\"92\" data-end=\"147\"><strong data-start=\"92\" data-end=\"147\">Klistra Fast Allt, Var Som Helst &#8211; Snabbt, Rent Och \u00c5teranv\u00e4ndbart! \ud83d\udd04<\/strong><\/p>\n<p style=\"text-align: center\" data-start=\"149\" data-end=\"389\">Den h\u00e4r kraftfulla dubbelh\u00e4ftande tejpen \u00e4r din l\u00f6sning f\u00f6r att montera och organisera allt hemma, p\u00e5 kontoret eller n\u00e4r du dekorerar. Den f\u00e4ster omedelbart p\u00e5 sl\u00e4ta ytor, l\u00e4mnar inga rester och \u00e4r helt \u00e5teranv\u00e4ndbar &#8211; bara tv\u00e4tta och applicera igen!<\/p>\n<p data-start=\"149\" data-end=\"389\"><img decoding=\"async\" class=\"size-full wp-image-32824 aligncenter\" src=\"https:\/\/keluvo.com\/template\/wp-content\/uploads\/sites\/5\/2025\/08\/072119-ezgif.com-video-to-webp-converter-1.webp\" alt=\"\" \/><\/p>\n<h2 style=\"text-align: center\" data-start=\"396\" data-end=\"416\"><strong>Huvudf\u00f6rdelar<\/strong><\/h2>\n<p data-start=\"419\" data-end=\"481\">\ud83e\uddf2 Starkt grepp \u2013 H\u00e5ller f\u00f6rem\u00e5l p\u00e5 plats med s\u00e4ker adhesion<\/p>\n<p data-start=\"484\" data-end=\"538\">\u2702\ufe0f Anpassad storlek \u2013 Enkelt att klippa till den l\u00e4ngd du beh\u00f6ver<\/p>\n<p data-start=\"541\" data-end=\"613\">\ud83e\uddfc Restfri \u2013 Avl\u00e4gsnas rent utan att skada v\u00e4ggar eller ytor<\/p>\n<p data-start=\"616\" data-end=\"665\">\ud83d\udd04 \u00c5teranv\u00e4ndbar \u2013 Tv\u00e4tta, torka och \u00e5teranv\u00e4nd igen<\/p>\n<p data-start=\"668\" data-end=\"732\">\ud83e\ude84 M\u00e5ngsidig anv\u00e4ndning \u2013 Perfekt f\u00f6r montering, dekorering eller organisering<\/p>\n<p data-start=\"668\" data-end=\"732\"><img decoding=\"async\" class=\"size-full wp-image-32821 aligncenter\" src=\"https:\/\/keluvo.com\/template\/wp-content\/uploads\/sites\/5\/2025\/08\/S09e3033189854ecf8886a894825d8a98G.jpeg_960x960q75.jpeg_.avif\" alt=\"\" \/><\/p>\n<h2 style=\"text-align: center\" data-start=\"739\" data-end=\"757\"><strong>Hur Man Anv\u00e4nder<\/strong><\/h2>\n<ol data-start=\"758\" data-end=\"966\">\n<li data-start=\"758\" data-end=\"793\">\n<p data-start=\"761\" data-end=\"793\">Ta av tejpen fr\u00e5n rullen.<\/p>\n<\/li>\n<li data-start=\"794\" data-end=\"831\">\n<p data-start=\"797\" data-end=\"831\">Klipp eller riv till \u00f6nskad l\u00e4ngd.<\/p>\n<\/li>\n<li data-start=\"832\" data-end=\"905\">\n<p data-start=\"835\" data-end=\"905\">f\u00e4st ena sidan p\u00e5 ditt objekt och tryck sedan fast p\u00e5 en ren yta.<\/p>\n<\/li>\n<li data-start=\"906\" data-end=\"966\">\n<p data-start=\"909\" data-end=\"966\">f\u00f6r \u00e5teranv\u00e4ndning, dra f\u00f6rsiktigt av, tv\u00e4tta med vatten, torka och applicera igen.<\/p>\n<\/li>\n<\/ol>\n<h2 style=\"text-align: center\" data-start=\"973\" data-end=\"996\"><strong>Produktdetaljer<\/strong><\/h2>\n<ul data-start=\"997\" data-end=\"1173\">\n<li data-start=\"997\" data-end=\"1033\">\n<p data-start=\"999\" data-end=\"1033\">Material: Akryl av h\u00f6g kvalitet<\/p>\n<\/li>\n<li data-start=\"1034\" data-end=\"1058\">\n<p data-start=\"1036\" data-end=\"1058\">F\u00e4rg: Transparent<\/p>\n<\/li>\n<li data-start=\"1059\" data-end=\"1084\">\n<p data-start=\"1061\" data-end=\"1084\">Vikt: Ca. 30g<\/p>\n<\/li>\n<li data-start=\"1085\" data-end=\"1129\">\n<p data-start=\"1087\" data-end=\"1129\">Tejpstorlek: 18mm x 50mm<\/p>\n<\/li>\n<li data-start=\"1130\" data-end=\"1173\">\n<p data-start=\"1132\" data-end=\"1173\">L\u00e5dstorlek: 65mm x 65mm<\/p>\n<\/li>\n<li data-start=\"1130\" data-end=\"1173\">1 l\u00e5da: 60 st<\/li>\n<\/ul>\n<h2 style=\"text-align: center\" data-start=\"1180\" data-end=\"1204\"><strong>F\u00f6rpackningen Inneh\u00e5ller<\/strong><\/h2>\n<ul data-start=\"1205\" data-end=\"1272\">\n<li data-start=\"1205\" data-end=\"1272\">\n<p data-start=\"1207\" data-end=\"1272\">1, 2, 3x l\u00e5dor med dubbelsidiga tejper (60, 120, 180 st).<\/p>\n<\/li>\n<\/ul>\n","protected":false},"excerpt":{"rendered":"<p>Klistra Fast Allt, Var Som Helst &#8211; Snabbt, Rent Och \u00c5teranv\u00e4ndbart! \ud83d\udd04 Den h\u00e4r kraftfulla dubbelh\u00e4ftande tejpen \u00e4r din l\u00f6sning [&hellip;]<\/p>\n","protected":false},"featured_media":37851,"comment_status":"open","ping_status":"closed","template":"","meta":{"site-sidebar-layout":"default","site-content-layout":"","ast-site-content-layout":"default","site-content-style":"default","site-sidebar-style":"default","ast-global-header-display":"","ast-banner-title-visibility":"","ast-main-header-display":"","ast-hfb-above-header-display":"","ast-hfb-below-header-display":"","ast-hfb-mobile-header-display":"","site-post-title":"","ast-breadcrumbs-content":"","ast-featured-img":"","footer-sml-layout":"","theme-transparent-header-meta":"default","adv-header-id-meta":"","stick-header-meta":"","header-above-stick-meta":"","header-main-stick-meta":"","header-below-stick-meta":"","astra-migrate-meta-layouts":"set","ast-page-background-enabled":"default","ast-page-background-meta":{"desktop":{"background-color":"var(--ast-global-color-4)","background-image":"","background-repeat":"repeat","background-position":"center center","background-size":"auto","background-attachment":"scroll","background-type":"","background-media":"","overlay-type":"","overlay-color":"","overlay-opacity":"","overlay-gradient":""},"tablet":{"background-color":"","background-image":"","background-repeat":"repeat","background-position":"center center","background-size":"auto","background-attachment":"scroll","background-type":"","background-media":"","overlay-type":"","overlay-color":"","overlay-opacity":"","overlay-gradient":""},"mobile":{"background-color":"","background-image":"","background-repeat":"repeat","background-position":"center center","background-size":"auto","background-attachment":"scroll","background-type":"","background-media":"","overlay-type":"","overlay-color":"","overlay-opacity":"","overlay-gradient":""}},"ast-content-background-meta":{"desktop":{"background-color":"var(--ast-global-color-5)","background-image":"","background-repeat":"repeat","background-position":"center center","background-size":"auto","background-attachment":"scroll","background-type":"","background-media":"","overlay-type":"","overlay-color":"","overlay-opacity":"","overlay-gradient":""},"tablet":{"background-color":"var(--ast-global-color-5)","background-image":"","background-repeat":"repeat","background-position":"center center","background-size":"auto","background-attachment":"scroll","background-type":"","background-media":"","overlay-type":"","overlay-color":"","overlay-opacity":"","overlay-gradient":""},"mobile":{"background-color":"var(--ast-global-color-5)","background-image":"","background-repeat":"repeat","background-position":"center center","background-size":"auto","background-attachment":"scroll","background-type":"","background-media":"","overlay-type":"","overlay-color":"","overlay-opacity":"","overlay-gradient":""}}},"product_brand":[],"product_cat":[1001],"product_tag":[],"class_list":{"0":"post-37855","1":"product","2":"type-product","3":"status-publish","4":"has-post-thumbnail","6":"product_cat-household-goods","7":"pa_42855_5xluvx37-1-lada","8":"pa_42855_5xluvx37-2-lador","9":"pa_42855_5xluvx37-3-lador","10":"desktop-align-left","11":"tablet-align-left","12":"mobile-align-left","14":"first","15":"instock","16":"shipping-taxable","17":"purchasable","18":"product-type-variable"},"_links":{"self":[{"href":"https:\/\/keluvo.com\/se\/wp-json\/wp\/v2\/product\/37855","targetHints":{"allow":["GET"]}}],"collection":[{"href":"https:\/\/keluvo.com\/se\/wp-json\/wp\/v2\/product"}],"about":[{"href":"https:\/\/keluvo.com\/se\/wp-json\/wp\/v2\/types\/product"}],"replies":[{"embeddable":true,"href":"https:\/\/keluvo.com\/se\/wp-json\/wp\/v2\/comments?post=37855"}],"wp:featuredmedia":[{"embeddable":true,"href":"https:\/\/keluvo.com\/se\/wp-json\/wp\/v2\/media\/37851"}],"wp:attachment":[{"href":"https:\/\/keluvo.com\/se\/wp-json\/wp\/v2\/media?parent=37855"}],"wp:term":[{"taxonomy":"product_brand","embeddable":true,"href":"https:\/\/keluvo.com\/se\/wp-json\/wp\/v2\/product_brand?post=37855"},{"taxonomy":"product_cat","embeddable":true,"href":"https:\/\/keluvo.com\/se\/wp-json\/wp\/v2\/product_cat?post=37855"},{"taxonomy":"product_tag","embeddable":true,"href":"https:\/\/keluvo.com\/se\/wp-json\/wp\/v2\/product_tag?post=37855"}],"curies":[{"name":"wp","href":"https:\/\/api.w.org\/{rel}","templated":true}]}}