{"id":37844,"date":"2025-09-21T10:34:00","date_gmt":"2025-09-21T07:34:00","guid":{"rendered":"https:\/\/keluvo.com\/se\/product\/harborttagningsmedel-2\/"},"modified":"2025-09-21T10:34:00","modified_gmt":"2025-09-21T07:34:00","slug":"harborttagningsmedel-2","status":"publish","type":"product","link":"https:\/\/keluvo.com\/se\/product\/harborttagningsmedel-2\/","title":{"rendered":"H\u00e5rborttagningsmedel"},"content":{"rendered":"<p style=\"text-align: center\" data-start=\"109\" data-end=\"147\"><strong>Sl\u00e4t, Felfri Hud \u00c4r Enkelt \ud83c\udf38\u2728<\/strong><\/p>\n<p style=\"text-align: center\" data-start=\"149\" data-end=\"428\">Den h\u00e4r h\u00e5rborttagaren \u00e4r utformad f\u00f6r att ta bort o\u00f6nskat h\u00e5r snabbt, skonsamt och effektivt &#8211; vilket ger dig silkeslen hud utan irritation. Den \u00e4r kompakt, l\u00e4tt att hantera och s\u00e4ker f\u00f6r daglig anv\u00e4ndning och \u00e4r det perfekta verktyget f\u00f6r att h\u00e5lla din kropp sl\u00e4t och h\u00e5rfri fr\u00e5n topp till t\u00e5.<\/p>\n<p data-start=\"149\" data-end=\"428\"><img decoding=\"async\" class=\"size-full wp-image-32816 aligncenter\" src=\"https:\/\/keluvo.com\/template\/wp-content\/uploads\/sites\/5\/2025\/08\/072118-ezgif.com-video-to-webp-converter-1.webp\" alt=\"\" \/><\/p>\n<h2 style=\"text-align: center\" data-start=\"430\" data-end=\"451\"><strong>Huvudf\u00f6rdelar \u2705<\/strong><\/h2>\n<p data-start=\"454\" data-end=\"509\">\ud83c\udf3f Skonsam mot huden &#8211; inga sk\u00e4rs\u00e5r, rodnad eller irritation<\/p>\n<p data-start=\"512\" data-end=\"552\">\u26a1 Tar bort h\u00e5r snabbt och effektivt<\/p>\n<p data-start=\"555\" data-end=\"638\">\ud83d\udc59 Fungerar p\u00e5 flera omr\u00e5den: armar, ben, armh\u00e5lor, bikinilinje och till och med ryggen<\/p>\n<p data-start=\"641\" data-end=\"701\">\ud83d\udcbc L\u00e4tt och b\u00e4rbar &#8211; perfekt f\u00f6r hemmabruk eller resor<\/p>\n<p data-start=\"704\" data-end=\"766\">\ud83d\udd0b L\u00e5ngvarigt batteri f\u00f6r flera anv\u00e4ndningar p\u00e5 en enda laddning<\/p>\n<p data-start=\"769\" data-end=\"838\">\ud83c\udfaf Ergonomisk design f\u00f6r ett bekv\u00e4mt grepp och exakt h\u00e5rborttagning<\/p>\n<p data-start=\"769\" data-end=\"838\"><img decoding=\"async\" class=\"size-full wp-image-32811 aligncenter\" src=\"https:\/\/keluvo.com\/template\/wp-content\/uploads\/sites\/5\/2025\/08\/Sd72c30a3262a4e7e9cff325321734946U.jpg_960x960q75.jpg_.jpg\" alt=\"\" \/><\/p>\n<h2 style=\"text-align: center\" data-start=\"840\" data-end=\"862\"><strong>Anv\u00e4ndning \ud83e\uddf4<\/strong><\/h2>\n<ol data-start=\"863\" data-end=\"1194\">\n<li data-start=\"863\" data-end=\"917\">\n<p data-start=\"866\" data-end=\"917\">Se till att huden \u00e4r ren och torr innan du b\u00f6rjar.<\/p>\n<\/li>\n<li data-start=\"918\" data-end=\"995\">\n<p data-start=\"921\" data-end=\"995\">Sl\u00e5 p\u00e5 h\u00e5rborttagaren och f\u00f6r den f\u00f6rsiktigt \u00f6ver omr\u00e5det med o\u00f6nskat h\u00e5r.<\/p>\n<\/li>\n<li data-start=\"996\" data-end=\"1046\">\n<p data-start=\"999\" data-end=\"1046\">Anv\u00e4nd l\u00e5ngsamma, stadiga r\u00f6relser f\u00f6r b\u00e4sta resultat.<\/p>\n<\/li>\n<li data-start=\"1047\" data-end=\"1133\">\n<p data-start=\"1050\" data-end=\"1133\">Efter avslutad anv\u00e4ndning, reng\u00f6r enhetens huvud med den medf\u00f6ljande borsten f\u00f6r hygienisk \u00e5teranv\u00e4ndning.<\/p>\n<\/li>\n<li data-start=\"1134\" data-end=\"1194\">\n<p data-start=\"1137\" data-end=\"1194\">\u00c5terfukta huden f\u00f6r extra j\u00e4mnhet och \u00e5terfuktning.<\/p>\n<\/li>\n<\/ol>\n<h2 style=\"text-align: center\" data-start=\"1196\" data-end=\"1220\"><strong>Produktinformation \ud83d\udccf<\/strong><\/h2>\n<ul data-start=\"1221\" data-end=\"1465\">\n<li data-start=\"1258\" data-end=\"1302\">\n<p data-start=\"1260\" data-end=\"1302\">Effekt: L\u00e5ngvarigt uppladdningsbart batteri<\/p>\n<\/li>\n<li data-start=\"1303\" data-end=\"1365\">\n<p data-start=\"1305\" data-end=\"1365\">L\u00e4mplig f\u00f6r: Armar, ben, underarmar, bikinilinje och rygg<\/p>\n<\/li>\n<li data-start=\"1366\" data-end=\"1419\">\n<p data-start=\"1368\" data-end=\"1419\">Design: Kompakt, l\u00e4tt och resev\u00e4nlig<\/p>\n<\/li>\n<li data-start=\"1420\" data-end=\"1465\">\n<p data-start=\"1422\" data-end=\"1465\">F\u00e4rg: Elegant vit och ros\u00e9guld<\/p>\n<\/li>\n<\/ul>\n<h2 style=\"text-align: center\" data-start=\"1829\" data-end=\"1854\"><strong>F\u00f6rpackningen Inneh\u00e5ller \ud83d\udcec<\/strong><\/h2>\n<ul data-start=\"1855\" data-end=\"1969\">\n<li data-start=\"1855\" data-end=\"1902\">\n<p data-start=\"1857\" data-end=\"1902\">1x h\u00e5rborttagare<\/p>\n<\/li>\n<li data-start=\"1903\" data-end=\"1924\">\n<p data-start=\"1905\" data-end=\"1924\">1x reng\u00f6ringsborste<\/p>\n<\/li>\n<li data-start=\"1903\" data-end=\"1924\">\n<p data-start=\"1905\" data-end=\"1924\">1x tillbeh\u00f6r f\u00f6r s\u00e4ker rakning<\/p>\n<\/li>\n<li data-start=\"1903\" data-end=\"1924\">\n<p data-start=\"1905\" data-end=\"1924\">2x trimkam (3mm, 5mm)<\/p>\n<\/li>\n<li data-start=\"1925\" data-end=\"1950\">\n<p data-start=\"1927\" data-end=\"1950\">1x USB-laddningskabel<\/p>\n<\/li>\n<li data-start=\"1951\" data-end=\"1969\">\n<p data-start=\"1953\" data-end=\"1969\">1x anv\u00e4ndarhandbok.<\/p>\n<\/li>\n<\/ul>\n","protected":false},"excerpt":{"rendered":"<p>Sl\u00e4t, Felfri Hud \u00c4r Enkelt \ud83c\udf38\u2728 Den h\u00e4r h\u00e5rborttagaren \u00e4r utformad f\u00f6r att ta bort o\u00f6nskat h\u00e5r snabbt, skonsamt och [&hellip;]<\/p>\n","protected":false},"featured_media":37840,"comment_status":"open","ping_status":"closed","template":"","meta":{"site-sidebar-layout":"default","site-content-layout":"","ast-site-content-layout":"default","site-content-style":"default","site-sidebar-style":"default","ast-global-header-display":"","ast-banner-title-visibility":"","ast-main-header-display":"","ast-hfb-above-header-display":"","ast-hfb-below-header-display":"","ast-hfb-mobile-header-display":"","site-post-title":"","ast-breadcrumbs-content":"","ast-featured-img":"","footer-sml-layout":"","theme-transparent-header-meta":"default","adv-header-id-meta":"","stick-header-meta":"","header-above-stick-meta":"","header-main-stick-meta":"","header-below-stick-meta":"","astra-migrate-meta-layouts":"set","ast-page-background-enabled":"default","ast-page-background-meta":{"desktop":{"background-color":"var(--ast-global-color-4)","background-image":"","background-repeat":"repeat","background-position":"center center","background-size":"auto","background-attachment":"scroll","background-type":"","background-media":"","overlay-type":"","overlay-color":"","overlay-opacity":"","overlay-gradient":""},"tablet":{"background-color":"","background-image":"","background-repeat":"repeat","background-position":"center center","background-size":"auto","background-attachment":"scroll","background-type":"","background-media":"","overlay-type":"","overlay-color":"","overlay-opacity":"","overlay-gradient":""},"mobile":{"background-color":"","background-image":"","background-repeat":"repeat","background-position":"center center","background-size":"auto","background-attachment":"scroll","background-type":"","background-media":"","overlay-type":"","overlay-color":"","overlay-opacity":"","overlay-gradient":""}},"ast-content-background-meta":{"desktop":{"background-color":"var(--ast-global-color-5)","background-image":"","background-repeat":"repeat","background-position":"center center","background-size":"auto","background-attachment":"scroll","background-type":"","background-media":"","overlay-type":"","overlay-color":"","overlay-opacity":"","overlay-gradient":""},"tablet":{"background-color":"var(--ast-global-color-5)","background-image":"","background-repeat":"repeat","background-position":"center center","background-size":"auto","background-attachment":"scroll","background-type":"","background-media":"","overlay-type":"","overlay-color":"","overlay-opacity":"","overlay-gradient":""},"mobile":{"background-color":"var(--ast-global-color-5)","background-image":"","background-repeat":"repeat","background-position":"center center","background-size":"auto","background-attachment":"scroll","background-type":"","background-media":"","overlay-type":"","overlay-color":"","overlay-opacity":"","overlay-gradient":""}}},"product_brand":[],"product_cat":[992],"product_tag":[],"class_list":{"0":"post-37844","1":"product","2":"type-product","3":"status-publish","4":"has-post-thumbnail","6":"product_cat-beauty-and-hygiene-products","7":"desktop-align-left","8":"tablet-align-left","9":"mobile-align-left","11":"first","12":"instock","13":"shipping-taxable","14":"purchasable","15":"product-type-simple"},"_links":{"self":[{"href":"https:\/\/keluvo.com\/se\/wp-json\/wp\/v2\/product\/37844","targetHints":{"allow":["GET"]}}],"collection":[{"href":"https:\/\/keluvo.com\/se\/wp-json\/wp\/v2\/product"}],"about":[{"href":"https:\/\/keluvo.com\/se\/wp-json\/wp\/v2\/types\/product"}],"replies":[{"embeddable":true,"href":"https:\/\/keluvo.com\/se\/wp-json\/wp\/v2\/comments?post=37844"}],"wp:featuredmedia":[{"embeddable":true,"href":"https:\/\/keluvo.com\/se\/wp-json\/wp\/v2\/media\/37840"}],"wp:attachment":[{"href":"https:\/\/keluvo.com\/se\/wp-json\/wp\/v2\/media?parent=37844"}],"wp:term":[{"taxonomy":"product_brand","embeddable":true,"href":"https:\/\/keluvo.com\/se\/wp-json\/wp\/v2\/product_brand?post=37844"},{"taxonomy":"product_cat","embeddable":true,"href":"https:\/\/keluvo.com\/se\/wp-json\/wp\/v2\/product_cat?post=37844"},{"taxonomy":"product_tag","embeddable":true,"href":"https:\/\/keluvo.com\/se\/wp-json\/wp\/v2\/product_tag?post=37844"}],"curies":[{"name":"wp","href":"https:\/\/api.w.org\/{rel}","templated":true}]}}