{"id":37832,"date":"2025-09-21T10:33:06","date_gmt":"2025-09-21T07:33:06","guid":{"rendered":"https:\/\/keluvo.com\/se\/product\/banformare\/"},"modified":"2025-09-21T10:33:06","modified_gmt":"2025-09-21T07:33:06","slug":"banformare","status":"publish","type":"product","link":"https:\/\/keluvo.com\/se\/product\/banformare\/","title":{"rendered":"Banformare"},"content":{"rendered":"<p style=\"text-align: center\" data-start=\"91\" data-end=\"137\"><strong>Bygg fantastiska tr\u00e4dg\u00e5rdsstigar p\u00e5 n\u00e5gra minuter \ud83c\udfe1\ud83e\uddf1<\/strong><\/p>\n<p style=\"text-align: center\" data-start=\"139\" data-end=\"305\">Med den h\u00e4r stigformaren kan du enkelt skapa professionella stenstigar direkt i din egen tr\u00e4dg\u00e5rd. Bara h\u00e4ll, j\u00e4mna till och lyft &#8211; inga specialkunskaper beh\u00f6vs!<\/p>\n<p data-start=\"139\" data-end=\"305\"><img decoding=\"async\" class=\"size-full wp-image-32805 aligncenter\" src=\"https:\/\/keluvo.com\/template\/wp-content\/uploads\/sites\/5\/2025\/08\/mc-unnamed_c4b53d27-1c49-4006-a29e-b26163df755d_480x480.webp\" alt=\"\" \/><\/p>\n<h2 style=\"text-align: center\" data-start=\"307\" data-end=\"328\"><strong>Huvudf\u00f6rdelar \u2705<\/strong><\/h2>\n<p data-start=\"331\" data-end=\"393\">\ud83e\udde9 Skapa vackra g\u00e5ngar med en konsekvent, ren design<\/p>\n<p data-start=\"396\" data-end=\"458\">\ud83e\udea8 Anv\u00e4nd med cement, grus eller sand f\u00f6r att enkelt forma stigar<\/p>\n<p data-start=\"461\" data-end=\"519\">\ud83d\udcaa Tillverkad av h\u00e5llbar, \u00e5teranv\u00e4ndbar plast f\u00f6r l\u00e5ngvarig anv\u00e4ndning<\/p>\n<p data-start=\"522\" data-end=\"558\">\u270b Enkel att anv\u00e4nda &#8211; \u00e4ven f\u00f6r nyb\u00f6rjare<\/p>\n<p data-start=\"561\" data-end=\"611\">\ud83e\uddfc Hj\u00e4lper till att f\u00f6rhindra \u00f6verv\u00e4xt och h\u00e5ller stigar snygga<\/p>\n<p data-start=\"561\" data-end=\"611\"><img decoding=\"async\" class=\"size-full wp-image-32804 aligncenter\" src=\"https:\/\/keluvo.com\/template\/wp-content\/uploads\/sites\/5\/2025\/08\/mc-unnamed_1_623946f5-e1d3-4d20-a6a8-9983349c73e7_480x480.webp\" alt=\"\" \/><\/p>\n<h2 style=\"text-align: center\" data-start=\"613\" data-end=\"636\"><strong>S\u00e5 h\u00e4r anv\u00e4nder du \ud83d\udee0\ufe0f<\/strong><\/h2>\n<ol data-start=\"637\" data-end=\"802\">\n<li data-start=\"637\" data-end=\"674\">\n<p data-start=\"640\" data-end=\"674\">Mix din cement eller ditt stigmaterial.<\/p>\n<\/li>\n<li data-start=\"675\" data-end=\"708\">\n<p data-start=\"678\" data-end=\"708\">Placera formen p\u00e5 marken.<\/p>\n<\/li>\n<li data-start=\"709\" data-end=\"753\">\n<p data-start=\"712\" data-end=\"753\">fyll varje h\u00e5lighet och j\u00e4mna till ytan.<\/p>\n<\/li>\n<li data-start=\"754\" data-end=\"802\">\n<p data-start=\"757\" data-end=\"802\">lyft formen och upprepa f\u00f6r att f\u00f6rl\u00e4nga stigen.<\/p>\n<\/li>\n<\/ol>\n<h2 style=\"text-align: center\" data-start=\"804\" data-end=\"828\"><strong>produktdetaljer \ud83d\udccf<\/strong><\/h2>\n<ul data-start=\"829\" data-end=\"992\">\n<li data-start=\"829\" data-end=\"861\">\n<p data-start=\"831\" data-end=\"861\">Material: Kraftig plast<\/p>\n<\/li>\n<li data-start=\"862\" data-end=\"901\">\n<p data-start=\"864\" data-end=\"901\">M\u00f6gelform: Geometriskt stenm\u00f6nster<\/p>\n<\/li>\n<li data-start=\"902\" data-end=\"943\">\n<p data-start=\"904\" data-end=\"943\">\u00c5teranv\u00e4ndbar: Ja, byggd f\u00f6r upprepad anv\u00e4ndning<\/p>\n<\/li>\n<li data-start=\"944\" data-end=\"992\">\n<p data-start=\"946\" data-end=\"992\">L\u00e4mplig f\u00f6r: Cement, betong, sand, grus<\/p>\n<\/li>\n<\/ul>\n<h2 style=\"text-align: center\" data-start=\"994\" data-end=\"1019\"><strong>Paketet inneh\u00e5ller \ud83d\udcec<\/strong><\/h2>\n<ul data-start=\"1020\" data-end=\"1056\">\n<li data-start=\"1020\" data-end=\"1056\">\n<p data-start=\"1022\" data-end=\"1056\">1x stigformare.<\/p>\n<\/li>\n<\/ul>\n","protected":false},"excerpt":{"rendered":"<p>Bygg fantastiska tr\u00e4dg\u00e5rdsstigar p\u00e5 n\u00e5gra minuter \ud83c\udfe1\ud83e\uddf1 Med den h\u00e4r stigformaren kan du enkelt skapa professionella stenstigar direkt i din [&hellip;]<\/p>\n","protected":false},"featured_media":37828,"comment_status":"open","ping_status":"closed","template":"","meta":{"site-sidebar-layout":"default","site-content-layout":"","ast-site-content-layout":"default","site-content-style":"default","site-sidebar-style":"default","ast-global-header-display":"","ast-banner-title-visibility":"","ast-main-header-display":"","ast-hfb-above-header-display":"","ast-hfb-below-header-display":"","ast-hfb-mobile-header-display":"","site-post-title":"","ast-breadcrumbs-content":"","ast-featured-img":"","footer-sml-layout":"","theme-transparent-header-meta":"default","adv-header-id-meta":"","stick-header-meta":"","header-above-stick-meta":"","header-main-stick-meta":"","header-below-stick-meta":"","astra-migrate-meta-layouts":"set","ast-page-background-enabled":"default","ast-page-background-meta":{"desktop":{"background-color":"var(--ast-global-color-4)","background-image":"","background-repeat":"repeat","background-position":"center center","background-size":"auto","background-attachment":"scroll","background-type":"","background-media":"","overlay-type":"","overlay-color":"","overlay-opacity":"","overlay-gradient":""},"tablet":{"background-color":"","background-image":"","background-repeat":"repeat","background-position":"center center","background-size":"auto","background-attachment":"scroll","background-type":"","background-media":"","overlay-type":"","overlay-color":"","overlay-opacity":"","overlay-gradient":""},"mobile":{"background-color":"","background-image":"","background-repeat":"repeat","background-position":"center center","background-size":"auto","background-attachment":"scroll","background-type":"","background-media":"","overlay-type":"","overlay-color":"","overlay-opacity":"","overlay-gradient":""}},"ast-content-background-meta":{"desktop":{"background-color":"var(--ast-global-color-5)","background-image":"","background-repeat":"repeat","background-position":"center center","background-size":"auto","background-attachment":"scroll","background-type":"","background-media":"","overlay-type":"","overlay-color":"","overlay-opacity":"","overlay-gradient":""},"tablet":{"background-color":"var(--ast-global-color-5)","background-image":"","background-repeat":"repeat","background-position":"center center","background-size":"auto","background-attachment":"scroll","background-type":"","background-media":"","overlay-type":"","overlay-color":"","overlay-opacity":"","overlay-gradient":""},"mobile":{"background-color":"var(--ast-global-color-5)","background-image":"","background-repeat":"repeat","background-position":"center center","background-size":"auto","background-attachment":"scroll","background-type":"","background-media":"","overlay-type":"","overlay-color":"","overlay-opacity":"","overlay-gradient":""}}},"product_brand":[],"product_cat":[1001],"product_tag":[],"class_list":{"0":"post-37832","1":"product","2":"type-product","3":"status-publish","4":"has-post-thumbnail","6":"product_cat-household-goods","7":"desktop-align-left","8":"tablet-align-left","9":"mobile-align-left","11":"first","12":"instock","13":"shipping-taxable","14":"purchasable","15":"product-type-simple"},"_links":{"self":[{"href":"https:\/\/keluvo.com\/se\/wp-json\/wp\/v2\/product\/37832","targetHints":{"allow":["GET"]}}],"collection":[{"href":"https:\/\/keluvo.com\/se\/wp-json\/wp\/v2\/product"}],"about":[{"href":"https:\/\/keluvo.com\/se\/wp-json\/wp\/v2\/types\/product"}],"replies":[{"embeddable":true,"href":"https:\/\/keluvo.com\/se\/wp-json\/wp\/v2\/comments?post=37832"}],"wp:featuredmedia":[{"embeddable":true,"href":"https:\/\/keluvo.com\/se\/wp-json\/wp\/v2\/media\/37828"}],"wp:attachment":[{"href":"https:\/\/keluvo.com\/se\/wp-json\/wp\/v2\/media?parent=37832"}],"wp:term":[{"taxonomy":"product_brand","embeddable":true,"href":"https:\/\/keluvo.com\/se\/wp-json\/wp\/v2\/product_brand?post=37832"},{"taxonomy":"product_cat","embeddable":true,"href":"https:\/\/keluvo.com\/se\/wp-json\/wp\/v2\/product_cat?post=37832"},{"taxonomy":"product_tag","embeddable":true,"href":"https:\/\/keluvo.com\/se\/wp-json\/wp\/v2\/product_tag?post=37832"}],"curies":[{"name":"wp","href":"https:\/\/api.w.org\/{rel}","templated":true}]}}