{"id":37770,"date":"2025-09-21T10:30:27","date_gmt":"2025-09-21T07:30:27","guid":{"rendered":"https:\/\/keluvo.com\/se\/product\/harreparerande-kram\/"},"modified":"2025-09-21T10:30:35","modified_gmt":"2025-09-21T07:30:35","slug":"harreparerande-kram","status":"publish","type":"product","link":"https:\/\/keluvo.com\/se\/product\/harreparerande-kram\/","title":{"rendered":"H\u00e5rreparerande kr\u00e4m"},"content":{"rendered":"<p style=\"text-align: center\" data-start=\"105\" data-end=\"152\"><strong>L\u00e5s Upp Silkeslent H\u00e5r Med Varje Anv\u00e4ndning \u2728\ud83d\udc86\u200d\u2640\ufe0f<\/strong><\/p>\n<p style=\"text-align: center\" data-start=\"154\" data-end=\"303\">This djupt n\u00e4rande h\u00e5rv\u00e5rdskr\u00e4m \u00e5terfuktar, st\u00e4rker och sl\u00e4tar ut torrt eller skadat h\u00e5r fr\u00e5n rot till topp och g\u00f6r det mjukt, gl\u00e4nsande och l\u00e4tt att hantera.<\/p>\n<p data-start=\"154\" data-end=\"303\"><img decoding=\"async\" class=\"size-full wp-image-32746 aligncenter\" src=\"https:\/\/keluvo.com\/template\/wp-content\/uploads\/sites\/5\/2025\/08\/072116-ezgif.com-video-to-webp-converter-1.webp\" alt=\"\" \/><\/p>\n<h2 style=\"text-align: center\" data-start=\"305\" data-end=\"326\">Huvudf\u00f6rdelar \u2705<\/h2>\n<p data-start=\"329\" data-end=\"371\">\ud83d\udca7 \u00c5terfuktar p\u00e5 djupet och l\u00e5ser in fukt<\/p>\n<p data-start=\"374\" data-end=\"413\">\u2728 \u00c5terst\u00e4ller mjukhet och naturlig glans<\/p>\n<p data-start=\"416\" data-end=\"457\">\ud83c\udf3f Tillverkad med naturliga botaniska extrakt<\/p>\n<p data-start=\"460\" data-end=\"502\">\ud83d\udcaa St\u00e4rker h\u00e5ret och minskar brott<\/p>\n<p data-start=\"505\" data-end=\"546\">\ud83c\udf0d Fungerar p\u00e5 alla h\u00e5rtyper och texturer<\/p>\n<p data-start=\"505\" data-end=\"546\"><img decoding=\"async\" class=\"size-full wp-image-32742 aligncenter\" src=\"https:\/\/keluvo.com\/template\/wp-content\/uploads\/sites\/5\/2025\/08\/af36b7327c4955e641dae6f63bb9b3b8413e455e.jpg\" alt=\"\" \/><\/p>\n<h2 style=\"text-align: center\" data-start=\"548\" data-end=\"570\">Hur Man Anv\u00e4nder \ud83e\uddf4<\/h2>\n<ol data-start=\"571\" data-end=\"744\">\n<li data-start=\"571\" data-end=\"619\">\n<p data-start=\"574\" data-end=\"619\">Ta en liten m\u00e4ngd kr\u00e4m i handflatan.<\/p>\n<\/li>\n<li data-start=\"620\" data-end=\"664\">\n<p data-start=\"623\" data-end=\"664\">Applicera j\u00e4mnt i rent, fuktigt eller torrt h\u00e5r.<\/p>\n<\/li>\n<li data-start=\"665\" data-end=\"708\">\n<p data-start=\"668\" data-end=\"708\">fokusera p\u00e5 torra toppar eller frissiga omr\u00e5den.<\/p>\n<\/li>\n<li data-start=\"709\" data-end=\"744\">\n<p data-start=\"712\" data-end=\"744\">styla som vanligt &#8211; ingen sk\u00f6ljning beh\u00f6vs.<\/p>\n<\/li>\n<\/ol>\n<h2 style=\"text-align: center\" data-start=\"746\" data-end=\"770\">Produktinformation \ud83d\udccf<\/h2>\n<ul data-start=\"771\" data-end=\"968\">\n<li data-start=\"771\" data-end=\"811\">\n<p data-start=\"773\" data-end=\"811\">Typ: Leave-in n\u00e4rande h\u00e5rreparationscreme<\/p>\n<\/li>\n<li data-start=\"812\" data-end=\"851\">\n<p data-start=\"814\" data-end=\"851\">Textur: L\u00e4tt och icke-fet<\/p>\n<\/li>\n<li data-start=\"852\" data-end=\"915\">\n<p data-start=\"854\" data-end=\"915\">L\u00e4mplig f\u00f6r: Alla h\u00e5rtyper (lockigt, rakt, v\u00e5gigt, spretigt)<\/p>\n<\/li>\n<li data-start=\"916\" data-end=\"968\">\n<p data-start=\"918\" data-end=\"968\">F\u00f6rdelar: \u00c5terfuktar, reparerar, kontrollerar frissighet, glans<\/p>\n<\/li>\n<li data-start=\"916\" data-end=\"968\">Nettovikt: 80ml<\/li>\n<\/ul>\n<h2 style=\"text-align: center\" data-start=\"970\" data-end=\"995\">F\u00f6rpackningen Inneh\u00e5ller \ud83d\udcec<\/h2>\n<ul data-start=\"996\" data-end=\"1048\">\n<li data-start=\"996\" data-end=\"1048\">\n<p data-start=\"998\" data-end=\"1048\">1, 2, 3x reparerande h\u00e5rkr\u00e4m.<\/p>\n<\/li>\n<\/ul>\n","protected":false},"excerpt":{"rendered":"<p>L\u00e5s Upp Silkeslent H\u00e5r Med Varje Anv\u00e4ndning \u2728\ud83d\udc86\u200d\u2640\ufe0f This djupt n\u00e4rande h\u00e5rv\u00e5rdskr\u00e4m \u00e5terfuktar, st\u00e4rker och sl\u00e4tar ut torrt eller skadat [&hellip;]<\/p>\n","protected":false},"featured_media":37766,"comment_status":"open","ping_status":"closed","template":"","meta":{"site-sidebar-layout":"default","site-content-layout":"","ast-site-content-layout":"default","site-content-style":"default","site-sidebar-style":"default","ast-global-header-display":"","ast-banner-title-visibility":"","ast-main-header-display":"","ast-hfb-above-header-display":"","ast-hfb-below-header-display":"","ast-hfb-mobile-header-display":"","site-post-title":"","ast-breadcrumbs-content":"","ast-featured-img":"","footer-sml-layout":"","theme-transparent-header-meta":"default","adv-header-id-meta":"","stick-header-meta":"","header-above-stick-meta":"","header-main-stick-meta":"","header-below-stick-meta":"","astra-migrate-meta-layouts":"set","ast-page-background-enabled":"default","ast-page-background-meta":{"desktop":{"background-color":"var(--ast-global-color-4)","background-image":"","background-repeat":"repeat","background-position":"center center","background-size":"auto","background-attachment":"scroll","background-type":"","background-media":"","overlay-type":"","overlay-color":"","overlay-opacity":"","overlay-gradient":""},"tablet":{"background-color":"","background-image":"","background-repeat":"repeat","background-position":"center center","background-size":"auto","background-attachment":"scroll","background-type":"","background-media":"","overlay-type":"","overlay-color":"","overlay-opacity":"","overlay-gradient":""},"mobile":{"background-color":"","background-image":"","background-repeat":"repeat","background-position":"center center","background-size":"auto","background-attachment":"scroll","background-type":"","background-media":"","overlay-type":"","overlay-color":"","overlay-opacity":"","overlay-gradient":""}},"ast-content-background-meta":{"desktop":{"background-color":"var(--ast-global-color-5)","background-image":"","background-repeat":"repeat","background-position":"center center","background-size":"auto","background-attachment":"scroll","background-type":"","background-media":"","overlay-type":"","overlay-color":"","overlay-opacity":"","overlay-gradient":""},"tablet":{"background-color":"var(--ast-global-color-5)","background-image":"","background-repeat":"repeat","background-position":"center center","background-size":"auto","background-attachment":"scroll","background-type":"","background-media":"","overlay-type":"","overlay-color":"","overlay-opacity":"","overlay-gradient":""},"mobile":{"background-color":"var(--ast-global-color-5)","background-image":"","background-repeat":"repeat","background-position":"center center","background-size":"auto","background-attachment":"scroll","background-type":"","background-media":"","overlay-type":"","overlay-color":"","overlay-opacity":"","overlay-gradient":""}}},"product_brand":[],"product_cat":[992],"product_tag":[],"class_list":{"0":"post-37770","1":"product","2":"type-product","3":"status-publish","4":"has-post-thumbnail","6":"product_cat-beauty-and-hygiene-products","7":"pa_41048_hkz40r1s-1-st","8":"pa_41048_hkz40r1s-2-st","9":"pa_41048_hkz40r1s-3-st","10":"desktop-align-left","11":"tablet-align-left","12":"mobile-align-left","14":"first","15":"instock","16":"shipping-taxable","17":"purchasable","18":"product-type-variable"},"_links":{"self":[{"href":"https:\/\/keluvo.com\/se\/wp-json\/wp\/v2\/product\/37770","targetHints":{"allow":["GET"]}}],"collection":[{"href":"https:\/\/keluvo.com\/se\/wp-json\/wp\/v2\/product"}],"about":[{"href":"https:\/\/keluvo.com\/se\/wp-json\/wp\/v2\/types\/product"}],"replies":[{"embeddable":true,"href":"https:\/\/keluvo.com\/se\/wp-json\/wp\/v2\/comments?post=37770"}],"wp:featuredmedia":[{"embeddable":true,"href":"https:\/\/keluvo.com\/se\/wp-json\/wp\/v2\/media\/37766"}],"wp:attachment":[{"href":"https:\/\/keluvo.com\/se\/wp-json\/wp\/v2\/media?parent=37770"}],"wp:term":[{"taxonomy":"product_brand","embeddable":true,"href":"https:\/\/keluvo.com\/se\/wp-json\/wp\/v2\/product_brand?post=37770"},{"taxonomy":"product_cat","embeddable":true,"href":"https:\/\/keluvo.com\/se\/wp-json\/wp\/v2\/product_cat?post=37770"},{"taxonomy":"product_tag","embeddable":true,"href":"https:\/\/keluvo.com\/se\/wp-json\/wp\/v2\/product_tag?post=37770"}],"curies":[{"name":"wp","href":"https:\/\/api.w.org\/{rel}","templated":true}]}}