{"id":37749,"date":"2025-09-21T10:29:19","date_gmt":"2025-09-21T07:29:19","guid":{"rendered":"https:\/\/keluvo.com\/se\/product\/saker-nyckel\/"},"modified":"2025-09-21T10:29:29","modified_gmt":"2025-09-21T07:29:29","slug":"saker-nyckel","status":"publish","type":"product","link":"https:\/\/keluvo.com\/se\/product\/saker-nyckel\/","title":{"rendered":"S\u00e4ker nyckel"},"content":{"rendered":"<p style=\"text-align: center\" data-start=\"114\" data-end=\"174\"><strong>F\u00f6rvara Dina Nycklar S\u00e4kert, Bli Aldrig Utel\u00e5st Igen \ud83d\udd10\ud83c\udfe0<\/strong><\/p>\n<p style=\"text-align: center\" data-start=\"176\" data-end=\"363\">Detta h\u00e5llbara nyckelsk\u00e5p monteras p\u00e5 vilken v\u00e4gg som helst och h\u00e5ller dina reservnycklar eller kort s\u00e4kert g\u00f6mda bakom en \u00e5terst\u00e4llbar 4-siffrig kombinationskod. Perfekt f\u00f6r hem, Airbnb, kontor eller utomhusbruk.<\/p>\n<p data-start=\"176\" data-end=\"363\"><img decoding=\"async\" class=\"size-full wp-image-32725 aligncenter\" src=\"https:\/\/keluvo.com\/template\/wp-content\/uploads\/sites\/5\/2025\/08\/WhatsAppVideo2023-11-05at19.58.07_480x480.webp\" alt=\"\" \/><\/p>\n<h2 style=\"text-align: center\" data-start=\"365\" data-end=\"386\">Huvudf\u00f6rdelar \u2705<\/h2>\n<p data-start=\"389\" data-end=\"440\">\ud83d\udd12 4-siffrigt kombinationsl\u00e5s &#8211; enkelt att st\u00e4lla in och \u00e5terst\u00e4lla<\/p>\n<p data-start=\"443\" data-end=\"483\">\ud83c\udfe1 Monteras p\u00e5 valfri v\u00e4gg eller solid yta<\/p>\n<p data-start=\"486\" data-end=\"543\">\ud83e\uddf2 F\u00f6rvarar nycklar, nyckelkort, USB-minnen eller sm\u00e5 f\u00f6rem\u00e5l securely<\/p>\n<p data-start=\"546\" data-end=\"602\">\ud83c\udf27\ufe0f V\u00e4derbest\u00e4ndig design f\u00f6r inomhus- eller utomhusbruk<\/p>\n<p data-start=\"605\" data-end=\"655\">\ud83d\udd10 Inget mer g\u00f6mmande av nycklar under mattor eller blomkrukor<\/p>\n<p data-start=\"605\" data-end=\"655\"><img decoding=\"async\" class=\"size-full wp-image-32726 aligncenter\" src=\"https:\/\/keluvo.com\/template\/wp-content\/uploads\/sites\/5\/2025\/08\/WhatsAppVideo2023-11-05at19.58.08_480x480.webp\" alt=\"\" \/><\/p>\n<h2 style=\"text-align: center\" data-start=\"657\" data-end=\"679\">Hur Man Anv\u00e4nder \ud83e\uddf0<\/h2>\n<ol data-start=\"680\" data-end=\"877\">\n<li data-start=\"680\" data-end=\"739\">\n<p data-start=\"683\" data-end=\"739\">St\u00e4ll in din anpassade 4-siffriga kod med hj\u00e4lp av \u00e5terst\u00e4llningsmekanismen.<\/p>\n<\/li>\n<li data-start=\"740\" data-end=\"788\">\n<p data-start=\"743\" data-end=\"788\">Montera l\u00e5dan p\u00e5 en s\u00e4ker v\u00e4gg med skruvar.<\/p>\n<\/li>\n<li data-start=\"789\" data-end=\"825\">\n<p data-start=\"792\" data-end=\"825\">F\u00f6rvara dina nycklar eller kort inuti.<\/p>\n<\/li>\n<li data-start=\"826\" data-end=\"877\">\n<p data-start=\"829\" data-end=\"877\">Dela koden med betrodda personer n\u00e4r det beh\u00f6vs.<\/p>\n<\/li>\n<\/ol>\n<h2 style=\"text-align: center\" data-start=\"879\" data-end=\"903\">Produktdetaljer \ud83d\udccf<\/h2>\n<ul data-start=\"904\" data-end=\"1071\">\n<li data-start=\"904\" data-end=\"956\">\n<p data-start=\"906\" data-end=\"956\">Material: Slitstark ABS-plast och metallinredning<\/p>\n<\/li>\n<li data-start=\"998\" data-end=\"1054\">\n<p data-start=\"1000\" data-end=\"1054\">Kapacitet: Medium (3-5 nycklar), Stor (5-8 nycklar)<\/p>\n<\/li>\n<li data-start=\"1055\" data-end=\"1071\">\n<p data-start=\"1057\" data-end=\"1071\">F\u00e4rg: Svart och gr\u00e5<\/p>\n<\/li>\n<li data-start=\"1055\" data-end=\"1071\">Storlek: Medium (94 x 72 x 37 mm) och Large (94 x 114 x 40 mm)<\/li>\n<\/ul>\n<h2 style=\"text-align: center\" data-start=\"1073\" data-end=\"1098\">I Paketet Ing\u00e5r \ud83d\udcec<\/h2>\n<ul data-start=\"1099\" data-end=\"1182\">\n<li data-start=\"1099\" data-end=\"1140\">\n<p data-start=\"1101\" data-end=\"1140\">1x nyckelsk\u00e5p<\/p>\n<\/li>\n<li data-start=\"1141\" data-end=\"1182\">\n<p data-start=\"1143\" data-end=\"1182\">1x upps\u00e4ttning monteringsskruvar och ankare.<\/p>\n<\/li>\n<\/ul>\n","protected":false},"excerpt":{"rendered":"<p>F\u00f6rvara Dina Nycklar S\u00e4kert, Bli Aldrig Utel\u00e5st Igen \ud83d\udd10\ud83c\udfe0 Detta h\u00e5llbara nyckelsk\u00e5p monteras p\u00e5 vilken v\u00e4gg som helst och h\u00e5ller [&hellip;]<\/p>\n","protected":false},"featured_media":37745,"comment_status":"open","ping_status":"closed","template":"","meta":{"site-sidebar-layout":"default","site-content-layout":"","ast-site-content-layout":"default","site-content-style":"default","site-sidebar-style":"default","ast-global-header-display":"","ast-banner-title-visibility":"","ast-main-header-display":"","ast-hfb-above-header-display":"","ast-hfb-below-header-display":"","ast-hfb-mobile-header-display":"","site-post-title":"","ast-breadcrumbs-content":"","ast-featured-img":"","footer-sml-layout":"","theme-transparent-header-meta":"default","adv-header-id-meta":"","stick-header-meta":"","header-above-stick-meta":"","header-main-stick-meta":"","header-below-stick-meta":"","astra-migrate-meta-layouts":"set","ast-page-background-enabled":"default","ast-page-background-meta":{"desktop":{"background-color":"var(--ast-global-color-4)","background-image":"","background-repeat":"repeat","background-position":"center center","background-size":"auto","background-attachment":"scroll","background-type":"","background-media":"","overlay-type":"","overlay-color":"","overlay-opacity":"","overlay-gradient":""},"tablet":{"background-color":"","background-image":"","background-repeat":"repeat","background-position":"center center","background-size":"auto","background-attachment":"scroll","background-type":"","background-media":"","overlay-type":"","overlay-color":"","overlay-opacity":"","overlay-gradient":""},"mobile":{"background-color":"","background-image":"","background-repeat":"repeat","background-position":"center center","background-size":"auto","background-attachment":"scroll","background-type":"","background-media":"","overlay-type":"","overlay-color":"","overlay-opacity":"","overlay-gradient":""}},"ast-content-background-meta":{"desktop":{"background-color":"var(--ast-global-color-5)","background-image":"","background-repeat":"repeat","background-position":"center center","background-size":"auto","background-attachment":"scroll","background-type":"","background-media":"","overlay-type":"","overlay-color":"","overlay-opacity":"","overlay-gradient":""},"tablet":{"background-color":"var(--ast-global-color-5)","background-image":"","background-repeat":"repeat","background-position":"center center","background-size":"auto","background-attachment":"scroll","background-type":"","background-media":"","overlay-type":"","overlay-color":"","overlay-opacity":"","overlay-gradient":""},"mobile":{"background-color":"var(--ast-global-color-5)","background-image":"","background-repeat":"repeat","background-position":"center center","background-size":"auto","background-attachment":"scroll","background-type":"","background-media":"","overlay-type":"","overlay-color":"","overlay-opacity":"","overlay-gradient":""}}},"product_brand":[],"product_cat":[1001],"product_tag":[],"class_list":{"0":"post-37749","1":"product","2":"type-product","3":"status-publish","4":"has-post-thumbnail","6":"product_cat-household-goods","7":"pa_19755_ddho0zfq-medium","8":"pa_19755_ddho0zfq-stor","9":"pa_19755_slpbnrs1-gra","10":"pa_19755_slpbnrs1-svart","11":"desktop-align-left","12":"tablet-align-left","13":"mobile-align-left","15":"first","16":"instock","17":"shipping-taxable","18":"purchasable","19":"product-type-variable","20":"has-default-attributes"},"_links":{"self":[{"href":"https:\/\/keluvo.com\/se\/wp-json\/wp\/v2\/product\/37749","targetHints":{"allow":["GET"]}}],"collection":[{"href":"https:\/\/keluvo.com\/se\/wp-json\/wp\/v2\/product"}],"about":[{"href":"https:\/\/keluvo.com\/se\/wp-json\/wp\/v2\/types\/product"}],"replies":[{"embeddable":true,"href":"https:\/\/keluvo.com\/se\/wp-json\/wp\/v2\/comments?post=37749"}],"wp:featuredmedia":[{"embeddable":true,"href":"https:\/\/keluvo.com\/se\/wp-json\/wp\/v2\/media\/37745"}],"wp:attachment":[{"href":"https:\/\/keluvo.com\/se\/wp-json\/wp\/v2\/media?parent=37749"}],"wp:term":[{"taxonomy":"product_brand","embeddable":true,"href":"https:\/\/keluvo.com\/se\/wp-json\/wp\/v2\/product_brand?post=37749"},{"taxonomy":"product_cat","embeddable":true,"href":"https:\/\/keluvo.com\/se\/wp-json\/wp\/v2\/product_cat?post=37749"},{"taxonomy":"product_tag","embeddable":true,"href":"https:\/\/keluvo.com\/se\/wp-json\/wp\/v2\/product_tag?post=37749"}],"curies":[{"name":"wp","href":"https:\/\/api.w.org\/{rel}","templated":true}]}}