{"id":37725,"date":"2025-09-21T10:28:10","date_gmt":"2025-09-21T07:28:10","guid":{"rendered":"https:\/\/keluvo.com\/se\/product\/elegant-mugg\/"},"modified":"2025-09-21T10:28:26","modified_gmt":"2025-09-21T07:28:26","slug":"elegant-mugg","status":"publish","type":"product","link":"https:\/\/keluvo.com\/se\/product\/elegant-mugg\/","title":{"rendered":"Elegant mugg"},"content":{"rendered":"<p style=\"text-align: center\" data-start=\"96\" data-end=\"138\"><strong>G\u00f6r Varje Klunk Till Ett Elegant \u00d6gonblick \u2615\u2728<\/strong><\/p>\n<p style=\"text-align: center\" data-start=\"140\" data-end=\"326\">Dessa handgjorda glasmuggar med volang kombinerar elegans och funktionalitet i ett vackert f\u00f6rem\u00e5l. De \u00e4r perfekta f\u00f6r kaffe, te eller kalla drycker och ger en touch av lyx till din dagliga rutin.<\/p>\n<p data-start=\"140\" data-end=\"326\"><img decoding=\"async\" class=\"size-full wp-image-32707 aligncenter\" src=\"https:\/\/keluvo.com\/template\/wp-content\/uploads\/sites\/5\/2025\/08\/Sac961194da2942ee9ca7b41e368ded23h_61b8e0c5-f95e-47ba-b22f-2e7e97066602.webp\" alt=\"\" \/><\/p>\n<h2 style=\"text-align: center\" data-start=\"328\" data-end=\"349\">Huvudf\u00f6rdelar \u2705<\/h2>\n<p data-start=\"352\" data-end=\"402\">\ud83d\udd90\ufe0f Handgjord design &#8211; varje mugg \u00e4r unik i sitt slag<\/p>\n<p data-start=\"405\" data-end=\"460\">\ud83d\udd25 Borosilikatglas h\u00e5ller dryckerna varma eller kalla l\u00e4ngre<\/p>\n<p data-start=\"463\" data-end=\"508\">\ud83e\uddfc Sl\u00e4t, icke-por\u00f6s yta som \u00e4r l\u00e4tt att reng\u00f6ra<\/p>\n<p data-start=\"463\" data-end=\"508\">\ud83c\udf75 Perfekt f\u00f6r kaffe, te, mj\u00f6lk eller juice<\/p>\n<p data-start=\"558\" data-end=\"606\">\ud83e\uddca Mikrov\u00e5gss\u00e4ker och h\u00e5llbar f\u00f6r vardagen use<\/p>\n<p data-start=\"609\" data-end=\"668\">\ud83d\uddbc\ufe0f Snygg rufsig textur som lyfter din dryckesupps\u00e4ttning<\/p>\n<p data-start=\"609\" data-end=\"668\"><img decoding=\"async\" class=\"size-full wp-image-32708 aligncenter\" src=\"https:\/\/keluvo.com\/template\/wp-content\/uploads\/sites\/5\/2025\/08\/Mug.webp\" alt=\"\" \/><\/p>\n<h2 style=\"text-align: center\" data-start=\"670\" data-end=\"692\">Hur Man Anv\u00e4nder \ud83c\udf76<\/h2>\n<ol data-start=\"693\" data-end=\"879\">\n<li data-start=\"693\" data-end=\"738\">\n<p data-start=\"696\" data-end=\"738\">H\u00e4ll din varma eller kalla dryck i muggen.<\/p>\n<\/li>\n<li data-start=\"739\" data-end=\"782\">\n<p data-start=\"742\" data-end=\"782\">Microwave it if you need to warm it up.<\/p>\n<\/li>\n<li data-start=\"783\" data-end=\"835\">\n<p data-start=\"786\" data-end=\"835\">Njut av din dryck i ett unikt utformat glas.<\/p>\n<\/li>\n<li data-start=\"836\" data-end=\"879\">\n<p data-start=\"839\" data-end=\"879\">Sk\u00f6lj eller handtv\u00e4tta enkelt efter anv\u00e4ndning.<\/p>\n<\/li>\n<\/ol>\n<h2 style=\"text-align: center\" data-start=\"881\" data-end=\"905\">Produktdetaljer \ud83d\udccf<\/h2>\n<ul data-start=\"906\" data-end=\"1054\">\n<li data-start=\"906\" data-end=\"951\">\n<p data-start=\"908\" data-end=\"951\">Material: H\u00f6gkvalitativt borosilikatglas<\/p>\n<\/li>\n<li data-start=\"952\" data-end=\"980\">\n<p data-start=\"954\" data-end=\"980\">Kapacitet: 350ml<\/p>\n<\/li>\n<li data-start=\"981\" data-end=\"1014\">\n<p data-start=\"983\" data-end=\"1014\">Design: Ruffle texturerat glas<\/p>\n<\/li>\n<li data-start=\"1015\" data-end=\"1054\">\n<p data-start=\"1017\" data-end=\"1054\">Formalternativ: Traditionell eller rund<\/p>\n<\/li>\n<\/ul>\n<h2 style=\"text-align: center\" data-start=\"1056\" data-end=\"1081\">Paketet Inneh\u00e5ller \ud83d\udcec<\/h2>\n<ul data-start=\"1082\" data-end=\"1161\">\n<li data-start=\"1082\" data-end=\"1161\">\n<p data-start=\"1084\" data-end=\"1161\">1, 2, 4x handgjord glasmugg med rufs.<\/p>\n<\/li>\n<\/ul>\n","protected":false},"excerpt":{"rendered":"<p>G\u00f6r Varje Klunk Till Ett Elegant \u00d6gonblick \u2615\u2728 Dessa handgjorda glasmuggar med volang kombinerar elegans och funktionalitet i ett vackert [&hellip;]<\/p>\n","protected":false},"featured_media":37721,"comment_status":"open","ping_status":"closed","template":"","meta":{"site-sidebar-layout":"default","site-content-layout":"","ast-site-content-layout":"default","site-content-style":"default","site-sidebar-style":"default","ast-global-header-display":"","ast-banner-title-visibility":"","ast-main-header-display":"","ast-hfb-above-header-display":"","ast-hfb-below-header-display":"","ast-hfb-mobile-header-display":"","site-post-title":"","ast-breadcrumbs-content":"","ast-featured-img":"","footer-sml-layout":"","theme-transparent-header-meta":"default","adv-header-id-meta":"","stick-header-meta":"","header-above-stick-meta":"","header-main-stick-meta":"","header-below-stick-meta":"","astra-migrate-meta-layouts":"set","ast-page-background-enabled":"default","ast-page-background-meta":{"desktop":{"background-color":"var(--ast-global-color-4)","background-image":"","background-repeat":"repeat","background-position":"center center","background-size":"auto","background-attachment":"scroll","background-type":"","background-media":"","overlay-type":"","overlay-color":"","overlay-opacity":"","overlay-gradient":""},"tablet":{"background-color":"","background-image":"","background-repeat":"repeat","background-position":"center center","background-size":"auto","background-attachment":"scroll","background-type":"","background-media":"","overlay-type":"","overlay-color":"","overlay-opacity":"","overlay-gradient":""},"mobile":{"background-color":"","background-image":"","background-repeat":"repeat","background-position":"center center","background-size":"auto","background-attachment":"scroll","background-type":"","background-media":"","overlay-type":"","overlay-color":"","overlay-opacity":"","overlay-gradient":""}},"ast-content-background-meta":{"desktop":{"background-color":"var(--ast-global-color-5)","background-image":"","background-repeat":"repeat","background-position":"center center","background-size":"auto","background-attachment":"scroll","background-type":"","background-media":"","overlay-type":"","overlay-color":"","overlay-opacity":"","overlay-gradient":""},"tablet":{"background-color":"var(--ast-global-color-5)","background-image":"","background-repeat":"repeat","background-position":"center center","background-size":"auto","background-attachment":"scroll","background-type":"","background-media":"","overlay-type":"","overlay-color":"","overlay-opacity":"","overlay-gradient":""},"mobile":{"background-color":"var(--ast-global-color-5)","background-image":"","background-repeat":"repeat","background-position":"center center","background-size":"auto","background-attachment":"scroll","background-type":"","background-media":"","overlay-type":"","overlay-color":"","overlay-opacity":"","overlay-gradient":""}}},"product_brand":[],"product_cat":[1001],"product_tag":[],"class_list":{"0":"post-37725","1":"product","2":"type-product","3":"status-publish","4":"has-post-thumbnail","6":"product_cat-household-goods","7":"pa_31349_epvtykj5-1-st","8":"pa_31349_epvtykj5-2-st","9":"pa_31349_epvtykj5-4-st","10":"pa_31349_t647ofpg-a","11":"pa_31349_t647ofpg-b","12":"desktop-align-left","13":"tablet-align-left","14":"mobile-align-left","16":"first","17":"instock","18":"shipping-taxable","19":"purchasable","20":"product-type-variable","21":"has-default-attributes"},"_links":{"self":[{"href":"https:\/\/keluvo.com\/se\/wp-json\/wp\/v2\/product\/37725","targetHints":{"allow":["GET"]}}],"collection":[{"href":"https:\/\/keluvo.com\/se\/wp-json\/wp\/v2\/product"}],"about":[{"href":"https:\/\/keluvo.com\/se\/wp-json\/wp\/v2\/types\/product"}],"replies":[{"embeddable":true,"href":"https:\/\/keluvo.com\/se\/wp-json\/wp\/v2\/comments?post=37725"}],"wp:featuredmedia":[{"embeddable":true,"href":"https:\/\/keluvo.com\/se\/wp-json\/wp\/v2\/media\/37721"}],"wp:attachment":[{"href":"https:\/\/keluvo.com\/se\/wp-json\/wp\/v2\/media?parent=37725"}],"wp:term":[{"taxonomy":"product_brand","embeddable":true,"href":"https:\/\/keluvo.com\/se\/wp-json\/wp\/v2\/product_brand?post=37725"},{"taxonomy":"product_cat","embeddable":true,"href":"https:\/\/keluvo.com\/se\/wp-json\/wp\/v2\/product_cat?post=37725"},{"taxonomy":"product_tag","embeddable":true,"href":"https:\/\/keluvo.com\/se\/wp-json\/wp\/v2\/product_tag?post=37725"}],"curies":[{"name":"wp","href":"https:\/\/api.w.org\/{rel}","templated":true}]}}