{"id":37679,"date":"2025-09-21T10:26:22","date_gmt":"2025-09-21T07:26:22","guid":{"rendered":"https:\/\/keluvo.com\/se\/product\/overraskningslada\/"},"modified":"2025-10-14T18:34:44","modified_gmt":"2025-10-14T15:34:44","slug":"overraskningslada","status":"publish","type":"product","link":"https:\/\/keluvo.com\/se\/product\/overraskningslada\/","title":{"rendered":"\u00d6verraskningsl\u00e5da"},"content":{"rendered":"<p style=\"text-align: center\" data-start=\"0\" data-end=\"60\"><strong data-start=\"0\" data-end=\"58\">Surprise box presentask &#8211; det roliga s\u00e4ttet att ge en present \ud83c\udf81\u2728<\/strong><\/p>\n<p style=\"text-align: center\" data-start=\"62\" data-end=\"342\">G\u00f6r varje fest extra speciell med denna lekfulla \u00f6verraskningsask. Ju mer du \u00f6ppnar den, desto roligare blir det &#8211; g\u00f6mma sm\u00e5 skatter, s\u00f6ta anteckningar eller speciella g\u00e5vor inuti. Perfekt f\u00f6r f\u00f6delsedagar, \u00e5rsdagar och alla tillf\u00e4llen d\u00e4r du vill skapa leenden och sp\u00e4nning.<\/p>\n<p data-start=\"62\" data-end=\"342\"><img decoding=\"async\" class=\"size-full wp-image-32265 aligncenter\" src=\"https:\/\/keluvo.com\/template\/wp-content\/uploads\/sites\/5\/2025\/08\/1_2d76e841-6958-4179-b0ef-e0a13dab102c_480x480.webp\" alt=\"\" \/><\/p>\n<h2 style=\"text-align: center\" data-start=\"349\" data-end=\"371\"><strong>Huvudf\u00f6rdelar<\/strong><\/h2>\n<p data-start=\"374\" data-end=\"424\">\ud83c\udf89 Skapar en rolig, \u00f6verraskande uppackningsupplevelse<\/p>\n<p data-start=\"427\" data-end=\"499\">\ud83d\udc8c Perfekt f\u00f6r DIY-presenter &#8211; fyll med anteckningar, godis eller sm\u00e5 presenter<\/p>\n<p data-start=\"502\" data-end=\"554\">\ud83c\udf82 Perfekt f\u00f6r f\u00f6delsedagar, h\u00f6gtider och firanden<\/p>\n<p data-start=\"557\" data-end=\"606\">\ud83e\udde1 Ett unikt s\u00e4tt att visa k\u00e4rlek och omtanke<\/p>\n<p data-start=\"609\" data-end=\"669\">\ud83d\udee1 H\u00e5llbar papperskonstruktion med ljus, glad design<\/p>\n<p data-start=\"609\" data-end=\"669\"><img decoding=\"async\" class=\"size-full wp-image-32261 aligncenter\" src=\"https:\/\/keluvo.com\/template\/wp-content\/uploads\/sites\/5\/2025\/08\/f7d7c897f798fc44c391847188c3ac79_f46121b8-8b34-4954-b810-860304376b14_grande.webp\" alt=\"\" \/><\/p>\n<h2 style=\"text-align: center\" data-start=\"676\" data-end=\"697\"><strong>Hur man anv\u00e4nder<\/strong><\/h2>\n<ol data-start=\"698\" data-end=\"888\">\n<li data-start=\"698\" data-end=\"762\">\n<p data-start=\"701\" data-end=\"762\">Placera dina sm\u00e5 presenter, anteckningar eller \u00f6verraskningar inuti l\u00e5dan.<\/p>\n<\/li>\n<li data-start=\"763\" data-end=\"812\">\n<p data-start=\"766\" data-end=\"812\">St\u00e4ng och presentera den som en vanlig presentf\u00f6rpackning.<\/p>\n<\/li>\n<li data-start=\"813\" data-end=\"888\">\n<p data-start=\"816\" data-end=\"888\">se gl\u00e4djen n\u00e4r mottagaren \u00f6ppnar den f\u00f6r att avsl\u00f6ja de dolda \u00f6verraskningarna.<\/p>\n<\/li>\n<\/ol>\n<h2 style=\"text-align: center\" data-start=\"895\" data-end=\"919\"><strong>Produktdetaljer<\/strong><\/h2>\n<ul data-start=\"920\" data-end=\"1045\">\n<li data-start=\"920\" data-end=\"938\">\n<p data-start=\"922\" data-end=\"938\">Typ: presentf\u00f6rpackning<\/p>\n<\/li>\n<li data-start=\"939\" data-end=\"958\">\n<p data-start=\"941\" data-end=\"958\">Material: papper<\/p>\n<\/li>\n<li data-start=\"959\" data-end=\"1001\">\n<p data-start=\"961\" data-end=\"1001\">F\u00e4rg: rosa \/ gul (design som visas)<\/p>\n<\/li>\n<li data-start=\"1002\" data-end=\"1045\">\n<p data-start=\"1004\" data-end=\"1045\">Storlek: ca 8 cm x 10 cm x 19 cm<\/p>\n<\/li>\n<\/ul>\n<h2 style=\"text-align: center\" data-start=\"1052\" data-end=\"1077\"><strong>Paketet inneh\u00e5ller<\/strong><\/h2>\n<ul data-start=\"1078\" data-end=\"1107\">\n<li data-start=\"1078\" data-end=\"1107\">\n<p data-start=\"1080\" data-end=\"1107\">1x \u00f6verraskningsbox.<\/p>\n<\/li>\n<\/ul>\n","protected":false},"excerpt":{"rendered":"<p>Surprise box presentask &#8211; det roliga s\u00e4ttet att ge en present \ud83c\udf81\u2728 G\u00f6r varje fest extra speciell med denna lekfulla [&hellip;]<\/p>\n","protected":false},"featured_media":37675,"comment_status":"open","ping_status":"closed","template":"","meta":{"site-sidebar-layout":"default","site-content-layout":"","ast-site-content-layout":"default","site-content-style":"default","site-sidebar-style":"default","ast-global-header-display":"","ast-banner-title-visibility":"","ast-main-header-display":"","ast-hfb-above-header-display":"","ast-hfb-below-header-display":"","ast-hfb-mobile-header-display":"","site-post-title":"","ast-breadcrumbs-content":"","ast-featured-img":"","footer-sml-layout":"","theme-transparent-header-meta":"default","adv-header-id-meta":"","stick-header-meta":"","header-above-stick-meta":"","header-main-stick-meta":"","header-below-stick-meta":"","astra-migrate-meta-layouts":"set","ast-page-background-enabled":"default","ast-page-background-meta":{"desktop":{"background-color":"var(--ast-global-color-4)","background-image":"","background-repeat":"repeat","background-position":"center center","background-size":"auto","background-attachment":"scroll","background-type":"","background-media":"","overlay-type":"","overlay-color":"","overlay-opacity":"","overlay-gradient":""},"tablet":{"background-color":"","background-image":"","background-repeat":"repeat","background-position":"center center","background-size":"auto","background-attachment":"scroll","background-type":"","background-media":"","overlay-type":"","overlay-color":"","overlay-opacity":"","overlay-gradient":""},"mobile":{"background-color":"","background-image":"","background-repeat":"repeat","background-position":"center center","background-size":"auto","background-attachment":"scroll","background-type":"","background-media":"","overlay-type":"","overlay-color":"","overlay-opacity":"","overlay-gradient":""}},"ast-content-background-meta":{"desktop":{"background-color":"var(--ast-global-color-5)","background-image":"","background-repeat":"repeat","background-position":"center center","background-size":"auto","background-attachment":"scroll","background-type":"","background-media":"","overlay-type":"","overlay-color":"","overlay-opacity":"","overlay-gradient":""},"tablet":{"background-color":"var(--ast-global-color-5)","background-image":"","background-repeat":"repeat","background-position":"center center","background-size":"auto","background-attachment":"scroll","background-type":"","background-media":"","overlay-type":"","overlay-color":"","overlay-opacity":"","overlay-gradient":""},"mobile":{"background-color":"var(--ast-global-color-5)","background-image":"","background-repeat":"repeat","background-position":"center center","background-size":"auto","background-attachment":"scroll","background-type":"","background-media":"","overlay-type":"","overlay-color":"","overlay-opacity":"","overlay-gradient":""}}},"product_brand":[],"product_cat":[993],"product_tag":[],"class_list":{"0":"post-37679","1":"product","2":"type-product","3":"status-publish","4":"has-post-thumbnail","6":"product_cat-footwear-accessories","7":"pa_18484_09r6k70l-10-st","8":"pa_18484_09r6k70l-12-st","9":"pa_18484_09r6k70l-16-st","10":"pa_18484_ywhhmuvg-a","11":"pa_18484_ywhhmuvg-b","12":"pa_18484_ywhhmuvg-c","13":"pa_18484_ywhhmuvg-d","14":"pa_18484_ywhhmuvg-e","15":"pa_18484_ywhhmuvg-f","16":"desktop-align-left","17":"tablet-align-left","18":"mobile-align-left","20":"first","21":"instock","22":"shipping-taxable","23":"purchasable","24":"product-type-variable","25":"has-default-attributes"},"_links":{"self":[{"href":"https:\/\/keluvo.com\/se\/wp-json\/wp\/v2\/product\/37679","targetHints":{"allow":["GET"]}}],"collection":[{"href":"https:\/\/keluvo.com\/se\/wp-json\/wp\/v2\/product"}],"about":[{"href":"https:\/\/keluvo.com\/se\/wp-json\/wp\/v2\/types\/product"}],"replies":[{"embeddable":true,"href":"https:\/\/keluvo.com\/se\/wp-json\/wp\/v2\/comments?post=37679"}],"wp:featuredmedia":[{"embeddable":true,"href":"https:\/\/keluvo.com\/se\/wp-json\/wp\/v2\/media\/37675"}],"wp:attachment":[{"href":"https:\/\/keluvo.com\/se\/wp-json\/wp\/v2\/media?parent=37679"}],"wp:term":[{"taxonomy":"product_brand","embeddable":true,"href":"https:\/\/keluvo.com\/se\/wp-json\/wp\/v2\/product_brand?post=37679"},{"taxonomy":"product_cat","embeddable":true,"href":"https:\/\/keluvo.com\/se\/wp-json\/wp\/v2\/product_cat?post=37679"},{"taxonomy":"product_tag","embeddable":true,"href":"https:\/\/keluvo.com\/se\/wp-json\/wp\/v2\/product_tag?post=37679"}],"curies":[{"name":"wp","href":"https:\/\/api.w.org\/{rel}","templated":true}]}}