{"id":37653,"date":"2025-09-21T10:25:13","date_gmt":"2025-09-21T07:25:13","guid":{"rendered":"https:\/\/keluvo.com\/se\/product\/aerodynamisk-ballongleksak\/"},"modified":"2025-09-21T10:25:35","modified_gmt":"2025-09-21T07:25:35","slug":"aerodynamisk-ballongleksak","status":"publish","type":"product","link":"https:\/\/keluvo.com\/se\/product\/aerodynamisk-ballongleksak\/","title":{"rendered":"Aerodynamisk ballongleksak"},"content":{"rendered":"<p style=\"text-align: center\" data-start=\"0\" data-end=\"68\"><strong data-start=\"0\" data-end=\"66\">Aerodynamisk ballongleksak (XXL rymdutg\u00e5va) \ud83d\ude80\ud83c\udf88<\/strong><\/p>\n<p style=\"text-align: center\" data-start=\"70\" data-end=\"380\">F\u00f6rvandla lekstunden till ett vetenskapligt \u00e4ventyr med denna roliga och l\u00e4rorika aerodynamiska ballongleksak! Genom att bl\u00e5sa upp ballongen och sl\u00e4ppa den l\u00e4r sig barnen grunderna i aerodynamik och framdrivning samtidigt som de har o\u00e4ndligt roligt med att k\u00f6ra bilar, raketer och mycket mer. Det \u00e4r ett perfekt s\u00e4tt att kombinera lek, l\u00e4rande och praktiska uppt\u00e4ckter.<\/p>\n<p data-start=\"70\" data-end=\"380\"><img decoding=\"async\" class=\"size-full wp-image-32235 aligncenter\" src=\"https:\/\/keluvo.com\/template\/wp-content\/uploads\/sites\/5\/2025\/08\/wkladanie.gif\" alt=\"\" \/><\/p>\n<h2 style=\"text-align: center\" data-start=\"387\" data-end=\"409\"><strong>Huvudf\u00f6rdelar<\/strong><\/h2>\n<p data-start=\"412\" data-end=\"472\">\ud83c\udf88 L\u00e4r barn om aerodynamik och r\u00f6relse genom lek<\/p>\n<p data-start=\"475\" data-end=\"537\">\ud83d\ude97 Uppmuntrar kreativitet, probleml\u00f6sning och STEM learning<\/p>\n<p data-start=\"540\" data-end=\"590\">\ud83d\udc69\u200d\ud83d\udc69\u200d\ud83d\udc66 Perfekt f\u00f6r grupplekar och familjesammanh\u00e5llning<\/p>\n<p data-start=\"593\" data-end=\"642\">\ud83d\udca1 L\u00e4tt att anv\u00e4nda &#8211; pumpa, sl\u00e4pp och se hur det g\u00e5r<\/p>\n<p data-start=\"645\" data-end=\"701\">\ud83c\udf0d Tillverkad av s\u00e4ker, milj\u00f6v\u00e4nlig ABS-plast (BPA-fri)<\/p>\n<p data-start=\"645\" data-end=\"701\"><img decoding=\"async\" class=\"size-full wp-image-32236 aligncenter\" src=\"https:\/\/keluvo.com\/template\/wp-content\/uploads\/sites\/5\/2025\/08\/gif-ok.gif\" alt=\"\" \/><\/p>\n<h2 style=\"text-align: center\" data-start=\"708\" data-end=\"729\"><strong>Hur Man Anv\u00e4nder<\/strong><\/h2>\n<ol data-start=\"730\" data-end=\"917\">\n<li data-start=\"730\" data-end=\"780\">\n<p data-start=\"733\" data-end=\"780\">Placera ballongen p\u00e5 leksaksbilen eller raketen.<\/p>\n<\/li>\n<li data-start=\"781\" data-end=\"830\">\n<p data-start=\"784\" data-end=\"830\">Pumpa in luft i ballongen med hj\u00e4lp av stationen.<\/p>\n<\/li>\n<li data-start=\"831\" data-end=\"861\">\n<p data-start=\"834\" data-end=\"861\">tryck p\u00e5 utl\u00f6sningsknappen.<\/p>\n<\/li>\n<li data-start=\"862\" data-end=\"917\">\n<p data-start=\"865\" data-end=\"917\">se bilen zooma fram\u00e5t med hj\u00e4lp av luftens kraft!<\/p>\n<\/li>\n<\/ol>\n<h2 style=\"text-align: center\" data-start=\"924\" data-end=\"948\"><strong>Produktdetaljer<\/strong><\/h2>\n<ul data-start=\"949\" data-end=\"1124\">\n<li data-start=\"949\" data-end=\"987\">\n<p data-start=\"951\" data-end=\"987\">Material: milj\u00f6v\u00e4nlig ABS-plast<\/p>\n<\/li>\n<li data-start=\"988\" data-end=\"1026\">\n<p data-start=\"990\" data-end=\"1026\">\u00c5lder: l\u00e4mplig f\u00f6r barn fr\u00e5n 3 \u00e5r<\/p>\n<\/li>\n<li data-start=\"1058\" data-end=\"1124\">\n<p data-start=\"1060\" data-end=\"1124\">Pedagogiskt fokus: STEM-inl\u00e4rning, fysik och praktiska f\u00e4rdigheter<\/p>\n<\/li>\n<\/ul>\n<h2 style=\"text-align: center\" data-start=\"1131\" data-end=\"1156\"><strong>Paketet Inneh\u00e5ller<\/strong><\/h2>\n<ul data-start=\"1157\" data-end=\"1319\">\n<li data-start=\"1157\" data-end=\"1188\">\n<p data-start=\"1159\" data-end=\"1188\">Alternativ A: 1x ballongpumpstation, <span style=\"font-size: 16px\">2x bilar och 6x ballonger.<\/span><\/p>\n<\/li>\n<li data-start=\"1189\" data-end=\"1221\">\n<p data-start=\"1191\" data-end=\"1221\">Alternativ B: 1x ballongpumpstation, 1x ballonguppskjutningsstation, 3x bilar och 12x ballonger.<\/p>\n<\/li>\n<\/ul>\n","protected":false},"excerpt":{"rendered":"<p>Aerodynamisk ballongleksak (XXL rymdutg\u00e5va) \ud83d\ude80\ud83c\udf88 F\u00f6rvandla lekstunden till ett vetenskapligt \u00e4ventyr med denna roliga och l\u00e4rorika aerodynamiska ballongleksak! Genom att [&hellip;]<\/p>\n","protected":false},"featured_media":37649,"comment_status":"open","ping_status":"closed","template":"","meta":{"site-sidebar-layout":"default","site-content-layout":"","ast-site-content-layout":"default","site-content-style":"default","site-sidebar-style":"default","ast-global-header-display":"","ast-banner-title-visibility":"","ast-main-header-display":"","ast-hfb-above-header-display":"","ast-hfb-below-header-display":"","ast-hfb-mobile-header-display":"","site-post-title":"","ast-breadcrumbs-content":"","ast-featured-img":"","footer-sml-layout":"","theme-transparent-header-meta":"default","adv-header-id-meta":"","stick-header-meta":"","header-above-stick-meta":"","header-main-stick-meta":"","header-below-stick-meta":"","astra-migrate-meta-layouts":"set","ast-page-background-enabled":"default","ast-page-background-meta":{"desktop":{"background-color":"var(--ast-global-color-4)","background-image":"","background-repeat":"repeat","background-position":"center center","background-size":"auto","background-attachment":"scroll","background-type":"","background-media":"","overlay-type":"","overlay-color":"","overlay-opacity":"","overlay-gradient":""},"tablet":{"background-color":"","background-image":"","background-repeat":"repeat","background-position":"center center","background-size":"auto","background-attachment":"scroll","background-type":"","background-media":"","overlay-type":"","overlay-color":"","overlay-opacity":"","overlay-gradient":""},"mobile":{"background-color":"","background-image":"","background-repeat":"repeat","background-position":"center center","background-size":"auto","background-attachment":"scroll","background-type":"","background-media":"","overlay-type":"","overlay-color":"","overlay-opacity":"","overlay-gradient":""}},"ast-content-background-meta":{"desktop":{"background-color":"var(--ast-global-color-5)","background-image":"","background-repeat":"repeat","background-position":"center center","background-size":"auto","background-attachment":"scroll","background-type":"","background-media":"","overlay-type":"","overlay-color":"","overlay-opacity":"","overlay-gradient":""},"tablet":{"background-color":"var(--ast-global-color-5)","background-image":"","background-repeat":"repeat","background-position":"center center","background-size":"auto","background-attachment":"scroll","background-type":"","background-media":"","overlay-type":"","overlay-color":"","overlay-opacity":"","overlay-gradient":""},"mobile":{"background-color":"var(--ast-global-color-5)","background-image":"","background-repeat":"repeat","background-position":"center center","background-size":"auto","background-attachment":"scroll","background-type":"","background-media":"","overlay-type":"","overlay-color":"","overlay-opacity":"","overlay-gradient":""}}},"product_brand":[],"product_cat":[990],"product_tag":[],"class_list":{"0":"post-37653","1":"product","2":"type-product","3":"status-publish","4":"has-post-thumbnail","6":"product_cat-toys-childrens-and-baby-products","7":"pa_18863_18me7gh9-a","8":"pa_18863_18me7gh9-b","9":"pa_18863_bnyrr8px-anka","10":"pa_18863_bnyrr8px-groda","11":"pa_18863_bnyrr8px-koltrast","12":"pa_18863_bnyrr8px-monster","13":"desktop-align-left","14":"tablet-align-left","15":"mobile-align-left","17":"first","18":"instock","19":"shipping-taxable","20":"purchasable","21":"product-type-variable","22":"has-default-attributes"},"_links":{"self":[{"href":"https:\/\/keluvo.com\/se\/wp-json\/wp\/v2\/product\/37653","targetHints":{"allow":["GET"]}}],"collection":[{"href":"https:\/\/keluvo.com\/se\/wp-json\/wp\/v2\/product"}],"about":[{"href":"https:\/\/keluvo.com\/se\/wp-json\/wp\/v2\/types\/product"}],"replies":[{"embeddable":true,"href":"https:\/\/keluvo.com\/se\/wp-json\/wp\/v2\/comments?post=37653"}],"wp:featuredmedia":[{"embeddable":true,"href":"https:\/\/keluvo.com\/se\/wp-json\/wp\/v2\/media\/37649"}],"wp:attachment":[{"href":"https:\/\/keluvo.com\/se\/wp-json\/wp\/v2\/media?parent=37653"}],"wp:term":[{"taxonomy":"product_brand","embeddable":true,"href":"https:\/\/keluvo.com\/se\/wp-json\/wp\/v2\/product_brand?post=37653"},{"taxonomy":"product_cat","embeddable":true,"href":"https:\/\/keluvo.com\/se\/wp-json\/wp\/v2\/product_cat?post=37653"},{"taxonomy":"product_tag","embeddable":true,"href":"https:\/\/keluvo.com\/se\/wp-json\/wp\/v2\/product_tag?post=37653"}],"curies":[{"name":"wp","href":"https:\/\/api.w.org\/{rel}","templated":true}]}}