{"id":37629,"date":"2025-09-21T10:23:54","date_gmt":"2025-09-21T07:23:54","guid":{"rendered":"https:\/\/keluvo.com\/se\/product\/solglasogon-3\/"},"modified":"2025-09-21T10:24:11","modified_gmt":"2025-09-21T07:24:11","slug":"solglasogon-3","status":"publish","type":"product","link":"https:\/\/keluvo.com\/se\/product\/solglasogon-3\/","title":{"rendered":"Solglas\u00f6gon"},"content":{"rendered":"<p style=\"text-align: center\" data-start=\"0\" data-end=\"81\"><strong data-start=\"0\" data-end=\"79\">Runda Polariserade Solglas\u00f6gon I Retrostil &#8211; Klassisk Stil Med Modernt Skydd \ud83d\udd76\u2728<\/strong><\/p>\n<p style=\"text-align: center\" data-start=\"83\" data-end=\"405\">G\u00e5 ut med stil med dessa vintageinspirerade runda solglas\u00f6gon. De polariserande glasen minskar bl\u00e4ndning och skyddar dina \u00f6gon fr\u00e5n skadliga UV-str\u00e5lar, vilket g\u00f6r dem perfekta f\u00f6r bilk\u00f6rning, utomhus\u00e4ventyr eller vardagsbruk. Den l\u00e4tta metallramen ger dig komfort samtidigt som du beh\u00e5ller ett tidl\u00f6st, modernt utseende.<\/p>\n<p data-start=\"83\" data-end=\"405\"><img decoding=\"async\" class=\"size-full wp-image-32214 aligncenter\" src=\"https:\/\/keluvo.com\/template\/wp-content\/uploads\/sites\/5\/2025\/08\/Sa011079609384354bb007926e37e475cV.jpg\" alt=\"\" \/><\/p>\n<h2 style=\"text-align: center\" data-start=\"412\" data-end=\"434\"><strong>Huvudf\u00f6rdelar<\/strong><\/h2>\n<p data-start=\"437\" data-end=\"486\">\ud83d\udd76 Polariserade glas minskar bl\u00e4ndning och \u00f6gon strain<\/p>\n<p data-start=\"489\" data-end=\"533\">\u2600\ufe0f 100 % UV-skydd skyddar dina \u00f6gon<\/p>\n<p data-start=\"536\" data-end=\"587\">\ud83c\udfa9 Retro rund design f\u00f6r en snygg, klassisk vibe<\/p>\n<p data-start=\"590\" data-end=\"639\">\ud83e\udeb6 L\u00e4tt och bekv\u00e4m f\u00f6r anv\u00e4ndning hela dagen<\/p>\n<p data-start=\"642\" data-end=\"680\">\ud83d\udc8e H\u00e5llbar metallram byggd f\u00f6r att h\u00e5lla<\/p>\n<p data-start=\"642\" data-end=\"680\"><img decoding=\"async\" class=\"size-full wp-image-32213 aligncenter\" src=\"https:\/\/keluvo.com\/template\/wp-content\/uploads\/sites\/5\/2025\/08\/S8e3ad273ad5747c0be3bb45888b1faf3O.jpg\" alt=\"\" \/><\/p>\n<h2 style=\"text-align: center\">\ud83d\udccc Hur Man Anv\u00e4nder<\/h2>\n<ol data-start=\"709\" data-end=\"894\">\n<li data-start=\"709\" data-end=\"762\">\n<p data-start=\"712\" data-end=\"762\">B\u00e4r dem utomhus f\u00f6r sol- och bl\u00e4ndningsskydd.<\/p>\n<\/li>\n<li data-start=\"763\" data-end=\"830\">\n<p data-start=\"766\" data-end=\"830\">Kombinera dem med avslappnade eller formella kl\u00e4der f\u00f6r omedelbar stil.<\/p>\n<\/li>\n<li data-start=\"831\" data-end=\"894\">\n<p data-start=\"834\" data-end=\"894\">Pair them with casual or formal outfits for instant style.<\/p>\n<\/li>\n<\/ol>\n<h2 style=\"text-align: center\" data-start=\"901\" data-end=\"925\">\ud83d\udccf Produktdetaljer<\/h2>\n<ul data-start=\"926\" data-end=\"1097\">\n<li data-start=\"926\" data-end=\"951\">\n<p data-start=\"928\" data-end=\"951\">Stommaterial: metall<\/p>\n<\/li>\n<li data-start=\"952\" data-end=\"986\">\n<p data-start=\"954\" data-end=\"986\">Linsmaterial: polariserat harts<\/p>\n<\/li>\n<li data-start=\"987\" data-end=\"1016\">\n<p data-start=\"989\" data-end=\"1016\">Linsbredd: ca 48 mm<\/p>\n<\/li>\n<li data-start=\"1017\" data-end=\"1047\">\n<p data-start=\"1019\" data-end=\"1047\">Linsh\u00f6jd: ca 45 mm<\/p>\n<\/li>\n<li data-start=\"1048\" data-end=\"1097\">\n<p data-start=\"1050\" data-end=\"1097\">Styles: flera f\u00e4rgalternativ f\u00f6r b\u00e5gar och linser<\/p>\n<\/li>\n<\/ul>\n<h2 style=\"text-align: center\" data-start=\"1104\" data-end=\"1129\">\ud83d\udce6 F\u00f6rpackningen Inneh\u00e5ller<\/h2>\n<ul data-start=\"1130\" data-end=\"1178\">\n<li data-start=\"1130\" data-end=\"1178\">\n<p data-start=\"1132\" data-end=\"1178\">1x par solglas\u00f6gon.<\/p>\n<\/li>\n<\/ul>\n","protected":false},"excerpt":{"rendered":"<p>Runda Polariserade Solglas\u00f6gon I Retrostil &#8211; Klassisk Stil Med Modernt Skydd \ud83d\udd76\u2728 G\u00e5 ut med stil med dessa vintageinspirerade runda [&hellip;]<\/p>\n","protected":false},"featured_media":37625,"comment_status":"open","ping_status":"closed","template":"","meta":{"site-sidebar-layout":"default","site-content-layout":"","ast-site-content-layout":"default","site-content-style":"default","site-sidebar-style":"default","ast-global-header-display":"","ast-banner-title-visibility":"","ast-main-header-display":"","ast-hfb-above-header-display":"","ast-hfb-below-header-display":"","ast-hfb-mobile-header-display":"","site-post-title":"","ast-breadcrumbs-content":"","ast-featured-img":"","footer-sml-layout":"","theme-transparent-header-meta":"default","adv-header-id-meta":"","stick-header-meta":"","header-above-stick-meta":"","header-main-stick-meta":"","header-below-stick-meta":"","astra-migrate-meta-layouts":"set","ast-page-background-enabled":"default","ast-page-background-meta":{"desktop":{"background-color":"var(--ast-global-color-4)","background-image":"","background-repeat":"repeat","background-position":"center center","background-size":"auto","background-attachment":"scroll","background-type":"","background-media":"","overlay-type":"","overlay-color":"","overlay-opacity":"","overlay-gradient":""},"tablet":{"background-color":"","background-image":"","background-repeat":"repeat","background-position":"center center","background-size":"auto","background-attachment":"scroll","background-type":"","background-media":"","overlay-type":"","overlay-color":"","overlay-opacity":"","overlay-gradient":""},"mobile":{"background-color":"","background-image":"","background-repeat":"repeat","background-position":"center center","background-size":"auto","background-attachment":"scroll","background-type":"","background-media":"","overlay-type":"","overlay-color":"","overlay-opacity":"","overlay-gradient":""}},"ast-content-background-meta":{"desktop":{"background-color":"var(--ast-global-color-5)","background-image":"","background-repeat":"repeat","background-position":"center center","background-size":"auto","background-attachment":"scroll","background-type":"","background-media":"","overlay-type":"","overlay-color":"","overlay-opacity":"","overlay-gradient":""},"tablet":{"background-color":"var(--ast-global-color-5)","background-image":"","background-repeat":"repeat","background-position":"center center","background-size":"auto","background-attachment":"scroll","background-type":"","background-media":"","overlay-type":"","overlay-color":"","overlay-opacity":"","overlay-gradient":""},"mobile":{"background-color":"var(--ast-global-color-5)","background-image":"","background-repeat":"repeat","background-position":"center center","background-size":"auto","background-attachment":"scroll","background-type":"","background-media":"","overlay-type":"","overlay-color":"","overlay-opacity":"","overlay-gradient":""}}},"product_brand":[],"product_cat":[15],"product_tag":[],"class_list":{"0":"post-37629","1":"product","2":"type-product","3":"status-publish","4":"has-post-thumbnail","6":"product_cat-uncategorized","7":"pa_41672_chugkutw-a","8":"pa_41672_chugkutw-b","9":"pa_41672_chugkutw-c","10":"pa_41672_chugkutw-d","11":"pa_41672_chugkutw-e","12":"pa_41672_chugkutw-f","13":"pa_41672_chugkutw-g","14":"desktop-align-left","15":"tablet-align-left","16":"mobile-align-left","18":"first","19":"instock","20":"shipping-taxable","21":"purchasable","22":"product-type-variable"},"_links":{"self":[{"href":"https:\/\/keluvo.com\/se\/wp-json\/wp\/v2\/product\/37629","targetHints":{"allow":["GET"]}}],"collection":[{"href":"https:\/\/keluvo.com\/se\/wp-json\/wp\/v2\/product"}],"about":[{"href":"https:\/\/keluvo.com\/se\/wp-json\/wp\/v2\/types\/product"}],"replies":[{"embeddable":true,"href":"https:\/\/keluvo.com\/se\/wp-json\/wp\/v2\/comments?post=37629"}],"wp:featuredmedia":[{"embeddable":true,"href":"https:\/\/keluvo.com\/se\/wp-json\/wp\/v2\/media\/37625"}],"wp:attachment":[{"href":"https:\/\/keluvo.com\/se\/wp-json\/wp\/v2\/media?parent=37629"}],"wp:term":[{"taxonomy":"product_brand","embeddable":true,"href":"https:\/\/keluvo.com\/se\/wp-json\/wp\/v2\/product_brand?post=37629"},{"taxonomy":"product_cat","embeddable":true,"href":"https:\/\/keluvo.com\/se\/wp-json\/wp\/v2\/product_cat?post=37629"},{"taxonomy":"product_tag","embeddable":true,"href":"https:\/\/keluvo.com\/se\/wp-json\/wp\/v2\/product_tag?post=37629"}],"curies":[{"name":"wp","href":"https:\/\/api.w.org\/{rel}","templated":true}]}}