{"id":37566,"date":"2025-09-21T10:20:30","date_gmt":"2025-09-21T07:20:30","guid":{"rendered":"https:\/\/keluvo.com\/se\/product\/fotboll-med-luftdisk\/"},"modified":"2025-10-14T18:37:23","modified_gmt":"2025-10-14T15:37:23","slug":"fotboll-med-luftdisk","status":"publish","type":"product","link":"https:\/\/keluvo.com\/se\/product\/fotboll-med-luftdisk\/","title":{"rendered":"Fotboll med luftdisk"},"content":{"rendered":"<p style=\"text-align: center\" data-start=\"0\" data-end=\"73\"><strong data-start=\"0\" data-end=\"71\">Air disk-fotboll &#8211; roligt inomhus f\u00f6r barn och hela familjen \u26bd\u2728<\/strong><\/p>\n<p style=\"text-align: center\" data-start=\"75\" data-end=\"382\">F\u00f6rvandla vardagsrummet till en minifotbollsplan med denna air disk-fotboll. Dess mjuka glidande design och mjuka skumkanter g\u00f6r den s\u00e4ker f\u00f6r inomhusspel, medan de f\u00e4rgglada LED-lamporna ger extra sp\u00e4nning f\u00f6r b\u00e5de barn och vuxna. Perfekt f\u00f6r regniga dagar, familjetid eller f\u00f6r att h\u00e5lla barnen aktiva inomhus.<\/p>\n<p data-start=\"75\" data-end=\"382\"><img decoding=\"async\" class=\"size-full wp-image-32117 aligncenter\" src=\"https:\/\/keluvo.com\/template\/wp-content\/uploads\/sites\/5\/2025\/08\/07214-ezgif.com-video-to-webp-converter-2.webp\" alt=\"\" \/><\/p>\n<h2 style=\"text-align: center\" data-start=\"389\" data-end=\"411\"><strong>Huvudf\u00f6rdelar<\/strong><\/h2>\n<p data-start=\"414\" data-end=\"459\">\u26bd Glider smidigt p\u00e5 golven f\u00f6r o\u00e4ndligt kul<\/p>\n<p data-start=\"462\" data-end=\"509\">\ud83d\udca1 F\u00e4rgglada LED-lampor f\u00f6r lek dag och natt<\/p>\n<p data-start=\"512\" data-end=\"564\">\ud83d\udee1 Mjuk st\u00f6tf\u00e5ngare i skum skyddar m\u00f6bler och walls<\/p>\n<p data-start=\"567\" data-end=\"614\">\ud83d\udc68\u200d\ud83d\udc69\u200d\ud83d\udc67\u200d\ud83d\udc66 Perfekt f\u00f6r barn och familjeband<\/p>\n<p data-start=\"617\" data-end=\"673\">\ud83c\udf81 Perfekt present till f\u00f6delsedagar, semestrar och lekdejter<\/p>\n<p data-start=\"617\" data-end=\"673\"><img decoding=\"async\" class=\"size-full wp-image-32120 aligncenter\" src=\"https:\/\/keluvo.com\/template\/wp-content\/uploads\/sites\/5\/2025\/08\/H83611a0b413a47a9a7bb502c6690349bp.jpg_960x960q75.jpg_.avif\" alt=\"\" \/><\/p>\n<h2 style=\"text-align: center\" data-start=\"680\" data-end=\"701\"><strong>Hur Man Anv\u00e4nder<\/strong><\/h2>\n<ol data-start=\"702\" data-end=\"920\">\n<li data-start=\"702\" data-end=\"753\">\n<p data-start=\"705\" data-end=\"753\">Placera fotbollen p\u00e5 ett sl\u00e4tt golv.<\/p>\n<\/li>\n<li data-start=\"754\" data-end=\"807\">\n<p data-start=\"757\" data-end=\"807\">Switch it on to activate the fan and LED lights.<\/p>\n<\/li>\n<li data-start=\"808\" data-end=\"874\">\n<p data-start=\"811\" data-end=\"874\">Sparka och passa som en riktig fotboll &#8211; den flyter och glider!<\/p>\n<\/li>\n<li data-start=\"875\" data-end=\"920\">\n<p data-start=\"878\" data-end=\"920\">Spela med v\u00e4nner, familj eller till och med ensam.<\/p>\n<\/li>\n<\/ol>\n<h2 style=\"text-align: center\" data-start=\"927\" data-end=\"951\"><strong>Produktdetaljer<\/strong><\/h2>\n<ul data-start=\"952\" data-end=\"1087\">\n<li data-start=\"952\" data-end=\"986\">\n<p data-start=\"954\" data-end=\"986\">Material: ABS + mjuk skumkant<\/p>\n<\/li>\n<li data-start=\"987\" data-end=\"1029\">\n<p data-start=\"989\" data-end=\"1029\">Energialternativ: 4 x AA-batterier (ing\u00e5r ej) eller USB-laddningskabel<\/p>\n<\/li>\n<li data-start=\"1030\" data-end=\"1057\">\n<p data-start=\"1032\" data-end=\"1057\">Diameter: ca 18 cm<\/p>\n<\/li>\n<li data-start=\"1058\" data-end=\"1087\">\n<p data-start=\"1060\" data-end=\"1087\">LED-lampor som \u00e4ndrar f\u00e4rg<\/p>\n<\/li>\n<\/ul>\n<h2 style=\"text-align: center\" data-start=\"1094\" data-end=\"1119\"><strong>Paketet Inneh\u00e5ller<\/strong><\/h2>\n<ul data-start=\"1120\" data-end=\"1149\">\n<li data-start=\"1120\" data-end=\"1149\">\n<p data-start=\"1122\" data-end=\"1149\">1x air disk-fotboll.<\/p>\n<\/li>\n<li data-start=\"1120\" data-end=\"1149\">1x USB-laddningskabel (endast om du v\u00e4ljer den stilen).<\/li>\n<\/ul>\n","protected":false},"excerpt":{"rendered":"<p>Air disk-fotboll &#8211; roligt inomhus f\u00f6r barn och hela familjen \u26bd\u2728 F\u00f6rvandla vardagsrummet till en minifotbollsplan med denna air disk-fotboll. [&hellip;]<\/p>\n","protected":false},"featured_media":37562,"comment_status":"open","ping_status":"closed","template":"","meta":{"site-sidebar-layout":"default","site-content-layout":"","ast-site-content-layout":"default","site-content-style":"default","site-sidebar-style":"default","ast-global-header-display":"","ast-banner-title-visibility":"","ast-main-header-display":"","ast-hfb-above-header-display":"","ast-hfb-below-header-display":"","ast-hfb-mobile-header-display":"","site-post-title":"","ast-breadcrumbs-content":"","ast-featured-img":"","footer-sml-layout":"","theme-transparent-header-meta":"default","adv-header-id-meta":"","stick-header-meta":"","header-above-stick-meta":"","header-main-stick-meta":"","header-below-stick-meta":"","astra-migrate-meta-layouts":"set","ast-page-background-enabled":"default","ast-page-background-meta":{"desktop":{"background-color":"var(--ast-global-color-4)","background-image":"","background-repeat":"repeat","background-position":"center center","background-size":"auto","background-attachment":"scroll","background-type":"","background-media":"","overlay-type":"","overlay-color":"","overlay-opacity":"","overlay-gradient":""},"tablet":{"background-color":"","background-image":"","background-repeat":"repeat","background-position":"center center","background-size":"auto","background-attachment":"scroll","background-type":"","background-media":"","overlay-type":"","overlay-color":"","overlay-opacity":"","overlay-gradient":""},"mobile":{"background-color":"","background-image":"","background-repeat":"repeat","background-position":"center center","background-size":"auto","background-attachment":"scroll","background-type":"","background-media":"","overlay-type":"","overlay-color":"","overlay-opacity":"","overlay-gradient":""}},"ast-content-background-meta":{"desktop":{"background-color":"var(--ast-global-color-5)","background-image":"","background-repeat":"repeat","background-position":"center center","background-size":"auto","background-attachment":"scroll","background-type":"","background-media":"","overlay-type":"","overlay-color":"","overlay-opacity":"","overlay-gradient":""},"tablet":{"background-color":"var(--ast-global-color-5)","background-image":"","background-repeat":"repeat","background-position":"center center","background-size":"auto","background-attachment":"scroll","background-type":"","background-media":"","overlay-type":"","overlay-color":"","overlay-opacity":"","overlay-gradient":""},"mobile":{"background-color":"var(--ast-global-color-5)","background-image":"","background-repeat":"repeat","background-position":"center center","background-size":"auto","background-attachment":"scroll","background-type":"","background-media":"","overlay-type":"","overlay-color":"","overlay-opacity":"","overlay-gradient":""}}},"product_brand":[],"product_cat":[990],"product_tag":[],"class_list":{"0":"post-37566","1":"product","2":"type-product","3":"status-publish","4":"has-post-thumbnail","6":"product_cat-toys-childrens-and-baby-products","7":"pa_44258_no4uakbp-a","8":"pa_44258_no4uakbp-b","9":"desktop-align-left","10":"tablet-align-left","11":"mobile-align-left","13":"first","14":"instock","15":"shipping-taxable","16":"purchasable","17":"product-type-variable"},"_links":{"self":[{"href":"https:\/\/keluvo.com\/se\/wp-json\/wp\/v2\/product\/37566","targetHints":{"allow":["GET"]}}],"collection":[{"href":"https:\/\/keluvo.com\/se\/wp-json\/wp\/v2\/product"}],"about":[{"href":"https:\/\/keluvo.com\/se\/wp-json\/wp\/v2\/types\/product"}],"replies":[{"embeddable":true,"href":"https:\/\/keluvo.com\/se\/wp-json\/wp\/v2\/comments?post=37566"}],"wp:featuredmedia":[{"embeddable":true,"href":"https:\/\/keluvo.com\/se\/wp-json\/wp\/v2\/media\/37562"}],"wp:attachment":[{"href":"https:\/\/keluvo.com\/se\/wp-json\/wp\/v2\/media?parent=37566"}],"wp:term":[{"taxonomy":"product_brand","embeddable":true,"href":"https:\/\/keluvo.com\/se\/wp-json\/wp\/v2\/product_brand?post=37566"},{"taxonomy":"product_cat","embeddable":true,"href":"https:\/\/keluvo.com\/se\/wp-json\/wp\/v2\/product_cat?post=37566"},{"taxonomy":"product_tag","embeddable":true,"href":"https:\/\/keluvo.com\/se\/wp-json\/wp\/v2\/product_tag?post=37566"}],"curies":[{"name":"wp","href":"https:\/\/api.w.org\/{rel}","templated":true}]}}