{"id":37394,"date":"2025-09-21T10:12:55","date_gmt":"2025-09-21T07:12:55","guid":{"rendered":"https:\/\/keluvo.com\/se\/product\/skoorganisator\/"},"modified":"2025-09-21T10:14:11","modified_gmt":"2025-09-21T07:14:11","slug":"skoorganisator","status":"publish","type":"product","link":"https:\/\/keluvo.com\/se\/product\/skoorganisator\/","title":{"rendered":"Skoorganisator"},"content":{"rendered":"<p style=\"text-align: center\" data-start=\"100\" data-end=\"141\"><strong>F\u00f6rdubbla Ditt Skoutrymme P\u00e5 N\u00e5gra Sekunder \ud83d\udc5f\ud83d\udce6<\/strong><\/p>\n<p style=\"text-align: center\" data-start=\"143\" data-end=\"276\">Med den h\u00e4r smarta justerbara skoorganisatorn kan du f\u00f6rvara tv\u00e5 skor p\u00e5 samma yta som en &#8211; och h\u00e5lla garderoben st\u00e4dad, organiserad och snygg.<\/p>\n<p data-start=\"143\" data-end=\"276\"><img decoding=\"async\" class=\"size-full wp-image-32630 aligncenter\" src=\"https:\/\/keluvo.com\/template\/wp-content\/uploads\/sites\/5\/2025\/08\/072115-ezgif.com-video-to-webp-converter-2.webp\" alt=\"\" \/><\/p>\n<h2 style=\"text-align: center\" data-start=\"278\" data-end=\"299\">Huvudf\u00f6rdelar \u2705<\/h2>\n<p data-start=\"302\" data-end=\"358\">\ud83e\uddfa Maximerar vertikalt utrymme i alla garderober eller skor organizer<\/p>\n<p data-start=\"361\" data-end=\"409\">\u2699\ufe0f Justerbar h\u00f6jd passar olika skotyper<\/p>\n<p data-start=\"412\" data-end=\"452\">\ud83c\udfa8 Finns i flera moderna f\u00e4rger<\/p>\n<p data-start=\"455\" data-end=\"507\">\ud83d\udcaa Slitstarkt halkskyddsmaterial h\u00e5ller skorna p\u00e5 plats<\/p>\n<p data-start=\"510\" data-end=\"554\">\ud83e\uddf9 L\u00e4tt att reng\u00f6ra och perfekt f\u00f6r daglig anv\u00e4ndning<\/p>\n<p data-start=\"510\" data-end=\"554\"><img decoding=\"async\" class=\"size-full wp-image-32626 aligncenter\" src=\"https:\/\/keluvo.com\/template\/wp-content\/uploads\/sites\/5\/2025\/08\/b255750d-fad8-467d-9fe4-323930d8a40f.webp\" alt=\"\" \/><\/p>\n<h2 style=\"text-align: center\" data-start=\"556\" data-end=\"578\">S\u00e5 H\u00e4r Anv\u00e4nder Du \ud83d\udc63<\/h2>\n<ol data-start=\"579\" data-end=\"789\">\n<li data-start=\"579\" data-end=\"628\">\n<p data-start=\"582\" data-end=\"628\">Justera topplattan s\u00e5 att den passar din skoh\u00f6jd.<\/p>\n<\/li>\n<li data-start=\"629\" data-end=\"691\">\n<p data-start=\"632\" data-end=\"691\">Placera en sko p\u00e5 den nedre och en p\u00e5 den \u00f6vre plattformen.<\/p>\n<\/li>\n<li data-start=\"692\" data-end=\"734\">\n<p data-start=\"695\" data-end=\"734\">Skjut in i din hylla eller f\u00f6rvaringsutrymme.<\/p>\n<\/li>\n<li data-start=\"735\" data-end=\"789\">\n<p data-start=\"738\" data-end=\"789\">Upprepa f\u00f6r alla dina skor f\u00f6r att omedelbart spara utrymme.<\/p>\n<\/li>\n<\/ol>\n<h2 style=\"text-align: center\" data-start=\"791\" data-end=\"815\">Produktinformation \ud83d\udccf<\/h2>\n<ul data-start=\"816\" data-end=\"991\">\n<li data-start=\"816\" data-end=\"868\">\n<p data-start=\"818\" data-end=\"868\">Material: Slitstark plast med halkskydd<\/p>\n<\/li>\n<li data-start=\"869\" data-end=\"909\">\n<p data-start=\"871\" data-end=\"909\">Dimensioner: Ca. 25 x 6 cm<\/p>\n<\/li>\n<li data-start=\"869\" data-end=\"909\">\n<p data-start=\"871\" data-end=\"909\">Vikt: 100g<\/p>\n<\/li>\n<\/ul>\n<h2 style=\"text-align: center\" data-start=\"993\" data-end=\"1018\">Paketet Inneh\u00e5ller \ud83d\udcec<\/h2>\n<ul data-start=\"1019\" data-end=\"1059\">\n<li data-start=\"1019\" data-end=\"1059\">\n<p data-start=\"1021\" data-end=\"1059\">1, 3, 5, 7x skoarrang\u00f6r\/er.<\/p>\n<\/li>\n<\/ul>\n","protected":false},"excerpt":{"rendered":"<p>F\u00f6rdubbla Ditt Skoutrymme P\u00e5 N\u00e5gra Sekunder \ud83d\udc5f\ud83d\udce6 Med den h\u00e4r smarta justerbara skoorganisatorn kan du f\u00f6rvara tv\u00e5 skor p\u00e5 samma [&hellip;]<\/p>\n","protected":false},"featured_media":37390,"comment_status":"open","ping_status":"closed","template":"","meta":{"site-sidebar-layout":"default","site-content-layout":"","ast-site-content-layout":"default","site-content-style":"default","site-sidebar-style":"default","ast-global-header-display":"","ast-banner-title-visibility":"","ast-main-header-display":"","ast-hfb-above-header-display":"","ast-hfb-below-header-display":"","ast-hfb-mobile-header-display":"","site-post-title":"","ast-breadcrumbs-content":"","ast-featured-img":"","footer-sml-layout":"","theme-transparent-header-meta":"default","adv-header-id-meta":"","stick-header-meta":"","header-above-stick-meta":"","header-main-stick-meta":"","header-below-stick-meta":"","astra-migrate-meta-layouts":"set","ast-page-background-enabled":"default","ast-page-background-meta":{"desktop":{"background-color":"var(--ast-global-color-4)","background-image":"","background-repeat":"repeat","background-position":"center center","background-size":"auto","background-attachment":"scroll","background-type":"","background-media":"","overlay-type":"","overlay-color":"","overlay-opacity":"","overlay-gradient":""},"tablet":{"background-color":"","background-image":"","background-repeat":"repeat","background-position":"center center","background-size":"auto","background-attachment":"scroll","background-type":"","background-media":"","overlay-type":"","overlay-color":"","overlay-opacity":"","overlay-gradient":""},"mobile":{"background-color":"","background-image":"","background-repeat":"repeat","background-position":"center center","background-size":"auto","background-attachment":"scroll","background-type":"","background-media":"","overlay-type":"","overlay-color":"","overlay-opacity":"","overlay-gradient":""}},"ast-content-background-meta":{"desktop":{"background-color":"var(--ast-global-color-5)","background-image":"","background-repeat":"repeat","background-position":"center center","background-size":"auto","background-attachment":"scroll","background-type":"","background-media":"","overlay-type":"","overlay-color":"","overlay-opacity":"","overlay-gradient":""},"tablet":{"background-color":"var(--ast-global-color-5)","background-image":"","background-repeat":"repeat","background-position":"center center","background-size":"auto","background-attachment":"scroll","background-type":"","background-media":"","overlay-type":"","overlay-color":"","overlay-opacity":"","overlay-gradient":""},"mobile":{"background-color":"var(--ast-global-color-5)","background-image":"","background-repeat":"repeat","background-position":"center center","background-size":"auto","background-attachment":"scroll","background-type":"","background-media":"","overlay-type":"","overlay-color":"","overlay-opacity":"","overlay-gradient":""}}},"product_brand":[],"product_cat":[1001],"product_tag":[],"class_list":{"0":"post-37394","1":"product","2":"type-product","3":"status-publish","4":"has-post-thumbnail","6":"product_cat-household-goods","7":"pa_42853_1vjdjbes-bla","8":"pa_42853_1vjdjbes-gra","9":"pa_42853_1vjdjbes-gron","10":"pa_42853_1vjdjbes-rosa","11":"pa_42853_1vjdjbes-svart","12":"pa_42853_1vjdjbes-vit","13":"pa_42853_8p43mqe9-1-st","14":"pa_42853_8p43mqe9-3-st","15":"pa_42853_8p43mqe9-5-st","16":"pa_42853_8p43mqe9-7-st","17":"desktop-align-left","18":"tablet-align-left","19":"mobile-align-left","21":"first","22":"instock","23":"shipping-taxable","24":"purchasable","25":"product-type-variable","26":"has-default-attributes"},"_links":{"self":[{"href":"https:\/\/keluvo.com\/se\/wp-json\/wp\/v2\/product\/37394","targetHints":{"allow":["GET"]}}],"collection":[{"href":"https:\/\/keluvo.com\/se\/wp-json\/wp\/v2\/product"}],"about":[{"href":"https:\/\/keluvo.com\/se\/wp-json\/wp\/v2\/types\/product"}],"replies":[{"embeddable":true,"href":"https:\/\/keluvo.com\/se\/wp-json\/wp\/v2\/comments?post=37394"}],"wp:featuredmedia":[{"embeddable":true,"href":"https:\/\/keluvo.com\/se\/wp-json\/wp\/v2\/media\/37390"}],"wp:attachment":[{"href":"https:\/\/keluvo.com\/se\/wp-json\/wp\/v2\/media?parent=37394"}],"wp:term":[{"taxonomy":"product_brand","embeddable":true,"href":"https:\/\/keluvo.com\/se\/wp-json\/wp\/v2\/product_brand?post=37394"},{"taxonomy":"product_cat","embeddable":true,"href":"https:\/\/keluvo.com\/se\/wp-json\/wp\/v2\/product_cat?post=37394"},{"taxonomy":"product_tag","embeddable":true,"href":"https:\/\/keluvo.com\/se\/wp-json\/wp\/v2\/product_tag?post=37394"}],"curies":[{"name":"wp","href":"https:\/\/api.w.org\/{rel}","templated":true}]}}