{"id":37369,"date":"2025-09-21T10:11:40","date_gmt":"2025-09-21T07:11:40","guid":{"rendered":"https:\/\/keluvo.com\/se\/product\/gyro-spinner-tarning\/"},"modified":"2025-09-21T10:12:00","modified_gmt":"2025-09-21T07:12:00","slug":"gyro-spinner-tarning","status":"publish","type":"product","link":"https:\/\/keluvo.com\/se\/product\/gyro-spinner-tarning\/","title":{"rendered":"Gyro spinner t\u00e4rning"},"content":{"rendered":"<p style=\"text-align: center\" data-start=\"98\" data-end=\"147\"><strong>Snurra Bort Din Stress Med Episk DND-Stil \ud83c\udf00\ud83d\udc09<\/strong><\/p>\n<p style=\"text-align: center\" data-start=\"149\" data-end=\"412\">Den h\u00e4r handgjorda gyro-spinnart\u00e4rningen i metall \u00e4r mer \u00e4n bara en fidgetleksak &#8211; det \u00e4r en fantastisk 7-i-1 multifunktionell spinnare designad f\u00f6r Dungeons &amp; Dragons-fans. Med roterande rattar, nummerringar och h\u00f6gkvalitativt hantverk \u00e4r den perfekt f\u00f6r fokus, lek eller visning.<\/p>\n<p data-start=\"149\" data-end=\"412\"><img decoding=\"async\" class=\"size-full wp-image-32607 aligncenter\" src=\"https:\/\/keluvo.com\/template\/wp-content\/uploads\/sites\/5\/2025\/08\/c6751d0112a4c25eec3e626741393c3026fbcd80.gif\" alt=\"\" \/><\/p>\n<h2 style=\"text-align: center\" data-start=\"414\" data-end=\"435\">Huvudf\u00f6rdelar \u2705<\/h2>\n<p data-start=\"438\" data-end=\"499\">\ud83e\uddd9\u200d\u2642\ufe0f Kombinerar 7 t\u00e4rningsringar (D4 till D20) i ett kompakt verktyg<\/p>\n<p data-start=\"502\" data-end=\"550\">\ud83c\udf00 Smidig snurrning f\u00f6r stressavlastning och focus<\/p>\n<p data-start=\"553\" data-end=\"614\">\ud83d\udee0\ufe0f H\u00f6gkvalitativ zinklegering f\u00f6r h\u00e5llbarhet och tung k\u00e4nsla<\/p>\n<p data-start=\"617\" data-end=\"672\">\ud83c\udfb2 Perfekt f\u00f6r DND, bordsrollspel eller samlingsdisplay<\/p>\n<p data-start=\"617\" data-end=\"672\">\ud83e\udde1 Anti-\u00e5ngestverktyg som passar bekv\u00e4mt i din hand<\/p>\n<p data-start=\"617\" data-end=\"672\"><img decoding=\"async\" class=\"size-full wp-image-32606 aligncenter\" src=\"https:\/\/keluvo.com\/template\/wp-content\/uploads\/sites\/5\/2025\/08\/4553f04b6b78edd7fce2e029b1ab246688c412b0.gif\" alt=\"\" \/><\/p>\n<h2 style=\"text-align: center\">Hur Man Anv\u00e4nder \ud83c\udfae<\/h2>\n<ol data-start=\"757\" data-end=\"1000\">\n<li data-start=\"757\" data-end=\"824\">\n<p data-start=\"760\" data-end=\"824\">Snurra den yttre ringen f\u00f6r att slumpm\u00e4ssigt generera siffror f\u00f6r ditt spel.<\/p>\n<\/li>\n<li data-start=\"825\" data-end=\"883\">\n<p data-start=\"828\" data-end=\"883\">Anv\u00e4nd enskilda t\u00e4rningsringar (D4, D6, D8, D10, D12, D20).<\/p>\n<\/li>\n<li data-start=\"884\" data-end=\"946\">\n<p data-start=\"887\" data-end=\"946\">njut av taktil snurrning f\u00f6r att lindra stress och h\u00e5lla fokus.<\/p>\n<\/li>\n<li data-start=\"947\" data-end=\"1000\">\n<p data-start=\"950\" data-end=\"1000\">visa upp det som ett coolt bordstillbeh\u00f6r eller g\u00e5va.<\/p>\n<\/li>\n<\/ol>\n<h2 style=\"text-align: center\" data-start=\"1002\" data-end=\"1026\">Produktinformation \ud83d\udccf<\/h2>\n<ul data-start=\"1027\" data-end=\"1218\">\n<li data-start=\"1027\" data-end=\"1051\">\n<p data-start=\"1029\" data-end=\"1051\">Material: Zinklegering<\/p>\n<\/li>\n<li data-start=\"1052\" data-end=\"1115\">\n<p data-start=\"1054\" data-end=\"1115\">T\u00e4rningstyper: D4, D6, D8, D10, D12, D20 + percentil (7 i 1)<\/p>\n<\/li>\n<li data-start=\"1116\" data-end=\"1154\">\n<p data-start=\"1118\" data-end=\"1154\">Storlek: Handflatestorlek f\u00f6r att enkelt kunna b\u00e4ra med sig<\/p>\n<\/li>\n<li data-start=\"1155\" data-end=\"1218\">\n<p data-start=\"1157\" data-end=\"1218\">Finish: Antika metallstrukturer finns i flera f\u00e4rger<\/p>\n<\/li>\n<\/ul>\n<h2 style=\"text-align: center\" data-start=\"1220\" data-end=\"1245\">Paketet Inneh\u00e5ller \ud83d\udcec<\/h2>\n<ul data-start=\"1246\" data-end=\"1292\">\n<li data-start=\"1246\" data-end=\"1292\">\n<p data-start=\"1248\" data-end=\"1292\">1x gyro spinner t\u00e4rningar.<\/p>\n<\/li>\n<\/ul>\n","protected":false},"excerpt":{"rendered":"<p>Snurra Bort Din Stress Med Episk DND-Stil \ud83c\udf00\ud83d\udc09 Den h\u00e4r handgjorda gyro-spinnart\u00e4rningen i metall \u00e4r mer \u00e4n bara en fidgetleksak [&hellip;]<\/p>\n","protected":false},"featured_media":37365,"comment_status":"open","ping_status":"closed","template":"","meta":{"site-sidebar-layout":"default","site-content-layout":"","ast-site-content-layout":"default","site-content-style":"default","site-sidebar-style":"default","ast-global-header-display":"","ast-banner-title-visibility":"","ast-main-header-display":"","ast-hfb-above-header-display":"","ast-hfb-below-header-display":"","ast-hfb-mobile-header-display":"","site-post-title":"","ast-breadcrumbs-content":"","ast-featured-img":"","footer-sml-layout":"","theme-transparent-header-meta":"default","adv-header-id-meta":"","stick-header-meta":"","header-above-stick-meta":"","header-main-stick-meta":"","header-below-stick-meta":"","astra-migrate-meta-layouts":"set","ast-page-background-enabled":"default","ast-page-background-meta":{"desktop":{"background-color":"var(--ast-global-color-4)","background-image":"","background-repeat":"repeat","background-position":"center center","background-size":"auto","background-attachment":"scroll","background-type":"","background-media":"","overlay-type":"","overlay-color":"","overlay-opacity":"","overlay-gradient":""},"tablet":{"background-color":"","background-image":"","background-repeat":"repeat","background-position":"center center","background-size":"auto","background-attachment":"scroll","background-type":"","background-media":"","overlay-type":"","overlay-color":"","overlay-opacity":"","overlay-gradient":""},"mobile":{"background-color":"","background-image":"","background-repeat":"repeat","background-position":"center center","background-size":"auto","background-attachment":"scroll","background-type":"","background-media":"","overlay-type":"","overlay-color":"","overlay-opacity":"","overlay-gradient":""}},"ast-content-background-meta":{"desktop":{"background-color":"var(--ast-global-color-5)","background-image":"","background-repeat":"repeat","background-position":"center center","background-size":"auto","background-attachment":"scroll","background-type":"","background-media":"","overlay-type":"","overlay-color":"","overlay-opacity":"","overlay-gradient":""},"tablet":{"background-color":"var(--ast-global-color-5)","background-image":"","background-repeat":"repeat","background-position":"center center","background-size":"auto","background-attachment":"scroll","background-type":"","background-media":"","overlay-type":"","overlay-color":"","overlay-opacity":"","overlay-gradient":""},"mobile":{"background-color":"var(--ast-global-color-5)","background-image":"","background-repeat":"repeat","background-position":"center center","background-size":"auto","background-attachment":"scroll","background-type":"","background-media":"","overlay-type":"","overlay-color":"","overlay-opacity":"","overlay-gradient":""}}},"product_brand":[],"product_cat":[990,993],"product_tag":[],"class_list":{"0":"post-37369","1":"product","2":"type-product","3":"status-publish","4":"has-post-thumbnail","6":"product_cat-toys-childrens-and-baby-products","7":"product_cat-footwear-accessories","8":"pa_30367_4da41atk-a","9":"pa_30367_4da41atk-b","10":"pa_30367_4da41atk-c","11":"pa_30367_4da41atk-d","12":"pa_30367_4da41atk-e","13":"pa_30367_4da41atk-f","14":"desktop-align-left","15":"tablet-align-left","16":"mobile-align-left","18":"first","19":"instock","20":"shipping-taxable","21":"purchasable","22":"product-type-variable"},"_links":{"self":[{"href":"https:\/\/keluvo.com\/se\/wp-json\/wp\/v2\/product\/37369","targetHints":{"allow":["GET"]}}],"collection":[{"href":"https:\/\/keluvo.com\/se\/wp-json\/wp\/v2\/product"}],"about":[{"href":"https:\/\/keluvo.com\/se\/wp-json\/wp\/v2\/types\/product"}],"replies":[{"embeddable":true,"href":"https:\/\/keluvo.com\/se\/wp-json\/wp\/v2\/comments?post=37369"}],"wp:featuredmedia":[{"embeddable":true,"href":"https:\/\/keluvo.com\/se\/wp-json\/wp\/v2\/media\/37365"}],"wp:attachment":[{"href":"https:\/\/keluvo.com\/se\/wp-json\/wp\/v2\/media?parent=37369"}],"wp:term":[{"taxonomy":"product_brand","embeddable":true,"href":"https:\/\/keluvo.com\/se\/wp-json\/wp\/v2\/product_brand?post=37369"},{"taxonomy":"product_cat","embeddable":true,"href":"https:\/\/keluvo.com\/se\/wp-json\/wp\/v2\/product_cat?post=37369"},{"taxonomy":"product_tag","embeddable":true,"href":"https:\/\/keluvo.com\/se\/wp-json\/wp\/v2\/product_tag?post=37369"}],"curies":[{"name":"wp","href":"https:\/\/api.w.org\/{rel}","templated":true}]}}