{"id":37257,"date":"2025-09-21T10:06:30","date_gmt":"2025-09-21T07:06:30","guid":{"rendered":"https:\/\/keluvo.com\/se\/product\/kortinnehavare\/"},"modified":"2025-09-21T10:07:03","modified_gmt":"2025-09-21T07:07:03","slug":"kortinnehavare","status":"publish","type":"product","link":"https:\/\/keluvo.com\/se\/product\/kortinnehavare\/","title":{"rendered":"Kortinnehavare"},"content":{"rendered":"<p style=\"text-align: center\" data-start=\"112\" data-end=\"153\"><strong>H\u00e5ll Dina Kort Organiserade Med Stil \ud83d\udcb3\u2728<\/strong><\/p>\n<p style=\"text-align: center\" data-start=\"155\" data-end=\"327\">Den h\u00e4r kompakta och f\u00e4rgglada korth\u00e5llaren \u00e4r den perfekta l\u00f6sningen f\u00f6r att b\u00e4ra alla dina viktiga kort utan att det blir f\u00f6r mycket. Den \u00e4r tunn, snygg och superpraktisk f\u00f6r daglig anv\u00e4ndning.<\/p>\n<p data-start=\"155\" data-end=\"327\"><img decoding=\"async\" class=\"size-full wp-image-32509 aligncenter\" src=\"https:\/\/keluvo.com\/template\/wp-content\/uploads\/sites\/5\/2025\/08\/072113-ezgif.com-video-to-webp-converter-1.webp\" alt=\"\" \/><\/p>\n<h2 style=\"text-align: center\" data-start=\"329\" data-end=\"350\">Huvudf\u00f6rdelar \u2705<\/h2>\n<p data-start=\"353\" data-end=\"401\">\ud83e\uddf5 Tillverkad av slitstarkt, h\u00f6gkvalitativt PU-material<\/p>\n<p data-start=\"404\" data-end=\"469\">\ud83c\udccf Rymmer upp till 5 kort inklusive kredit-, ID- eller transportkort<\/p>\n<p data-start=\"472\" data-end=\"529\">\ud83c\udfaf Tunn och b\u00e4rbar &#8211; passar enkelt i alla fickor eller handv\u00e4skor<\/p>\n<p data-start=\"532\" data-end=\"589\">\ud83c\udfa8 Finns i flera eleganta f\u00e4rger f\u00f6r att matcha din style<\/p>\n<p data-start=\"592\" data-end=\"652\">\u2708\ufe0f Perfekt f\u00f6r vardagsbruk, arbete, resor eller aff\u00e4rsresor<\/p>\n<p data-start=\"592\" data-end=\"652\"><img decoding=\"async\" class=\"size-full wp-image-32512 aligncenter\" src=\"https:\/\/keluvo.com\/template\/wp-content\/uploads\/sites\/5\/2025\/08\/442cff077d5c0bf43ec94ab34fcb26ef4a4109bd.gif\" alt=\"\" \/><\/p>\n<h2 style=\"text-align: center\" data-start=\"654\" data-end=\"676\">S\u00e5 H\u00e4r Anv\u00e4nder Du Den \ud83d\udce5<\/h2>\n<ol data-start=\"677\" data-end=\"871\">\n<li data-start=\"677\" data-end=\"720\">\n<p data-start=\"680\" data-end=\"720\">Skjut in dina kort i facken.<\/p>\n<\/li>\n<li data-start=\"721\" data-end=\"770\">\n<p data-start=\"724\" data-end=\"770\">St\u00e4ng pl\u00e5nboken med knappremmen.<\/p>\n<\/li>\n<li data-start=\"771\" data-end=\"814\">\n<p data-start=\"774\" data-end=\"814\">b\u00e4r den i fickan, handv\u00e4skan eller v\u00e4skan.<\/p>\n<\/li>\n<li data-start=\"815\" data-end=\"871\">\n<p data-start=\"818\" data-end=\"871\">dra enkelt ut fliken f\u00f6r att ta ut kort n\u00e4r det beh\u00f6vs.<\/p>\n<\/li>\n<\/ol>\n<h2 style=\"text-align: center\" data-start=\"873\" data-end=\"897\">Produktinformation \ud83d\udccf<\/h2>\n<ul data-start=\"898\" data-end=\"1062\">\n<li data-start=\"898\" data-end=\"922\">\n<p data-start=\"900\" data-end=\"922\">Material: PU-l\u00e4der<\/p>\n<\/li>\n<li data-start=\"923\" data-end=\"948\">\n<p data-start=\"925\" data-end=\"948\">Storlek: 11 x 7,5 x 1 cm<\/p>\n<\/li>\n<li data-start=\"949\" data-end=\"976\">\n<p data-start=\"951\" data-end=\"976\">Kapacitet: Rymmer 5 kort<\/p>\n<\/li>\n<li data-start=\"977\" data-end=\"992\">\n<p data-start=\"979\" data-end=\"992\">Vikt: 50 g<\/p>\n<\/li>\n<\/ul>\n<h2 style=\"text-align: center\" data-start=\"1064\" data-end=\"1089\">Paketet Inneh\u00e5ller \ud83d\udcec<\/h2>\n<ul data-start=\"1090\" data-end=\"1142\">\n<li data-start=\"1090\" data-end=\"1142\">\n<p data-start=\"1092\" data-end=\"1142\">1x kreditkortsh\u00e5llare.<\/p>\n<\/li>\n<\/ul>\n","protected":false},"excerpt":{"rendered":"<p>H\u00e5ll Dina Kort Organiserade Med Stil \ud83d\udcb3\u2728 Den h\u00e4r kompakta och f\u00e4rgglada korth\u00e5llaren \u00e4r den perfekta l\u00f6sningen f\u00f6r att b\u00e4ra [&hellip;]<\/p>\n","protected":false},"featured_media":37253,"comment_status":"open","ping_status":"closed","template":"","meta":{"site-sidebar-layout":"default","site-content-layout":"","ast-site-content-layout":"default","site-content-style":"default","site-sidebar-style":"default","ast-global-header-display":"","ast-banner-title-visibility":"","ast-main-header-display":"","ast-hfb-above-header-display":"","ast-hfb-below-header-display":"","ast-hfb-mobile-header-display":"","site-post-title":"","ast-breadcrumbs-content":"","ast-featured-img":"","footer-sml-layout":"","theme-transparent-header-meta":"default","adv-header-id-meta":"","stick-header-meta":"","header-above-stick-meta":"","header-main-stick-meta":"","header-below-stick-meta":"","astra-migrate-meta-layouts":"set","ast-page-background-enabled":"default","ast-page-background-meta":{"desktop":{"background-color":"var(--ast-global-color-4)","background-image":"","background-repeat":"repeat","background-position":"center center","background-size":"auto","background-attachment":"scroll","background-type":"","background-media":"","overlay-type":"","overlay-color":"","overlay-opacity":"","overlay-gradient":""},"tablet":{"background-color":"","background-image":"","background-repeat":"repeat","background-position":"center center","background-size":"auto","background-attachment":"scroll","background-type":"","background-media":"","overlay-type":"","overlay-color":"","overlay-opacity":"","overlay-gradient":""},"mobile":{"background-color":"","background-image":"","background-repeat":"repeat","background-position":"center center","background-size":"auto","background-attachment":"scroll","background-type":"","background-media":"","overlay-type":"","overlay-color":"","overlay-opacity":"","overlay-gradient":""}},"ast-content-background-meta":{"desktop":{"background-color":"var(--ast-global-color-5)","background-image":"","background-repeat":"repeat","background-position":"center center","background-size":"auto","background-attachment":"scroll","background-type":"","background-media":"","overlay-type":"","overlay-color":"","overlay-opacity":"","overlay-gradient":""},"tablet":{"background-color":"var(--ast-global-color-5)","background-image":"","background-repeat":"repeat","background-position":"center center","background-size":"auto","background-attachment":"scroll","background-type":"","background-media":"","overlay-type":"","overlay-color":"","overlay-opacity":"","overlay-gradient":""},"mobile":{"background-color":"var(--ast-global-color-5)","background-image":"","background-repeat":"repeat","background-position":"center center","background-size":"auto","background-attachment":"scroll","background-type":"","background-media":"","overlay-type":"","overlay-color":"","overlay-opacity":"","overlay-gradient":""}}},"product_brand":[],"product_cat":[993],"product_tag":[],"class_list":{"0":"post-37257","1":"product","2":"type-product","3":"status-publish","4":"has-post-thumbnail","6":"product_cat-footwear-accessories","7":"pa_33399_2q38ki7y-bla","8":"pa_33399_2q38ki7y-brun","9":"pa_33399_2q38ki7y-gra","10":"pa_33399_2q38ki7y-gron","11":"pa_33399_2q38ki7y-gul","12":"pa_33399_2q38ki7y-himmelbla","13":"pa_33399_2q38ki7y-morkbla","14":"pa_33399_2q38ki7y-morkrod","15":"pa_33399_2q38ki7y-rod","16":"pa_33399_2q38ki7y-rosa","17":"pa_33399_2q38ki7y-svart","18":"pa_33399_2q38ki7y-vit","19":"desktop-align-left","20":"tablet-align-left","21":"mobile-align-left","23":"first","24":"instock","25":"shipping-taxable","26":"purchasable","27":"product-type-variable"},"_links":{"self":[{"href":"https:\/\/keluvo.com\/se\/wp-json\/wp\/v2\/product\/37257","targetHints":{"allow":["GET"]}}],"collection":[{"href":"https:\/\/keluvo.com\/se\/wp-json\/wp\/v2\/product"}],"about":[{"href":"https:\/\/keluvo.com\/se\/wp-json\/wp\/v2\/types\/product"}],"replies":[{"embeddable":true,"href":"https:\/\/keluvo.com\/se\/wp-json\/wp\/v2\/comments?post=37257"}],"wp:featuredmedia":[{"embeddable":true,"href":"https:\/\/keluvo.com\/se\/wp-json\/wp\/v2\/media\/37253"}],"wp:attachment":[{"href":"https:\/\/keluvo.com\/se\/wp-json\/wp\/v2\/media?parent=37257"}],"wp:term":[{"taxonomy":"product_brand","embeddable":true,"href":"https:\/\/keluvo.com\/se\/wp-json\/wp\/v2\/product_brand?post=37257"},{"taxonomy":"product_cat","embeddable":true,"href":"https:\/\/keluvo.com\/se\/wp-json\/wp\/v2\/product_cat?post=37257"},{"taxonomy":"product_tag","embeddable":true,"href":"https:\/\/keluvo.com\/se\/wp-json\/wp\/v2\/product_tag?post=37257"}],"curies":[{"name":"wp","href":"https:\/\/api.w.org\/{rel}","templated":true}]}}