{"id":37194,"date":"2025-09-21T10:03:51","date_gmt":"2025-09-21T07:03:51","guid":{"rendered":"https:\/\/keluvo.com\/se\/product\/halsband-4\/"},"modified":"2025-09-21T10:04:26","modified_gmt":"2025-09-21T07:04:26","slug":"halsband-4","status":"publish","type":"product","link":"https:\/\/keluvo.com\/se\/product\/halsband-4\/","title":{"rendered":"Halsband"},"content":{"rendered":"<p style=\"text-align: center\" data-start=\"117\" data-end=\"162\"><strong>Ett Unikt Halsband Som Ber\u00e4ttar Din Historia \ud83d\udc96<\/strong><\/p>\n<p style=\"text-align: center\" data-start=\"164\" data-end=\"352\">Detta eleganta halsband kan anpassas med den f\u00f6delsesten du vill representera dina n\u00e4ra och k\u00e4ra, vilket g\u00f6r det till en meningsfull och personlig g\u00e5va f\u00f6r f\u00f6delsedagar, mors dag, alla speciella tillf\u00e4llen eller till dig sj\u00e4lv.<\/p>\n<p data-start=\"164\" data-end=\"352\"><img decoding=\"async\" class=\"size-full wp-image-32443 aligncenter\" src=\"https:\/\/keluvo.com\/template\/wp-content\/uploads\/sites\/5\/2025\/08\/S77d7cf018f64474685f85b28fed03387X.jpg_960x960q75.jpg_.avif\" alt=\"\" \/><\/p>\n<h2 style=\"text-align: center\">Huvudf\u00f6rdelar \u2705<\/h2>\n<p data-start=\"378\" data-end=\"435\">\ud83d\udc8e Anpassa det med den f\u00f6delsesten du vill ha<\/p>\n<p data-start=\"438\" data-end=\"485\">\ud83c\udf1f Elegant och minimal design som passar alla kl\u00e4der<\/p>\n<p data-start=\"488\" data-end=\"536\">\ud83e\uddf7 Dubbel krok f\u00f6r s\u00e4ker och bekv\u00e4m anv\u00e4ndning<\/p>\n<p data-start=\"539\" data-end=\"586\">\ud83d\udd17 Flera kedjel\u00e4ngder f\u00f6r perfekt passform<\/p>\n<p data-start=\"589\" data-end=\"648\">\ud83c\udf81 En tankev\u00e4ckande g\u00e5va till mammor, d\u00f6ttrar, b\u00e4sta v\u00e4nner eller till dig sj\u00e4lv<\/p>\n<p data-start=\"589\" data-end=\"648\"><img decoding=\"async\" class=\"size-full wp-image-32438 aligncenter\" src=\"https:\/\/keluvo.com\/template\/wp-content\/uploads\/sites\/5\/2025\/08\/S360718505a0a4fc49d90673e1aa59331G.webp\" alt=\"\" \/><\/p>\n<h2 style=\"text-align: center\" data-start=\"650\" data-end=\"672\">Hur Man Anv\u00e4nder \ud83c\udf80<\/h2>\n<ol data-start=\"673\" data-end=\"850\">\n<li data-start=\"673\" data-end=\"714\">\n<p data-start=\"676\" data-end=\"714\">V\u00e4lj den f\u00f6delsesten du vill ha efter f\u00f6delsem\u00e5nad.<\/p>\n<\/li>\n<li data-start=\"795\" data-end=\"850\">\n<p data-start=\"798\" data-end=\"850\">B\u00e4r den ensam eller kombinera den med dina favoritplagg.<\/p>\n<\/li>\n<\/ol>\n<h2 style=\"text-align: center\" data-start=\"852\" data-end=\"876\">Produktdetaljer \ud83d\udccf<\/h2>\n<ul data-start=\"877\" data-end=\"1090\">\n<li data-start=\"877\" data-end=\"921\">\n<p data-start=\"879\" data-end=\"921\">H\u00e4ngsmycke storlek: 2,2 x 1,5 cm<\/p>\n<\/li>\n<li data-start=\"922\" data-end=\"986\">\n<p data-start=\"924\" data-end=\"986\">Material: Konstgjorda \u00e4delstenar\/semi-\u00e4delstenar<\/p>\n<\/li>\n<li data-start=\"987\" data-end=\"1034\">\n<p data-start=\"989\" data-end=\"1034\">Kedjel\u00e4ngd: 45cm<\/p>\n<\/li>\n<li data-start=\"1035\" data-end=\"1062\">\n<p data-start=\"1037\" data-end=\"1062\">Kedjestil: Curb-kedja<\/p>\n<\/li>\n<li data-start=\"1063\" data-end=\"1090\">\n<p data-start=\"1065\" data-end=\"1090\">Krokstil: Dubbel krok<\/p>\n<\/li>\n<li data-start=\"1063\" data-end=\"1090\">Stones: 5<\/li>\n<\/ul>\n<h2 style=\"text-align: center\" data-start=\"1092\" data-end=\"1117\">Paketet Inneh\u00e5ller \ud83d\udcec<\/h2>\n<ul data-start=\"1118\" data-end=\"1209\">\n<li data-start=\"1118\" data-end=\"1177\">\n<p data-start=\"1120\" data-end=\"1177\">1x halsband.<\/p>\n<\/li>\n<\/ul>\n","protected":false},"excerpt":{"rendered":"<p>Ett Unikt Halsband Som Ber\u00e4ttar Din Historia \ud83d\udc96 Detta eleganta halsband kan anpassas med den f\u00f6delsesten du vill representera dina [&hellip;]<\/p>\n","protected":false},"featured_media":37190,"comment_status":"open","ping_status":"closed","template":"","meta":{"site-sidebar-layout":"default","site-content-layout":"","ast-site-content-layout":"default","site-content-style":"default","site-sidebar-style":"default","ast-global-header-display":"","ast-banner-title-visibility":"","ast-main-header-display":"","ast-hfb-above-header-display":"","ast-hfb-below-header-display":"","ast-hfb-mobile-header-display":"","site-post-title":"","ast-breadcrumbs-content":"","ast-featured-img":"","footer-sml-layout":"","theme-transparent-header-meta":"default","adv-header-id-meta":"","stick-header-meta":"","header-above-stick-meta":"","header-main-stick-meta":"","header-below-stick-meta":"","astra-migrate-meta-layouts":"set","ast-page-background-enabled":"default","ast-page-background-meta":{"desktop":{"background-color":"var(--ast-global-color-4)","background-image":"","background-repeat":"repeat","background-position":"center center","background-size":"auto","background-attachment":"scroll","background-type":"","background-media":"","overlay-type":"","overlay-color":"","overlay-opacity":"","overlay-gradient":""},"tablet":{"background-color":"","background-image":"","background-repeat":"repeat","background-position":"center center","background-size":"auto","background-attachment":"scroll","background-type":"","background-media":"","overlay-type":"","overlay-color":"","overlay-opacity":"","overlay-gradient":""},"mobile":{"background-color":"","background-image":"","background-repeat":"repeat","background-position":"center center","background-size":"auto","background-attachment":"scroll","background-type":"","background-media":"","overlay-type":"","overlay-color":"","overlay-opacity":"","overlay-gradient":""}},"ast-content-background-meta":{"desktop":{"background-color":"var(--ast-global-color-5)","background-image":"","background-repeat":"repeat","background-position":"center center","background-size":"auto","background-attachment":"scroll","background-type":"","background-media":"","overlay-type":"","overlay-color":"","overlay-opacity":"","overlay-gradient":""},"tablet":{"background-color":"var(--ast-global-color-5)","background-image":"","background-repeat":"repeat","background-position":"center center","background-size":"auto","background-attachment":"scroll","background-type":"","background-media":"","overlay-type":"","overlay-color":"","overlay-opacity":"","overlay-gradient":""},"mobile":{"background-color":"var(--ast-global-color-5)","background-image":"","background-repeat":"repeat","background-position":"center center","background-size":"auto","background-attachment":"scroll","background-type":"","background-media":"","overlay-type":"","overlay-color":"","overlay-opacity":"","overlay-gradient":""}}},"product_brand":[],"product_cat":[15],"product_tag":[],"class_list":{"0":"post-37194","1":"product","2":"type-product","3":"status-publish","4":"has-post-thumbnail","6":"product_cat-uncategorized","7":"pa_36052_h6u2ct6d-april","8":"pa_36052_h6u2ct6d-augusti","9":"pa_36052_h6u2ct6d-december","10":"pa_36052_h6u2ct6d-februari","11":"pa_36052_h6u2ct6d-januari","12":"pa_36052_h6u2ct6d-juli","13":"pa_36052_h6u2ct6d-juni","14":"pa_36052_h6u2ct6d-maj","15":"pa_36052_h6u2ct6d-mars","16":"pa_36052_h6u2ct6d-november","17":"pa_36052_h6u2ct6d-oktober","18":"pa_36052_h6u2ct6d-september","19":"desktop-align-left","20":"tablet-align-left","21":"mobile-align-left","23":"first","24":"instock","25":"shipping-taxable","26":"purchasable","27":"product-type-variable"},"_links":{"self":[{"href":"https:\/\/keluvo.com\/se\/wp-json\/wp\/v2\/product\/37194","targetHints":{"allow":["GET"]}}],"collection":[{"href":"https:\/\/keluvo.com\/se\/wp-json\/wp\/v2\/product"}],"about":[{"href":"https:\/\/keluvo.com\/se\/wp-json\/wp\/v2\/types\/product"}],"replies":[{"embeddable":true,"href":"https:\/\/keluvo.com\/se\/wp-json\/wp\/v2\/comments?post=37194"}],"wp:featuredmedia":[{"embeddable":true,"href":"https:\/\/keluvo.com\/se\/wp-json\/wp\/v2\/media\/37190"}],"wp:attachment":[{"href":"https:\/\/keluvo.com\/se\/wp-json\/wp\/v2\/media?parent=37194"}],"wp:term":[{"taxonomy":"product_brand","embeddable":true,"href":"https:\/\/keluvo.com\/se\/wp-json\/wp\/v2\/product_brand?post=37194"},{"taxonomy":"product_cat","embeddable":true,"href":"https:\/\/keluvo.com\/se\/wp-json\/wp\/v2\/product_cat?post=37194"},{"taxonomy":"product_tag","embeddable":true,"href":"https:\/\/keluvo.com\/se\/wp-json\/wp\/v2\/product_tag?post=37194"}],"curies":[{"name":"wp","href":"https:\/\/api.w.org\/{rel}","templated":true}]}}