{"id":37166,"date":"2025-09-21T10:01:56","date_gmt":"2025-09-21T07:01:56","guid":{"rendered":"https:\/\/keluvo.com\/se\/product\/laddare\/"},"modified":"2025-09-21T10:02:03","modified_gmt":"2025-09-21T07:02:03","slug":"laddare","status":"publish","type":"product","link":"https:\/\/keluvo.com\/se\/product\/laddare\/","title":{"rendered":"Laddare"},"content":{"rendered":"<p style=\"text-align: center\" data-start=\"0\" data-end=\"72\"><strong data-start=\"0\" data-end=\"72\">S\u00e4g Adj\u00f6 Till Trassliga Kablar Med Denna Tr\u00e5dl\u00f6sa Allt-I-Ett-Laddare! \u26a1<\/strong><\/p>\n<p style=\"text-align: center\" data-start=\"74\" data-end=\"330\">H\u00e5ll ditt utrymme snyggt och dina enheter str\u00f6mf\u00f6rs\u00f6rjda med denna tr\u00e5dl\u00f6sa 3-i-1-laddningsstation som \u00e4r utformad f\u00f6r Apple-produkter. Oavsett om du \u00e4r hemma, p\u00e5 jobbet eller p\u00e5 spr\u00e5ng kan du ladda din iPhone, AirPods och Apple Watch p\u00e5 en och samma g\u00e5ng &#8211; snabbt och tr\u00e5dl\u00f6st.<\/p>\n<p data-start=\"74\" data-end=\"330\"><img decoding=\"async\" class=\"size-full wp-image-32423 aligncenter\" src=\"https:\/\/keluvo.com\/template\/wp-content\/uploads\/sites\/5\/2025\/08\/072112-ezgif.com-video-to-webp-converter-1.webp\" alt=\"\" \/><\/p>\n<h2 style=\"text-align: center\" data-start=\"337\" data-end=\"356\"><strong>Huvudf\u00f6rdelar<\/strong><\/h2>\n<p data-start=\"360\" data-end=\"402\">\u26a1 Snabbladdning f\u00f6r flera Apple-enheter<\/p>\n<p data-start=\"405\" data-end=\"453\">\ud83e\uddf2 Stark magnetisk inriktning f\u00f6r s\u00e4ker laddning<\/p>\n<p data-start=\"456\" data-end=\"499\">\ud83e\uddf3 Vikbar och b\u00e4rbar &#8211; perfekt f\u00f6r resor<\/p>\n<p data-start=\"502\" data-end=\"532\">\ud83e\uddfc S\u00e4g adj\u00f6 till r\u00f6riga kablar<\/p>\n<p data-start=\"535\" data-end=\"567\">\ud83c\udf81 Bra present till alla teknik\u00e4lskare<\/p>\n<p data-start=\"535\" data-end=\"567\"><img decoding=\"async\" class=\"size-full wp-image-32420 aligncenter\" src=\"https:\/\/keluvo.com\/template\/wp-content\/uploads\/sites\/5\/2025\/08\/S3e733da8c9f44046abdb08dfa39200eat.jpg_960x960q75.jpg_.jpg\" alt=\"\" \/><\/p>\n<h2 style=\"text-align: center\" data-start=\"574\" data-end=\"591\"><strong>Hur Man Anv\u00e4nder<\/strong><\/h2>\n<ol data-start=\"593\" data-end=\"855\">\n<li data-start=\"593\" data-end=\"642\">\n<p data-start=\"596\" data-end=\"642\">Koppla in typ-C-kabeln f\u00f6r att driva laddaren.<\/p>\n<\/li>\n<li data-start=\"643\" data-end=\"684\">\n<p data-start=\"646\" data-end=\"684\">Placera din iPhone p\u00e5 den magnetiska plattan.<\/p>\n<\/li>\n<li data-start=\"685\" data-end=\"749\">\n<p data-start=\"688\" data-end=\"749\">Placera din Apple Watch och AirPods p\u00e5 sina avsedda platser.<\/p>\n<\/li>\n<li data-start=\"750\" data-end=\"803\">\n<p data-start=\"753\" data-end=\"803\">Justera betraktningsvinkeln om du anv\u00e4nder den som ett telefonst\u00e4ll.<\/p>\n<\/li>\n<li data-start=\"804\" data-end=\"855\">\n<p data-start=\"807\" data-end=\"855\">Laddningen b\u00f6rjar automatiskt &#8211; inga knappar beh\u00f6vs!<\/p>\n<\/li>\n<\/ol>\n<h2 style=\"text-align: center\" data-start=\"862\" data-end=\"884\"><strong>Produktdetaljer<\/strong><\/h2>\n<ul data-start=\"886\" data-end=\"1185\">\n<li data-start=\"930\" data-end=\"961\">\n<p data-start=\"932\" data-end=\"961\">S\u00e4ndningsomr\u00e5de: 5-8mm<\/p>\n<\/li>\n<li data-start=\"962\" data-end=\"995\">\n<p data-start=\"964\" data-end=\"995\">Kraftomvandlingsfrekvens: \u226580%<\/p>\n<\/li>\n<li data-start=\"996\" data-end=\"1023\">\n<p data-start=\"998\" data-end=\"1023\">Gr\u00e4nssnitt: USB Type-C<\/p>\n<\/li>\n<li data-start=\"1024\" data-end=\"1130\">\n<p data-start=\"1026\" data-end=\"1130\">Kompatibel med: iPhone 11-14-serien, Apple Watch och AirPods<\/p>\n<\/li>\n<li data-start=\"1131\" data-end=\"1185\">\n<p data-start=\"1133\" data-end=\"1185\">Rejsev\u00e4nlig: L\u00e4tt och vikbar design<\/p>\n<\/li>\n<\/ul>\n<h2 style=\"text-align: center\" data-start=\"1192\" data-end=\"1215\"><strong>Paketet Inneh\u00e5ller<\/strong><\/h2>\n<ul data-start=\"1217\" data-end=\"1285\">\n<li data-start=\"1217\" data-end=\"1256\">\n<p data-start=\"1219\" data-end=\"1256\">1x 3-i-1-laddare<\/p>\n<\/li>\n<li data-start=\"1257\" data-end=\"1285\">\n<p data-start=\"1259\" data-end=\"1285\">1x Typ-C-laddningskabel.<\/p>\n<\/li>\n<\/ul>\n","protected":false},"excerpt":{"rendered":"<p>S\u00e4g Adj\u00f6 Till Trassliga Kablar Med Denna Tr\u00e5dl\u00f6sa Allt-I-Ett-Laddare! \u26a1 H\u00e5ll ditt utrymme snyggt och dina enheter str\u00f6mf\u00f6rs\u00f6rjda med denna [&hellip;]<\/p>\n","protected":false},"featured_media":37162,"comment_status":"open","ping_status":"closed","template":"","meta":{"site-sidebar-layout":"default","site-content-layout":"","ast-site-content-layout":"default","site-content-style":"default","site-sidebar-style":"default","ast-global-header-display":"","ast-banner-title-visibility":"","ast-main-header-display":"","ast-hfb-above-header-display":"","ast-hfb-below-header-display":"","ast-hfb-mobile-header-display":"","site-post-title":"","ast-breadcrumbs-content":"","ast-featured-img":"","footer-sml-layout":"","theme-transparent-header-meta":"default","adv-header-id-meta":"","stick-header-meta":"","header-above-stick-meta":"","header-main-stick-meta":"","header-below-stick-meta":"","astra-migrate-meta-layouts":"set","ast-page-background-enabled":"default","ast-page-background-meta":{"desktop":{"background-color":"var(--ast-global-color-4)","background-image":"","background-repeat":"repeat","background-position":"center center","background-size":"auto","background-attachment":"scroll","background-type":"","background-media":"","overlay-type":"","overlay-color":"","overlay-opacity":"","overlay-gradient":""},"tablet":{"background-color":"","background-image":"","background-repeat":"repeat","background-position":"center center","background-size":"auto","background-attachment":"scroll","background-type":"","background-media":"","overlay-type":"","overlay-color":"","overlay-opacity":"","overlay-gradient":""},"mobile":{"background-color":"","background-image":"","background-repeat":"repeat","background-position":"center center","background-size":"auto","background-attachment":"scroll","background-type":"","background-media":"","overlay-type":"","overlay-color":"","overlay-opacity":"","overlay-gradient":""}},"ast-content-background-meta":{"desktop":{"background-color":"var(--ast-global-color-5)","background-image":"","background-repeat":"repeat","background-position":"center center","background-size":"auto","background-attachment":"scroll","background-type":"","background-media":"","overlay-type":"","overlay-color":"","overlay-opacity":"","overlay-gradient":""},"tablet":{"background-color":"var(--ast-global-color-5)","background-image":"","background-repeat":"repeat","background-position":"center center","background-size":"auto","background-attachment":"scroll","background-type":"","background-media":"","overlay-type":"","overlay-color":"","overlay-opacity":"","overlay-gradient":""},"mobile":{"background-color":"var(--ast-global-color-5)","background-image":"","background-repeat":"repeat","background-position":"center center","background-size":"auto","background-attachment":"scroll","background-type":"","background-media":"","overlay-type":"","overlay-color":"","overlay-opacity":"","overlay-gradient":""}}},"product_brand":[],"product_cat":[15],"product_tag":[],"class_list":{"0":"post-37166","1":"product","2":"type-product","3":"status-publish","4":"has-post-thumbnail","6":"product_cat-uncategorized","7":"pa_30344_176sn74q-svart","8":"pa_30344_176sn74q-vit","9":"desktop-align-left","10":"tablet-align-left","11":"mobile-align-left","13":"first","14":"instock","15":"shipping-taxable","16":"purchasable","17":"product-type-variable"},"_links":{"self":[{"href":"https:\/\/keluvo.com\/se\/wp-json\/wp\/v2\/product\/37166","targetHints":{"allow":["GET"]}}],"collection":[{"href":"https:\/\/keluvo.com\/se\/wp-json\/wp\/v2\/product"}],"about":[{"href":"https:\/\/keluvo.com\/se\/wp-json\/wp\/v2\/types\/product"}],"replies":[{"embeddable":true,"href":"https:\/\/keluvo.com\/se\/wp-json\/wp\/v2\/comments?post=37166"}],"wp:featuredmedia":[{"embeddable":true,"href":"https:\/\/keluvo.com\/se\/wp-json\/wp\/v2\/media\/37162"}],"wp:attachment":[{"href":"https:\/\/keluvo.com\/se\/wp-json\/wp\/v2\/media?parent=37166"}],"wp:term":[{"taxonomy":"product_brand","embeddable":true,"href":"https:\/\/keluvo.com\/se\/wp-json\/wp\/v2\/product_brand?post=37166"},{"taxonomy":"product_cat","embeddable":true,"href":"https:\/\/keluvo.com\/se\/wp-json\/wp\/v2\/product_cat?post=37166"},{"taxonomy":"product_tag","embeddable":true,"href":"https:\/\/keluvo.com\/se\/wp-json\/wp\/v2\/product_tag?post=37166"}],"curies":[{"name":"wp","href":"https:\/\/api.w.org\/{rel}","templated":true}]}}