{"id":37124,"date":"2025-09-21T09:59:54","date_gmt":"2025-09-21T06:59:54","guid":{"rendered":"https:\/\/keluvo.com\/se\/product\/halkfria-underlagg\/"},"modified":"2025-10-14T18:34:56","modified_gmt":"2025-10-14T15:34:56","slug":"halkfria-underlagg","status":"publish","type":"product","link":"https:\/\/keluvo.com\/se\/product\/halkfria-underlagg\/","title":{"rendered":"Halkfria underl\u00e4gg"},"content":{"rendered":"<p style=\"text-align: center\" data-start=\"0\" data-end=\"39\"><strong data-start=\"0\" data-end=\"37\">Halkfria underl\u00e4gg \ud83c\udfe1<\/strong><\/p>\n<p style=\"text-align: center\" data-start=\"41\" data-end=\"272\">H\u00e5ll dina mattor perfekt p\u00e5 plats med dessa \u00e5teranv\u00e4ndbara, halkfria underl\u00e4gg. De \u00e4r utformade med starkt h\u00e4ft\u00e4mne och slitstarkt material och f\u00f6rhindrar att h\u00f6rn b\u00f6js, glider eller flyttas &#8211; vilket g\u00f6r ditt hem s\u00e4krare och snyggare.<\/p>\n<p data-start=\"41\" data-end=\"272\"><img decoding=\"async\" class=\"size-full wp-image-32383 aligncenter\" src=\"https:\/\/keluvo.com\/template\/wp-content\/uploads\/sites\/5\/2025\/08\/c0141bf1-ac8e-41ed-876d-9aa53917440d.jpg\" alt=\"\" \/><\/p>\n<h2 style=\"text-align: center\" data-start=\"279\" data-end=\"301\"><strong>Main Benefits<\/strong><\/h2>\n<p data-start=\"304\" data-end=\"372\">\ud83d\udee1\ufe0f F\u00f6rhindrar halka &amp; olyckor &#8211; h\u00e5ller mattor s\u00e4kra p\u00e5 alla golv<\/p>\n<p data-start=\"375\" data-end=\"424\">\ud83d\udd04 \u00c5teranv\u00e4ndbar design &#8211; l\u00e4tt att reng\u00f6ra och klistra igen<\/p>\n<p data-start=\"427\" data-end=\"493\">\ud83d\udcd0 Osynlig &amp; smal &#8211; passar perfekt under mattans h\u00f6rn utan att vara f\u00f6r stor<\/p>\n<p data-start=\"496\" data-end=\"562\">\ud83e\uddfc L\u00e4tt att underh\u00e5lla &#8211; torka bara av med vatten f\u00f6r att \u00e5terst\u00e4lla klibbigheten<\/p>\n<p data-start=\"565\" data-end=\"626\">\ud83c\udfe0 Fungerar p\u00e5 alla ytor &#8211; tr\u00e4, kakel, laminat eller marmor<\/p>\n<p data-start=\"565\" data-end=\"626\"><img decoding=\"async\" class=\"size-full wp-image-32388 aligncenter\" src=\"https:\/\/keluvo.com\/template\/wp-content\/uploads\/sites\/5\/2025\/08\/916c38fc-e550-43d1-afab-521a1eda1b52.webp\" alt=\"\" \/><\/p>\n<h2 style=\"text-align: center\" data-start=\"633\" data-end=\"652\"><strong>How To Use<\/strong><\/h2>\n<ol data-start=\"653\" data-end=\"827\">\n<li data-start=\"653\" data-end=\"687\">\n<p data-start=\"656\" data-end=\"687\">Ta bort skyddsfilmen.<\/p>\n<\/li>\n<li data-start=\"688\" data-end=\"739\">\n<p data-start=\"691\" data-end=\"739\">Klistra fast varje underl\u00e4gg i h\u00f6rnen p\u00e5 din matta.<\/p>\n<\/li>\n<li data-start=\"740\" data-end=\"784\">\n<p data-start=\"743\" data-end=\"784\">tryck h\u00e5rt f\u00f6r att f\u00e4sta det p\u00e5 golvet.<\/p>\n<\/li>\n<li data-start=\"785\" data-end=\"827\">\n<p data-start=\"788\" data-end=\"827\">ta bort och sk\u00f6lj med vatten f\u00f6r att \u00e5teranv\u00e4nda.<\/p>\n<\/li>\n<\/ol>\n<h2 style=\"text-align: center\" data-start=\"834\" data-end=\"858\"><strong>Product Details<\/strong><\/h2>\n<ul data-start=\"859\" data-end=\"972\">\n<li data-start=\"859\" data-end=\"890\">\n<p data-start=\"861\" data-end=\"890\">Material: PU + silikongel<\/p>\n<\/li>\n<li data-start=\"891\" data-end=\"921\">\n<p data-start=\"893\" data-end=\"921\">Form: triangul\u00e4ra underl\u00e4gg<\/p>\n<\/li>\n<li data-start=\"922\" data-end=\"955\">\n<p data-start=\"924\" data-end=\"955\">Storlek: ca 15,5 x 11 x 7,7 cm vardera<\/p>\n<\/li>\n<li data-start=\"956\" data-end=\"972\">\n<p data-start=\"958\" data-end=\"972\">F\u00e4rg: svart<\/p>\n<\/li>\n<\/ul>\n<h2 style=\"text-align: center\" data-start=\"979\" data-end=\"1004\"><strong>Package Includes<\/strong><\/h2>\n<ul data-start=\"1005\" data-end=\"1035\">\n<li data-start=\"1005\" data-end=\"1035\">\n<p data-start=\"1007\" data-end=\"1035\">4, 8, 12x halkfria underl\u00e4gg.<\/p>\n<\/li>\n<\/ul>\n","protected":false},"excerpt":{"rendered":"<p>Halkfria underl\u00e4gg \ud83c\udfe1 H\u00e5ll dina mattor perfekt p\u00e5 plats med dessa \u00e5teranv\u00e4ndbara, halkfria underl\u00e4gg. De \u00e4r utformade med starkt h\u00e4ft\u00e4mne [&hellip;]<\/p>\n","protected":false},"featured_media":37120,"comment_status":"open","ping_status":"closed","template":"","meta":{"site-sidebar-layout":"default","site-content-layout":"","ast-site-content-layout":"default","site-content-style":"default","site-sidebar-style":"default","ast-global-header-display":"","ast-banner-title-visibility":"","ast-main-header-display":"","ast-hfb-above-header-display":"","ast-hfb-below-header-display":"","ast-hfb-mobile-header-display":"","site-post-title":"","ast-breadcrumbs-content":"","ast-featured-img":"","footer-sml-layout":"","theme-transparent-header-meta":"default","adv-header-id-meta":"","stick-header-meta":"","header-above-stick-meta":"","header-main-stick-meta":"","header-below-stick-meta":"","astra-migrate-meta-layouts":"set","ast-page-background-enabled":"default","ast-page-background-meta":{"desktop":{"background-color":"var(--ast-global-color-4)","background-image":"","background-repeat":"repeat","background-position":"center center","background-size":"auto","background-attachment":"scroll","background-type":"","background-media":"","overlay-type":"","overlay-color":"","overlay-opacity":"","overlay-gradient":""},"tablet":{"background-color":"","background-image":"","background-repeat":"repeat","background-position":"center center","background-size":"auto","background-attachment":"scroll","background-type":"","background-media":"","overlay-type":"","overlay-color":"","overlay-opacity":"","overlay-gradient":""},"mobile":{"background-color":"","background-image":"","background-repeat":"repeat","background-position":"center center","background-size":"auto","background-attachment":"scroll","background-type":"","background-media":"","overlay-type":"","overlay-color":"","overlay-opacity":"","overlay-gradient":""}},"ast-content-background-meta":{"desktop":{"background-color":"var(--ast-global-color-5)","background-image":"","background-repeat":"repeat","background-position":"center center","background-size":"auto","background-attachment":"scroll","background-type":"","background-media":"","overlay-type":"","overlay-color":"","overlay-opacity":"","overlay-gradient":""},"tablet":{"background-color":"var(--ast-global-color-5)","background-image":"","background-repeat":"repeat","background-position":"center center","background-size":"auto","background-attachment":"scroll","background-type":"","background-media":"","overlay-type":"","overlay-color":"","overlay-opacity":"","overlay-gradient":""},"mobile":{"background-color":"var(--ast-global-color-5)","background-image":"","background-repeat":"repeat","background-position":"center center","background-size":"auto","background-attachment":"scroll","background-type":"","background-media":"","overlay-type":"","overlay-color":"","overlay-opacity":"","overlay-gradient":""}}},"product_brand":[],"product_cat":[1001],"product_tag":[],"class_list":{"0":"post-37124","1":"product","2":"type-product","3":"status-publish","4":"has-post-thumbnail","6":"product_cat-household-goods","7":"pa_20266_kfp1kp8c-12-st","8":"pa_20266_kfp1kp8c-4-st","9":"pa_20266_kfp1kp8c-8-st","10":"desktop-align-left","11":"tablet-align-left","12":"mobile-align-left","14":"first","15":"instock","16":"shipping-taxable","17":"purchasable","18":"product-type-variable"},"_links":{"self":[{"href":"https:\/\/keluvo.com\/se\/wp-json\/wp\/v2\/product\/37124","targetHints":{"allow":["GET"]}}],"collection":[{"href":"https:\/\/keluvo.com\/se\/wp-json\/wp\/v2\/product"}],"about":[{"href":"https:\/\/keluvo.com\/se\/wp-json\/wp\/v2\/types\/product"}],"replies":[{"embeddable":true,"href":"https:\/\/keluvo.com\/se\/wp-json\/wp\/v2\/comments?post=37124"}],"wp:featuredmedia":[{"embeddable":true,"href":"https:\/\/keluvo.com\/se\/wp-json\/wp\/v2\/media\/37120"}],"wp:attachment":[{"href":"https:\/\/keluvo.com\/se\/wp-json\/wp\/v2\/media?parent=37124"}],"wp:term":[{"taxonomy":"product_brand","embeddable":true,"href":"https:\/\/keluvo.com\/se\/wp-json\/wp\/v2\/product_brand?post=37124"},{"taxonomy":"product_cat","embeddable":true,"href":"https:\/\/keluvo.com\/se\/wp-json\/wp\/v2\/product_cat?post=37124"},{"taxonomy":"product_tag","embeddable":true,"href":"https:\/\/keluvo.com\/se\/wp-json\/wp\/v2\/product_tag?post=37124"}],"curies":[{"name":"wp","href":"https:\/\/api.w.org\/{rel}","templated":true}]}}