{"id":37093,"date":"2025-09-21T09:58:06","date_gmt":"2025-09-21T06:58:06","guid":{"rendered":"https:\/\/keluvo.com\/se\/product\/prydnadsforemal-av-tra\/"},"modified":"2025-09-21T09:58:17","modified_gmt":"2025-09-21T06:58:17","slug":"prydnadsforemal-av-tra","status":"publish","type":"product","link":"https:\/\/keluvo.com\/se\/product\/prydnadsforemal-av-tra\/","title":{"rendered":"Prydnadsf\u00f6rem\u00e5l av tr\u00e4"},"content":{"rendered":"<p style=\"text-align: center\" data-start=\"0\" data-end=\"62\"><strong data-start=\"0\" data-end=\"60\">Hj\u00e4rtformade Tr\u00e4prydnader \u2013 En G\u00e5va Full Av K\u00e4rlek \u2764\ufe0f\ud83c\udf3f<\/strong><\/p>\n<p style=\"text-align: center\" data-start=\"64\" data-end=\"367\">Visa n\u00e5gon speciell hur mycket de betyder f\u00f6r dig med dessa vackert handgjorda tr\u00e4prydnader i form av hj\u00e4rtan. De \u00e4r tillverkade av naturligt tr\u00e4 och behandlade med omsorg, och varje prydnad b\u00e4r p\u00e5 v\u00e4rme, k\u00e4rlek och tidl\u00f6s charm &#8211; perfekt f\u00f6r alla hj\u00e4rtans dag, \u00e5rsdagar, br\u00f6llop eller helt enkelt som en omt\u00e4nksam vardagspresent.<\/p>\n<p data-start=\"64\" data-end=\"367\"><img decoding=\"async\" class=\"size-full wp-image-32356 aligncenter\" src=\"https:\/\/keluvo.com\/template\/wp-content\/uploads\/sites\/5\/2025\/08\/HHeH2Am3YIppPCu2AIo8.jpg\" alt=\"\" \/><\/p>\n<h2 style=\"text-align: center\" data-start=\"374\" data-end=\"396\">\ud83c\udf1f Main Benefits<\/h2>\n<p data-start=\"399\" data-end=\"458\">\u2764\ufe0f Unik handgjord design \u2013 varje bit k\u00e4nns personlig<\/p>\n<p data-start=\"461\" data-end=\"507\">\ud83c\udf3f 100% naturligt tr\u00e4, inga fl\u00e4ckar eller f\u00e4rg\u00e4mnen anv\u00e4nds<\/p>\n<p data-start=\"510\" data-end=\"575\">\ud83c\udf81 Perfekt present till alla hj\u00e4rtans dag, br\u00f6llop eller \u00e5rsdagar<\/p>\n<p data-start=\"578\" data-end=\"646\">\u2728 Kan anv\u00e4ndas som nyckelringar, v\u00e4sktillbeh\u00f6r, magneter eller bildekor<\/p>\n<p data-start=\"649\" data-end=\"709\">\ud83d\udc8e Sl\u00e4t finish med naturligt vax f\u00f6r h\u00e5llbarhet och glans<\/p>\n<p data-start=\"649\" data-end=\"709\"><img decoding=\"async\" class=\"size-full wp-image-32360 aligncenter\" src=\"https:\/\/keluvo.com\/template\/wp-content\/uploads\/sites\/5\/2025\/08\/c1e1f456-3248-4936-a7a9-84b00c59a028.webp\" alt=\"\" \/><\/p>\n<h2 style=\"text-align: center\" data-start=\"716\" data-end=\"737\">\ud83d\udccc Hur Man Anv\u00e4nder<\/h2>\n<ol data-start=\"738\" data-end=\"904\">\n<li data-start=\"738\" data-end=\"784\">\n<p data-start=\"741\" data-end=\"784\">V\u00e4lj din favorit hj\u00e4rtformade design.<\/p>\n<\/li>\n<li data-start=\"785\" data-end=\"842\">\n<p data-start=\"788\" data-end=\"842\">Anv\u00e4nd den som dekoration, g\u00e5va eller personlig accessoar.<\/p>\n<\/li>\n<li data-start=\"843\" data-end=\"904\">\n<p data-start=\"846\" data-end=\"904\">dela den med n\u00e5gon du \u00e4lskar som ett meningsfullt minne.<\/p>\n<\/li>\n<\/ol>\n<h2 style=\"text-align: center\" data-start=\"911\" data-end=\"935\">\ud83d\udccf Produktdetaljer<\/h2>\n<ul data-start=\"936\" data-end=\"1035\">\n<li data-start=\"936\" data-end=\"962\">\n<p data-start=\"938\" data-end=\"962\">Material: naturligt tr\u00e4<\/p>\n<\/li>\n<li data-start=\"963\" data-end=\"992\">\n<p data-start=\"965\" data-end=\"992\">Storlek: ca 6-7 cm h\u00f6g<\/p>\n<\/li>\n<li data-start=\"993\" data-end=\"1035\">\n<p data-start=\"995\" data-end=\"1035\">Finish: polerad med naturligt tr\u00e4vax<\/p>\n<\/li>\n<\/ul>\n<h2 style=\"text-align: center\" data-start=\"1042\" data-end=\"1067\">\ud83d\udce6 Paketet Inneh\u00e5ller<\/h2>\n<ul data-start=\"1068\" data-end=\"1104\">\n<li data-start=\"1068\" data-end=\"1104\">\n<p data-start=\"1070\" data-end=\"1104\">1x hj\u00e4rtformad tr\u00e4prydnad.<\/p>\n<\/li>\n<\/ul>\n","protected":false},"excerpt":{"rendered":"<p>Hj\u00e4rtformade Tr\u00e4prydnader \u2013 En G\u00e5va Full Av K\u00e4rlek \u2764\ufe0f\ud83c\udf3f Visa n\u00e5gon speciell hur mycket de betyder f\u00f6r dig med dessa [&hellip;]<\/p>\n","protected":false},"featured_media":37089,"comment_status":"open","ping_status":"closed","template":"","meta":{"site-sidebar-layout":"default","site-content-layout":"","ast-site-content-layout":"default","site-content-style":"default","site-sidebar-style":"default","ast-global-header-display":"","ast-banner-title-visibility":"","ast-main-header-display":"","ast-hfb-above-header-display":"","ast-hfb-below-header-display":"","ast-hfb-mobile-header-display":"","site-post-title":"","ast-breadcrumbs-content":"","ast-featured-img":"","footer-sml-layout":"","theme-transparent-header-meta":"default","adv-header-id-meta":"","stick-header-meta":"","header-above-stick-meta":"","header-main-stick-meta":"","header-below-stick-meta":"","astra-migrate-meta-layouts":"set","ast-page-background-enabled":"default","ast-page-background-meta":{"desktop":{"background-color":"var(--ast-global-color-4)","background-image":"","background-repeat":"repeat","background-position":"center center","background-size":"auto","background-attachment":"scroll","background-type":"","background-media":"","overlay-type":"","overlay-color":"","overlay-opacity":"","overlay-gradient":""},"tablet":{"background-color":"","background-image":"","background-repeat":"repeat","background-position":"center center","background-size":"auto","background-attachment":"scroll","background-type":"","background-media":"","overlay-type":"","overlay-color":"","overlay-opacity":"","overlay-gradient":""},"mobile":{"background-color":"","background-image":"","background-repeat":"repeat","background-position":"center center","background-size":"auto","background-attachment":"scroll","background-type":"","background-media":"","overlay-type":"","overlay-color":"","overlay-opacity":"","overlay-gradient":""}},"ast-content-background-meta":{"desktop":{"background-color":"var(--ast-global-color-5)","background-image":"","background-repeat":"repeat","background-position":"center center","background-size":"auto","background-attachment":"scroll","background-type":"","background-media":"","overlay-type":"","overlay-color":"","overlay-opacity":"","overlay-gradient":""},"tablet":{"background-color":"var(--ast-global-color-5)","background-image":"","background-repeat":"repeat","background-position":"center center","background-size":"auto","background-attachment":"scroll","background-type":"","background-media":"","overlay-type":"","overlay-color":"","overlay-opacity":"","overlay-gradient":""},"mobile":{"background-color":"var(--ast-global-color-5)","background-image":"","background-repeat":"repeat","background-position":"center center","background-size":"auto","background-attachment":"scroll","background-type":"","background-media":"","overlay-type":"","overlay-color":"","overlay-opacity":"","overlay-gradient":""}}},"product_brand":[],"product_cat":[993],"product_tag":[],"class_list":{"0":"post-37093","1":"product","2":"type-product","3":"status-publish","4":"has-post-thumbnail","6":"product_cat-footwear-accessories","7":"pa_32239_8xntrxzu-a","8":"pa_32239_8xntrxzu-b","9":"pa_32239_8xntrxzu-c","10":"pa_32239_8xntrxzu-d","11":"desktop-align-left","12":"tablet-align-left","13":"mobile-align-left","15":"first","16":"instock","17":"shipping-taxable","18":"purchasable","19":"product-type-variable"},"_links":{"self":[{"href":"https:\/\/keluvo.com\/se\/wp-json\/wp\/v2\/product\/37093","targetHints":{"allow":["GET"]}}],"collection":[{"href":"https:\/\/keluvo.com\/se\/wp-json\/wp\/v2\/product"}],"about":[{"href":"https:\/\/keluvo.com\/se\/wp-json\/wp\/v2\/types\/product"}],"replies":[{"embeddable":true,"href":"https:\/\/keluvo.com\/se\/wp-json\/wp\/v2\/comments?post=37093"}],"wp:featuredmedia":[{"embeddable":true,"href":"https:\/\/keluvo.com\/se\/wp-json\/wp\/v2\/media\/37089"}],"wp:attachment":[{"href":"https:\/\/keluvo.com\/se\/wp-json\/wp\/v2\/media?parent=37093"}],"wp:term":[{"taxonomy":"product_brand","embeddable":true,"href":"https:\/\/keluvo.com\/se\/wp-json\/wp\/v2\/product_brand?post=37093"},{"taxonomy":"product_cat","embeddable":true,"href":"https:\/\/keluvo.com\/se\/wp-json\/wp\/v2\/product_cat?post=37093"},{"taxonomy":"product_tag","embeddable":true,"href":"https:\/\/keluvo.com\/se\/wp-json\/wp\/v2\/product_tag?post=37093"}],"curies":[{"name":"wp","href":"https:\/\/api.w.org\/{rel}","templated":true}]}}