{"id":37022,"date":"2025-09-21T09:54:55","date_gmt":"2025-09-21T06:54:55","guid":{"rendered":"https:\/\/keluvo.com\/se\/product\/naltradare\/"},"modified":"2025-10-20T15:37:22","modified_gmt":"2025-10-20T12:37:22","slug":"naltradare","status":"publish","type":"product","link":"https:\/\/keluvo.com\/se\/product\/naltradare\/","title":{"rendered":"N\u00e5ltr\u00e4dare (10 st)"},"content":{"rendered":"<p style=\"text-align: center;\" data-start=\"0\" data-end=\"57\">N\u00e5ltr\u00e4dare &#8211; enkelt att tr\u00e4 n\u00e5lar \ud83e\uddf5\u2728<\/p>\n<p style=\"text-align: center;\" data-start=\"59\" data-end=\"343\">S\u00e4g hejd\u00e5 till besv\u00e4ret med att tr\u00e4 n\u00e5lar. Med den h\u00e4r praktiska n\u00e5ltr\u00e4daren kan du enkelt och snabbt f\u00f6ra tr\u00e5d genom \u00e4ven det minsta n\u00e5ls\u00f6gat. Perfekt f\u00f6r s\u00f6mnad, broderi och hantverk &#8211; den sparar tid, minskar belastningen p\u00e5 \u00f6gonen och g\u00f6r s\u00f6mnad tillg\u00e4nglig f\u00f6r alla.<\/p>\n<p data-start=\"59\" data-end=\"343\"><img decoding=\"async\" class=\"size-full wp-image-32298 aligncenter\" src=\"https:\/\/keluvo.com\/template\/wp-content\/uploads\/sites\/5\/2025\/08\/giphy_0a3d48e2-9643-4c7f-be81-3b3c2b2bc866_480x480.webp\" alt=\"\" \/><\/p>\n<h2 style=\"text-align: center;\" data-start=\"350\" data-end=\"372\">Huvudf\u00f6rdelar<\/h2>\n<p data-start=\"375\" data-end=\"426\">\ud83d\udc40 Inget mer kisande &#8211; tr\u00e4r n\u00e5lar p\u00e5 n\u00e5gra sekunder<\/p>\n<p data-start=\"429\" data-end=\"482\">\ud83e\uddf5 Fungerar f\u00f6r s\u00f6mnad, broderi och hantverksprojekt<\/p>\n<p data-start=\"429\" data-end=\"482\">\ud83d\ude4c L\u00e4tt f\u00f6r nyb\u00f6rjare, \u00e4ldre eller andra med nedsatt syn<\/p>\n<p data-start=\"550\" data-end=\"586\">\ud83e\udea1 Passar de flesta standardn\u00e5lstorlekar<\/p>\n<p data-start=\"589\" data-end=\"641\">\ud83d\udce6 Levereras i ett paket om 10<\/p>\n<p data-start=\"589\" data-end=\"641\"><img decoding=\"async\" class=\"size-full wp-image-32299 aligncenter\" src=\"https:\/\/keluvo.com\/template\/wp-content\/uploads\/sites\/5\/2025\/08\/giphy-2_4f6b75eb-00cf-4bb6-a698-c670a470f136_480x480.webp\" alt=\"\" \/><\/p>\n<h2 style=\"text-align: center;\" data-start=\"648\" data-end=\"669\">Anv\u00e4nd s\u00e5 h\u00e4r<\/h2>\n<ol data-start=\"670\" data-end=\"840\">\n<li data-start=\"670\" data-end=\"718\">\n<p data-start=\"673\" data-end=\"718\">Inf\u00f6r n\u00e5len i tr\u00e4darens sp\u00e5r.<\/p>\n<\/li>\n<li data-start=\"719\" data-end=\"781\">\n<p data-start=\"722\" data-end=\"781\">Tryck p\u00e5 spaken f\u00f6r att f\u00f6ra tr\u00e5den genom n\u00e5ls\u00f6gat.<\/p>\n<\/li>\n<li data-start=\"782\" data-end=\"840\">\n<p data-start=\"785\" data-end=\"840\">Dra ut n\u00e5len &#8211; den \u00e4r tr\u00e4dd och klar att anv\u00e4nda!<\/p>\n<\/li>\n<\/ol>\n<h2 style=\"text-align: center;\" data-start=\"847\" data-end=\"871\">Produktdetaljer<\/h2>\n<ul data-start=\"872\" data-end=\"1012\">\n<li data-start=\"872\" data-end=\"914\">\n<p data-start=\"874\" data-end=\"914\">Material: h\u00e5llbar plast + metalltr\u00e5d<\/p>\n<\/li>\n<li data-start=\"915\" data-end=\"956\">\n<p data-start=\"917\" data-end=\"956\">F\u00e4rg: slumpm\u00e4ssiga f\u00e4rger<\/p>\n<\/li>\n<li data-start=\"957\" data-end=\"992\">\n<p data-start=\"959\" data-end=\"992\">Storlek: kompakt och l\u00e4tt att f\u00f6rvara<\/p>\n<\/li>\n<li data-start=\"993\" data-end=\"1012\">\n<p data-start=\"995\" data-end=\"1012\">Kvantitet: 10 st<\/p>\n<\/li>\n<\/ul>\n<h2 style=\"text-align: center;\" data-start=\"1019\" data-end=\"1044\">F\u00f6rpackningen inneh\u00e5ller<\/h2>\n<ul data-start=\"1045\" data-end=\"1069\">\n<li data-start=\"1045\" data-end=\"1069\">\n<p data-start=\"1047\" data-end=\"1069\">10x n\u00e5ltr\u00e4dare (slumpm\u00e4ssiga f\u00e4rger).<\/p>\n<\/li>\n<\/ul>\n","protected":false},"excerpt":{"rendered":"<p>N\u00e5ltr\u00e4dare &#8211; enkelt att tr\u00e4 n\u00e5lar \ud83e\uddf5\u2728 S\u00e4g hejd\u00e5 till besv\u00e4ret med att tr\u00e4 n\u00e5lar. Med den h\u00e4r praktiska n\u00e5ltr\u00e4daren [&hellip;]<\/p>\n","protected":false},"featured_media":37018,"comment_status":"open","ping_status":"closed","template":"","meta":{"site-sidebar-layout":"default","site-content-layout":"","ast-site-content-layout":"default","site-content-style":"default","site-sidebar-style":"default","ast-global-header-display":"","ast-banner-title-visibility":"","ast-main-header-display":"","ast-hfb-above-header-display":"","ast-hfb-below-header-display":"","ast-hfb-mobile-header-display":"","site-post-title":"","ast-breadcrumbs-content":"","ast-featured-img":"","footer-sml-layout":"","theme-transparent-header-meta":"default","adv-header-id-meta":"","stick-header-meta":"","header-above-stick-meta":"","header-main-stick-meta":"","header-below-stick-meta":"","astra-migrate-meta-layouts":"set","ast-page-background-enabled":"default","ast-page-background-meta":{"desktop":{"background-color":"var(--ast-global-color-4)","background-image":"","background-repeat":"repeat","background-position":"center center","background-size":"auto","background-attachment":"scroll","background-type":"","background-media":"","overlay-type":"","overlay-color":"","overlay-opacity":"","overlay-gradient":""},"tablet":{"background-color":"","background-image":"","background-repeat":"repeat","background-position":"center center","background-size":"auto","background-attachment":"scroll","background-type":"","background-media":"","overlay-type":"","overlay-color":"","overlay-opacity":"","overlay-gradient":""},"mobile":{"background-color":"","background-image":"","background-repeat":"repeat","background-position":"center center","background-size":"auto","background-attachment":"scroll","background-type":"","background-media":"","overlay-type":"","overlay-color":"","overlay-opacity":"","overlay-gradient":""}},"ast-content-background-meta":{"desktop":{"background-color":"var(--ast-global-color-5)","background-image":"","background-repeat":"repeat","background-position":"center center","background-size":"auto","background-attachment":"scroll","background-type":"","background-media":"","overlay-type":"","overlay-color":"","overlay-opacity":"","overlay-gradient":""},"tablet":{"background-color":"var(--ast-global-color-5)","background-image":"","background-repeat":"repeat","background-position":"center center","background-size":"auto","background-attachment":"scroll","background-type":"","background-media":"","overlay-type":"","overlay-color":"","overlay-opacity":"","overlay-gradient":""},"mobile":{"background-color":"var(--ast-global-color-5)","background-image":"","background-repeat":"repeat","background-position":"center center","background-size":"auto","background-attachment":"scroll","background-type":"","background-media":"","overlay-type":"","overlay-color":"","overlay-opacity":"","overlay-gradient":""}}},"product_brand":[],"product_cat":[1001],"product_tag":[],"class_list":{"0":"post-37022","1":"product","2":"type-product","3":"status-publish","4":"has-post-thumbnail","6":"product_cat-household-goods","7":"desktop-align-left","8":"tablet-align-left","9":"mobile-align-left","11":"first","12":"instock","13":"shipping-taxable","14":"purchasable","15":"product-type-simple"},"_links":{"self":[{"href":"https:\/\/keluvo.com\/se\/wp-json\/wp\/v2\/product\/37022","targetHints":{"allow":["GET"]}}],"collection":[{"href":"https:\/\/keluvo.com\/se\/wp-json\/wp\/v2\/product"}],"about":[{"href":"https:\/\/keluvo.com\/se\/wp-json\/wp\/v2\/types\/product"}],"replies":[{"embeddable":true,"href":"https:\/\/keluvo.com\/se\/wp-json\/wp\/v2\/comments?post=37022"}],"wp:featuredmedia":[{"embeddable":true,"href":"https:\/\/keluvo.com\/se\/wp-json\/wp\/v2\/media\/37018"}],"wp:attachment":[{"href":"https:\/\/keluvo.com\/se\/wp-json\/wp\/v2\/media?parent=37022"}],"wp:term":[{"taxonomy":"product_brand","embeddable":true,"href":"https:\/\/keluvo.com\/se\/wp-json\/wp\/v2\/product_brand?post=37022"},{"taxonomy":"product_cat","embeddable":true,"href":"https:\/\/keluvo.com\/se\/wp-json\/wp\/v2\/product_cat?post=37022"},{"taxonomy":"product_tag","embeddable":true,"href":"https:\/\/keluvo.com\/se\/wp-json\/wp\/v2\/product_tag?post=37022"}],"curies":[{"name":"wp","href":"https:\/\/api.w.org\/{rel}","templated":true}]}}