{"id":37001,"date":"2025-09-21T09:54:07","date_gmt":"2025-09-21T06:54:07","guid":{"rendered":"https:\/\/keluvo.com\/se\/product\/set-med-penslar\/"},"modified":"2025-09-21T09:54:21","modified_gmt":"2025-09-21T06:54:21","slug":"set-med-penslar","status":"publish","type":"product","link":"https:\/\/keluvo.com\/se\/product\/set-med-penslar\/","title":{"rendered":"Set med penslar"},"content":{"rendered":"<p style=\"text-align: center\" data-start=\"0\" data-end=\"70\"><strong data-start=\"0\" data-end=\"68\">Penselsats F\u00f6r Fina Detaljer \u2013 Precision F\u00f6r Varje M\u00e4sterverk \ud83c\udfa8<\/strong><\/p>\n<p style=\"text-align: center\" data-start=\"72\" data-end=\"328\">V\u00e4ck din konst till liv med denna penselsats f\u00f6r fina detaljer. De h\u00e4r penslarna \u00e4r utformade f\u00f6r precision och kontroll och \u00e4r perfekta f\u00f6r invecklade m\u00f6nster, miniatyrm\u00e5lning, modelldetaljer och alla projekt som kr\u00e4ver en stadig hand och mjuka penseldrag.<\/p>\n<p data-start=\"72\" data-end=\"328\"><img decoding=\"async\" class=\"size-full wp-image-31987 aligncenter\" src=\"https:\/\/keluvo.com\/template\/wp-content\/uploads\/sites\/5\/2025\/08\/072117-ezgif.com-video-to-webp-converter-1.webp\" alt=\"\" \/><\/p>\n<h2 style=\"text-align: center\" data-start=\"335\" data-end=\"357\"><strong>Huvudf\u00f6rdelar<\/strong><\/h2>\n<p data-start=\"360\" data-end=\"435\">\ud83d\udd8c Flera storlekar f\u00f6r varje detalj &#8211; fr\u00e5n ultrafina linjer till sm\u00e5 fyllningar<\/p>\n<p data-start=\"438\" data-end=\"493\">\u2728 Premium syntetiskt h\u00e5r f\u00f6r j\u00e4mn och sl\u00e4t applicering<\/p>\n<p data-start=\"496\" data-end=\"554\">\ud83e\udeb5 Bekv\u00e4ma tr\u00e4handtag f\u00f6r l\u00e5nga m\u00e5lningssessioner<\/p>\n<p data-start=\"557\" data-end=\"618\">\ud83c\udfaf Perfekt f\u00f6r akryl, akvarell, gouache och olja paints<\/p>\n<p data-start=\"621\" data-end=\"685\">\ud83d\udc69\u200d\ud83c\udfa8 Perfekt f\u00f6r nyb\u00f6rjare, hobbyister och professionella konstn\u00e4rer<\/p>\n<p data-start=\"621\" data-end=\"685\"><img decoding=\"async\" class=\"size-full wp-image-31989 aligncenter\" src=\"https:\/\/keluvo.com\/template\/wp-content\/uploads\/sites\/5\/2025\/08\/fa9a736735d83af618174ab70f93e54.jpg\" alt=\"\" \/><\/p>\n<h2 style=\"text-align: center\" data-start=\"692\" data-end=\"711\"><strong>Hur Man Anv\u00e4nder<\/strong><\/h2>\n<ol data-start=\"712\" data-end=\"932\">\n<li data-start=\"712\" data-end=\"766\">\n<p data-start=\"715\" data-end=\"766\">V\u00e4lj den penselstorlek som passar ditt detaljarbete.<\/p>\n<\/li>\n<li data-start=\"767\" data-end=\"818\">\n<p data-start=\"770\" data-end=\"818\">Doppa i \u00f6nskad f\u00e4rg och ta bort \u00f6verfl\u00f6det.<\/p>\n<\/li>\n<li data-start=\"819\" data-end=\"875\">\n<p data-start=\"822\" data-end=\"875\">Applicera med l\u00e4tta, stadiga drag f\u00f6r ett rent resultat.<\/p>\n<\/li>\n<li data-start=\"876\" data-end=\"932\">\n<p data-start=\"879\" data-end=\"932\">Reng\u00f6r efter varje anv\u00e4ndning f\u00f6r att h\u00e5lla borsten i toppform.<\/p>\n<\/li>\n<\/ol>\n<h2 style=\"text-align: center\" data-start=\"939\" data-end=\"963\"><strong>Produktdetaljer<\/strong><\/h2>\n<ul data-start=\"964\" data-end=\"1161\">\n<li data-start=\"964\" data-end=\"1022\">\n<p data-start=\"966\" data-end=\"1022\">Material: syntetiska borst + polerade tr\u00e4handtag<\/p>\n<\/li>\n<li data-start=\"1023\" data-end=\"1082\">\n<p data-start=\"1025\" data-end=\"1082\">Storlekar: 0000 till 7 (olika f\u00f6r olika detaljbehov)<\/p>\n<\/li>\n<li data-start=\"1083\" data-end=\"1112\">\n<p data-start=\"1085\" data-end=\"1112\">Form: runda spetsiga spetsar<\/p>\n<\/li>\n<li data-start=\"1113\" data-end=\"1161\">\n<p data-start=\"1115\" data-end=\"1161\">T\u00e5liga hylsor f\u00f6r att f\u00f6rhindra att borsten lossnar<\/p>\n<\/li>\n<\/ul>\n<h2 style=\"text-align: center\" data-start=\"1168\" data-end=\"1193\"><strong>Paketet Inneh\u00e5ller<\/strong><\/h2>\n<ul data-start=\"1194\" data-end=\"1244\">\n<li data-start=\"1194\" data-end=\"1244\">\n<p data-start=\"1196\" data-end=\"1244\">11x penslar.<\/p>\n<\/li>\n<\/ul>\n","protected":false},"excerpt":{"rendered":"<p>Penselsats F\u00f6r Fina Detaljer \u2013 Precision F\u00f6r Varje M\u00e4sterverk \ud83c\udfa8 V\u00e4ck din konst till liv med denna penselsats f\u00f6r fina [&hellip;]<\/p>\n","protected":false},"featured_media":36997,"comment_status":"open","ping_status":"closed","template":"","meta":{"site-sidebar-layout":"default","site-content-layout":"","ast-site-content-layout":"default","site-content-style":"default","site-sidebar-style":"default","ast-global-header-display":"","ast-banner-title-visibility":"","ast-main-header-display":"","ast-hfb-above-header-display":"","ast-hfb-below-header-display":"","ast-hfb-mobile-header-display":"","site-post-title":"","ast-breadcrumbs-content":"","ast-featured-img":"","footer-sml-layout":"","theme-transparent-header-meta":"default","adv-header-id-meta":"","stick-header-meta":"","header-above-stick-meta":"","header-main-stick-meta":"","header-below-stick-meta":"","astra-migrate-meta-layouts":"set","ast-page-background-enabled":"default","ast-page-background-meta":{"desktop":{"background-color":"var(--ast-global-color-4)","background-image":"","background-repeat":"repeat","background-position":"center center","background-size":"auto","background-attachment":"scroll","background-type":"","background-media":"","overlay-type":"","overlay-color":"","overlay-opacity":"","overlay-gradient":""},"tablet":{"background-color":"","background-image":"","background-repeat":"repeat","background-position":"center center","background-size":"auto","background-attachment":"scroll","background-type":"","background-media":"","overlay-type":"","overlay-color":"","overlay-opacity":"","overlay-gradient":""},"mobile":{"background-color":"","background-image":"","background-repeat":"repeat","background-position":"center center","background-size":"auto","background-attachment":"scroll","background-type":"","background-media":"","overlay-type":"","overlay-color":"","overlay-opacity":"","overlay-gradient":""}},"ast-content-background-meta":{"desktop":{"background-color":"var(--ast-global-color-5)","background-image":"","background-repeat":"repeat","background-position":"center center","background-size":"auto","background-attachment":"scroll","background-type":"","background-media":"","overlay-type":"","overlay-color":"","overlay-opacity":"","overlay-gradient":""},"tablet":{"background-color":"var(--ast-global-color-5)","background-image":"","background-repeat":"repeat","background-position":"center center","background-size":"auto","background-attachment":"scroll","background-type":"","background-media":"","overlay-type":"","overlay-color":"","overlay-opacity":"","overlay-gradient":""},"mobile":{"background-color":"var(--ast-global-color-5)","background-image":"","background-repeat":"repeat","background-position":"center center","background-size":"auto","background-attachment":"scroll","background-type":"","background-media":"","overlay-type":"","overlay-color":"","overlay-opacity":"","overlay-gradient":""}}},"product_brand":[],"product_cat":[990],"product_tag":[],"class_list":{"0":"post-37001","1":"product","2":"type-product","3":"status-publish","4":"has-post-thumbnail","6":"product_cat-toys-childrens-and-baby-products","7":"pa_28851_qp5iyhly-gra","8":"pa_28851_qp5iyhly-rod","9":"pa_28851_qp5iyhly-svart","10":"pa_28851_qp5iyhly-trafarg","11":"pa_28851_qp5iyhly-vit","12":"desktop-align-left","13":"tablet-align-left","14":"mobile-align-left","16":"first","17":"instock","18":"shipping-taxable","19":"purchasable","20":"product-type-variable"},"_links":{"self":[{"href":"https:\/\/keluvo.com\/se\/wp-json\/wp\/v2\/product\/37001","targetHints":{"allow":["GET"]}}],"collection":[{"href":"https:\/\/keluvo.com\/se\/wp-json\/wp\/v2\/product"}],"about":[{"href":"https:\/\/keluvo.com\/se\/wp-json\/wp\/v2\/types\/product"}],"replies":[{"embeddable":true,"href":"https:\/\/keluvo.com\/se\/wp-json\/wp\/v2\/comments?post=37001"}],"wp:featuredmedia":[{"embeddable":true,"href":"https:\/\/keluvo.com\/se\/wp-json\/wp\/v2\/media\/36997"}],"wp:attachment":[{"href":"https:\/\/keluvo.com\/se\/wp-json\/wp\/v2\/media?parent=37001"}],"wp:term":[{"taxonomy":"product_brand","embeddable":true,"href":"https:\/\/keluvo.com\/se\/wp-json\/wp\/v2\/product_brand?post=37001"},{"taxonomy":"product_cat","embeddable":true,"href":"https:\/\/keluvo.com\/se\/wp-json\/wp\/v2\/product_cat?post=37001"},{"taxonomy":"product_tag","embeddable":true,"href":"https:\/\/keluvo.com\/se\/wp-json\/wp\/v2\/product_tag?post=37001"}],"curies":[{"name":"wp","href":"https:\/\/api.w.org\/{rel}","templated":true}]}}