{"id":36947,"date":"2025-09-21T09:51:42","date_gmt":"2025-09-21T06:51:42","guid":{"rendered":"https:\/\/keluvo.com\/se\/product\/solcellslampa\/"},"modified":"2025-09-21T09:51:58","modified_gmt":"2025-09-21T06:51:58","slug":"solcellslampa","status":"publish","type":"product","link":"https:\/\/keluvo.com\/se\/product\/solcellslampa\/","title":{"rendered":"Solcellslampa"},"content":{"rendered":"<p style=\"text-align: center\" data-start=\"0\" data-end=\"73\"><strong data-start=\"0\" data-end=\"71\">Solcellslampor &#8211; Lys Upp Din Tr\u00e4dg\u00e5rd Med Gratis Solenergi \ud83c\udf1e<\/strong><\/p>\n<p style=\"text-align: center\" data-start=\"75\" data-end=\"395\">Lys upp dina utomhusutrymmen utan anstr\u00e4ngning med dessa energibesparande solcellslampor. De drivs av solen, laddas under dagen och lyser automatiskt p\u00e5 natten, vilket skapar en varm och inbjudande atmosf\u00e4r i tr\u00e4dg\u00e5rden, p\u00e5 g\u00e5ngv\u00e4gen eller p\u00e5 g\u00e5rden. De \u00e4r byggda f\u00f6r att klara alla v\u00e4derf\u00f6rh\u00e5llanden och \u00e4r perfekta f\u00f6r anv\u00e4ndning \u00e5ret runt.<\/p>\n<p data-start=\"75\" data-end=\"395\"><img decoding=\"async\" class=\"size-full wp-image-31940 aligncenter\" src=\"https:\/\/keluvo.com\/template\/wp-content\/uploads\/sites\/5\/2025\/08\/072114-ezgif.com-video-to-webp-converter-1.webp\" alt=\"\" \/><\/p>\n<h2 style=\"text-align: center\" data-start=\"402\" data-end=\"424\">\ud83c\udf1f Main Benefits<\/h2>\n<p data-start=\"427\" data-end=\"491\">\u2600\ufe0f Laddas med solenergi &#8211; inga kablar eller el beh\u00f6vs<\/p>\n<p data-start=\"494\" data-end=\"549\">\ud83d\udca1 T\u00e4nds automatiskt p\u00e5 natten och sl\u00e4cks vid soluppg\u00e5ngen<\/p>\n<p data-start=\"552\" data-end=\"605\">\ud83c\udf27 Vattent\u00e4t och v\u00e4derbest\u00e4ndig f\u00f6r alla \u00e5rstider<\/p>\n<p data-start=\"608\" data-end=\"666\">\ud83c\udfe1 Ger en elegant touch till tr\u00e4dg\u00e5rdar, g\u00e5ngar och uteplatser<\/p>\n<p data-start=\"669\" data-end=\"731\">\ud83d\udd0b L\u00e5nglivade LED-lampor f\u00f6r stark, p\u00e5litlig belysning<\/p>\n<p data-start=\"669\" data-end=\"731\"><img decoding=\"async\" class=\"size-full wp-image-31939 aligncenter\" src=\"https:\/\/keluvo.com\/template\/wp-content\/uploads\/sites\/5\/2025\/08\/Sff01485be18c4640b25c4fabd48ced98R.jpg\" alt=\"\" \/><\/p>\n<h2 style=\"text-align: center\" data-start=\"738\" data-end=\"759\">\ud83d\udccc Anv\u00e4ndning<\/h2>\n<ol data-start=\"760\" data-end=\"929\">\n<li data-start=\"760\" data-end=\"807\">\n<p data-start=\"763\" data-end=\"807\">Montera lampan genom att f\u00e4sta p\u00e5len.<\/p>\n<\/li>\n<li data-start=\"808\" data-end=\"847\">\n<p data-start=\"811\" data-end=\"847\">Placera den p\u00e5 en solig plats utomhus.<\/p>\n<\/li>\n<li data-start=\"848\" data-end=\"882\">\n<p data-start=\"851\" data-end=\"882\">l\u00e5t den ladda under dagen.<\/p>\n<\/li>\n<li data-start=\"883\" data-end=\"929\">\n<p data-start=\"886\" data-end=\"929\">se den automatiskt t\u00e4ndas p\u00e5 natten.<\/p>\n<\/li>\n<\/ol>\n<h2 style=\"text-align: center\" data-start=\"936\" data-end=\"960\">\ud83d\udccf Produktdetaljer<\/h2>\n<ul data-start=\"961\" data-end=\"1236\">\n<li data-start=\"961\" data-end=\"996\">\n<p data-start=\"963\" data-end=\"996\">Material: rostfritt st\u00e5l + ABS<\/p>\n<\/li>\n<li data-start=\"997\" data-end=\"1062\">\n<p data-start=\"999\" data-end=\"1062\">Ljusf\u00e4rg: varmvit \/ kallvit (beroende p\u00e5 val)<\/p>\n<\/li>\n<li data-start=\"1063\" data-end=\"1111\">\n<p data-start=\"1065\" data-end=\"1111\">Laddningstid: ca 6-8 timmar i solljus<\/p>\n<\/li>\n<li data-start=\"1112\" data-end=\"1155\">\n<p data-start=\"1114\" data-end=\"1155\">Arbetstid: upp till 8-10 timmar p\u00e5 natten<\/p>\n<\/li>\n<li data-start=\"1156\" data-end=\"1183\">\n<p data-start=\"1158\" data-end=\"1183\">Vattent\u00e4thetsklassning: IP65<\/p>\n<\/li>\n<li data-start=\"1184\" data-end=\"1236\">\n<p data-start=\"1186\" data-end=\"1236\">Storlek: 12 cm diameter x 13 cm h\u00f6jd (med p\u00e5le)<\/p>\n<\/li>\n<\/ul>\n<h2 style=\"text-align: center\" data-start=\"1243\" data-end=\"1268\">\ud83d\udce6 Paketet Inneh\u00e5ller<\/h2>\n<ul data-start=\"1269\" data-end=\"1356\">\n<li data-start=\"1269\" data-end=\"1322\">\n<p data-start=\"1271\" data-end=\"1322\">2, 4, 8x solcellslampor f\u00f6r mark<\/p>\n<\/li>\n<li data-start=\"1323\" data-end=\"1340\">\n<p data-start=\"1325\" data-end=\"1340\">2, 4, 8x markp\u00e5lar<\/p>\n<\/li>\n<li data-start=\"1341\" data-end=\"1356\">\n<p data-start=\"1343\" data-end=\"1356\">Ben\u00e4ttarmanual.<\/p>\n<\/li>\n<\/ul>\n","protected":false},"excerpt":{"rendered":"<p>Solcellslampor &#8211; Lys Upp Din Tr\u00e4dg\u00e5rd Med Gratis Solenergi \ud83c\udf1e Lys upp dina utomhusutrymmen utan anstr\u00e4ngning med dessa energibesparande solcellslampor. [&hellip;]<\/p>\n","protected":false},"featured_media":36943,"comment_status":"open","ping_status":"closed","template":"","meta":{"site-sidebar-layout":"default","site-content-layout":"","ast-site-content-layout":"default","site-content-style":"default","site-sidebar-style":"default","ast-global-header-display":"","ast-banner-title-visibility":"","ast-main-header-display":"","ast-hfb-above-header-display":"","ast-hfb-below-header-display":"","ast-hfb-mobile-header-display":"","site-post-title":"","ast-breadcrumbs-content":"","ast-featured-img":"","footer-sml-layout":"","theme-transparent-header-meta":"default","adv-header-id-meta":"","stick-header-meta":"","header-above-stick-meta":"","header-main-stick-meta":"","header-below-stick-meta":"","astra-migrate-meta-layouts":"set","ast-page-background-enabled":"default","ast-page-background-meta":{"desktop":{"background-color":"var(--ast-global-color-4)","background-image":"","background-repeat":"repeat","background-position":"center center","background-size":"auto","background-attachment":"scroll","background-type":"","background-media":"","overlay-type":"","overlay-color":"","overlay-opacity":"","overlay-gradient":""},"tablet":{"background-color":"","background-image":"","background-repeat":"repeat","background-position":"center center","background-size":"auto","background-attachment":"scroll","background-type":"","background-media":"","overlay-type":"","overlay-color":"","overlay-opacity":"","overlay-gradient":""},"mobile":{"background-color":"","background-image":"","background-repeat":"repeat","background-position":"center center","background-size":"auto","background-attachment":"scroll","background-type":"","background-media":"","overlay-type":"","overlay-color":"","overlay-opacity":"","overlay-gradient":""}},"ast-content-background-meta":{"desktop":{"background-color":"var(--ast-global-color-5)","background-image":"","background-repeat":"repeat","background-position":"center center","background-size":"auto","background-attachment":"scroll","background-type":"","background-media":"","overlay-type":"","overlay-color":"","overlay-opacity":"","overlay-gradient":""},"tablet":{"background-color":"var(--ast-global-color-5)","background-image":"","background-repeat":"repeat","background-position":"center center","background-size":"auto","background-attachment":"scroll","background-type":"","background-media":"","overlay-type":"","overlay-color":"","overlay-opacity":"","overlay-gradient":""},"mobile":{"background-color":"var(--ast-global-color-5)","background-image":"","background-repeat":"repeat","background-position":"center center","background-size":"auto","background-attachment":"scroll","background-type":"","background-media":"","overlay-type":"","overlay-color":"","overlay-opacity":"","overlay-gradient":""}}},"product_brand":[],"product_cat":[1001],"product_tag":[],"class_list":{"0":"post-36947","1":"product","2":"type-product","3":"status-publish","4":"has-post-thumbnail","6":"product_cat-household-goods","7":"pa_42472_hhep5qql-varm-vit","8":"pa_42472_hhep5qql-vit","9":"pa_42472_l9qyubqj-2-st","10":"pa_42472_l9qyubqj-4-st","11":"pa_42472_l9qyubqj-8-st","12":"desktop-align-left","13":"tablet-align-left","14":"mobile-align-left","16":"first","17":"instock","18":"shipping-taxable","19":"purchasable","20":"product-type-variable","21":"has-default-attributes"},"_links":{"self":[{"href":"https:\/\/keluvo.com\/se\/wp-json\/wp\/v2\/product\/36947","targetHints":{"allow":["GET"]}}],"collection":[{"href":"https:\/\/keluvo.com\/se\/wp-json\/wp\/v2\/product"}],"about":[{"href":"https:\/\/keluvo.com\/se\/wp-json\/wp\/v2\/types\/product"}],"replies":[{"embeddable":true,"href":"https:\/\/keluvo.com\/se\/wp-json\/wp\/v2\/comments?post=36947"}],"wp:featuredmedia":[{"embeddable":true,"href":"https:\/\/keluvo.com\/se\/wp-json\/wp\/v2\/media\/36943"}],"wp:attachment":[{"href":"https:\/\/keluvo.com\/se\/wp-json\/wp\/v2\/media?parent=36947"}],"wp:term":[{"taxonomy":"product_brand","embeddable":true,"href":"https:\/\/keluvo.com\/se\/wp-json\/wp\/v2\/product_brand?post=36947"},{"taxonomy":"product_cat","embeddable":true,"href":"https:\/\/keluvo.com\/se\/wp-json\/wp\/v2\/product_cat?post=36947"},{"taxonomy":"product_tag","embeddable":true,"href":"https:\/\/keluvo.com\/se\/wp-json\/wp\/v2\/product_tag?post=36947"}],"curies":[{"name":"wp","href":"https:\/\/api.w.org\/{rel}","templated":true}]}}