{"id":36938,"date":"2025-09-21T09:50:58","date_gmt":"2025-09-21T06:50:58","guid":{"rendered":"https:\/\/keluvo.com\/se\/product\/rakapparat-2\/"},"modified":"2025-09-21T09:50:58","modified_gmt":"2025-09-21T06:50:58","slug":"rakapparat-2","status":"publish","type":"product","link":"https:\/\/keluvo.com\/se\/product\/rakapparat-2\/","title":{"rendered":"Rakapparat"},"content":{"rendered":"<p style=\"text-align: center\" data-start=\"0\" data-end=\"72\"><strong data-start=\"0\" data-end=\"70\">V\u00e5t Och Torr Rakapparat F\u00f6r Hela Kroppen \u2013 Smidig Rakning N\u00e4r Som Helst, Var Som Helst \ud83d\udc88<\/strong><\/p>\n<p style=\"text-align: center\" data-start=\"74\" data-end=\"358\">Njut av snabb, s\u00e4ker och bekv\u00e4m rakning med denna vattent\u00e4ta rakapparat f\u00f6r hela kroppen. Utformad med ett vasst, hudv\u00e4nligt blad och ergonomiskt handtag kan du trimma, raka och styla utan sk\u00e4rs\u00e5r eller irritation. Perfekt f\u00f6r ansikte, br\u00f6st, underarmar, armar, ben och till och med intima omr\u00e5den.<\/p>\n<p data-start=\"74\" data-end=\"358\"><img decoding=\"async\" class=\"size-full wp-image-31930 aligncenter\" src=\"https:\/\/keluvo.com\/template\/wp-content\/uploads\/sites\/5\/2025\/08\/448039164_2208997589441178_5144188689537068992_n_1.webp\" alt=\"\" \/><\/p>\n<h2 style=\"text-align: center\" data-start=\"365\" data-end=\"387\"><strong>Huvudf\u00f6rdelar<\/strong><\/h2>\n<p data-start=\"390\" data-end=\"445\">\ud83e\ude92 Ger dig en sl\u00e4t rakning utan sk\u00e4rs\u00e5r eller repor<\/p>\n<p data-start=\"448\" data-end=\"497\">\ud83d\udca7 Fungerar b\u00e5de v\u00e5tt och torrt f\u00f6r total flexibilitet<\/p>\n<p data-start=\"500\" data-end=\"546\">\ud83d\udd0b USB-laddningsbar f\u00f6r sladdl\u00f6s bekv\u00e4mlighet<\/p>\n<p data-start=\"549\" data-end=\"599\">\ud83d\udd07 L\u00e5g ljudniv\u00e5 f\u00f6r en bekv\u00e4m upplevelse<\/p>\n<p data-start=\"602\" data-end=\"641\">\ud83e\uddfc L\u00e4tt att reng\u00f6ra och helt vattent\u00e4t<\/p>\n<p data-start=\"602\" data-end=\"641\"><img decoding=\"async\" class=\"size-full wp-image-31931 aligncenter\" src=\"https:\/\/keluvo.com\/template\/wp-content\/uploads\/sites\/5\/2025\/08\/448039164_2208997589441178_5144188689537068992_n.webp\" alt=\"\" \/><\/p>\n<h2 style=\"text-align: center\" data-start=\"648\" data-end=\"669\"><strong>Hur Den Fungerar<\/strong><\/h2>\n<ol data-start=\"670\" data-end=\"907\">\n<li data-start=\"670\" data-end=\"721\">\n<p data-start=\"673\" data-end=\"721\">Ladda rakapparaten med den medf\u00f6ljande USB-kabeln.<\/p>\n<\/li>\n<li data-start=\"722\" data-end=\"786\">\n<p data-start=\"725\" data-end=\"786\">Sl\u00e5 p\u00e5 den och v\u00e4lj det omr\u00e5de du vill trimma eller raka.<\/p>\n<\/li>\n<li data-start=\"787\" data-end=\"845\">\n<p data-start=\"790\" data-end=\"845\">anv\u00e4nd den p\u00e5 v\u00e5t eller torr hud f\u00f6r ett rent och j\u00e4mnt resultat.<\/p>\n<\/li>\n<li data-start=\"846\" data-end=\"907\">\n<p data-start=\"849\" data-end=\"907\">sk\u00f6lj huvudet under vatten efter anv\u00e4ndning f\u00f6r snabb reng\u00f6ring.<\/p>\n<\/li>\n<\/ol>\n<h2 style=\"text-align: center\" data-start=\"914\" data-end=\"938\"><strong>Produktdetaljer<\/strong><\/h2>\n<ul data-start=\"939\" data-end=\"1093\">\n<li data-start=\"965\" data-end=\"981\">\n<p data-start=\"967\" data-end=\"981\">Vikt: 200 g<\/p>\n<\/li>\n<li data-start=\"982\" data-end=\"1017\">\n<p data-start=\"984\" data-end=\"1017\">Storlek: 17 cm l\u00e4ngd x 3,7 cm bredd<\/p>\n<\/li>\n<li data-start=\"1018\" data-end=\"1045\">\n<p data-start=\"1020\" data-end=\"1045\">Vattent\u00e4thetsklassning: IPX5<\/p>\n<\/li>\n<li data-start=\"1046\" data-end=\"1093\">\n<p data-start=\"1048\" data-end=\"1093\">Blad: hudv\u00e4nlig, allergiv\u00e4nlig design<\/p>\n<\/li>\n<\/ul>\n<h2 style=\"text-align: center\" data-start=\"1100\" data-end=\"1125\"><strong>Paketet Inneh\u00e5ller<\/strong><\/h2>\n<ul data-start=\"1126\" data-end=\"1172\">\n<li data-start=\"1126\" data-end=\"1140\">\n<p data-start=\"1128\" data-end=\"1140\">1x rakhyvel<\/p>\n<\/li>\n<li data-start=\"1126\" data-end=\"1140\">\n<p data-start=\"1128\" data-end=\"1140\"><span dir=\"auto\"><span dir=\"auto\">4x avgr\u00e4nsningskam<\/span><\/span><\/p>\n<\/li>\n<li data-start=\"1141\" data-end=\"1158\">\n<p data-start=\"1143\" data-end=\"1158\">1x USB-kabel<\/p>\n<\/li>\n<li data-start=\"1159\" data-end=\"1172\">\n<p data-start=\"1161\" data-end=\"1172\">1x borste.<\/p>\n<\/li>\n<\/ul>\n","protected":false},"excerpt":{"rendered":"<p>V\u00e5t Och Torr Rakapparat F\u00f6r Hela Kroppen \u2013 Smidig Rakning N\u00e4r Som Helst, Var Som Helst \ud83d\udc88 Njut av snabb, [&hellip;]<\/p>\n","protected":false},"featured_media":36934,"comment_status":"open","ping_status":"closed","template":"","meta":{"site-sidebar-layout":"default","site-content-layout":"","ast-site-content-layout":"default","site-content-style":"default","site-sidebar-style":"default","ast-global-header-display":"","ast-banner-title-visibility":"","ast-main-header-display":"","ast-hfb-above-header-display":"","ast-hfb-below-header-display":"","ast-hfb-mobile-header-display":"","site-post-title":"","ast-breadcrumbs-content":"","ast-featured-img":"","footer-sml-layout":"","theme-transparent-header-meta":"default","adv-header-id-meta":"","stick-header-meta":"","header-above-stick-meta":"","header-main-stick-meta":"","header-below-stick-meta":"","astra-migrate-meta-layouts":"set","ast-page-background-enabled":"default","ast-page-background-meta":{"desktop":{"background-color":"var(--ast-global-color-4)","background-image":"","background-repeat":"repeat","background-position":"center center","background-size":"auto","background-attachment":"scroll","background-type":"","background-media":"","overlay-type":"","overlay-color":"","overlay-opacity":"","overlay-gradient":""},"tablet":{"background-color":"","background-image":"","background-repeat":"repeat","background-position":"center center","background-size":"auto","background-attachment":"scroll","background-type":"","background-media":"","overlay-type":"","overlay-color":"","overlay-opacity":"","overlay-gradient":""},"mobile":{"background-color":"","background-image":"","background-repeat":"repeat","background-position":"center center","background-size":"auto","background-attachment":"scroll","background-type":"","background-media":"","overlay-type":"","overlay-color":"","overlay-opacity":"","overlay-gradient":""}},"ast-content-background-meta":{"desktop":{"background-color":"var(--ast-global-color-5)","background-image":"","background-repeat":"repeat","background-position":"center center","background-size":"auto","background-attachment":"scroll","background-type":"","background-media":"","overlay-type":"","overlay-color":"","overlay-opacity":"","overlay-gradient":""},"tablet":{"background-color":"var(--ast-global-color-5)","background-image":"","background-repeat":"repeat","background-position":"center center","background-size":"auto","background-attachment":"scroll","background-type":"","background-media":"","overlay-type":"","overlay-color":"","overlay-opacity":"","overlay-gradient":""},"mobile":{"background-color":"var(--ast-global-color-5)","background-image":"","background-repeat":"repeat","background-position":"center center","background-size":"auto","background-attachment":"scroll","background-type":"","background-media":"","overlay-type":"","overlay-color":"","overlay-opacity":"","overlay-gradient":""}}},"product_brand":[],"product_cat":[992],"product_tag":[],"class_list":{"0":"post-36938","1":"product","2":"type-product","3":"status-publish","4":"has-post-thumbnail","6":"product_cat-beauty-and-hygiene-products","7":"desktop-align-left","8":"tablet-align-left","9":"mobile-align-left","11":"first","12":"instock","13":"shipping-taxable","14":"purchasable","15":"product-type-simple"},"_links":{"self":[{"href":"https:\/\/keluvo.com\/se\/wp-json\/wp\/v2\/product\/36938","targetHints":{"allow":["GET"]}}],"collection":[{"href":"https:\/\/keluvo.com\/se\/wp-json\/wp\/v2\/product"}],"about":[{"href":"https:\/\/keluvo.com\/se\/wp-json\/wp\/v2\/types\/product"}],"replies":[{"embeddable":true,"href":"https:\/\/keluvo.com\/se\/wp-json\/wp\/v2\/comments?post=36938"}],"wp:featuredmedia":[{"embeddable":true,"href":"https:\/\/keluvo.com\/se\/wp-json\/wp\/v2\/media\/36934"}],"wp:attachment":[{"href":"https:\/\/keluvo.com\/se\/wp-json\/wp\/v2\/media?parent=36938"}],"wp:term":[{"taxonomy":"product_brand","embeddable":true,"href":"https:\/\/keluvo.com\/se\/wp-json\/wp\/v2\/product_brand?post=36938"},{"taxonomy":"product_cat","embeddable":true,"href":"https:\/\/keluvo.com\/se\/wp-json\/wp\/v2\/product_cat?post=36938"},{"taxonomy":"product_tag","embeddable":true,"href":"https:\/\/keluvo.com\/se\/wp-json\/wp\/v2\/product_tag?post=36938"}],"curies":[{"name":"wp","href":"https:\/\/api.w.org\/{rel}","templated":true}]}}