{"id":36921,"date":"2025-09-21T09:50:19","date_gmt":"2025-09-21T06:50:19","guid":{"rendered":"https:\/\/keluvo.com\/se\/product\/selfie-pinne\/"},"modified":"2025-09-21T09:50:29","modified_gmt":"2025-09-21T06:50:29","slug":"selfie-pinne","status":"publish","type":"product","link":"https:\/\/keluvo.com\/se\/product\/selfie-pinne\/","title":{"rendered":"Selfie-pinne"},"content":{"rendered":"<p style=\"text-align: center\" data-start=\"131\" data-end=\"186\"><strong data-start=\"131\" data-end=\"181\">Ta Dina Foton Och Videor Till N\u00e4sta Niv\u00e5!<\/strong> \ud83d\udcf8<\/p>\n<p style=\"text-align: center\" data-start=\"188\" data-end=\"456\">Den h\u00e4r bluetooth-selfiepinnen med stativ kombinerar b\u00e4rbarhet, stabilitet och stil &#8211; perfekt f\u00f6r att f\u00e5nga minnen var som helst. Med en inbyggd lampa, teleskopfunktion och tr\u00e5dl\u00f6s kontroll \u00e4r den utformad f\u00f6r att g\u00f6ra selfies, gruppbilder och videor enklare \u00e4n n\u00e5gonsin. \u2728<\/p>\n<p data-start=\"188\" data-end=\"456\"><img decoding=\"async\" class=\"size-full wp-image-31881 aligncenter\" src=\"https:\/\/keluvo.com\/template\/wp-content\/uploads\/sites\/5\/2025\/08\/a970bab5819df3c6bf556a4eb15f3470.gif\" alt=\"\" \/><\/p>\n<h2 style=\"text-align: center\" data-start=\"458\" data-end=\"480\"><strong>Huvudf\u00f6rdelar<\/strong> \ud83c\udf1f<\/h2>\n<p data-start=\"483\" data-end=\"549\">\ud83d\udca1 Inbyggd lampa &#8211; garanterar perfekt belysning f\u00f6r varje bild<\/p>\n<p data-start=\"552\" data-end=\"620\">\ud83d\udcf1 Bluetooth-fj\u00e4rrkontroll &#8211; ta bilder utan att r\u00f6ra telefonen<\/p>\n<p data-start=\"623\" data-end=\"693\">\ud83d\udccf Teleskopisk design &#8211; f\u00f6rl\u00e4ng f\u00f6r bredare vinklar och gruppbilder<\/p>\n<p data-start=\"696\" data-end=\"768\">\ud83c\udfa5 Stativl\u00e4ge &#8211; stabila bilder f\u00f6r videor, livestreaming och samtal<\/p>\n<p data-start=\"771\" data-end=\"826\">\ud83e\uddf3 Kompakt och b\u00e4rbar &#8211; l\u00e4tt att ta med \u00f6verallt<\/p>\n<p data-start=\"771\" data-end=\"826\"><img decoding=\"async\" class=\"size-full wp-image-31879 aligncenter\" src=\"https:\/\/keluvo.com\/template\/wp-content\/uploads\/sites\/5\/2025\/08\/1_33aad11f-62ca-4ade-8120-cb6417213302_560x.webp\" alt=\"\" \/><\/p>\n<h2 style=\"text-align: center\" data-start=\"828\" data-end=\"847\"><strong>S\u00e5 H\u00e4r Anv\u00e4nder Du<\/strong> \ud83e\ude84<\/h2>\n<ol data-start=\"848\" data-end=\"1016\">\n<li data-start=\"848\" data-end=\"906\">\n<p data-start=\"851\" data-end=\"906\">Anslut din telefon till selfiepinnen via Bluetooth.<\/p>\n<\/li>\n<li data-start=\"907\" data-end=\"958\">\n<p data-start=\"910\" data-end=\"958\">Justera pinnens l\u00e4ngd eller st\u00e4ll in stativl\u00e4get.<\/p>\n<\/li>\n<li data-start=\"959\" data-end=\"1016\">\n<p data-start=\"962\" data-end=\"1016\">anv\u00e4nd fj\u00e4rrkontrollen eller den inbyggda knappen f\u00f6r att ta din bild.<\/p>\n<\/li>\n<\/ol>\n<h2 style=\"text-align: center\" data-start=\"1018\" data-end=\"1042\"><strong>Produktinformation<\/strong> \ud83d\udccb<\/h2>\n<ul data-start=\"1043\" data-end=\"1270\">\n<li data-start=\"1043\" data-end=\"1101\">\n<p data-start=\"1045\" data-end=\"1101\">Kompatibilitet: Fungerar med de flesta iOS- och Android-enheter<\/p>\n<\/li>\n<li data-start=\"1102\" data-end=\"1183\">\n<p data-start=\"1104\" data-end=\"1183\">Funktioner: Inbyggt LED-ljus, stativ, teleskopst\u00e5ng, Bluetooth-fj\u00e4rrkontroll<\/p>\n<\/li>\n<li data-start=\"1184\" data-end=\"1214\">\n<p data-start=\"1186\" data-end=\"1214\">F\u00e4rger: Svart, vit, rosa och bl\u00e5<\/p>\n<\/li>\n<li data-start=\"1215\" data-end=\"1270\">\n<p data-start=\"1217\" data-end=\"1270\">Material: L\u00e4tt, h\u00e5llbar ABS + aluminiumlegering<\/p>\n<\/li>\n<li data-start=\"1215\" data-end=\"1270\">\n<p data-start=\"1217\" data-end=\"1270\">Storlek: 185 x 40 x 47mm<\/p>\n<\/li>\n<li data-start=\"1215\" data-end=\"1270\">Maximal storlek: 700mm<\/li>\n<\/ul>\n<h2 style=\"text-align: center\" data-start=\"1272\" data-end=\"1297\"><strong>Paketet Inneh\u00e5ller<\/strong> \ud83c\udf81<\/h2>\n<ul data-start=\"1298\" data-end=\"1424\">\n<li data-start=\"1298\" data-end=\"1340\">\n<p data-start=\"1300\" data-end=\"1340\">1x Bluetooth selfie stick med stativ.<\/p>\n<\/li>\n<\/ul>\n","protected":false},"excerpt":{"rendered":"<p>Ta Dina Foton Och Videor Till N\u00e4sta Niv\u00e5! \ud83d\udcf8 Den h\u00e4r bluetooth-selfiepinnen med stativ kombinerar b\u00e4rbarhet, stabilitet och stil &#8211; [&hellip;]<\/p>\n","protected":false},"featured_media":36917,"comment_status":"open","ping_status":"closed","template":"","meta":{"site-sidebar-layout":"default","site-content-layout":"","ast-site-content-layout":"default","site-content-style":"default","site-sidebar-style":"default","ast-global-header-display":"","ast-banner-title-visibility":"","ast-main-header-display":"","ast-hfb-above-header-display":"","ast-hfb-below-header-display":"","ast-hfb-mobile-header-display":"","site-post-title":"","ast-breadcrumbs-content":"","ast-featured-img":"","footer-sml-layout":"","theme-transparent-header-meta":"default","adv-header-id-meta":"","stick-header-meta":"","header-above-stick-meta":"","header-main-stick-meta":"","header-below-stick-meta":"","astra-migrate-meta-layouts":"set","ast-page-background-enabled":"default","ast-page-background-meta":{"desktop":{"background-color":"var(--ast-global-color-4)","background-image":"","background-repeat":"repeat","background-position":"center center","background-size":"auto","background-attachment":"scroll","background-type":"","background-media":"","overlay-type":"","overlay-color":"","overlay-opacity":"","overlay-gradient":""},"tablet":{"background-color":"","background-image":"","background-repeat":"repeat","background-position":"center center","background-size":"auto","background-attachment":"scroll","background-type":"","background-media":"","overlay-type":"","overlay-color":"","overlay-opacity":"","overlay-gradient":""},"mobile":{"background-color":"","background-image":"","background-repeat":"repeat","background-position":"center center","background-size":"auto","background-attachment":"scroll","background-type":"","background-media":"","overlay-type":"","overlay-color":"","overlay-opacity":"","overlay-gradient":""}},"ast-content-background-meta":{"desktop":{"background-color":"var(--ast-global-color-5)","background-image":"","background-repeat":"repeat","background-position":"center center","background-size":"auto","background-attachment":"scroll","background-type":"","background-media":"","overlay-type":"","overlay-color":"","overlay-opacity":"","overlay-gradient":""},"tablet":{"background-color":"var(--ast-global-color-5)","background-image":"","background-repeat":"repeat","background-position":"center center","background-size":"auto","background-attachment":"scroll","background-type":"","background-media":"","overlay-type":"","overlay-color":"","overlay-opacity":"","overlay-gradient":""},"mobile":{"background-color":"var(--ast-global-color-5)","background-image":"","background-repeat":"repeat","background-position":"center center","background-size":"auto","background-attachment":"scroll","background-type":"","background-media":"","overlay-type":"","overlay-color":"","overlay-opacity":"","overlay-gradient":""}}},"product_brand":[],"product_cat":[15],"product_tag":[],"class_list":{"0":"post-36921","1":"product","2":"type-product","3":"status-publish","4":"has-post-thumbnail","6":"product_cat-uncategorized","7":"pa_18124_k09tuogt-bla","8":"pa_18124_k09tuogt-rosa","9":"pa_18124_k09tuogt-svart","10":"pa_18124_k09tuogt-vit","11":"desktop-align-left","12":"tablet-align-left","13":"mobile-align-left","15":"first","16":"instock","17":"shipping-taxable","18":"purchasable","19":"product-type-variable"},"_links":{"self":[{"href":"https:\/\/keluvo.com\/se\/wp-json\/wp\/v2\/product\/36921","targetHints":{"allow":["GET"]}}],"collection":[{"href":"https:\/\/keluvo.com\/se\/wp-json\/wp\/v2\/product"}],"about":[{"href":"https:\/\/keluvo.com\/se\/wp-json\/wp\/v2\/types\/product"}],"replies":[{"embeddable":true,"href":"https:\/\/keluvo.com\/se\/wp-json\/wp\/v2\/comments?post=36921"}],"wp:featuredmedia":[{"embeddable":true,"href":"https:\/\/keluvo.com\/se\/wp-json\/wp\/v2\/media\/36917"}],"wp:attachment":[{"href":"https:\/\/keluvo.com\/se\/wp-json\/wp\/v2\/media?parent=36921"}],"wp:term":[{"taxonomy":"product_brand","embeddable":true,"href":"https:\/\/keluvo.com\/se\/wp-json\/wp\/v2\/product_brand?post=36921"},{"taxonomy":"product_cat","embeddable":true,"href":"https:\/\/keluvo.com\/se\/wp-json\/wp\/v2\/product_cat?post=36921"},{"taxonomy":"product_tag","embeddable":true,"href":"https:\/\/keluvo.com\/se\/wp-json\/wp\/v2\/product_tag?post=36921"}],"curies":[{"name":"wp","href":"https:\/\/api.w.org\/{rel}","templated":true}]}}