{"id":36891,"date":"2025-09-21T09:49:15","date_gmt":"2025-09-21T06:49:15","guid":{"rendered":"https:\/\/keluvo.com\/se\/product\/rengoringsborste-2\/"},"modified":"2025-10-07T15:32:37","modified_gmt":"2025-10-07T12:32:37","slug":"rengoringsborste-2","status":"publish","type":"product","link":"https:\/\/keluvo.com\/se\/product\/rengoringsborste-2\/","title":{"rendered":"Reng\u00f6ringsborste"},"content":{"rendered":"<p style=\"text-align: center\" data-start=\"133\" data-end=\"183\"><strong data-start=\"133\" data-end=\"178\">Ta Bort Envis Smuts Med Minimal Anstr\u00e4ngning!<\/strong> \ud83e\uddfc<\/p>\n<p style=\"text-align: center\" data-start=\"185\" data-end=\"394\">Den h\u00e4r reng\u00f6ringsborsten \u00e4r utformad f\u00f6r att ta itu med alla sv\u00e5ra st\u00e4llen i ditt hem. Fr\u00e5n diskb\u00e4nkar och spish\u00e4llar till badrumskakel och f\u00f6nsterskenor, den ger djup reng\u00f6ringskraft samtidigt som du sparar tid och energi. <span style=\"font-size: 16px;font-style: normal;font-weight: 400\">\u2728<\/span><\/p>\n<p data-start=\"185\" data-end=\"394\"><img decoding=\"async\" class=\"size-full wp-image-31841 aligncenter\" src=\"https:\/\/keluvo.com\/template\/wp-content\/uploads\/sites\/5\/2025\/08\/072113-ezgif.com-video-to-webp-converter.webp\" alt=\"\" \/><\/p>\n<h2 style=\"text-align: center\" data-start=\"396\" data-end=\"418\"><strong>Huvudf\u00f6rdelar<\/strong> \ud83c\udf1f<\/h2>\n<p data-start=\"421\" data-end=\"495\">\ud83d\udcaa Djupreng\u00f6ring &#8211; n\u00e5r in i varje h\u00f6rn och sk\u00e5ra<\/p>\n<p data-start=\"498\" data-end=\"569\">\ud83c\udfe0 Kan anv\u00e4ndas p\u00e5 flera ytor &#8211; perfekt f\u00f6r k\u00f6k, badrum, och mycket mer<\/p>\n<p data-start=\"572\" data-end=\"654\">\ud83e\uddf5 Slitstarka borst &#8211; tillr\u00e4ckligt starka f\u00f6r tuffa fl\u00e4ckar men \u00e4nd\u00e5 skonsamma mot ytor<\/p>\n<p data-start=\"657\" data-end=\"719\">\u270b Bekv\u00e4mt grepp &#8211; ergonomisk design f\u00f6r enkel hantering<\/p>\n<p data-start=\"722\" data-end=\"791\">\ud83d\udd04 \u00c5teranv\u00e4ndbar och l\u00e5ngvarig &#8211; byggd f\u00f6r att t\u00e5la upprepad anv\u00e4ndning<\/p>\n<p data-start=\"722\" data-end=\"791\"><img decoding=\"async\" class=\"size-full wp-image-31845 aligncenter\" src=\"https:\/\/keluvo.com\/template\/wp-content\/uploads\/sites\/5\/2025\/08\/S14ff27cf91694cc2aed617879b60dd35p.jpg_960x960q75.jpg_.avif\" alt=\"\" \/><\/p>\n<h2 style=\"text-align: center\" data-start=\"793\" data-end=\"812\"><strong>Hur Man Anv\u00e4nder<\/strong> \ud83e\ude84<\/h2>\n<ol data-start=\"813\" data-end=\"976\">\n<li data-start=\"813\" data-end=\"857\">\n<p data-start=\"816\" data-end=\"857\">H\u00e5ll borsten i det ergonomiska handtaget.<\/p>\n<\/li>\n<li data-start=\"858\" data-end=\"908\">\n<p data-start=\"861\" data-end=\"908\">Applicera vatten eller reng\u00f6ringsl\u00f6sning p\u00e5 omr\u00e5det.<\/p>\n<\/li>\n<li data-start=\"909\" data-end=\"976\">\n<p data-start=\"912\" data-end=\"976\">Skrubba ytan tills den \u00e4r ren och sk\u00f6lj sedan borsten efter anv\u00e4ndning.<\/p>\n<\/li>\n<\/ol>\n<h2 style=\"text-align: center\" data-start=\"978\" data-end=\"1002\"><strong>Produktinformation<\/strong> \ud83d\udccb<\/h2>\n<ul data-start=\"1003\" data-end=\"1170\">\n<li data-start=\"1003\" data-end=\"1056\">\n<p data-start=\"1005\" data-end=\"1056\">Material: H\u00f6gkvalitativ plast + slitstarka borst<\/p>\n<\/li>\n<li data-start=\"1057\" data-end=\"1105\">\n<p data-start=\"1059\" data-end=\"1105\">Anv\u00e4ndning: K\u00f6k, badrum, kakel, glas, metall<\/p>\n<\/li>\n<li data-start=\"1106\" data-end=\"1170\">\n<p data-start=\"1108\" data-end=\"1170\">Funktioner: \u00c5teranv\u00e4ndbar, ergonomisk design, borst f\u00f6r djupreng\u00f6ring<\/p>\n<\/li>\n<\/ul>\n<h2 style=\"text-align: center\" data-start=\"1172\" data-end=\"1197\"><strong>Paketet Inneh\u00e5ller<\/strong> \ud83c\udf81<\/h2>\n<ul data-start=\"1198\" data-end=\"1242\">\n<li data-start=\"1198\" data-end=\"1242\">\n<p data-start=\"1200\" data-end=\"1242\">1, 2, 3x reng\u00f6ringsborste.<\/p>\n<\/li>\n<\/ul>\n","protected":false},"excerpt":{"rendered":"<p>Ta Bort Envis Smuts Med Minimal Anstr\u00e4ngning! \ud83e\uddfc Den h\u00e4r reng\u00f6ringsborsten \u00e4r utformad f\u00f6r att ta itu med alla sv\u00e5ra [&hellip;]<\/p>\n","protected":false},"featured_media":36887,"comment_status":"open","ping_status":"closed","template":"","meta":{"site-sidebar-layout":"default","site-content-layout":"","ast-site-content-layout":"default","site-content-style":"default","site-sidebar-style":"default","ast-global-header-display":"","ast-banner-title-visibility":"","ast-main-header-display":"","ast-hfb-above-header-display":"","ast-hfb-below-header-display":"","ast-hfb-mobile-header-display":"","site-post-title":"","ast-breadcrumbs-content":"","ast-featured-img":"","footer-sml-layout":"","theme-transparent-header-meta":"default","adv-header-id-meta":"","stick-header-meta":"","header-above-stick-meta":"","header-main-stick-meta":"","header-below-stick-meta":"","astra-migrate-meta-layouts":"set","ast-page-background-enabled":"default","ast-page-background-meta":{"desktop":{"background-color":"var(--ast-global-color-4)","background-image":"","background-repeat":"repeat","background-position":"center center","background-size":"auto","background-attachment":"scroll","background-type":"","background-media":"","overlay-type":"","overlay-color":"","overlay-opacity":"","overlay-gradient":""},"tablet":{"background-color":"","background-image":"","background-repeat":"repeat","background-position":"center center","background-size":"auto","background-attachment":"scroll","background-type":"","background-media":"","overlay-type":"","overlay-color":"","overlay-opacity":"","overlay-gradient":""},"mobile":{"background-color":"","background-image":"","background-repeat":"repeat","background-position":"center center","background-size":"auto","background-attachment":"scroll","background-type":"","background-media":"","overlay-type":"","overlay-color":"","overlay-opacity":"","overlay-gradient":""}},"ast-content-background-meta":{"desktop":{"background-color":"var(--ast-global-color-5)","background-image":"","background-repeat":"repeat","background-position":"center center","background-size":"auto","background-attachment":"scroll","background-type":"","background-media":"","overlay-type":"","overlay-color":"","overlay-opacity":"","overlay-gradient":""},"tablet":{"background-color":"var(--ast-global-color-5)","background-image":"","background-repeat":"repeat","background-position":"center center","background-size":"auto","background-attachment":"scroll","background-type":"","background-media":"","overlay-type":"","overlay-color":"","overlay-opacity":"","overlay-gradient":""},"mobile":{"background-color":"var(--ast-global-color-5)","background-image":"","background-repeat":"repeat","background-position":"center center","background-size":"auto","background-attachment":"scroll","background-type":"","background-media":"","overlay-type":"","overlay-color":"","overlay-opacity":"","overlay-gradient":""}}},"product_brand":[],"product_cat":[1001],"product_tag":[],"class_list":{"0":"post-36891","1":"product","2":"type-product","3":"status-publish","4":"has-post-thumbnail","6":"product_cat-household-goods","7":"pa_36942_a8gidklh-1-st","8":"pa_36942_a8gidklh-2-st","9":"pa_36942_a8gidklh-3-st","10":"pa_36942_pgkzrtw3-beige","11":"pa_36942_pgkzrtw3-bla","12":"pa_36942_pgkzrtw3-gra","13":"desktop-align-left","14":"tablet-align-left","15":"mobile-align-left","17":"first","18":"instock","19":"shipping-taxable","20":"purchasable","21":"product-type-variable","22":"has-default-attributes"},"_links":{"self":[{"href":"https:\/\/keluvo.com\/se\/wp-json\/wp\/v2\/product\/36891","targetHints":{"allow":["GET"]}}],"collection":[{"href":"https:\/\/keluvo.com\/se\/wp-json\/wp\/v2\/product"}],"about":[{"href":"https:\/\/keluvo.com\/se\/wp-json\/wp\/v2\/types\/product"}],"replies":[{"embeddable":true,"href":"https:\/\/keluvo.com\/se\/wp-json\/wp\/v2\/comments?post=36891"}],"wp:featuredmedia":[{"embeddable":true,"href":"https:\/\/keluvo.com\/se\/wp-json\/wp\/v2\/media\/36887"}],"wp:attachment":[{"href":"https:\/\/keluvo.com\/se\/wp-json\/wp\/v2\/media?parent=36891"}],"wp:term":[{"taxonomy":"product_brand","embeddable":true,"href":"https:\/\/keluvo.com\/se\/wp-json\/wp\/v2\/product_brand?post=36891"},{"taxonomy":"product_cat","embeddable":true,"href":"https:\/\/keluvo.com\/se\/wp-json\/wp\/v2\/product_cat?post=36891"},{"taxonomy":"product_tag","embeddable":true,"href":"https:\/\/keluvo.com\/se\/wp-json\/wp\/v2\/product_tag?post=36891"}],"curies":[{"name":"wp","href":"https:\/\/api.w.org\/{rel}","templated":true}]}}