{"id":36874,"date":"2025-09-21T09:48:22","date_gmt":"2025-09-21T06:48:22","guid":{"rendered":"https:\/\/keluvo.com\/se\/product\/fjarilsglob\/"},"modified":"2025-09-21T09:48:28","modified_gmt":"2025-09-21T06:48:28","slug":"fjarilsglob","status":"publish","type":"product","link":"https:\/\/keluvo.com\/se\/product\/fjarilsglob\/","title":{"rendered":"Fj\u00e4rilsglob"},"content":{"rendered":"<p style=\"text-align: center\" data-start=\"129\" data-end=\"189\"><strong data-start=\"129\" data-end=\"184\">L\u00e4gg Till Magiskt Ljus Och Charm Till Dina Utomhusutrymmen!<\/strong> \ud83c\udf1f<\/p>\n<p style=\"text-align: center\" data-start=\"191\" data-end=\"413\">Den h\u00e4r solcellsdrivna fj\u00e4rilsgloben skapar ett vackert sken som automatiskt t\u00e4nds p\u00e5 natten. Den \u00e4r perfekt f\u00f6r tr\u00e4dg\u00e5rdar, uteplatser, balkonger och camping och ger en mysig och f\u00f6rtrollande atmosf\u00e4r var du \u00e4n h\u00e4nger den. <span style=\"font-size: 16px;font-style: normal;font-weight: 400\">\ud83c\udf1e\u2728<\/span><\/p>\n<p data-start=\"191\" data-end=\"413\"><img decoding=\"async\" class=\"size-full wp-image-31835 aligncenter\" src=\"https:\/\/keluvo.com\/template\/wp-content\/uploads\/sites\/5\/2025\/08\/072112-ezgif.com-video-to-webp-converter.webp\" alt=\"\" \/><\/p>\n<h2 style=\"text-align: center\" data-start=\"415\" data-end=\"437\">Huvudf\u00f6rdelar \ud83c\udf1f<\/h2>\n<p data-start=\"440\" data-end=\"525\">\ud83d\udd0b Solcellsdriven &#8211; laddas under dagen och t\u00e4nds automatiskt p\u00e5 natten<\/p>\n<p data-start=\"528\" data-end=\"617\">\ud83c\udfa8 Vacker design &#8211; klar boll med dekorativa accenter inuti f\u00f6r ett magiskt utseende<\/p>\n<p data-start=\"620\" data-end=\"679\">\ud83c\udf0d Milj\u00f6v\u00e4nlig &#8211; inga batterier eller el beh\u00f6vs<\/p>\n<p data-start=\"682\" data-end=\"758\">\ud83d\udca7 V\u00e4derbest\u00e4ndig &#8211; l\u00e4mplig f\u00f6r utomhusbruk i olika f\u00f6rh\u00e5llanden<\/p>\n<p data-start=\"761\" data-end=\"824\">\ud83e\uddf3 B\u00e4rbar &#8211; l\u00e4tt att h\u00e4nga var som helst, fr\u00e5n tr\u00e4d till t\u00e4lt<\/p>\n<p data-start=\"761\" data-end=\"824\"><img decoding=\"async\" class=\"size-full wp-image-31839 aligncenter\" src=\"https:\/\/keluvo.com\/template\/wp-content\/uploads\/sites\/5\/2025\/08\/92MQNdWmVXqOHstYzgMD.jpg\" alt=\"\" \/><\/p>\n<h2 style=\"text-align: center\" data-start=\"826\" data-end=\"845\">Anv\u00e4ndning \ud83e\ude84<\/h2>\n<ol data-start=\"846\" data-end=\"1008\">\n<li data-start=\"846\" data-end=\"913\">\n<p data-start=\"849\" data-end=\"913\">H\u00e4ng ljuskulan p\u00e5 en solig plats med hj\u00e4lp av det medf\u00f6ljande sn\u00f6ret.<\/p>\n<\/li>\n<li data-start=\"914\" data-end=\"959\">\n<p data-start=\"917\" data-end=\"959\">L\u00e5t den ladda i solen under dagen.<\/p>\n<\/li>\n<li data-start=\"960\" data-end=\"1008\">\n<p data-start=\"963\" data-end=\"1008\">Njut av dess varma sken automatiskt p\u00e5 natten.<\/p>\n<\/li>\n<\/ol>\n<h2 style=\"text-align: center\" data-start=\"1010\" data-end=\"1034\">Produktinformation \ud83d\udccb<\/h2>\n<ul data-start=\"1035\" data-end=\"1231\">\n<li data-start=\"1035\" data-end=\"1085\">\n<p data-start=\"1037\" data-end=\"1085\">Material: Plast + dekorativa element inuti<\/p>\n<\/li>\n<li data-start=\"1086\" data-end=\"1124\">\n<p data-start=\"1088\" data-end=\"1124\">Storlek: Ca 49 cm h\u00e4ngande l\u00e4ngd<\/p>\n<\/li>\n<li data-start=\"1125\" data-end=\"1173\">\n<p data-start=\"1127\" data-end=\"1173\">K\u00e4lla: Solpanel (automatisk p\u00e5\/av)<\/p>\n<\/li>\n<li data-start=\"1174\" data-end=\"1231\">\n<p data-start=\"1176\" data-end=\"1231\">Anv\u00e4ndning: Tr\u00e4dg\u00e5rd, uteplats, balkong, camping, utomhusinredning<\/p>\n<\/li>\n<\/ul>\n<h2 style=\"text-align: center\" data-start=\"1233\" data-end=\"1258\">Paketet Inneh\u00e5ller \ud83c\udf81<\/h2>\n<ul data-start=\"1259\" data-end=\"1299\">\n<li data-start=\"1259\" data-end=\"1299\">\n<p data-start=\"1261\" data-end=\"1299\">1x fj\u00e4rilsglob.<\/p>\n<\/li>\n<\/ul>\n","protected":false},"excerpt":{"rendered":"<p>L\u00e4gg Till Magiskt Ljus Och Charm Till Dina Utomhusutrymmen! \ud83c\udf1f Den h\u00e4r solcellsdrivna fj\u00e4rilsgloben skapar ett vackert sken som automatiskt [&hellip;]<\/p>\n","protected":false},"featured_media":36870,"comment_status":"open","ping_status":"closed","template":"","meta":{"site-sidebar-layout":"default","site-content-layout":"","ast-site-content-layout":"default","site-content-style":"default","site-sidebar-style":"default","ast-global-header-display":"","ast-banner-title-visibility":"","ast-main-header-display":"","ast-hfb-above-header-display":"","ast-hfb-below-header-display":"","ast-hfb-mobile-header-display":"","site-post-title":"","ast-breadcrumbs-content":"","ast-featured-img":"","footer-sml-layout":"","theme-transparent-header-meta":"default","adv-header-id-meta":"","stick-header-meta":"","header-above-stick-meta":"","header-main-stick-meta":"","header-below-stick-meta":"","astra-migrate-meta-layouts":"set","ast-page-background-enabled":"default","ast-page-background-meta":{"desktop":{"background-color":"var(--ast-global-color-4)","background-image":"","background-repeat":"repeat","background-position":"center center","background-size":"auto","background-attachment":"scroll","background-type":"","background-media":"","overlay-type":"","overlay-color":"","overlay-opacity":"","overlay-gradient":""},"tablet":{"background-color":"","background-image":"","background-repeat":"repeat","background-position":"center center","background-size":"auto","background-attachment":"scroll","background-type":"","background-media":"","overlay-type":"","overlay-color":"","overlay-opacity":"","overlay-gradient":""},"mobile":{"background-color":"","background-image":"","background-repeat":"repeat","background-position":"center center","background-size":"auto","background-attachment":"scroll","background-type":"","background-media":"","overlay-type":"","overlay-color":"","overlay-opacity":"","overlay-gradient":""}},"ast-content-background-meta":{"desktop":{"background-color":"var(--ast-global-color-5)","background-image":"","background-repeat":"repeat","background-position":"center center","background-size":"auto","background-attachment":"scroll","background-type":"","background-media":"","overlay-type":"","overlay-color":"","overlay-opacity":"","overlay-gradient":""},"tablet":{"background-color":"var(--ast-global-color-5)","background-image":"","background-repeat":"repeat","background-position":"center center","background-size":"auto","background-attachment":"scroll","background-type":"","background-media":"","overlay-type":"","overlay-color":"","overlay-opacity":"","overlay-gradient":""},"mobile":{"background-color":"var(--ast-global-color-5)","background-image":"","background-repeat":"repeat","background-position":"center center","background-size":"auto","background-attachment":"scroll","background-type":"","background-media":"","overlay-type":"","overlay-color":"","overlay-opacity":"","overlay-gradient":""}}},"product_brand":[],"product_cat":[1001],"product_tag":[],"class_list":{"0":"post-36874","1":"product","2":"type-product","3":"status-publish","4":"has-post-thumbnail","6":"product_cat-household-goods","7":"pa_24835_lezp6pb0-varm-vit","8":"pa_24835_lezp6pb0-vit","9":"desktop-align-left","10":"tablet-align-left","11":"mobile-align-left","13":"first","14":"instock","15":"shipping-taxable","16":"purchasable","17":"product-type-variable"},"_links":{"self":[{"href":"https:\/\/keluvo.com\/se\/wp-json\/wp\/v2\/product\/36874","targetHints":{"allow":["GET"]}}],"collection":[{"href":"https:\/\/keluvo.com\/se\/wp-json\/wp\/v2\/product"}],"about":[{"href":"https:\/\/keluvo.com\/se\/wp-json\/wp\/v2\/types\/product"}],"replies":[{"embeddable":true,"href":"https:\/\/keluvo.com\/se\/wp-json\/wp\/v2\/comments?post=36874"}],"wp:featuredmedia":[{"embeddable":true,"href":"https:\/\/keluvo.com\/se\/wp-json\/wp\/v2\/media\/36870"}],"wp:attachment":[{"href":"https:\/\/keluvo.com\/se\/wp-json\/wp\/v2\/media?parent=36874"}],"wp:term":[{"taxonomy":"product_brand","embeddable":true,"href":"https:\/\/keluvo.com\/se\/wp-json\/wp\/v2\/product_brand?post=36874"},{"taxonomy":"product_cat","embeddable":true,"href":"https:\/\/keluvo.com\/se\/wp-json\/wp\/v2\/product_cat?post=36874"},{"taxonomy":"product_tag","embeddable":true,"href":"https:\/\/keluvo.com\/se\/wp-json\/wp\/v2\/product_tag?post=36874"}],"curies":[{"name":"wp","href":"https:\/\/api.w.org\/{rel}","templated":true}]}}