{"id":36858,"date":"2025-09-21T09:47:36","date_gmt":"2025-09-21T06:47:36","guid":{"rendered":"https:\/\/keluvo.com\/se\/product\/borste-for-husdjur\/"},"modified":"2025-09-21T09:47:44","modified_gmt":"2025-09-21T06:47:44","slug":"borste-for-husdjur","status":"publish","type":"product","link":"https:\/\/keluvo.com\/se\/product\/borste-for-husdjur\/","title":{"rendered":"Borste f\u00f6r husdjur"},"content":{"rendered":"<p style=\"text-align: center\" data-start=\"0\" data-end=\"60\"><strong data-start=\"0\" data-end=\"58\">Sj\u00e4lvreng\u00f6rande H\u00e5rborste F\u00f6r Husdjur \u2013 Enkel Grooming \ud83d\udc36\ud83d\udc31<\/strong><\/p>\n<p style=\"text-align: center\" data-start=\"62\" data-end=\"373\">H\u00e5ll din h\u00e5riga v\u00e4ns p\u00e4ls frisk, gl\u00e4nsande och trasselfri med denna h\u00e5rborste f\u00f6r husdjur. Den \u00e4r utformad f\u00f6r b\u00e5de katter och hundar och avl\u00e4gsnar f\u00f6rsiktigt l\u00f6s p\u00e4ls, knutar och smuts samtidigt som den ger ditt husdjur en lugnande massage. Med den snabba sj\u00e4lvreng\u00f6ringsfunktionen har det aldrig varit enklare eller roligare att sk\u00f6ta om ditt husdjur.<\/p>\n<p data-start=\"62\" data-end=\"373\"><img decoding=\"async\" class=\"size-full wp-image-32009 aligncenter\" src=\"https:\/\/keluvo.com\/template\/wp-content\/uploads\/sites\/5\/2025\/08\/072118-ezgif.com-video-to-webp-converter.webp\" alt=\"\" \/><\/p>\n<h2 style=\"text-align: center\" data-start=\"380\" data-end=\"402\">\ud83c\udf1f Huvudf\u00f6rdelar<\/h2>\n<p data-start=\"405\" data-end=\"457\">\ud83d\udc3e Tar bort l\u00f6s p\u00e4ls, tovor och smuts p\u00e5 n\u00e5gra sekunder<\/p>\n<p data-start=\"460\" data-end=\"506\">\ud83d\udc86 Skonsam mot huden \u2013 ger en avslappnande massage<\/p>\n<p data-start=\"509\" data-end=\"562\">\ud83d\udc36\ud83d\udc31 Passar katter, hundar och husdjur i alla storlekar<\/p>\n<p data-start=\"565\" data-end=\"630\">\ud83e\uddfc Sj\u00e4lvreng\u00f6rande knapp \u2013 tar bort h\u00e5r fr\u00e5n borsten direkt<\/p>\n<p data-start=\"633\" data-end=\"676\">\ud83d\udee1 Slitstark, bekv\u00e4m och l\u00e4tt att greppa<\/p>\n<p data-start=\"633\" data-end=\"676\"><img decoding=\"async\" class=\"size-full wp-image-32007 aligncenter\" src=\"https:\/\/keluvo.com\/template\/wp-content\/uploads\/sites\/5\/2025\/08\/Szczotka-do-siersci-dla-psa-i-kota-samoczyszczaca-nr-5.png\" alt=\"\" \/><\/p>\n<h2 style=\"text-align: center\" data-start=\"683\" data-end=\"704\">\ud83d\udccc Hur Den Fungerar<\/h2>\n<ol data-start=\"705\" data-end=\"956\">\n<li data-start=\"705\" data-end=\"770\">\n<p data-start=\"708\" data-end=\"770\">Borsta ditt husdjurs p\u00e4ls f\u00f6rsiktigt i h\u00e5rets v\u00e4xtriktning.<\/p>\n<\/li>\n<li data-start=\"771\" data-end=\"825\">\n<p data-start=\"774\" data-end=\"825\">Ta bort trassel och l\u00f6st h\u00e5r med n\u00e5gra f\u00e5 drag.<\/p>\n<\/li>\n<li data-start=\"826\" data-end=\"887\">\n<p data-start=\"829\" data-end=\"887\">Tryck p\u00e5 den sj\u00e4lvreng\u00f6rande knappen f\u00f6r att sl\u00e4ppa uppsamlad p\u00e4ls.<\/p>\n<\/li>\n<li data-start=\"888\" data-end=\"956\">\n<p data-start=\"891\" data-end=\"956\">Upprepa regelbundet f\u00f6r att h\u00e5lla ditt husdjurs p\u00e4ls frisk och vacker.<\/p>\n<\/li>\n<\/ol>\n<h2 style=\"text-align: center\" data-start=\"963\" data-end=\"987\">\ud83d\udccf Produktdetaljer<\/h2>\n<ul data-start=\"988\" data-end=\"1135\">\n<li data-start=\"988\" data-end=\"1039\">\n<p data-start=\"990\" data-end=\"1039\">Material: ABS handtag + borst av rostfritt st\u00e5l<\/p>\n<\/li>\n<li data-start=\"1040\" data-end=\"1055\">\n<p data-start=\"1042\" data-end=\"1055\">F\u00e4rg: Bl\u00e5, Gr\u00e5 och Rosa<\/p>\n<\/li>\n<li data-start=\"1056\" data-end=\"1086\">\n<p data-start=\"1058\" data-end=\"1086\">Storlek: ca. 19 cm l\u00e4ngd<\/p>\n<\/li>\n<li data-start=\"1087\" data-end=\"1135\">\n<p data-start=\"1089\" data-end=\"1135\">Designad f\u00f6r b\u00e5de kort- och l\u00e5ngh\u00e5riga husdjur<\/p>\n<\/li>\n<\/ul>\n<h2 style=\"text-align: center\" data-start=\"1142\" data-end=\"1167\">\ud83d\udce6 Paketet Inneh\u00e5ller<\/h2>\n<ul data-start=\"1168\" data-end=\"1204\">\n<li data-start=\"1168\" data-end=\"1204\">\n<p data-start=\"1170\" data-end=\"1204\">1x h\u00e5rborste f\u00f6r husdjur.<\/p>\n<\/li>\n<\/ul>\n","protected":false},"excerpt":{"rendered":"<p>Sj\u00e4lvreng\u00f6rande H\u00e5rborste F\u00f6r Husdjur \u2013 Enkel Grooming \ud83d\udc36\ud83d\udc31 H\u00e5ll din h\u00e5riga v\u00e4ns p\u00e4ls frisk, gl\u00e4nsande och trasselfri med denna h\u00e5rborste [&hellip;]<\/p>\n","protected":false},"featured_media":36854,"comment_status":"open","ping_status":"closed","template":"","meta":{"site-sidebar-layout":"default","site-content-layout":"","ast-site-content-layout":"default","site-content-style":"default","site-sidebar-style":"default","ast-global-header-display":"","ast-banner-title-visibility":"","ast-main-header-display":"","ast-hfb-above-header-display":"","ast-hfb-below-header-display":"","ast-hfb-mobile-header-display":"","site-post-title":"","ast-breadcrumbs-content":"","ast-featured-img":"","footer-sml-layout":"","theme-transparent-header-meta":"default","adv-header-id-meta":"","stick-header-meta":"","header-above-stick-meta":"","header-main-stick-meta":"","header-below-stick-meta":"","astra-migrate-meta-layouts":"set","ast-page-background-enabled":"default","ast-page-background-meta":{"desktop":{"background-color":"var(--ast-global-color-4)","background-image":"","background-repeat":"repeat","background-position":"center center","background-size":"auto","background-attachment":"scroll","background-type":"","background-media":"","overlay-type":"","overlay-color":"","overlay-opacity":"","overlay-gradient":""},"tablet":{"background-color":"","background-image":"","background-repeat":"repeat","background-position":"center center","background-size":"auto","background-attachment":"scroll","background-type":"","background-media":"","overlay-type":"","overlay-color":"","overlay-opacity":"","overlay-gradient":""},"mobile":{"background-color":"","background-image":"","background-repeat":"repeat","background-position":"center center","background-size":"auto","background-attachment":"scroll","background-type":"","background-media":"","overlay-type":"","overlay-color":"","overlay-opacity":"","overlay-gradient":""}},"ast-content-background-meta":{"desktop":{"background-color":"var(--ast-global-color-5)","background-image":"","background-repeat":"repeat","background-position":"center center","background-size":"auto","background-attachment":"scroll","background-type":"","background-media":"","overlay-type":"","overlay-color":"","overlay-opacity":"","overlay-gradient":""},"tablet":{"background-color":"var(--ast-global-color-5)","background-image":"","background-repeat":"repeat","background-position":"center center","background-size":"auto","background-attachment":"scroll","background-type":"","background-media":"","overlay-type":"","overlay-color":"","overlay-opacity":"","overlay-gradient":""},"mobile":{"background-color":"var(--ast-global-color-5)","background-image":"","background-repeat":"repeat","background-position":"center center","background-size":"auto","background-attachment":"scroll","background-type":"","background-media":"","overlay-type":"","overlay-color":"","overlay-opacity":"","overlay-gradient":""}}},"product_brand":[],"product_cat":[997],"product_tag":[],"class_list":{"0":"post-36858","1":"product","2":"type-product","3":"status-publish","4":"has-post-thumbnail","6":"product_cat-pets-products","7":"pa_46752_c84b3ri8-bla","8":"pa_46752_c84b3ri8-gra","9":"pa_46752_c84b3ri8-rosa","10":"desktop-align-left","11":"tablet-align-left","12":"mobile-align-left","14":"first","15":"instock","16":"shipping-taxable","17":"purchasable","18":"product-type-variable"},"_links":{"self":[{"href":"https:\/\/keluvo.com\/se\/wp-json\/wp\/v2\/product\/36858","targetHints":{"allow":["GET"]}}],"collection":[{"href":"https:\/\/keluvo.com\/se\/wp-json\/wp\/v2\/product"}],"about":[{"href":"https:\/\/keluvo.com\/se\/wp-json\/wp\/v2\/types\/product"}],"replies":[{"embeddable":true,"href":"https:\/\/keluvo.com\/se\/wp-json\/wp\/v2\/comments?post=36858"}],"wp:featuredmedia":[{"embeddable":true,"href":"https:\/\/keluvo.com\/se\/wp-json\/wp\/v2\/media\/36854"}],"wp:attachment":[{"href":"https:\/\/keluvo.com\/se\/wp-json\/wp\/v2\/media?parent=36858"}],"wp:term":[{"taxonomy":"product_brand","embeddable":true,"href":"https:\/\/keluvo.com\/se\/wp-json\/wp\/v2\/product_brand?post=36858"},{"taxonomy":"product_cat","embeddable":true,"href":"https:\/\/keluvo.com\/se\/wp-json\/wp\/v2\/product_cat?post=36858"},{"taxonomy":"product_tag","embeddable":true,"href":"https:\/\/keluvo.com\/se\/wp-json\/wp\/v2\/product_tag?post=36858"}],"curies":[{"name":"wp","href":"https:\/\/api.w.org\/{rel}","templated":true}]}}