{"id":36755,"date":"2025-09-21T09:43:52","date_gmt":"2025-09-21T06:43:52","guid":{"rendered":"https:\/\/keluvo.com\/se\/product\/axelremsvaska-6\/"},"modified":"2025-09-21T09:43:56","modified_gmt":"2025-09-21T06:43:56","slug":"axelremsvaska-6","status":"publish","type":"product","link":"https:\/\/keluvo.com\/se\/product\/axelremsvaska-6\/","title":{"rendered":"Axelremsv\u00e4ska"},"content":{"rendered":"<p style=\"text-align: center\" data-start=\"149\" data-end=\"199\"><strong data-start=\"149\" data-end=\"194\">G\u00e5 Ut I Stil Med Tidl\u00f6s Elegans!<\/strong> \ud83d\udc5c<\/p>\n<p style=\"text-align: center\" data-start=\"201\" data-end=\"449\">Den h\u00e4r handv\u00e4skan blandar lyx och funktionalitet, vilket g\u00f6r den till den perfekta accessoaren f\u00f6r alla tillf\u00e4llen.  Dess premiummaterial och raffinerade design g\u00f6r den till ett m\u00e5ngsidigt val &#8211; oavsett om du ska till jobbet, shoppa eller g\u00e5 ut en kv\u00e4ll.<span style=\"font-size: 16px;font-style: normal;font-weight: 400\">\u2728<\/span><\/p>\n<p data-start=\"201\" data-end=\"449\"><img decoding=\"async\" class=\"size-full wp-image-31706 aligncenter\" src=\"https:\/\/keluvo.com\/template\/wp-content\/uploads\/sites\/5\/2025\/08\/SMWNrwV6fhmtmLk3jVlh.jpg\" alt=\"\" \/><\/p>\n<h2 style=\"text-align: center\" data-start=\"451\" data-end=\"473\">Huvudf\u00f6rdelar \ud83c\udf1f<\/h2>\n<p data-start=\"476\" data-end=\"547\">\ud83d\udcbc Elegant design &#8211; ger en touch av sofistikering till alla outfits<\/p>\n<p data-start=\"550\" data-end=\"624\">\ud83e\uddf5 H\u00f6gkvalitativa material &#8211; tillverkade f\u00f6r att h\u00e5lla med f\u00f6rstklassigt hantverk<\/p>\n<p data-start=\"627\" data-end=\"713\">\ud83c\udfaf Praktisk och snygg &#8211; tillr\u00e4ckligt rymlig f\u00f6r viktiga saker samtidigt som den \u00e4r kompakt<\/p>\n<p data-start=\"716\" data-end=\"774\">\ud83c\udf80 Bekv\u00e4m rem &#8211; justerbar f\u00f6r perfekt passform<\/p>\n<p data-start=\"777\" data-end=\"846\">\ud83e\uddf3 M\u00e5ngsidig anv\u00e4ndning &#8211; perfekt f\u00f6r avslappnad, aff\u00e4rs- eller kv\u00e4llskl\u00e4der<\/p>\n<p data-start=\"777\" data-end=\"846\"><img decoding=\"async\" class=\"size-full wp-image-31711 aligncenter\" src=\"https:\/\/keluvo.com\/template\/wp-content\/uploads\/sites\/5\/2025\/08\/Sc2ce0ad63cba4ecd9c83ca27f4be1c72M.jpg_960x960q75.jpg_.avif\" alt=\"\" \/><\/p>\n<h2 style=\"text-align: center\" data-start=\"848\" data-end=\"867\">Hur Man Anv\u00e4nder \ud83e\ude84<\/h2>\n<ol data-start=\"868\" data-end=\"1045\">\n<li data-start=\"868\" data-end=\"915\">\n<p data-start=\"871\" data-end=\"915\">Justera remmen till \u00f6nskad l\u00e4ngd.<\/p>\n<\/li>\n<li data-start=\"916\" data-end=\"979\">\n<p data-start=\"919\" data-end=\"979\">F\u00f6rvara dina viktigaste saker som telefon, pl\u00e5nbok och nycklar inuti.<\/p>\n<\/li>\n<li data-start=\"980\" data-end=\"1045\">\n<p data-start=\"983\" data-end=\"1045\">b\u00e4r den p\u00e5 axeln eller crossbody f\u00f6r enkel stil.<\/p>\n<\/li>\n<\/ol>\n<h2 style=\"text-align: center\" data-start=\"1047\" data-end=\"1071\">Produktinformation \ud83d\udccb<\/h2>\n<ul data-start=\"1072\" data-end=\"1233\">\n<li data-start=\"1072\" data-end=\"1101\">\n<p data-start=\"1074\" data-end=\"1101\">Material: Premiuml\u00e4der<\/p>\n<\/li>\n<li data-start=\"1102\" data-end=\"1118\">\n<p data-start=\"1104\" data-end=\"1118\">F\u00e4rg: Kaffe och Beige<\/p>\n<\/li>\n<li data-start=\"1119\" data-end=\"1152\">\n<p data-start=\"1121\" data-end=\"1152\">Stil: Axel-\/crossbody-v\u00e4ska<\/p>\n<\/li>\n<li data-start=\"1153\" data-end=\"1233\">\n<p data-start=\"1155\" data-end=\"1233\">Funktioner: Justerbar rem, rymligt huvudfack, s\u00e4ker blixtl\u00e5sst\u00e4ngning<\/p>\n<\/li>\n<li data-start=\"1153\" data-end=\"1233\">Storlek: 22 x 14 x 5cm.<\/li>\n<\/ul>\n<h2 style=\"text-align: center\" data-start=\"1235\" data-end=\"1260\">Paketet Inneh\u00e5ller \ud83c\udf81<\/h2>\n<ul data-start=\"1261\" data-end=\"1321\">\n<li data-start=\"1261\" data-end=\"1321\">\n<p data-start=\"1263\" data-end=\"1321\">1x axel\/crossbody-v\u00e4ska.<\/p>\n<\/li>\n<\/ul>\n","protected":false},"excerpt":{"rendered":"<p>G\u00e5 Ut I Stil Med Tidl\u00f6s Elegans! \ud83d\udc5c Den h\u00e4r handv\u00e4skan blandar lyx och funktionalitet, vilket g\u00f6r den till den [&hellip;]<\/p>\n","protected":false},"featured_media":36751,"comment_status":"open","ping_status":"closed","template":"","meta":{"site-sidebar-layout":"default","site-content-layout":"","ast-site-content-layout":"default","site-content-style":"default","site-sidebar-style":"default","ast-global-header-display":"","ast-banner-title-visibility":"","ast-main-header-display":"","ast-hfb-above-header-display":"","ast-hfb-below-header-display":"","ast-hfb-mobile-header-display":"","site-post-title":"","ast-breadcrumbs-content":"","ast-featured-img":"","footer-sml-layout":"","theme-transparent-header-meta":"default","adv-header-id-meta":"","stick-header-meta":"","header-above-stick-meta":"","header-main-stick-meta":"","header-below-stick-meta":"","astra-migrate-meta-layouts":"set","ast-page-background-enabled":"default","ast-page-background-meta":{"desktop":{"background-color":"var(--ast-global-color-4)","background-image":"","background-repeat":"repeat","background-position":"center center","background-size":"auto","background-attachment":"scroll","background-type":"","background-media":"","overlay-type":"","overlay-color":"","overlay-opacity":"","overlay-gradient":""},"tablet":{"background-color":"","background-image":"","background-repeat":"repeat","background-position":"center center","background-size":"auto","background-attachment":"scroll","background-type":"","background-media":"","overlay-type":"","overlay-color":"","overlay-opacity":"","overlay-gradient":""},"mobile":{"background-color":"","background-image":"","background-repeat":"repeat","background-position":"center center","background-size":"auto","background-attachment":"scroll","background-type":"","background-media":"","overlay-type":"","overlay-color":"","overlay-opacity":"","overlay-gradient":""}},"ast-content-background-meta":{"desktop":{"background-color":"var(--ast-global-color-5)","background-image":"","background-repeat":"repeat","background-position":"center center","background-size":"auto","background-attachment":"scroll","background-type":"","background-media":"","overlay-type":"","overlay-color":"","overlay-opacity":"","overlay-gradient":""},"tablet":{"background-color":"var(--ast-global-color-5)","background-image":"","background-repeat":"repeat","background-position":"center center","background-size":"auto","background-attachment":"scroll","background-type":"","background-media":"","overlay-type":"","overlay-color":"","overlay-opacity":"","overlay-gradient":""},"mobile":{"background-color":"var(--ast-global-color-5)","background-image":"","background-repeat":"repeat","background-position":"center center","background-size":"auto","background-attachment":"scroll","background-type":"","background-media":"","overlay-type":"","overlay-color":"","overlay-opacity":"","overlay-gradient":""}}},"product_brand":[],"product_cat":[994,993],"product_tag":[],"class_list":{"0":"post-36755","1":"product","2":"type-product","3":"status-publish","4":"has-post-thumbnail","6":"product_cat-clothing-for-women","7":"product_cat-footwear-accessories","8":"pa_35091_0o8i7y3g-beige","9":"pa_35091_0o8i7y3g-kaffe","10":"desktop-align-left","11":"tablet-align-left","12":"mobile-align-left","14":"first","15":"instock","16":"shipping-taxable","17":"purchasable","18":"product-type-variable"},"_links":{"self":[{"href":"https:\/\/keluvo.com\/se\/wp-json\/wp\/v2\/product\/36755","targetHints":{"allow":["GET"]}}],"collection":[{"href":"https:\/\/keluvo.com\/se\/wp-json\/wp\/v2\/product"}],"about":[{"href":"https:\/\/keluvo.com\/se\/wp-json\/wp\/v2\/types\/product"}],"replies":[{"embeddable":true,"href":"https:\/\/keluvo.com\/se\/wp-json\/wp\/v2\/comments?post=36755"}],"wp:featuredmedia":[{"embeddable":true,"href":"https:\/\/keluvo.com\/se\/wp-json\/wp\/v2\/media\/36751"}],"wp:attachment":[{"href":"https:\/\/keluvo.com\/se\/wp-json\/wp\/v2\/media?parent=36755"}],"wp:term":[{"taxonomy":"product_brand","embeddable":true,"href":"https:\/\/keluvo.com\/se\/wp-json\/wp\/v2\/product_brand?post=36755"},{"taxonomy":"product_cat","embeddable":true,"href":"https:\/\/keluvo.com\/se\/wp-json\/wp\/v2\/product_cat?post=36755"},{"taxonomy":"product_tag","embeddable":true,"href":"https:\/\/keluvo.com\/se\/wp-json\/wp\/v2\/product_tag?post=36755"}],"curies":[{"name":"wp","href":"https:\/\/api.w.org\/{rel}","templated":true}]}}