{"id":36736,"date":"2025-09-21T09:43:07","date_gmt":"2025-09-21T06:43:07","guid":{"rendered":"https:\/\/keluvo.com\/se\/product\/laddningskabel\/"},"modified":"2025-09-21T09:43:17","modified_gmt":"2025-09-21T06:43:17","slug":"laddningskabel","status":"publish","type":"product","link":"https:\/\/keluvo.com\/se\/product\/laddningskabel\/","title":{"rendered":"Laddningskabel"},"content":{"rendered":"<p style=\"text-align: center\" data-start=\"123\" data-end=\"170\"><strong data-start=\"123\" data-end=\"166\">Ladda Alla Dina Enheter Med En Kabel!<\/strong> \u26a1<\/p>\n<p style=\"text-align: center\" data-start=\"172\" data-end=\"431\">Den h\u00e4r 4-i-1-snabbladdningskabeln \u00e4r utformad f\u00f6r ultimat bekv\u00e4mlighet. Med flera anslutningar st\u00f6der den USB till iOS, USB till Type-C, Type-C till iOS och Type-C till Type-C-laddning &#8211; vilket g\u00f6r den perfekt f\u00f6r att driva alla dina enheter snabbt och effektivt. <span style=\"font-size: 16px;font-style: normal;font-weight: 400\">\ud83d\udd0c<\/span><\/p>\n<p data-start=\"172\" data-end=\"431\"><img decoding=\"async\" class=\"size-full wp-image-31732 aligncenter\" src=\"https:\/\/keluvo.com\/template\/wp-content\/uploads\/sites\/5\/2025\/08\/072110-ezgif.com-video-to-webp-converter-1.webp\" alt=\"\" \/><\/p>\n<h2 style=\"text-align: center\" data-start=\"433\" data-end=\"455\">Huvudf\u00f6rdelar \ud83c\udf1f<\/h2>\n<p data-start=\"458\" data-end=\"540\">\ud83d\udd04 4-i-1-kompatibilitet &#8211; ladda olika enheter utan att byta kablar<\/p>\n<p data-start=\"543\" data-end=\"615\">\u26a1 100 W snabbladdning &#8211; f\u00e5 ig\u00e5ng dina enheter p\u00e5 rekordtid<\/p>\n<p data-start=\"618\" data-end=\"692\">\ud83d\udcbb H\u00f6ghastighetsdata\u00f6verf\u00f6ring &#8211; upp till 480 Mbps f\u00f6r snabb fildelning<\/p>\n<p data-start=\"695\" data-end=\"767\">\ud83d\udcaa Brottskyddad design &#8211; f\u00f6rst\u00e4rkt f\u00f6r h\u00e5llbarhet och l\u00e5ng livsl\u00e4ngd<\/p>\n<p data-start=\"770\" data-end=\"843\">\ud83e\uddf3 B\u00e4rbar och resev\u00e4nlig &#8211; ers\u00e4tt flera kablar med en<\/p>\n<p data-start=\"770\" data-end=\"843\"><img decoding=\"async\" class=\"size-full wp-image-31731 aligncenter\" src=\"https:\/\/keluvo.com\/template\/wp-content\/uploads\/sites\/5\/2025\/08\/S44d884307f454a0dbd7ce585246643ecQ.jpg_960x960q75.jpg_.jpg\" alt=\"\" \/><\/p>\n<h2 style=\"text-align: center\" data-start=\"845\" data-end=\"864\">Hur Man Anv\u00e4nder \ud83e\ude84<\/h2>\n<ol data-start=\"865\" data-end=\"1026\">\n<li data-start=\"865\" data-end=\"915\">\n<p data-start=\"868\" data-end=\"915\">V\u00e4lj r\u00e4tt kontakt f\u00f6r din enhet.<\/p>\n<\/li>\n<li data-start=\"916\" data-end=\"959\">\n<p data-start=\"919\" data-end=\"959\">Anslut kabeln till str\u00f6mk\u00e4llan.<\/p>\n<\/li>\n<li data-start=\"960\" data-end=\"1026\">\n<p data-start=\"963\" data-end=\"1026\">Anslut din enhet och njut av snabb laddning eller data\u00f6verf\u00f6ring.<\/p>\n<\/li>\n<\/ol>\n<h2 style=\"text-align: center\" data-start=\"1028\" data-end=\"1052\">Produktinformation \ud83d\udccb<\/h2>\n<ul data-start=\"1053\" data-end=\"1254\">\n<li data-start=\"1053\" data-end=\"1099\">\n<p data-start=\"1055\" data-end=\"1099\">Material: Fl\u00e4tad nylon + metallkontakter<\/p>\n<\/li>\n<li data-start=\"1100\" data-end=\"1130\">\n<p data-start=\"1102\" data-end=\"1130\">Laddningseffekt: Upp till 100 W<\/p>\n<\/li>\n<li data-start=\"1131\" data-end=\"1170\">\n<p data-start=\"1133\" data-end=\"1170\">Data\u00f6verf\u00f6ringshastighet: Upp till 480 Mbps<\/p>\n<\/li>\n<li data-start=\"1171\" data-end=\"1203\">\n<p data-start=\"1173\" data-end=\"1203\">Kontakter: USB, typ-C, iOS<\/p>\n<\/li>\n<li data-start=\"1204\" data-end=\"1254\">\n<p data-start=\"1206\" data-end=\"1254\">Anv\u00e4ndning: Smartphones, surfplattor, b\u00e4rbara datorer med mera<\/p>\n<\/li>\n<li data-start=\"1204\" data-end=\"1254\">Kabell\u00e4ngd: 1m och 1,5m.<\/li>\n<\/ul>\n<h2 style=\"text-align: center\" data-start=\"1256\" data-end=\"1281\">Paketet Inneh\u00e5ller \ud83c\udf81<\/h2>\n<ul data-start=\"1282\" data-end=\"1316\">\n<li data-start=\"1282\" data-end=\"1316\">\n<p data-start=\"1284\" data-end=\"1316\">1x 4-i-1 snabbladdningskabel.<\/p>\n<\/li>\n<\/ul>\n","protected":false},"excerpt":{"rendered":"<p>Ladda Alla Dina Enheter Med En Kabel! \u26a1 Den h\u00e4r 4-i-1-snabbladdningskabeln \u00e4r utformad f\u00f6r ultimat bekv\u00e4mlighet. Med flera anslutningar st\u00f6der [&hellip;]<\/p>\n","protected":false},"featured_media":36732,"comment_status":"open","ping_status":"closed","template":"","meta":{"site-sidebar-layout":"default","site-content-layout":"","ast-site-content-layout":"default","site-content-style":"default","site-sidebar-style":"default","ast-global-header-display":"","ast-banner-title-visibility":"","ast-main-header-display":"","ast-hfb-above-header-display":"","ast-hfb-below-header-display":"","ast-hfb-mobile-header-display":"","site-post-title":"","ast-breadcrumbs-content":"","ast-featured-img":"","footer-sml-layout":"","theme-transparent-header-meta":"default","adv-header-id-meta":"","stick-header-meta":"","header-above-stick-meta":"","header-main-stick-meta":"","header-below-stick-meta":"","astra-migrate-meta-layouts":"set","ast-page-background-enabled":"default","ast-page-background-meta":{"desktop":{"background-color":"var(--ast-global-color-4)","background-image":"","background-repeat":"repeat","background-position":"center center","background-size":"auto","background-attachment":"scroll","background-type":"","background-media":"","overlay-type":"","overlay-color":"","overlay-opacity":"","overlay-gradient":""},"tablet":{"background-color":"","background-image":"","background-repeat":"repeat","background-position":"center center","background-size":"auto","background-attachment":"scroll","background-type":"","background-media":"","overlay-type":"","overlay-color":"","overlay-opacity":"","overlay-gradient":""},"mobile":{"background-color":"","background-image":"","background-repeat":"repeat","background-position":"center center","background-size":"auto","background-attachment":"scroll","background-type":"","background-media":"","overlay-type":"","overlay-color":"","overlay-opacity":"","overlay-gradient":""}},"ast-content-background-meta":{"desktop":{"background-color":"var(--ast-global-color-5)","background-image":"","background-repeat":"repeat","background-position":"center center","background-size":"auto","background-attachment":"scroll","background-type":"","background-media":"","overlay-type":"","overlay-color":"","overlay-opacity":"","overlay-gradient":""},"tablet":{"background-color":"var(--ast-global-color-5)","background-image":"","background-repeat":"repeat","background-position":"center center","background-size":"auto","background-attachment":"scroll","background-type":"","background-media":"","overlay-type":"","overlay-color":"","overlay-opacity":"","overlay-gradient":""},"mobile":{"background-color":"var(--ast-global-color-5)","background-image":"","background-repeat":"repeat","background-position":"center center","background-size":"auto","background-attachment":"scroll","background-type":"","background-media":"","overlay-type":"","overlay-color":"","overlay-opacity":"","overlay-gradient":""}}},"product_brand":[],"product_cat":[15],"product_tag":[],"class_list":{"0":"post-36736","1":"product","2":"type-product","3":"status-publish","4":"has-post-thumbnail","6":"product_cat-uncategorized","7":"pa_30275_3kywz7xc-svart","8":"pa_30275_3kywz7xc-vit","9":"pa_30275_wmpxbw96-1-5m","10":"pa_30275_wmpxbw96-1m","11":"desktop-align-left","12":"tablet-align-left","13":"mobile-align-left","15":"first","16":"instock","17":"shipping-taxable","18":"purchasable","19":"product-type-variable","20":"has-default-attributes"},"_links":{"self":[{"href":"https:\/\/keluvo.com\/se\/wp-json\/wp\/v2\/product\/36736","targetHints":{"allow":["GET"]}}],"collection":[{"href":"https:\/\/keluvo.com\/se\/wp-json\/wp\/v2\/product"}],"about":[{"href":"https:\/\/keluvo.com\/se\/wp-json\/wp\/v2\/types\/product"}],"replies":[{"embeddable":true,"href":"https:\/\/keluvo.com\/se\/wp-json\/wp\/v2\/comments?post=36736"}],"wp:featuredmedia":[{"embeddable":true,"href":"https:\/\/keluvo.com\/se\/wp-json\/wp\/v2\/media\/36732"}],"wp:attachment":[{"href":"https:\/\/keluvo.com\/se\/wp-json\/wp\/v2\/media?parent=36736"}],"wp:term":[{"taxonomy":"product_brand","embeddable":true,"href":"https:\/\/keluvo.com\/se\/wp-json\/wp\/v2\/product_brand?post=36736"},{"taxonomy":"product_cat","embeddable":true,"href":"https:\/\/keluvo.com\/se\/wp-json\/wp\/v2\/product_cat?post=36736"},{"taxonomy":"product_tag","embeddable":true,"href":"https:\/\/keluvo.com\/se\/wp-json\/wp\/v2\/product_tag?post=36736"}],"curies":[{"name":"wp","href":"https:\/\/api.w.org\/{rel}","templated":true}]}}