{"id":36706,"date":"2025-09-21T09:41:31","date_gmt":"2025-09-21T06:41:31","guid":{"rendered":"https:\/\/keluvo.com\/se\/product\/borste-for-damm\/"},"modified":"2025-09-21T09:41:31","modified_gmt":"2025-09-21T06:41:31","slug":"borste-for-damm","status":"publish","type":"product","link":"https:\/\/keluvo.com\/se\/product\/borste-for-damm\/","title":{"rendered":"Borste f\u00f6r damm"},"content":{"rendered":"<p style=\"text-align: center\" data-start=\"118\" data-end=\"169\"><strong data-start=\"118\" data-end=\"164\">Reng\u00f6r varje h\u00f6rn i ditt hem med l\u00e4tthet!<\/strong> \ud83e\uddf9<\/p>\n<p style=\"text-align: center\" data-start=\"171\" data-end=\"430\">Den h\u00e4r mikrofiberdammborsten g\u00f6r st\u00e4dningen snabbare, enklare och mer effektiv. Dess mjuka borst drar till sig och f\u00e5ngar upp damm, smuts och h\u00e5r utan att sprida det runt. Med ett utdragbart handtag n\u00e5r den h\u00f6gt i tak, hyllor och tr\u00e5nga utrymmen utan anstr\u00e4ngning. <span style=\"font-size: 16px;font-style: normal;font-weight: 400\">\u2728<\/span><\/p>\n<p data-start=\"171\" data-end=\"430\"><img decoding=\"async\" class=\"size-full wp-image-31683 aligncenter\" src=\"https:\/\/keluvo.com\/template\/wp-content\/uploads\/sites\/5\/2025\/08\/07216-ezgif.com-video-to-webp-converter.webp\" alt=\"\" \/><\/p>\n<h2 style=\"text-align: center\" data-start=\"432\" data-end=\"454\">Huvudf\u00f6rdelar \ud83c\udf1f<\/h2>\n<p data-start=\"457\" data-end=\"524\">\ud83c\udf1f H\u00f6gkvalitativ mikrofiber \u2013 f\u00e5ngar damm och smuts effektivt<\/p>\n<p data-start=\"527\" data-end=\"600\">\ud83e\ude9c Extra r\u00e4ckvidd \u2013 f\u00f6rl\u00e4ngningsbart handtag f\u00f6r h\u00f6ga eller sv\u00e5r\u00e5tkomliga st\u00e4llen<\/p>\n<p data-start=\"603\" data-end=\"683\">\ud83d\udecb M\u00e5ngsidig reng\u00f6ring \u2013 perfekt f\u00f6r golv, m\u00f6bler, gardiner med mera<\/p>\n<p data-start=\"686\" data-end=\"742\">\ud83d\udca6 V\u00e5t och torr anv\u00e4ndning \u2013 reng\u00f6r effektivt p\u00e5 b\u00e5da s\u00e4tten<\/p>\n<p data-start=\"745\" data-end=\"801\">\ud83e\uddf3 L\u00e4tt att f\u00f6rvara \u2013 l\u00e4tt och kompakt design<\/p>\n<p data-start=\"745\" data-end=\"801\"><img decoding=\"async\" class=\"size-full wp-image-31685 aligncenter\" src=\"https:\/\/keluvo.com\/template\/wp-content\/uploads\/sites\/5\/2025\/08\/2023-Telescopic-Cleaning-Duster-Brush-Extended-Long-Crevice-Spider-Web-Microfiber-Brushes-Bendable-Household-Dust-Clean_jpg.webp\" alt=\"\" \/><\/p>\n<h2 style=\"text-align: center\" data-start=\"803\" data-end=\"822\">Hur man anv\u00e4nder \ud83e\ude84<\/h2>\n<ol data-start=\"823\" data-end=\"981\">\n<li data-start=\"823\" data-end=\"867\">\n<p data-start=\"826\" data-end=\"867\">Justera handtaget till \u00f6nskad l\u00e4ngd.<\/p>\n<\/li>\n<li data-start=\"868\" data-end=\"918\">\n<p data-start=\"871\" data-end=\"918\">Sopa \u00f6ver ytor f\u00f6r att samla damm och smuts.<\/p>\n<\/li>\n<li data-start=\"919\" data-end=\"981\">\n<p data-start=\"922\" data-end=\"981\">Tv\u00e4tta borsthuvudet vid behov och l\u00e5t det torka f\u00f6r \u00e5teranv\u00e4ndning.<\/p>\n<\/li>\n<\/ol>\n<h2 style=\"text-align: center\" data-start=\"983\" data-end=\"1007\">Produktinformation \ud83d\udccb<\/h2>\n<ul data-start=\"1008\" data-end=\"1208\">\n<li data-start=\"1008\" data-end=\"1050\">\n<p data-start=\"1010\" data-end=\"1050\">Material: Mikrofiber + rostfritt st\u00e5l<\/p>\n<\/li>\n<li data-start=\"1051\" data-end=\"1103\">\n<p data-start=\"1053\" data-end=\"1103\">Storlek: 2,5 m och 1,4 m (80 cm f\u00f6re utf\u00e4llning, 250 cm efter utf\u00e4llning)<\/p>\n<\/li>\n<li data-start=\"1104\" data-end=\"1163\">\n<p data-start=\"1106\" data-end=\"1163\">Anv\u00e4ndning: Golv, hyllor, tak, m\u00f6bler, vitvaror<\/p>\n<\/li>\n<li data-start=\"1164\" data-end=\"1208\">\n<p data-start=\"1166\" data-end=\"1208\">Funktioner: \u00c5teranv\u00e4ndbar, tv\u00e4ttbar, f\u00f6rl\u00e4ngningsbar<\/p>\n<\/li>\n<\/ul>\n<h2 style=\"text-align: center\" data-start=\"1210\" data-end=\"1235\">Paketet inneh\u00e5ller \ud83c\udf81<\/h2>\n<ul data-start=\"1236\" data-end=\"1308\">\n<li data-start=\"1236\" data-end=\"1308\">\n<p data-start=\"1238\" data-end=\"1308\">1x mikrofiberdammborste set (3 huvuden-borstar).<\/p>\n<\/li>\n<\/ul>\n","protected":false},"excerpt":{"rendered":"<p>Reng\u00f6r varje h\u00f6rn i ditt hem med l\u00e4tthet! \ud83e\uddf9 Den h\u00e4r mikrofiberdammborsten g\u00f6r st\u00e4dningen snabbare, enklare och mer effektiv. Dess [&hellip;]<\/p>\n","protected":false},"featured_media":36702,"comment_status":"open","ping_status":"closed","template":"","meta":{"site-sidebar-layout":"default","site-content-layout":"","ast-site-content-layout":"default","site-content-style":"default","site-sidebar-style":"default","ast-global-header-display":"","ast-banner-title-visibility":"","ast-main-header-display":"","ast-hfb-above-header-display":"","ast-hfb-below-header-display":"","ast-hfb-mobile-header-display":"","site-post-title":"","ast-breadcrumbs-content":"","ast-featured-img":"","footer-sml-layout":"","theme-transparent-header-meta":"default","adv-header-id-meta":"","stick-header-meta":"","header-above-stick-meta":"","header-main-stick-meta":"","header-below-stick-meta":"","astra-migrate-meta-layouts":"set","ast-page-background-enabled":"default","ast-page-background-meta":{"desktop":{"background-color":"var(--ast-global-color-4)","background-image":"","background-repeat":"repeat","background-position":"center center","background-size":"auto","background-attachment":"scroll","background-type":"","background-media":"","overlay-type":"","overlay-color":"","overlay-opacity":"","overlay-gradient":""},"tablet":{"background-color":"","background-image":"","background-repeat":"repeat","background-position":"center center","background-size":"auto","background-attachment":"scroll","background-type":"","background-media":"","overlay-type":"","overlay-color":"","overlay-opacity":"","overlay-gradient":""},"mobile":{"background-color":"","background-image":"","background-repeat":"repeat","background-position":"center center","background-size":"auto","background-attachment":"scroll","background-type":"","background-media":"","overlay-type":"","overlay-color":"","overlay-opacity":"","overlay-gradient":""}},"ast-content-background-meta":{"desktop":{"background-color":"var(--ast-global-color-5)","background-image":"","background-repeat":"repeat","background-position":"center center","background-size":"auto","background-attachment":"scroll","background-type":"","background-media":"","overlay-type":"","overlay-color":"","overlay-opacity":"","overlay-gradient":""},"tablet":{"background-color":"var(--ast-global-color-5)","background-image":"","background-repeat":"repeat","background-position":"center center","background-size":"auto","background-attachment":"scroll","background-type":"","background-media":"","overlay-type":"","overlay-color":"","overlay-opacity":"","overlay-gradient":""},"mobile":{"background-color":"var(--ast-global-color-5)","background-image":"","background-repeat":"repeat","background-position":"center center","background-size":"auto","background-attachment":"scroll","background-type":"","background-media":"","overlay-type":"","overlay-color":"","overlay-opacity":"","overlay-gradient":""}}},"product_brand":[],"product_cat":[1001],"product_tag":[],"class_list":{"0":"post-36706","1":"product","2":"type-product","3":"status-publish","4":"has-post-thumbnail","6":"product_cat-household-goods","7":"desktop-align-left","8":"tablet-align-left","9":"mobile-align-left","11":"first","12":"instock","13":"shipping-taxable","14":"purchasable","15":"product-type-simple"},"_links":{"self":[{"href":"https:\/\/keluvo.com\/se\/wp-json\/wp\/v2\/product\/36706","targetHints":{"allow":["GET"]}}],"collection":[{"href":"https:\/\/keluvo.com\/se\/wp-json\/wp\/v2\/product"}],"about":[{"href":"https:\/\/keluvo.com\/se\/wp-json\/wp\/v2\/types\/product"}],"replies":[{"embeddable":true,"href":"https:\/\/keluvo.com\/se\/wp-json\/wp\/v2\/comments?post=36706"}],"wp:featuredmedia":[{"embeddable":true,"href":"https:\/\/keluvo.com\/se\/wp-json\/wp\/v2\/media\/36702"}],"wp:attachment":[{"href":"https:\/\/keluvo.com\/se\/wp-json\/wp\/v2\/media?parent=36706"}],"wp:term":[{"taxonomy":"product_brand","embeddable":true,"href":"https:\/\/keluvo.com\/se\/wp-json\/wp\/v2\/product_brand?post=36706"},{"taxonomy":"product_cat","embeddable":true,"href":"https:\/\/keluvo.com\/se\/wp-json\/wp\/v2\/product_cat?post=36706"},{"taxonomy":"product_tag","embeddable":true,"href":"https:\/\/keluvo.com\/se\/wp-json\/wp\/v2\/product_tag?post=36706"}],"curies":[{"name":"wp","href":"https:\/\/api.w.org\/{rel}","templated":true}]}}