{"id":36686,"date":"2025-09-21T09:40:49","date_gmt":"2025-09-21T06:40:49","guid":{"rendered":"https:\/\/keluvo.com\/se\/product\/leksak\/"},"modified":"2025-09-21T09:40:57","modified_gmt":"2025-09-21T06:40:57","slug":"leksak","status":"publish","type":"product","link":"https:\/\/keluvo.com\/se\/product\/leksak\/","title":{"rendered":"Leksak"},"content":{"rendered":"<p style=\"text-align: center\" data-start=\"121\" data-end=\"176\"><strong data-start=\"121\" data-end=\"171\">G\u00f6r Inl\u00e4rningen Rolig Och Sp\u00e4nnande F\u00f6r Ditt Barn!<\/strong> \ud83e\uddf8<\/p>\n<p style=\"text-align: center\" data-start=\"178\" data-end=\"431\">Den h\u00e4r bj\u00f6rnformsmatchningsleksaken hj\u00e4lper barn att l\u00e4ra sig former, f\u00e4rger och hand-\u00f6ga-koordination genom engagerande och interaktiv lek. Den \u00e4r perfekt f\u00f6r sm\u00e5barn och uppmuntrar till fokus, probleml\u00f6sning och kreativitet samtidigt som den underh\u00e5ller dem i timmar.<span style=\"font-size: 16px;font-style: normal;font-weight: 400\">\ud83c\udfaf<\/span><\/p>\n<p data-start=\"178\" data-end=\"431\"><img decoding=\"async\" class=\"size-full wp-image-31638 aligncenter\" src=\"https:\/\/keluvo.com\/template\/wp-content\/uploads\/sites\/5\/2025\/08\/ahrtv-pgtxq_480x480.webp\" alt=\"\" \/><\/p>\n<h2 style=\"text-align: center\" data-start=\"433\" data-end=\"455\">Huvudf\u00f6rdelar \ud83c\udf1f<\/h2>\n<p data-start=\"458\" data-end=\"531\">\ud83c\udfa8 L\u00e4r ut former och f\u00e4rger &#8211; hj\u00e4lper till att utveckla tidiga inl\u00e4rningsf\u00e4rdigheter<\/p>\n<p data-start=\"534\" data-end=\"615\">\ud83d\udd90 F\u00f6rb\u00e4ttrar koordinationen mellan hand och \u00f6ga &#8211; roliga aktiviteter som f\u00f6rb\u00e4ttrar motoriken<\/p>\n<p data-start=\"618\" data-end=\"699\">\ud83e\udde0 Uppmuntrar probleml\u00f6sning &#8211; barn matchar former till r\u00e4tt sp\u00e5r<\/p>\n<p data-start=\"702\" data-end=\"775\">\ud83e\udeb5 S\u00e4ker och h\u00e5llbar &#8211; tillverkad av h\u00f6gkvalitativ, barns\u00e4kert material materials<\/p>\n<p data-start=\"778\" data-end=\"861\">\ud83d\udc68\u200d\ud83d\udc69\u200d\ud83d\udc67 Perfekt familjespel &#8211; perfekt f\u00f6r att knyta band och dela inl\u00e4rningsstunder<\/p>\n<p data-start=\"778\" data-end=\"861\"><img decoding=\"async\" class=\"size-full wp-image-31637 aligncenter\" src=\"https:\/\/keluvo.com\/template\/wp-content\/uploads\/sites\/5\/2025\/08\/0001__2_1e4a2fcc-a0c7-4006-9380-a84e51ddf76a_480x480.webp\" alt=\"\" \/><\/p>\n<h2 style=\"text-align: center\" data-start=\"863\" data-end=\"882\">Hur Man Anv\u00e4nder \ud83e\ude84<\/h2>\n<ol data-start=\"883\" data-end=\"1064\">\n<li data-start=\"883\" data-end=\"932\">\n<p data-start=\"886\" data-end=\"932\">Placera bj\u00f6rnbr\u00e4det framf\u00f6r ditt barn.<\/p>\n<\/li>\n<li data-start=\"933\" data-end=\"1000\">\n<p data-start=\"936\" data-end=\"1000\">Ge dem de f\u00e4rgglada formerna att matcha i r\u00e4tt fack som visas som p\u00e5 kortet.<\/p>\n<\/li>\n<li data-start=\"1001\" data-end=\"1064\">\n<p data-start=\"1004\" data-end=\"1064\">Uppmuntra dem att namnge formerna och f\u00e4rgerna n\u00e4r de spelar.<\/p>\n<\/li>\n<\/ol>\n<h2 style=\"text-align: center\" data-start=\"1066\" data-end=\"1090\">Produktdetaljer \ud83d\udccb<\/h2>\n<ul data-start=\"1091\" data-end=\"1232\">\n<li data-start=\"1091\" data-end=\"1109\">\n<p data-start=\"1093\" data-end=\"1109\">Material: tr\u00e4<\/p>\n<\/li>\n<li data-start=\"1110\" data-end=\"1135\">\n<p data-start=\"1112\" data-end=\"1135\">Vikt: ca. 380 g<\/p>\n<\/li>\n<li data-start=\"1136\" data-end=\"1186\">\n<p data-start=\"1138\" data-end=\"1186\">Design: bj\u00f6rnformad tavla med f\u00e4rgglada former<\/p>\n<\/li>\n<li data-start=\"1187\" data-end=\"1232\">\n<p data-start=\"1189\" data-end=\"1232\">L\u00e4mplig f\u00f6r: sm\u00e5barn och yngre barn<\/p>\n<\/li>\n<\/ul>\n<h2 style=\"text-align: center\" data-start=\"1234\" data-end=\"1259\">Paketet Inneh\u00e5ller \ud83c\udf81<\/h2>\n<ul data-start=\"1260\" data-end=\"1320\">\n<li data-start=\"1260\" data-end=\"1293\">Alternativ A: 1x bj\u00f6rnformad matchningstavla, 16x f\u00e4rgglada former och 15x kort<\/li>\n<li data-start=\"1260\" data-end=\"1293\">Alternativ B: 2x bj\u00f6rnformad matchningstavla, 32x f\u00e4rgglada former och 30x kort<\/li>\n<li data-start=\"1260\" data-end=\"1293\">Alternativ C: 2x bj\u00f6rnformad matchningstavla, 32x f\u00e4rgglada former och 30x kort, 1x klocka.<\/li>\n<\/ul>\n","protected":false},"excerpt":{"rendered":"<p>G\u00f6r Inl\u00e4rningen Rolig Och Sp\u00e4nnande F\u00f6r Ditt Barn! \ud83e\uddf8 Den h\u00e4r bj\u00f6rnformsmatchningsleksaken hj\u00e4lper barn att l\u00e4ra sig former, f\u00e4rger och [&hellip;]<\/p>\n","protected":false},"featured_media":36682,"comment_status":"open","ping_status":"closed","template":"","meta":{"site-sidebar-layout":"default","site-content-layout":"","ast-site-content-layout":"default","site-content-style":"default","site-sidebar-style":"default","ast-global-header-display":"","ast-banner-title-visibility":"","ast-main-header-display":"","ast-hfb-above-header-display":"","ast-hfb-below-header-display":"","ast-hfb-mobile-header-display":"","site-post-title":"","ast-breadcrumbs-content":"","ast-featured-img":"","footer-sml-layout":"","theme-transparent-header-meta":"default","adv-header-id-meta":"","stick-header-meta":"","header-above-stick-meta":"","header-main-stick-meta":"","header-below-stick-meta":"","astra-migrate-meta-layouts":"set","ast-page-background-enabled":"default","ast-page-background-meta":{"desktop":{"background-color":"var(--ast-global-color-4)","background-image":"","background-repeat":"repeat","background-position":"center center","background-size":"auto","background-attachment":"scroll","background-type":"","background-media":"","overlay-type":"","overlay-color":"","overlay-opacity":"","overlay-gradient":""},"tablet":{"background-color":"","background-image":"","background-repeat":"repeat","background-position":"center center","background-size":"auto","background-attachment":"scroll","background-type":"","background-media":"","overlay-type":"","overlay-color":"","overlay-opacity":"","overlay-gradient":""},"mobile":{"background-color":"","background-image":"","background-repeat":"repeat","background-position":"center center","background-size":"auto","background-attachment":"scroll","background-type":"","background-media":"","overlay-type":"","overlay-color":"","overlay-opacity":"","overlay-gradient":""}},"ast-content-background-meta":{"desktop":{"background-color":"var(--ast-global-color-5)","background-image":"","background-repeat":"repeat","background-position":"center center","background-size":"auto","background-attachment":"scroll","background-type":"","background-media":"","overlay-type":"","overlay-color":"","overlay-opacity":"","overlay-gradient":""},"tablet":{"background-color":"var(--ast-global-color-5)","background-image":"","background-repeat":"repeat","background-position":"center center","background-size":"auto","background-attachment":"scroll","background-type":"","background-media":"","overlay-type":"","overlay-color":"","overlay-opacity":"","overlay-gradient":""},"mobile":{"background-color":"var(--ast-global-color-5)","background-image":"","background-repeat":"repeat","background-position":"center center","background-size":"auto","background-attachment":"scroll","background-type":"","background-media":"","overlay-type":"","overlay-color":"","overlay-opacity":"","overlay-gradient":""}}},"product_brand":[],"product_cat":[990],"product_tag":[],"class_list":{"0":"post-36686","1":"product","2":"type-product","3":"status-publish","4":"has-post-thumbnail","6":"product_cat-toys-childrens-and-baby-products","7":"pa_18859_6fq6cjsv-a","8":"pa_18859_6fq6cjsv-b","9":"pa_18859_6fq6cjsv-c","10":"desktop-align-left","11":"tablet-align-left","12":"mobile-align-left","14":"first","15":"instock","16":"shipping-taxable","17":"purchasable","18":"product-type-variable"},"_links":{"self":[{"href":"https:\/\/keluvo.com\/se\/wp-json\/wp\/v2\/product\/36686","targetHints":{"allow":["GET"]}}],"collection":[{"href":"https:\/\/keluvo.com\/se\/wp-json\/wp\/v2\/product"}],"about":[{"href":"https:\/\/keluvo.com\/se\/wp-json\/wp\/v2\/types\/product"}],"replies":[{"embeddable":true,"href":"https:\/\/keluvo.com\/se\/wp-json\/wp\/v2\/comments?post=36686"}],"wp:featuredmedia":[{"embeddable":true,"href":"https:\/\/keluvo.com\/se\/wp-json\/wp\/v2\/media\/36682"}],"wp:attachment":[{"href":"https:\/\/keluvo.com\/se\/wp-json\/wp\/v2\/media?parent=36686"}],"wp:term":[{"taxonomy":"product_brand","embeddable":true,"href":"https:\/\/keluvo.com\/se\/wp-json\/wp\/v2\/product_brand?post=36686"},{"taxonomy":"product_cat","embeddable":true,"href":"https:\/\/keluvo.com\/se\/wp-json\/wp\/v2\/product_cat?post=36686"},{"taxonomy":"product_tag","embeddable":true,"href":"https:\/\/keluvo.com\/se\/wp-json\/wp\/v2\/product_tag?post=36686"}],"curies":[{"name":"wp","href":"https:\/\/api.w.org\/{rel}","templated":true}]}}