{"id":36669,"date":"2025-09-21T09:40:00","date_gmt":"2025-09-21T06:40:00","guid":{"rendered":"https:\/\/keluvo.com\/se\/product\/kapsyloppnare\/"},"modified":"2025-10-07T15:32:51","modified_gmt":"2025-10-07T12:32:51","slug":"kapsyloppnare","status":"publish","type":"product","link":"https:\/\/keluvo.com\/se\/product\/kapsyloppnare\/","title":{"rendered":"Kapsyl\u00f6ppnare"},"content":{"rendered":"<p style=\"text-align: center\" data-start=\"123\" data-end=\"175\"><strong data-start=\"123\" data-end=\"170\">\u00d6ppna burkar och burkar utan anstr\u00e4ngning varje g\u00e5ng!<\/strong> \ud83e\udd6b<\/p>\n<p style=\"text-align: center\" data-start=\"177\" data-end=\"411\">Den h\u00e4r multifunktionella flask\u00f6ppnaren \u00e4r den perfekta k\u00f6kshj\u00e4lpen f\u00f6r alla som k\u00e4mpar med t\u00e4ta lock.  Dess smarta design g\u00f6r det enkelt att \u00f6ppna burkar, burkar och flaskor utan anstr\u00e4ngning &#8211; vilket sparar dina h\u00e4nder och handleder fr\u00e5n obehag. <span style=\"font-size: 16px;font-style: normal;font-weight: 400\">\ud83d\udee0<\/span><\/p>\n<p data-start=\"177\" data-end=\"411\"><img decoding=\"async\" class=\"size-full wp-image-31620 aligncenter\" src=\"https:\/\/keluvo.com\/template\/wp-content\/uploads\/sites\/5\/2025\/08\/giphy_4bc2d185-5811-4079-918e-ff307f4b8a7b_480x480.webp\" alt=\"\" \/><\/p>\n<h2 style=\"text-align: center\" data-start=\"413\" data-end=\"435\"><strong>Huvudf\u00f6rdelar<\/strong> \ud83c\udf1f<\/h2>\n<p data-start=\"438\" data-end=\"509\">\ud83d\udcaa \u00d6ppnar enkelt t\u00e4ta lock &#8211; perfekt f\u00f6r burkar, burkar, och flaskor<\/p>\n<p data-start=\"512\" data-end=\"597\">\ud83c\udfe0 Idealisk f\u00f6r alla \u00e5ldrar &#8211; perfekt f\u00f6r \u00e4ldre eller personer med nedsatt greppstyrka<\/p>\n<p data-start=\"600\" data-end=\"667\">\ud83c\udfaf Design f\u00f6r flera anv\u00e4ndningsomr\u00e5den &#8211; fungerar p\u00e5 olika lockstorlekar och typer<\/p>\n<p data-start=\"670\" data-end=\"728\">\ud83e\uddfc L\u00e4tt att reng\u00f6ra &#8211; sk\u00f6lj bara under vatten efter anv\u00e4ndning<\/p>\n<p data-start=\"731\" data-end=\"802\">\ud83d\udee1 H\u00e5llbar och robust &#8211; tillverkad f\u00f6r att h\u00e5lla med h\u00f6gkvalitativa material<\/p>\n<p data-start=\"731\" data-end=\"802\"><img decoding=\"async\" class=\"size-full wp-image-31623 aligncenter\" src=\"https:\/\/keluvo.com\/template\/wp-content\/uploads\/sites\/5\/2025\/08\/giphy-2_ec73fc15-f118-4667-b7db-83f0409aff65_480x480.webp\" alt=\"\" \/><\/p>\n<h2 style=\"text-align: center\" data-start=\"804\" data-end=\"823\"><strong>Hur Man Anv\u00e4nder<\/strong> \ud83e\ude84<\/h2>\n<ol data-start=\"824\" data-end=\"927\">\n<li data-start=\"824\" data-end=\"857\">\n<p data-start=\"827\" data-end=\"857\">Placera \u00f6ppnaren p\u00e5 locket.<\/p>\n<\/li>\n<li data-start=\"858\" data-end=\"886\">\n<p data-start=\"861\" data-end=\"886\">Justera s\u00e5 att den sitter ordentligt.<\/p>\n<\/li>\n<li data-start=\"887\" data-end=\"927\">\n<p data-start=\"890\" data-end=\"927\">vrid f\u00f6r att lossa och ta bort locket.<\/p>\n<\/li>\n<\/ol>\n<h2 style=\"text-align: center\" data-start=\"929\" data-end=\"953\"><strong>Produktinformation<\/strong> \ud83d\udccb<\/h2>\n<ul data-start=\"954\" data-end=\"1105\">\n<li data-start=\"954\" data-end=\"989\">\n<p data-start=\"956\" data-end=\"989\">Material: Plast + rostfritt st\u00e5l<\/p>\n<\/li>\n<li data-start=\"990\" data-end=\"1035\">\n<p data-start=\"992\" data-end=\"1035\">Storlek: Justerbar f\u00f6r att passa olika lockstorlekar<\/p>\n<\/li>\n<li data-start=\"1036\" data-end=\"1070\">\n<p data-start=\"1038\" data-end=\"1070\">Anv\u00e4ndning: Burkar, burkar och flaskor<\/p>\n<\/li>\n<li data-start=\"1071\" data-end=\"1105\">\n<p data-start=\"1073\" data-end=\"1105\">Dimensioner:  21 x 6 x 3 cm<\/p>\n<\/li>\n<li data-start=\"1071\" data-end=\"1105\">Vikt: 250 g.<\/li>\n<\/ul>\n<h2 style=\"text-align: center\" data-start=\"1107\" data-end=\"1132\"><strong>Paketet Inneh\u00e5ller<\/strong> \ud83c\udf81<\/h2>\n<ul data-start=\"1133\" data-end=\"1167\">\n<li data-start=\"1133\" data-end=\"1167\">\n<p data-start=\"1135\" data-end=\"1167\">1x multifunktionell flask\u00f6ppnare.<\/p>\n<\/li>\n<\/ul>\n","protected":false},"excerpt":{"rendered":"<p>\u00d6ppna burkar och burkar utan anstr\u00e4ngning varje g\u00e5ng! \ud83e\udd6b Den h\u00e4r multifunktionella flask\u00f6ppnaren \u00e4r den perfekta k\u00f6kshj\u00e4lpen f\u00f6r alla som [&hellip;]<\/p>\n","protected":false},"featured_media":36665,"comment_status":"open","ping_status":"closed","template":"","meta":{"site-sidebar-layout":"default","site-content-layout":"","ast-site-content-layout":"default","site-content-style":"default","site-sidebar-style":"default","ast-global-header-display":"","ast-banner-title-visibility":"","ast-main-header-display":"","ast-hfb-above-header-display":"","ast-hfb-below-header-display":"","ast-hfb-mobile-header-display":"","site-post-title":"","ast-breadcrumbs-content":"","ast-featured-img":"","footer-sml-layout":"","theme-transparent-header-meta":"default","adv-header-id-meta":"","stick-header-meta":"","header-above-stick-meta":"","header-main-stick-meta":"","header-below-stick-meta":"","astra-migrate-meta-layouts":"set","ast-page-background-enabled":"default","ast-page-background-meta":{"desktop":{"background-color":"var(--ast-global-color-4)","background-image":"","background-repeat":"repeat","background-position":"center center","background-size":"auto","background-attachment":"scroll","background-type":"","background-media":"","overlay-type":"","overlay-color":"","overlay-opacity":"","overlay-gradient":""},"tablet":{"background-color":"","background-image":"","background-repeat":"repeat","background-position":"center center","background-size":"auto","background-attachment":"scroll","background-type":"","background-media":"","overlay-type":"","overlay-color":"","overlay-opacity":"","overlay-gradient":""},"mobile":{"background-color":"","background-image":"","background-repeat":"repeat","background-position":"center center","background-size":"auto","background-attachment":"scroll","background-type":"","background-media":"","overlay-type":"","overlay-color":"","overlay-opacity":"","overlay-gradient":""}},"ast-content-background-meta":{"desktop":{"background-color":"var(--ast-global-color-5)","background-image":"","background-repeat":"repeat","background-position":"center center","background-size":"auto","background-attachment":"scroll","background-type":"","background-media":"","overlay-type":"","overlay-color":"","overlay-opacity":"","overlay-gradient":""},"tablet":{"background-color":"var(--ast-global-color-5)","background-image":"","background-repeat":"repeat","background-position":"center center","background-size":"auto","background-attachment":"scroll","background-type":"","background-media":"","overlay-type":"","overlay-color":"","overlay-opacity":"","overlay-gradient":""},"mobile":{"background-color":"var(--ast-global-color-5)","background-image":"","background-repeat":"repeat","background-position":"center center","background-size":"auto","background-attachment":"scroll","background-type":"","background-media":"","overlay-type":"","overlay-color":"","overlay-opacity":"","overlay-gradient":""}}},"product_brand":[],"product_cat":[1001],"product_tag":[],"class_list":{"0":"post-36669","1":"product","2":"type-product","3":"status-publish","4":"has-post-thumbnail","6":"product_cat-household-goods","7":"pa_23608_0xso9cxp-bla","8":"pa_23608_0xso9cxp-rod","9":"pa_23608_0xso9cxp-svart","10":"pa_23608_0xso9cxp-vit","11":"desktop-align-left","12":"tablet-align-left","13":"mobile-align-left","15":"first","16":"instock","17":"shipping-taxable","18":"purchasable","19":"product-type-variable"},"_links":{"self":[{"href":"https:\/\/keluvo.com\/se\/wp-json\/wp\/v2\/product\/36669","targetHints":{"allow":["GET"]}}],"collection":[{"href":"https:\/\/keluvo.com\/se\/wp-json\/wp\/v2\/product"}],"about":[{"href":"https:\/\/keluvo.com\/se\/wp-json\/wp\/v2\/types\/product"}],"replies":[{"embeddable":true,"href":"https:\/\/keluvo.com\/se\/wp-json\/wp\/v2\/comments?post=36669"}],"wp:featuredmedia":[{"embeddable":true,"href":"https:\/\/keluvo.com\/se\/wp-json\/wp\/v2\/media\/36665"}],"wp:attachment":[{"href":"https:\/\/keluvo.com\/se\/wp-json\/wp\/v2\/media?parent=36669"}],"wp:term":[{"taxonomy":"product_brand","embeddable":true,"href":"https:\/\/keluvo.com\/se\/wp-json\/wp\/v2\/product_brand?post=36669"},{"taxonomy":"product_cat","embeddable":true,"href":"https:\/\/keluvo.com\/se\/wp-json\/wp\/v2\/product_cat?post=36669"},{"taxonomy":"product_tag","embeddable":true,"href":"https:\/\/keluvo.com\/se\/wp-json\/wp\/v2\/product_tag?post=36669"}],"curies":[{"name":"wp","href":"https:\/\/api.w.org\/{rel}","templated":true}]}}