{"id":36636,"date":"2025-09-21T09:38:56","date_gmt":"2025-09-21T06:38:56","guid":{"rendered":"https:\/\/keluvo.com\/se\/product\/adapter\/"},"modified":"2025-10-20T15:26:58","modified_gmt":"2025-10-20T12:26:58","slug":"adapter","status":"publish","type":"product","link":"https:\/\/keluvo.com\/se\/product\/adapter\/","title":{"rendered":"Adapter"},"content":{"rendered":"<p style=\"text-align: center;\" data-start=\"118\" data-end=\"179\">Plugga in var som helst utan problem med tr\u00e5nga utrymmen! \ud83d\udd0c<\/p>\n<p style=\"text-align: center;\" data-start=\"181\" data-end=\"451\">Den h\u00e4r vridbara uttagsadaptern roterar i tre riktningar, s\u00e5 att du kan ansluta dina enheter \u00e4ven p\u00e5 knepiga st\u00e4llen bakom m\u00f6bler eller apparater. Det \u00e4r den perfekta l\u00f6sningen f\u00f6r att spara utrymme, f\u00f6rhindra kabeltrassel och ha din elektriska utrustning ordnad och tillg\u00e4nglig. \ud83d\udecb<\/p>\n<p data-start=\"181\" data-end=\"451\"><img decoding=\"async\" class=\"size-full wp-image-31590 aligncenter\" src=\"https:\/\/keluvo.com\/template\/wp-content\/uploads\/sites\/5\/2025\/08\/43ede01c55574b108b15156daaa63caf2d12df1e.gif\" alt=\"\" \/><\/p>\n<h2 style=\"text-align: center;\" data-start=\"453\" data-end=\"475\"><strong>Huvudf\u00f6rdelar<\/strong> \ud83c\udf1f<\/h2>\n<p data-start=\"478\" data-end=\"549\">\ud83d\udd04 Roterar i tre riktningar &#8211; enkelt att justera f\u00f6r att passa ditt utrymme<\/p>\n<p data-start=\"552\" data-end=\"624\">\ud83c\udfe0 Perfekt f\u00f6r tr\u00e5nga utrymmen &#8211; inget mer kr\u00e5ngel bakom m\u00f6bler<\/p>\n<p data-start=\"627\" data-end=\"689\">\ud83d\udcaa H\u00e5llbar design &#8211; tillverkad av kvalitetsplast och metall<\/p>\n<p data-start=\"692\" data-end=\"742\">\ud83d\udee1 S\u00e4ker att anv\u00e4nda &#8211; st\u00f6der upp till 1000W effekt<\/p>\n<p data-start=\"745\" data-end=\"804\">\ud83c\udfaf M\u00e5ngsidig anv\u00e4ndning &#8211; perfekt f\u00f6r hem, kontor eller resor<\/p>\n<p data-start=\"745\" data-end=\"804\"><img decoding=\"async\" class=\"size-full wp-image-31589 aligncenter\" src=\"https:\/\/keluvo.com\/template\/wp-content\/uploads\/sites\/5\/2025\/08\/20c9319b66c570041d23ed25a05b653567c3fd2f.webp\" alt=\"\" \/><\/p>\n<h2 style=\"text-align: center;\" data-start=\"806\" data-end=\"825\">Anv\u00e4nd s\u00e5 h\u00e4r \ud83e\ude84<\/h2>\n<ol data-start=\"826\" data-end=\"975\">\n<li data-start=\"826\" data-end=\"879\">\n<p data-start=\"829\" data-end=\"879\">S\u00e4tt in den vridbara adaptern i v\u00e4gguttaget.<\/p>\n<\/li>\n<li data-start=\"880\" data-end=\"927\">\n<p data-start=\"883\" data-end=\"927\">Rotera till \u00f6nskad vinkel f\u00f6r din kontakt.<\/p>\n<\/li>\n<li data-start=\"928\" data-end=\"975\">\n<p data-start=\"931\" data-end=\"975\">Anslut din enhet och njut av enkel \u00e5tkomst.<\/p>\n<\/li>\n<\/ol>\n<h2 style=\"text-align: center;\" data-start=\"977\" data-end=\"1001\">Produktinformation \ud83d\udccb<\/h2>\n<ul data-start=\"1002\" data-end=\"1145\">\n<li data-start=\"1002\" data-end=\"1031\">\n<p data-start=\"1004\" data-end=\"1031\">Material: Plast + metall<\/p>\n<\/li>\n<li data-start=\"1032\" data-end=\"1048\">\n<p data-start=\"1034\" data-end=\"1048\">Vikt: 43 g<\/p>\n<\/li>\n<li data-start=\"1049\" data-end=\"1087\">\n<p data-start=\"1051\" data-end=\"1087\">F\u00e4rger: bl\u00e5, rosa, vit och svart<\/p>\n<\/li>\n<li data-start=\"1088\" data-end=\"1110\">\n<p data-start=\"1090\" data-end=\"1110\">Str\u00f6m: 6 A<\/p>\n<\/li>\n<li data-start=\"1111\" data-end=\"1127\">\n<p data-start=\"1113\" data-end=\"1127\">Effekt: 1500 W<\/p>\n<\/li>\n<li data-start=\"1128\" data-end=\"1145\">\n<p data-start=\"1130\" data-end=\"1145\">Sp\u00e4nning: 250 V<\/p>\n<\/li>\n<\/ul>\n<h2 style=\"text-align: center;\" data-start=\"1147\" data-end=\"1172\">F\u00f6rpackningen inneh\u00e5ller \ud83c\udf81<\/h2>\n<ul data-start=\"1173\" data-end=\"1202\">\n<li data-start=\"1173\" data-end=\"1202\">\n<p data-start=\"1175\" data-end=\"1202\">1, 2, 3x adapter.<\/p>\n<\/li>\n<\/ul>\n","protected":false},"excerpt":{"rendered":"<p>Plugga in var som helst utan problem med tr\u00e5nga utrymmen! \ud83d\udd0c Den h\u00e4r vridbara uttagsadaptern roterar i tre riktningar, s\u00e5 [&hellip;]<\/p>\n","protected":false},"featured_media":36632,"comment_status":"open","ping_status":"closed","template":"","meta":{"site-sidebar-layout":"default","site-content-layout":"","ast-site-content-layout":"default","site-content-style":"default","site-sidebar-style":"default","ast-global-header-display":"","ast-banner-title-visibility":"","ast-main-header-display":"","ast-hfb-above-header-display":"","ast-hfb-below-header-display":"","ast-hfb-mobile-header-display":"","site-post-title":"","ast-breadcrumbs-content":"","ast-featured-img":"","footer-sml-layout":"","theme-transparent-header-meta":"default","adv-header-id-meta":"","stick-header-meta":"","header-above-stick-meta":"","header-main-stick-meta":"","header-below-stick-meta":"","astra-migrate-meta-layouts":"set","ast-page-background-enabled":"default","ast-page-background-meta":{"desktop":{"background-color":"var(--ast-global-color-4)","background-image":"","background-repeat":"repeat","background-position":"center center","background-size":"auto","background-attachment":"scroll","background-type":"","background-media":"","overlay-type":"","overlay-color":"","overlay-opacity":"","overlay-gradient":""},"tablet":{"background-color":"","background-image":"","background-repeat":"repeat","background-position":"center center","background-size":"auto","background-attachment":"scroll","background-type":"","background-media":"","overlay-type":"","overlay-color":"","overlay-opacity":"","overlay-gradient":""},"mobile":{"background-color":"","background-image":"","background-repeat":"repeat","background-position":"center center","background-size":"auto","background-attachment":"scroll","background-type":"","background-media":"","overlay-type":"","overlay-color":"","overlay-opacity":"","overlay-gradient":""}},"ast-content-background-meta":{"desktop":{"background-color":"var(--ast-global-color-5)","background-image":"","background-repeat":"repeat","background-position":"center center","background-size":"auto","background-attachment":"scroll","background-type":"","background-media":"","overlay-type":"","overlay-color":"","overlay-opacity":"","overlay-gradient":""},"tablet":{"background-color":"var(--ast-global-color-5)","background-image":"","background-repeat":"repeat","background-position":"center center","background-size":"auto","background-attachment":"scroll","background-type":"","background-media":"","overlay-type":"","overlay-color":"","overlay-opacity":"","overlay-gradient":""},"mobile":{"background-color":"var(--ast-global-color-5)","background-image":"","background-repeat":"repeat","background-position":"center center","background-size":"auto","background-attachment":"scroll","background-type":"","background-media":"","overlay-type":"","overlay-color":"","overlay-opacity":"","overlay-gradient":""}}},"product_brand":[],"product_cat":[1001],"product_tag":[],"class_list":{"0":"post-36636","1":"product","2":"type-product","3":"status-publish","4":"has-post-thumbnail","6":"product_cat-household-goods","7":"pa_21200_6mbyurtw-bla","8":"pa_21200_6mbyurtw-rosa","9":"pa_21200_6mbyurtw-svart","10":"pa_21200_6mbyurtw-vit","11":"pa_21200_zh8x6kof-1-st","12":"pa_21200_zh8x6kof-2-st","13":"pa_21200_zh8x6kof-3-st","14":"desktop-align-left","15":"tablet-align-left","16":"mobile-align-left","18":"first","19":"instock","20":"shipping-taxable","21":"purchasable","22":"product-type-variable","23":"has-default-attributes"},"_links":{"self":[{"href":"https:\/\/keluvo.com\/se\/wp-json\/wp\/v2\/product\/36636","targetHints":{"allow":["GET"]}}],"collection":[{"href":"https:\/\/keluvo.com\/se\/wp-json\/wp\/v2\/product"}],"about":[{"href":"https:\/\/keluvo.com\/se\/wp-json\/wp\/v2\/types\/product"}],"replies":[{"embeddable":true,"href":"https:\/\/keluvo.com\/se\/wp-json\/wp\/v2\/comments?post=36636"}],"wp:featuredmedia":[{"embeddable":true,"href":"https:\/\/keluvo.com\/se\/wp-json\/wp\/v2\/media\/36632"}],"wp:attachment":[{"href":"https:\/\/keluvo.com\/se\/wp-json\/wp\/v2\/media?parent=36636"}],"wp:term":[{"taxonomy":"product_brand","embeddable":true,"href":"https:\/\/keluvo.com\/se\/wp-json\/wp\/v2\/product_brand?post=36636"},{"taxonomy":"product_cat","embeddable":true,"href":"https:\/\/keluvo.com\/se\/wp-json\/wp\/v2\/product_cat?post=36636"},{"taxonomy":"product_tag","embeddable":true,"href":"https:\/\/keluvo.com\/se\/wp-json\/wp\/v2\/product_tag?post=36636"}],"curies":[{"name":"wp","href":"https:\/\/api.w.org\/{rel}","templated":true}]}}