{"id":36618,"date":"2025-09-21T09:38:01","date_gmt":"2025-09-21T06:38:01","guid":{"rendered":"https:\/\/keluvo.com\/se\/product\/harborttagare-for-husdjur\/"},"modified":"2025-09-21T09:38:10","modified_gmt":"2025-09-21T06:38:10","slug":"harborttagare-for-husdjur","status":"publish","type":"product","link":"https:\/\/keluvo.com\/se\/product\/harborttagare-for-husdjur\/","title":{"rendered":"H\u00e5rborttagare f\u00f6r husdjur"},"content":{"rendered":"<p style=\"text-align: center\" data-start=\"120\" data-end=\"180\"><strong data-start=\"120\" data-end=\"175\">Ta Enkelt Bort Husdjursh\u00e5r Fr\u00e5n Alla Ytor P\u00e5 N\u00e5gra Sekunder!<\/strong> \ud83d\udc3e<\/p>\n<p style=\"text-align: center\" data-start=\"182\" data-end=\"423\">Den h\u00e4r h\u00e5rborttagningsrullen f\u00f6r husdjur g\u00f6r det snabbt och enkelt att st\u00e4da upp efter dina h\u00e5riga v\u00e4nner. Dess \u00e5teranv\u00e4ndbara design inneb\u00e4r inga klibbiga ark eller p\u00e5fyllningar &#8211; bara rulla, t\u00f6m och anv\u00e4nd igen! Perfekt f\u00f6r soffor, kl\u00e4der, mattor och bils\u00e4ten.<span style=\"font-size: 16px;font-style: normal;font-weight: 400\">\u00a0<\/span><span style=\"font-size: 16px;font-style: normal;font-weight: 400\">\ud83e\uddf9<\/span><\/p>\n<p data-start=\"182\" data-end=\"423\"><img decoding=\"async\" class=\"size-full wp-image-31577 aligncenter\" src=\"https:\/\/keluvo.com\/template\/wp-content\/uploads\/sites\/5\/2025\/08\/1_2_480x480_a1df4c0b-16c9-404a-ac05-2e2882ebea75_480x480.webp\" alt=\"\" \/><\/p>\n<h2 style=\"text-align: center\" data-start=\"425\" data-end=\"447\">Huvudf\u00f6rdelar \ud83c\udf1f<\/h2>\n<p data-start=\"450\" data-end=\"526\">\ud83d\udc15 Tar bort husdjursh\u00e5r direkt &#8211; fungerar p\u00e5 m\u00f6bler, kl\u00e4der och mer<\/p>\n<p data-start=\"529\" data-end=\"621\">\ud83d\udd04 \u00c5teranv\u00e4ndbar och milj\u00f6v\u00e4nlig &#8211; inga batterier, el, eller reservdelar beh\u00f6vs<\/p>\n<p data-start=\"624\" data-end=\"708\">\ud83d\udcaa H\u00e5llbar design &#8211; tillverkad av friktionsbest\u00e4ndig plast f\u00f6r l\u00e5ngvarig anv\u00e4ndning<\/p>\n<p data-start=\"711\" data-end=\"773\">\ud83c\udf2c Skonsam mot tyger &#8211; reng\u00f6r utan att skada ytor<\/p>\n<p data-start=\"776\" data-end=\"855\">\ud83e\uddf3 B\u00e4rbar och l\u00e4tt att f\u00f6rvara &#8211; ta med den \u00f6verallt d\u00e4r du beh\u00f6ver snabb reng\u00f6ring<\/p>\n<p data-start=\"776\" data-end=\"855\"><img decoding=\"async\" class=\"size-full wp-image-31576 aligncenter\" src=\"https:\/\/keluvo.com\/template\/wp-content\/uploads\/sites\/5\/2025\/08\/2_2_480x480_b535ff3d-cb2f-4377-92be-ee1164b0bf5d_480x480.webp\" alt=\"\" \/><\/p>\n<h2 style=\"text-align: center\" data-start=\"857\" data-end=\"876\">Hur Man Anv\u00e4nder \ud83e\ude84<\/h2>\n<ol data-start=\"877\" data-end=\"1073\">\n<li data-start=\"877\" data-end=\"940\">\n<p data-start=\"880\" data-end=\"940\">Rulla verktyget fram och tillbaka p\u00e5 ytan med djurh\u00e5r.<\/p>\n<\/li>\n<li data-start=\"941\" data-end=\"1013\">\n<p data-start=\"944\" data-end=\"1013\">Tryck p\u00e5 knappen f\u00f6r att \u00f6ppna facket och ta bort uppsamlat h\u00e5r.<\/p>\n<\/li>\n<li data-start=\"1014\" data-end=\"1073\">\n<p data-start=\"1017\" data-end=\"1073\">St\u00e4ng facket och det \u00e4r klart f\u00f6r n\u00e4sta anv\u00e4ndning.<\/p>\n<\/li>\n<\/ol>\n<h2 style=\"text-align: center\" data-start=\"1075\" data-end=\"1099\">Produktinformation \ud83d\udccb<\/h2>\n<ul data-start=\"1100\" data-end=\"1227\">\n<li data-start=\"1100\" data-end=\"1124\">\n<p data-start=\"1102\" data-end=\"1124\">Material: PP-plast<\/p>\n<\/li>\n<li data-start=\"1125\" data-end=\"1147\">\n<p data-start=\"1127\" data-end=\"1147\">F\u00e4rger: R\u00f6d, gr\u00f6n och gul<\/p>\n<\/li>\n<li data-start=\"1148\" data-end=\"1171\">\n<p data-start=\"1150\" data-end=\"1171\">Storlek: 24,9 \u00d7 5,4 cm<\/p>\n<\/li>\n<li data-start=\"1172\" data-end=\"1227\">\n<p data-start=\"1174\" data-end=\"1227\">Anv\u00e4ndningsomr\u00e5de: Kl\u00e4der, soffor, mattor, bils\u00e4ten, s\u00e4ngar f\u00f6r husdjur<\/p>\n<\/li>\n<\/ul>\n<h2 style=\"text-align: center\" data-start=\"1229\" data-end=\"1254\">Paketet Inneh\u00e5ller \ud83c\udf81<\/h2>\n<ul data-start=\"1255\" data-end=\"1286\">\n<li data-start=\"1255\" data-end=\"1286\">\n<p data-start=\"1257\" data-end=\"1286\">1x h\u00e5rborttagningsrulle f\u00f6r husdjur.<\/p>\n<\/li>\n<\/ul>\n","protected":false},"excerpt":{"rendered":"<p>Ta Enkelt Bort Husdjursh\u00e5r Fr\u00e5n Alla Ytor P\u00e5 N\u00e5gra Sekunder! \ud83d\udc3e Den h\u00e4r h\u00e5rborttagningsrullen f\u00f6r husdjur g\u00f6r det snabbt och [&hellip;]<\/p>\n","protected":false},"featured_media":36614,"comment_status":"open","ping_status":"closed","template":"","meta":{"site-sidebar-layout":"default","site-content-layout":"","ast-site-content-layout":"default","site-content-style":"default","site-sidebar-style":"default","ast-global-header-display":"","ast-banner-title-visibility":"","ast-main-header-display":"","ast-hfb-above-header-display":"","ast-hfb-below-header-display":"","ast-hfb-mobile-header-display":"","site-post-title":"","ast-breadcrumbs-content":"","ast-featured-img":"","footer-sml-layout":"","theme-transparent-header-meta":"default","adv-header-id-meta":"","stick-header-meta":"","header-above-stick-meta":"","header-main-stick-meta":"","header-below-stick-meta":"","astra-migrate-meta-layouts":"set","ast-page-background-enabled":"default","ast-page-background-meta":{"desktop":{"background-color":"var(--ast-global-color-4)","background-image":"","background-repeat":"repeat","background-position":"center center","background-size":"auto","background-attachment":"scroll","background-type":"","background-media":"","overlay-type":"","overlay-color":"","overlay-opacity":"","overlay-gradient":""},"tablet":{"background-color":"","background-image":"","background-repeat":"repeat","background-position":"center center","background-size":"auto","background-attachment":"scroll","background-type":"","background-media":"","overlay-type":"","overlay-color":"","overlay-opacity":"","overlay-gradient":""},"mobile":{"background-color":"","background-image":"","background-repeat":"repeat","background-position":"center center","background-size":"auto","background-attachment":"scroll","background-type":"","background-media":"","overlay-type":"","overlay-color":"","overlay-opacity":"","overlay-gradient":""}},"ast-content-background-meta":{"desktop":{"background-color":"var(--ast-global-color-5)","background-image":"","background-repeat":"repeat","background-position":"center center","background-size":"auto","background-attachment":"scroll","background-type":"","background-media":"","overlay-type":"","overlay-color":"","overlay-opacity":"","overlay-gradient":""},"tablet":{"background-color":"var(--ast-global-color-5)","background-image":"","background-repeat":"repeat","background-position":"center center","background-size":"auto","background-attachment":"scroll","background-type":"","background-media":"","overlay-type":"","overlay-color":"","overlay-opacity":"","overlay-gradient":""},"mobile":{"background-color":"var(--ast-global-color-5)","background-image":"","background-repeat":"repeat","background-position":"center center","background-size":"auto","background-attachment":"scroll","background-type":"","background-media":"","overlay-type":"","overlay-color":"","overlay-opacity":"","overlay-gradient":""}}},"product_brand":[],"product_cat":[997],"product_tag":[],"class_list":{"0":"post-36618","1":"product","2":"type-product","3":"status-publish","4":"has-post-thumbnail","6":"product_cat-pets-products","7":"pa_21579_k5r11nro-gron","8":"pa_21579_k5r11nro-gul","9":"pa_21579_k5r11nro-rod","10":"desktop-align-left","11":"tablet-align-left","12":"mobile-align-left","14":"first","15":"instock","16":"shipping-taxable","17":"purchasable","18":"product-type-variable"},"_links":{"self":[{"href":"https:\/\/keluvo.com\/se\/wp-json\/wp\/v2\/product\/36618","targetHints":{"allow":["GET"]}}],"collection":[{"href":"https:\/\/keluvo.com\/se\/wp-json\/wp\/v2\/product"}],"about":[{"href":"https:\/\/keluvo.com\/se\/wp-json\/wp\/v2\/types\/product"}],"replies":[{"embeddable":true,"href":"https:\/\/keluvo.com\/se\/wp-json\/wp\/v2\/comments?post=36618"}],"wp:featuredmedia":[{"embeddable":true,"href":"https:\/\/keluvo.com\/se\/wp-json\/wp\/v2\/media\/36614"}],"wp:attachment":[{"href":"https:\/\/keluvo.com\/se\/wp-json\/wp\/v2\/media?parent=36618"}],"wp:term":[{"taxonomy":"product_brand","embeddable":true,"href":"https:\/\/keluvo.com\/se\/wp-json\/wp\/v2\/product_brand?post=36618"},{"taxonomy":"product_cat","embeddable":true,"href":"https:\/\/keluvo.com\/se\/wp-json\/wp\/v2\/product_cat?post=36618"},{"taxonomy":"product_tag","embeddable":true,"href":"https:\/\/keluvo.com\/se\/wp-json\/wp\/v2\/product_tag?post=36618"}],"curies":[{"name":"wp","href":"https:\/\/api.w.org\/{rel}","templated":true}]}}