{"id":36605,"date":"2025-09-21T09:37:14","date_gmt":"2025-09-21T06:37:14","guid":{"rendered":"https:\/\/keluvo.com\/se\/product\/klipp\/"},"modified":"2025-09-21T09:37:19","modified_gmt":"2025-09-21T06:37:19","slug":"klipp","status":"publish","type":"product","link":"https:\/\/keluvo.com\/se\/product\/klipp\/","title":{"rendered":"Klipp"},"content":{"rendered":"<p style=\"text-align: center\" data-start=\"133\" data-end=\"199\"><strong data-start=\"133\" data-end=\"194\">H\u00e4ng, Kl\u00e4m Och Organisera Med L\u00e4tthet Var Som Helst I Ditt Hem!<\/strong> \ud83c\udfe1<\/p>\n<p style=\"text-align: center\" data-start=\"201\" data-end=\"437\">Den h\u00e4r metallkl\u00e4mman med krok i rostfritt st\u00e5l \u00e4r perfekt f\u00f6r att h\u00e4nga upp handskar, k\u00f6ksredskap, tv\u00e4ttartiklar och till och med foton. Dess starka och h\u00e5llbara design g\u00f6r den till en m\u00e5ngsidig f\u00f6rvaringsl\u00f6sning som sparar utrymme och h\u00e5ller allt snyggt.<span style=\"font-size: 16px;font-style: normal;font-weight: 400\">\ud83e\ude9d<\/span><\/p>\n<p data-start=\"201\" data-end=\"437\"><img decoding=\"async\" class=\"size-full wp-image-31522 aligncenter\" src=\"https:\/\/keluvo.com\/template\/wp-content\/uploads\/sites\/5\/2025\/08\/07215-ezgif.com-video-to-webp-converter-1.webp\" alt=\"\" \/><\/p>\n<h2 style=\"text-align: center\" data-start=\"439\" data-end=\"461\">Huvudf\u00f6rdelar \ud83c\udf1f<\/h2>\n<p data-start=\"464\" data-end=\"554\">\ud83d\udcaa Stark och h\u00e5llbar \u2013 tillverkad av h\u00f6gkvalitativt rostfritt st\u00e5l f\u00f6r l\u00e5ngvarig anv\u00e4ndning<\/p>\n<p data-start=\"557\" data-end=\"635\">\ud83c\udf73 Perfekt f\u00f6r k\u00f6ksbruk \u2013 h\u00e4ng handskar, redskap och reng\u00f6ringsdukar<\/p>\n<p data-start=\"638\" data-end=\"728\">\ud83e\uddfa Perfekt f\u00f6r tv\u00e4tt \u2013 f\u00e4st kl\u00e4der, strumpor, eller tillbeh\u00f6r f\u00f6r torkning eller organisering<\/p>\n<p data-start=\"731\" data-end=\"809\">\ud83d\uddbc Multifunktionell \u2013 anv\u00e4nd f\u00f6r att h\u00e4nga foton, dekorationer eller garageverktyg<\/p>\n<p data-start=\"812\" data-end=\"897\">\ud83e\uddf3 Platsbesparande design \u2013 h\u00e5ller f\u00f6rem\u00e5l organiserade utan att ta upp diskutrymme<\/p>\n<p data-start=\"812\" data-end=\"897\"><img decoding=\"async\" class=\"size-full wp-image-31524 aligncenter\" src=\"https:\/\/keluvo.com\/template\/wp-content\/uploads\/sites\/5\/2025\/08\/5_a2619e78-2df1-44d7-992e-016c6721dead_1400x.webp\" alt=\"\" \/><\/p>\n<h2 style=\"text-align: center\" data-start=\"899\" data-end=\"918\">Hur Man Anv\u00e4nder \ud83e\ude84<\/h2>\n<ol data-start=\"919\" data-end=\"1058\">\n<li data-start=\"919\" data-end=\"966\">\n<p data-start=\"922\" data-end=\"966\">Haka fast kl\u00e4mman p\u00e5 en st\u00e5ng, tr\u00e5d eller sn\u00f6re.<\/p>\n<\/li>\n<li data-start=\"967\" data-end=\"1019\">\n<p data-start=\"970\" data-end=\"1019\">F\u00e4st f\u00f6rem\u00e5let s\u00e4kert med hj\u00e4lp av fj\u00e4derkl\u00e4mman.<\/p>\n<\/li>\n<li data-start=\"1020\" data-end=\"1058\">\n<p data-start=\"1023\" data-end=\"1058\">Ta bort och \u00e5teranv\u00e4nd n\u00e4r det beh\u00f6vs.<\/p>\n<\/li>\n<\/ol>\n<h2 style=\"text-align: center\" data-start=\"1060\" data-end=\"1084\">Produktdetaljer \ud83d\udccb<\/h2>\n<ul data-start=\"1085\" data-end=\"1295\">\n<li data-start=\"1085\" data-end=\"1118\">\n<p data-start=\"1087\" data-end=\"1118\">Material: 201 rostfritt st\u00e5l<\/p>\n<\/li>\n<li data-start=\"1119\" data-end=\"1185\">\n<p data-start=\"1121\" data-end=\"1185\">Storlek: 11 cm \u00e4r svetsad, men 9,5 cm \u00e4r inte svetsad.<\/p>\n<\/li>\n<li data-start=\"1186\" data-end=\"1243\">\n<p data-start=\"1188\" data-end=\"1243\">Anv\u00e4ndning: K\u00f6k, tv\u00e4ttstuga, badrum, garage, dekoration<\/p>\n<\/li>\n<li data-start=\"1244\" data-end=\"1295\">\n<p data-start=\"1246\" data-end=\"1295\">Funktioner: Rostbest\u00e4ndigt, \u00e5teranv\u00e4ndbart, starkt grepp<\/p>\n<\/li>\n<\/ul>\n<h2 style=\"text-align: center\" data-start=\"1297\" data-end=\"1322\">Paketet Inneh\u00e5ller \ud83c\udf81<\/h2>\n<ul data-start=\"1323\" data-end=\"1371\">\n<li data-start=\"1323\" data-end=\"1371\">\n<p data-start=\"1325\" data-end=\"1371\">10, 20x clips.<\/p>\n<\/li>\n<\/ul>\n","protected":false},"excerpt":{"rendered":"<p>H\u00e4ng, Kl\u00e4m Och Organisera Med L\u00e4tthet Var Som Helst I Ditt Hem! \ud83c\udfe1 Den h\u00e4r metallkl\u00e4mman med krok i rostfritt [&hellip;]<\/p>\n","protected":false},"featured_media":36601,"comment_status":"open","ping_status":"closed","template":"","meta":{"site-sidebar-layout":"default","site-content-layout":"","ast-site-content-layout":"default","site-content-style":"default","site-sidebar-style":"default","ast-global-header-display":"","ast-banner-title-visibility":"","ast-main-header-display":"","ast-hfb-above-header-display":"","ast-hfb-below-header-display":"","ast-hfb-mobile-header-display":"","site-post-title":"","ast-breadcrumbs-content":"","ast-featured-img":"","footer-sml-layout":"","theme-transparent-header-meta":"default","adv-header-id-meta":"","stick-header-meta":"","header-above-stick-meta":"","header-main-stick-meta":"","header-below-stick-meta":"","astra-migrate-meta-layouts":"set","ast-page-background-enabled":"default","ast-page-background-meta":{"desktop":{"background-color":"var(--ast-global-color-4)","background-image":"","background-repeat":"repeat","background-position":"center center","background-size":"auto","background-attachment":"scroll","background-type":"","background-media":"","overlay-type":"","overlay-color":"","overlay-opacity":"","overlay-gradient":""},"tablet":{"background-color":"","background-image":"","background-repeat":"repeat","background-position":"center center","background-size":"auto","background-attachment":"scroll","background-type":"","background-media":"","overlay-type":"","overlay-color":"","overlay-opacity":"","overlay-gradient":""},"mobile":{"background-color":"","background-image":"","background-repeat":"repeat","background-position":"center center","background-size":"auto","background-attachment":"scroll","background-type":"","background-media":"","overlay-type":"","overlay-color":"","overlay-opacity":"","overlay-gradient":""}},"ast-content-background-meta":{"desktop":{"background-color":"var(--ast-global-color-5)","background-image":"","background-repeat":"repeat","background-position":"center center","background-size":"auto","background-attachment":"scroll","background-type":"","background-media":"","overlay-type":"","overlay-color":"","overlay-opacity":"","overlay-gradient":""},"tablet":{"background-color":"var(--ast-global-color-5)","background-image":"","background-repeat":"repeat","background-position":"center center","background-size":"auto","background-attachment":"scroll","background-type":"","background-media":"","overlay-type":"","overlay-color":"","overlay-opacity":"","overlay-gradient":""},"mobile":{"background-color":"var(--ast-global-color-5)","background-image":"","background-repeat":"repeat","background-position":"center center","background-size":"auto","background-attachment":"scroll","background-type":"","background-media":"","overlay-type":"","overlay-color":"","overlay-opacity":"","overlay-gradient":""}}},"product_brand":[],"product_cat":[1001],"product_tag":[],"class_list":{"0":"post-36605","1":"product","2":"type-product","3":"status-publish","4":"has-post-thumbnail","6":"product_cat-household-goods","7":"pa_44767_pyayr50k-10-st","8":"pa_44767_pyayr50k-20-st","9":"desktop-align-left","10":"tablet-align-left","11":"mobile-align-left","13":"first","14":"instock","15":"shipping-taxable","16":"purchasable","17":"product-type-variable"},"_links":{"self":[{"href":"https:\/\/keluvo.com\/se\/wp-json\/wp\/v2\/product\/36605","targetHints":{"allow":["GET"]}}],"collection":[{"href":"https:\/\/keluvo.com\/se\/wp-json\/wp\/v2\/product"}],"about":[{"href":"https:\/\/keluvo.com\/se\/wp-json\/wp\/v2\/types\/product"}],"replies":[{"embeddable":true,"href":"https:\/\/keluvo.com\/se\/wp-json\/wp\/v2\/comments?post=36605"}],"wp:featuredmedia":[{"embeddable":true,"href":"https:\/\/keluvo.com\/se\/wp-json\/wp\/v2\/media\/36601"}],"wp:attachment":[{"href":"https:\/\/keluvo.com\/se\/wp-json\/wp\/v2\/media?parent=36605"}],"wp:term":[{"taxonomy":"product_brand","embeddable":true,"href":"https:\/\/keluvo.com\/se\/wp-json\/wp\/v2\/product_brand?post=36605"},{"taxonomy":"product_cat","embeddable":true,"href":"https:\/\/keluvo.com\/se\/wp-json\/wp\/v2\/product_cat?post=36605"},{"taxonomy":"product_tag","embeddable":true,"href":"https:\/\/keluvo.com\/se\/wp-json\/wp\/v2\/product_tag?post=36605"}],"curies":[{"name":"wp","href":"https:\/\/api.w.org\/{rel}","templated":true}]}}