{"id":36572,"date":"2025-09-21T09:36:06","date_gmt":"2025-09-21T06:36:06","guid":{"rendered":"https:\/\/keluvo.com\/se\/product\/midjeforlangare\/"},"modified":"2025-10-14T18:34:28","modified_gmt":"2025-10-14T15:34:28","slug":"midjeforlangare","status":"publish","type":"product","link":"https:\/\/keluvo.com\/se\/product\/midjeforlangare\/","title":{"rendered":"Midjef\u00f6rl\u00e4ngare"},"content":{"rendered":"<p style=\"text-align: center\" data-start=\"124\" data-end=\"182\"><strong data-start=\"124\" data-end=\"177\">F\u00e5 Omedelbar Komfort Och Extra Utrymme I Dina Jeans!<\/strong> \ud83d\udc56<\/p>\n<p style=\"text-align: center\" data-start=\"184\" data-end=\"488\">Den h\u00e4r midjef\u00f6rl\u00e4ngaren f\u00f6r jeans \u00e4r det snabba och enkla s\u00e4ttet att f\u00e5 dina favoritjeans, kjolar eller byxor att sitta bekv\u00e4mare. Oavsett om du har g\u00e5tt upp lite i vikt, v\u00e4ntar barn eller bara vill ha mer flexibilitet efter en m\u00e5ltid, ger den h\u00e4r f\u00f6rl\u00e4ngaren dig extra andrum utan att k\u00f6pa nya kl\u00e4der. \u2728<\/p>\n<p data-start=\"184\" data-end=\"488\"><img decoding=\"async\" class=\"size-full wp-image-31493 aligncenter\" src=\"https:\/\/keluvo.com\/template\/wp-content\/uploads\/sites\/5\/2025\/08\/midjeforlangare-5.jpg\" alt=\"\" \/><\/p>\n<h2 style=\"text-align: center\" data-start=\"490\" data-end=\"512\">Huvudf\u00f6rdelar \ud83c\udf1f<\/h2>\n<p data-start=\"515\" data-end=\"596\">\ud83d\udee0 Omedelbar storleksjustering &#8211; ger extra utrymme i midjan p\u00e5 n\u00e5gra sekunder<\/p>\n<p data-start=\"599\" data-end=\"663\">\ud83d\udc4c Enkel att anv\u00e4nda &#8211; bara att skjuta den \u00f6ver din befintliga knapp<\/p>\n<p data-start=\"666\" data-end=\"734\">\ud83d\udcaa Slitstarkt denimtyg &#8211; sm\u00e4lter naturligt in i dina jeans<\/p>\n<p data-start=\"737\" data-end=\"807\">\ud83e\uddf3 B\u00e4rbar och \u00e5teranv\u00e4ndbar &#8211; b\u00e4r den med dig och anv\u00e4nd den n\u00e4r som helst<\/p>\n<p data-start=\"810\" data-end=\"887\">\ud83c\udfaf Perfekt f\u00f6r alla tillf\u00e4llen &#8211; arbete, resor, graviditet eller fritidskl\u00e4der<\/p>\n<p data-start=\"810\" data-end=\"887\"><img decoding=\"async\" class=\"size-full wp-image-31491 aligncenter\" src=\"https:\/\/keluvo.com\/template\/wp-content\/uploads\/sites\/5\/2025\/08\/midjeforlangare-12.jpg\" alt=\"\" \/><\/p>\n<h2 style=\"text-align: center\" data-start=\"889\" data-end=\"908\">S\u00e5 H\u00e4r Anv\u00e4nder Du \ud83e\ude84<\/h2>\n<ol data-start=\"909\" data-end=\"1056\">\n<li data-start=\"909\" data-end=\"969\">\n<p data-start=\"912\" data-end=\"969\">F\u00e4st f\u00f6rl\u00e4ngarens knapph\u00e5l i byxans knapp.<\/p>\n<\/li>\n<li data-start=\"970\" data-end=\"1021\">\n<p data-start=\"973\" data-end=\"1021\">F\u00e4st byxorna med hj\u00e4lp av f\u00f6rl\u00e4ngningsknappen.<\/p>\n<\/li>\n<li data-start=\"1022\" data-end=\"1056\">\n<p data-start=\"1025\" data-end=\"1056\">Justera efter behov f\u00f6r komfort.<\/p>\n<\/li>\n<\/ol>\n<h2 style=\"text-align: center\" data-start=\"1058\" data-end=\"1082\">Produktinformation \ud83d\udccb<\/h2>\n<ul data-start=\"1083\" data-end=\"1268\">\n<li data-start=\"1083\" data-end=\"1119\">\n<p data-start=\"1085\" data-end=\"1119\">Material: Denim och metallknapp<\/p>\n<\/li>\n<li data-start=\"1120\" data-end=\"1166\">\n<p data-start=\"1122\" data-end=\"1166\">F\u00e4rger: svart, m\u00f6rkbl\u00e5, ljusbl\u00e5, marinbl\u00e5<\/p>\n<\/li>\n<li data-start=\"1167\" data-end=\"1217\">\n<p data-start=\"1169\" data-end=\"1217\">Storlek: Standardpassform f\u00f6r de flesta jeans och byxor<\/p>\n<\/li>\n<li data-start=\"1218\" data-end=\"1268\">\n<p data-start=\"1220\" data-end=\"1268\">Anv\u00e4ndning: Jeans, kjolar, byxor, mammakl\u00e4der<\/p>\n<\/li>\n<\/ul>\n<h2 style=\"text-align: center\" data-start=\"1270\" data-end=\"1295\">Paketet Inneh\u00e5ller \ud83c\udf81<\/h2>\n<ul data-start=\"1296\" data-end=\"1331\">\n<li data-start=\"1296\" data-end=\"1331\">\n<p data-start=\"1298\" data-end=\"1331\">1, 2, 4x midjef\u00f6rl\u00e4ngare.<\/p>\n<\/li>\n<\/ul>\n","protected":false},"excerpt":{"rendered":"<p>F\u00e5 Omedelbar Komfort Och Extra Utrymme I Dina Jeans! \ud83d\udc56 Den h\u00e4r midjef\u00f6rl\u00e4ngaren f\u00f6r jeans \u00e4r det snabba och enkla [&hellip;]<\/p>\n","protected":false},"featured_media":36568,"comment_status":"open","ping_status":"closed","template":"","meta":{"site-sidebar-layout":"default","site-content-layout":"","ast-site-content-layout":"default","site-content-style":"default","site-sidebar-style":"default","ast-global-header-display":"","ast-banner-title-visibility":"","ast-main-header-display":"","ast-hfb-above-header-display":"","ast-hfb-below-header-display":"","ast-hfb-mobile-header-display":"","site-post-title":"","ast-breadcrumbs-content":"","ast-featured-img":"","footer-sml-layout":"","theme-transparent-header-meta":"default","adv-header-id-meta":"","stick-header-meta":"","header-above-stick-meta":"","header-main-stick-meta":"","header-below-stick-meta":"","astra-migrate-meta-layouts":"set","ast-page-background-enabled":"default","ast-page-background-meta":{"desktop":{"background-color":"var(--ast-global-color-4)","background-image":"","background-repeat":"repeat","background-position":"center center","background-size":"auto","background-attachment":"scroll","background-type":"","background-media":"","overlay-type":"","overlay-color":"","overlay-opacity":"","overlay-gradient":""},"tablet":{"background-color":"","background-image":"","background-repeat":"repeat","background-position":"center center","background-size":"auto","background-attachment":"scroll","background-type":"","background-media":"","overlay-type":"","overlay-color":"","overlay-opacity":"","overlay-gradient":""},"mobile":{"background-color":"","background-image":"","background-repeat":"repeat","background-position":"center center","background-size":"auto","background-attachment":"scroll","background-type":"","background-media":"","overlay-type":"","overlay-color":"","overlay-opacity":"","overlay-gradient":""}},"ast-content-background-meta":{"desktop":{"background-color":"var(--ast-global-color-5)","background-image":"","background-repeat":"repeat","background-position":"center center","background-size":"auto","background-attachment":"scroll","background-type":"","background-media":"","overlay-type":"","overlay-color":"","overlay-opacity":"","overlay-gradient":""},"tablet":{"background-color":"var(--ast-global-color-5)","background-image":"","background-repeat":"repeat","background-position":"center center","background-size":"auto","background-attachment":"scroll","background-type":"","background-media":"","overlay-type":"","overlay-color":"","overlay-opacity":"","overlay-gradient":""},"mobile":{"background-color":"var(--ast-global-color-5)","background-image":"","background-repeat":"repeat","background-position":"center center","background-size":"auto","background-attachment":"scroll","background-type":"","background-media":"","overlay-type":"","overlay-color":"","overlay-opacity":"","overlay-gradient":""}}},"product_brand":[],"product_cat":[994,993],"product_tag":[],"class_list":{"0":"post-36572","1":"product","2":"type-product","3":"status-publish","4":"has-post-thumbnail","6":"product_cat-clothing-for-women","7":"product_cat-footwear-accessories","8":"pa_16317_ijr75p87-1-st","9":"pa_16317_ijr75p87-2-st","10":"pa_16317_ijr75p87-4-st","11":"pa_16317_sn8zippt-ljusbla","12":"pa_16317_sn8zippt-marin","13":"pa_16317_sn8zippt-morkbla","14":"pa_16317_sn8zippt-svart","15":"desktop-align-left","16":"tablet-align-left","17":"mobile-align-left","19":"first","20":"instock","21":"shipping-taxable","22":"purchasable","23":"product-type-variable","24":"has-default-attributes"},"_links":{"self":[{"href":"https:\/\/keluvo.com\/se\/wp-json\/wp\/v2\/product\/36572","targetHints":{"allow":["GET"]}}],"collection":[{"href":"https:\/\/keluvo.com\/se\/wp-json\/wp\/v2\/product"}],"about":[{"href":"https:\/\/keluvo.com\/se\/wp-json\/wp\/v2\/types\/product"}],"replies":[{"embeddable":true,"href":"https:\/\/keluvo.com\/se\/wp-json\/wp\/v2\/comments?post=36572"}],"wp:featuredmedia":[{"embeddable":true,"href":"https:\/\/keluvo.com\/se\/wp-json\/wp\/v2\/media\/36568"}],"wp:attachment":[{"href":"https:\/\/keluvo.com\/se\/wp-json\/wp\/v2\/media?parent=36572"}],"wp:term":[{"taxonomy":"product_brand","embeddable":true,"href":"https:\/\/keluvo.com\/se\/wp-json\/wp\/v2\/product_brand?post=36572"},{"taxonomy":"product_cat","embeddable":true,"href":"https:\/\/keluvo.com\/se\/wp-json\/wp\/v2\/product_cat?post=36572"},{"taxonomy":"product_tag","embeddable":true,"href":"https:\/\/keluvo.com\/se\/wp-json\/wp\/v2\/product_tag?post=36572"}],"curies":[{"name":"wp","href":"https:\/\/api.w.org\/{rel}","templated":true}]}}