{"id":36548,"date":"2025-09-21T09:35:03","date_gmt":"2025-09-21T06:35:03","guid":{"rendered":"https:\/\/keluvo.com\/se\/product\/rosenbjorn\/"},"modified":"2025-09-21T09:35:23","modified_gmt":"2025-09-21T06:35:23","slug":"rosenbjorn","status":"publish","type":"product","link":"https:\/\/keluvo.com\/se\/product\/rosenbjorn\/","title":{"rendered":"Rosenbj\u00f6rn"},"content":{"rendered":"<p style=\"text-align: center\" data-start=\"116\" data-end=\"171\"><strong data-start=\"116\" data-end=\"166\">Visa din k\u00e4rlek med en g\u00e5va som varar f\u00f6r evigt!<\/strong> \u2764\ufe0f<\/p>\n<p style=\"text-align: center\" data-start=\"173\" data-end=\"439\">This lyxiga rosenbj\u00f6rn kombinerar charmen hos en teddy med elegansen hos rosor. Varje bj\u00f6rn \u00e4r noggrant handgjord med mjuka skumrosor som aldrig vissnar, vilket g\u00f6r den till den perfekta romantiska minnessaken f\u00f6r alla hj\u00e4rtans dag, \u00e5rsdagar eller f\u00f6delsedagar. \ud83c\udf81<\/p>\n<p data-start=\"173\" data-end=\"439\"><img decoding=\"async\" class=\"size-full wp-image-31472 aligncenter\" src=\"https:\/\/keluvo.com\/template\/wp-content\/uploads\/sites\/5\/2025\/08\/07214-ezgif.com-video-to-webp-converter-1.webp\" alt=\"\" \/><\/p>\n<h2 style=\"text-align: center\" data-start=\"441\" data-end=\"463\">Huvudf\u00f6rdelar \ud83c\udf39<\/h2>\n<p data-start=\"466\" data-end=\"526\">\ud83d\udc96 Symbol f\u00f6r evig k\u00e4rlek &#8211; rosor som aldrig vissnar<\/p>\n<p data-start=\"529\" data-end=\"609\">\ud83d\udc3b Unik och minnesv\u00e4rd &#8211; en kreativ twist p\u00e5 den klassiska nallebj\u00f6rnsg\u00e5van<\/p>\n<p data-start=\"529\" data-end=\"609\">\ud83c\udf80 Vacker design &#8211; avslutad med en vacker bandb\u00e5ge<\/p>\n<p data-start=\"677\" data-end=\"766\">\ud83c\udf89 Perfekt f\u00f6r speciella tillf\u00e4llen &#8211; Alla hj\u00e4rtans dag, br\u00f6llop, frierier, f\u00f6delsedagar<\/p>\n<p data-start=\"769\" data-end=\"830\">\ud83c\udfe1 Dekorativt f\u00f6rem\u00e5l &#8211; ser fantastiskt ut som en hemdisplay<\/p>\n<p data-start=\"769\" data-end=\"830\"><img decoding=\"async\" class=\"size-full wp-image-31470 aligncenter\" src=\"https:\/\/keluvo.com\/template\/wp-content\/uploads\/sites\/5\/2025\/08\/0da6b22c0d882_banner-2.webp\" alt=\"\" \/><\/p>\n<h2 style=\"text-align: center\" data-start=\"832\" data-end=\"851\">Hur man anv\u00e4nder \ud83e\ude84<\/h2>\n<ol data-start=\"852\" data-end=\"1013\">\n<li data-start=\"852\" data-end=\"903\">\n<p data-start=\"855\" data-end=\"903\">Ta bort bj\u00f6rnen fr\u00e5n den skyddande f\u00f6rpackningen.<\/p>\n<\/li>\n<li data-start=\"904\" data-end=\"948\">\n<p data-start=\"907\" data-end=\"948\">L\u00e4gg den i en presentf\u00f6rpackning eller p\u00e5 en utst\u00e4llningsyta.<\/p>\n<\/li>\n<li data-start=\"949\" data-end=\"1013\">\n<p data-start=\"952\" data-end=\"1013\">ge den till din \u00e4lskade och se deras ansikte lysa upp.<\/p>\n<\/li>\n<\/ol>\n<h2 style=\"text-align: center\" data-start=\"1015\" data-end=\"1039\">Produktinformation \ud83d\udccb<\/h2>\n<ul data-start=\"1040\" data-end=\"1174\">\n<li data-start=\"1040\" data-end=\"1064\">\n<p data-start=\"1042\" data-end=\"1064\">Material: Skumrosor<\/p>\n<\/li>\n<li data-start=\"1065\" data-end=\"1089\">\n<p data-start=\"1067\" data-end=\"1089\">Antal rosor: 520<\/p>\n<\/li>\n<li data-start=\"1090\" data-end=\"1105\">\n<p data-start=\"1092\" data-end=\"1105\">Storlek: 25 x 16,5 cm<\/p>\n<\/li>\n<li data-start=\"1106\" data-end=\"1174\">\n<p data-start=\"1108\" data-end=\"1174\">L\u00e4mplig f\u00f6r: Romantiska presenter, heminredning, \u00f6verraskningsgester<\/p>\n<\/li>\n<\/ul>\n<h2 style=\"text-align: center\" data-start=\"1176\" data-end=\"1201\">Paketet inneh\u00e5ller \ud83c\udf81<\/h2>\n<ul data-start=\"1202\" data-end=\"1225\">\n<li data-start=\"1202\" data-end=\"1225\">\n<p data-start=\"1204\" data-end=\"1225\">1x rosbj\u00f6rn.<\/p>\n<\/li>\n<\/ul>\n","protected":false},"excerpt":{"rendered":"<p>Visa din k\u00e4rlek med en g\u00e5va som varar f\u00f6r evigt! \u2764\ufe0f This lyxiga rosenbj\u00f6rn kombinerar charmen hos en teddy med [&hellip;]<\/p>\n","protected":false},"featured_media":36544,"comment_status":"open","ping_status":"closed","template":"","meta":{"site-sidebar-layout":"default","site-content-layout":"","ast-site-content-layout":"default","site-content-style":"default","site-sidebar-style":"default","ast-global-header-display":"","ast-banner-title-visibility":"","ast-main-header-display":"","ast-hfb-above-header-display":"","ast-hfb-below-header-display":"","ast-hfb-mobile-header-display":"","site-post-title":"","ast-breadcrumbs-content":"","ast-featured-img":"","footer-sml-layout":"","theme-transparent-header-meta":"default","adv-header-id-meta":"","stick-header-meta":"","header-above-stick-meta":"","header-main-stick-meta":"","header-below-stick-meta":"","astra-migrate-meta-layouts":"set","ast-page-background-enabled":"default","ast-page-background-meta":{"desktop":{"background-color":"var(--ast-global-color-4)","background-image":"","background-repeat":"repeat","background-position":"center center","background-size":"auto","background-attachment":"scroll","background-type":"","background-media":"","overlay-type":"","overlay-color":"","overlay-opacity":"","overlay-gradient":""},"tablet":{"background-color":"","background-image":"","background-repeat":"repeat","background-position":"center center","background-size":"auto","background-attachment":"scroll","background-type":"","background-media":"","overlay-type":"","overlay-color":"","overlay-opacity":"","overlay-gradient":""},"mobile":{"background-color":"","background-image":"","background-repeat":"repeat","background-position":"center center","background-size":"auto","background-attachment":"scroll","background-type":"","background-media":"","overlay-type":"","overlay-color":"","overlay-opacity":"","overlay-gradient":""}},"ast-content-background-meta":{"desktop":{"background-color":"var(--ast-global-color-5)","background-image":"","background-repeat":"repeat","background-position":"center center","background-size":"auto","background-attachment":"scroll","background-type":"","background-media":"","overlay-type":"","overlay-color":"","overlay-opacity":"","overlay-gradient":""},"tablet":{"background-color":"var(--ast-global-color-5)","background-image":"","background-repeat":"repeat","background-position":"center center","background-size":"auto","background-attachment":"scroll","background-type":"","background-media":"","overlay-type":"","overlay-color":"","overlay-opacity":"","overlay-gradient":""},"mobile":{"background-color":"var(--ast-global-color-5)","background-image":"","background-repeat":"repeat","background-position":"center center","background-size":"auto","background-attachment":"scroll","background-type":"","background-media":"","overlay-type":"","overlay-color":"","overlay-opacity":"","overlay-gradient":""}}},"product_brand":[],"product_cat":[993],"product_tag":[],"class_list":{"0":"post-36548","1":"product","2":"type-product","3":"status-publish","4":"has-post-thumbnail","6":"product_cat-footwear-accessories","7":"pa_47554_y5b4r713-bla","8":"pa_47554_y5b4r713-gul","9":"pa_47554_y5b4r713-lila","10":"pa_47554_y5b4r713-morkbla","11":"pa_47554_y5b4r713-rod","12":"pa_47554_y5b4r713-rosa","13":"pa_47554_y5b4r713-rott-vin","14":"desktop-align-left","15":"tablet-align-left","16":"mobile-align-left","18":"first","19":"instock","20":"shipping-taxable","21":"purchasable","22":"product-type-variable"},"_links":{"self":[{"href":"https:\/\/keluvo.com\/se\/wp-json\/wp\/v2\/product\/36548","targetHints":{"allow":["GET"]}}],"collection":[{"href":"https:\/\/keluvo.com\/se\/wp-json\/wp\/v2\/product"}],"about":[{"href":"https:\/\/keluvo.com\/se\/wp-json\/wp\/v2\/types\/product"}],"replies":[{"embeddable":true,"href":"https:\/\/keluvo.com\/se\/wp-json\/wp\/v2\/comments?post=36548"}],"wp:featuredmedia":[{"embeddable":true,"href":"https:\/\/keluvo.com\/se\/wp-json\/wp\/v2\/media\/36544"}],"wp:attachment":[{"href":"https:\/\/keluvo.com\/se\/wp-json\/wp\/v2\/media?parent=36548"}],"wp:term":[{"taxonomy":"product_brand","embeddable":true,"href":"https:\/\/keluvo.com\/se\/wp-json\/wp\/v2\/product_brand?post=36548"},{"taxonomy":"product_cat","embeddable":true,"href":"https:\/\/keluvo.com\/se\/wp-json\/wp\/v2\/product_cat?post=36548"},{"taxonomy":"product_tag","embeddable":true,"href":"https:\/\/keluvo.com\/se\/wp-json\/wp\/v2\/product_tag?post=36548"}],"curies":[{"name":"wp","href":"https:\/\/api.w.org\/{rel}","templated":true}]}}