{"id":36450,"date":"2025-09-21T09:31:23","date_gmt":"2025-09-21T06:31:23","guid":{"rendered":"https:\/\/keluvo.com\/se\/product\/ryggsack-for-husdjur\/"},"modified":"2025-09-21T09:32:02","modified_gmt":"2025-09-21T06:32:02","slug":"ryggsack-for-husdjur","status":"publish","type":"product","link":"https:\/\/keluvo.com\/se\/product\/ryggsack-for-husdjur\/","title":{"rendered":"Ryggs\u00e4ck f\u00f6r husdjur"},"content":{"rendered":"<p style=\"text-align: center\" data-start=\"117\" data-end=\"179\"><strong data-start=\"117\" data-end=\"174\">Ta Med Din Lurviga V\u00e4n Vart Som Helst I Komfort Och Stil!<\/strong> \ud83d\udc3e<\/p>\n<p style=\"text-align: center\" data-start=\"181\" data-end=\"429\">Den h\u00e4r ryggs\u00e4cken \u00e4r utformad f\u00f6r att h\u00e5lla ditt husdjur n\u00e4ra samtidigt som den ger dem en s\u00e4ker och mysig resa. Oavsett om du vandrar, shoppar eller promenerar genom parken \u00e4r det det perfekta s\u00e4ttet att njuta av \u00e4ventyr tillsammans utan att tr\u00f6tta ut ditt husdjur.<span style=\"font-size: 16px;font-style: normal;font-weight: 400\">\ud83c\udf92<\/span><\/p>\n<p data-start=\"181\" data-end=\"429\"><img decoding=\"async\" class=\"size-full wp-image-31534 aligncenter\" src=\"https:\/\/keluvo.com\/template\/wp-content\/uploads\/sites\/5\/2025\/08\/sac-a-dos-pour-chien-transport-presentation-ezgif.com-optimize.webp\" alt=\"\" \/><\/p>\n<h2 style=\"text-align: center\" data-start=\"431\" data-end=\"453\">Huvudf\u00f6rdelar \ud83c\udf1f<\/h2>\n<p data-start=\"456\" data-end=\"528\">\ud83d\udc36 H\u00e5ller ditt husdjur n\u00e4ra &#8211; perfekt f\u00f6r sm\u00e5 hundar, valpar och katter<\/p>\n<p data-start=\"531\" data-end=\"611\">\ud83c\udfaf Trygg och s\u00e4ker &#8211; justerbara remmar och s\u00e4kerhetskrok f\u00f6r att f\u00f6rhindra hopp<\/p>\n<p data-start=\"614\" data-end=\"690\">\ud83c\udf2c Andningsbar design &#8211; n\u00e4tpaneler h\u00e5ller ditt husdjur svalt och bekv\u00e4mt<\/p>\n<p data-start=\"693\" data-end=\"772\">\ud83d\udcbc Handsfree-komfort &#8211; b\u00e4r ditt husdjur medan du har b\u00e5da h\u00e4nderna fria<\/p>\n<p data-start=\"775\" data-end=\"847\">\ud83e\uddf3 Perfekt f\u00f6r resor &#8211; l\u00e4tt och hopf\u00e4llbar f\u00f6r enkel f\u00f6rvaring<\/p>\n<p data-start=\"775\" data-end=\"847\"><img decoding=\"async\" class=\"size-full wp-image-31533 aligncenter\" src=\"https:\/\/keluvo.com\/template\/wp-content\/uploads\/sites\/5\/2025\/08\/sac-a-dos-pour-chien-bleu-transport-confortable-ezgif.com-optimize.webp\" alt=\"\" \/><\/p>\n<h2 style=\"text-align: center\" data-start=\"849\" data-end=\"868\">Hur Man Anv\u00e4nder \ud83e\ude84<\/h2>\n<ol data-start=\"869\" data-end=\"1042\">\n<li data-start=\"869\" data-end=\"914\">\n<p data-start=\"872\" data-end=\"914\">Justera remmarna f\u00f6r en bekv\u00e4m passform.<\/p>\n<\/li>\n<li data-start=\"915\" data-end=\"985\">\n<p data-start=\"918\" data-end=\"985\">Placera ditt husdjur f\u00f6rsiktigt inuti och s\u00e4kra dem med s\u00e4kerhetskroken.<\/p>\n<\/li>\n<li data-start=\"986\" data-end=\"1042\">\n<p data-start=\"989\" data-end=\"1042\">Dra upp dragkedjan och njut av din promenad, vandring eller resa tillsammans.<\/p>\n<\/li>\n<\/ol>\n<h2 style=\"text-align: center\" data-start=\"1044\" data-end=\"1068\">Produktdetaljer \ud83d\udccb<\/h2>\n<ul data-start=\"1069\" data-end=\"1271\">\n<li data-start=\"1069\" data-end=\"1118\">\n<p data-start=\"1071\" data-end=\"1118\">Material: Slitstarkt tyg med ventilerande mesh<\/p>\n<\/li>\n<li data-start=\"1119\" data-end=\"1190\">\n<p data-start=\"1121\" data-end=\"1190\">L\u00e4mplig f\u00f6r: Sm\u00e5 hundar, valpar, katter<\/p>\n<\/li>\n<li data-start=\"1119\" data-end=\"1190\">\n<p data-start=\"1121\" data-end=\"1190\">Storlek: S f\u00f6r 1-3 kg, M f\u00f6r 3-7 kg och L f\u00f6r 7-12 kg<\/p>\n<\/li>\n<li data-start=\"1221\" data-end=\"1271\">\n<p data-start=\"1223\" data-end=\"1271\">Anv\u00e4ndningsomr\u00e5de: Promenader utomhus, resor, shopping, vandring<\/p>\n<\/li>\n<\/ul>\n<h2 style=\"text-align: center\" data-start=\"1273\" data-end=\"1298\">Paketet Inneh\u00e5ller \ud83c\udf81<\/h2>\n<ul data-start=\"1299\" data-end=\"1327\">\n<li data-start=\"1299\" data-end=\"1327\">\n<p data-start=\"1301\" data-end=\"1327\">1x ryggs\u00e4ck f\u00f6r husdjur.<\/p>\n<\/li>\n<\/ul>\n","protected":false},"excerpt":{"rendered":"<p>Ta Med Din Lurviga V\u00e4n Vart Som Helst I Komfort Och Stil! \ud83d\udc3e Den h\u00e4r ryggs\u00e4cken \u00e4r utformad f\u00f6r att [&hellip;]<\/p>\n","protected":false},"featured_media":36446,"comment_status":"open","ping_status":"closed","template":"","meta":{"site-sidebar-layout":"default","site-content-layout":"","ast-site-content-layout":"default","site-content-style":"default","site-sidebar-style":"default","ast-global-header-display":"","ast-banner-title-visibility":"","ast-main-header-display":"","ast-hfb-above-header-display":"","ast-hfb-below-header-display":"","ast-hfb-mobile-header-display":"","site-post-title":"","ast-breadcrumbs-content":"","ast-featured-img":"","footer-sml-layout":"","theme-transparent-header-meta":"default","adv-header-id-meta":"","stick-header-meta":"","header-above-stick-meta":"","header-main-stick-meta":"","header-below-stick-meta":"","astra-migrate-meta-layouts":"set","ast-page-background-enabled":"default","ast-page-background-meta":{"desktop":{"background-color":"var(--ast-global-color-4)","background-image":"","background-repeat":"repeat","background-position":"center center","background-size":"auto","background-attachment":"scroll","background-type":"","background-media":"","overlay-type":"","overlay-color":"","overlay-opacity":"","overlay-gradient":""},"tablet":{"background-color":"","background-image":"","background-repeat":"repeat","background-position":"center center","background-size":"auto","background-attachment":"scroll","background-type":"","background-media":"","overlay-type":"","overlay-color":"","overlay-opacity":"","overlay-gradient":""},"mobile":{"background-color":"","background-image":"","background-repeat":"repeat","background-position":"center center","background-size":"auto","background-attachment":"scroll","background-type":"","background-media":"","overlay-type":"","overlay-color":"","overlay-opacity":"","overlay-gradient":""}},"ast-content-background-meta":{"desktop":{"background-color":"var(--ast-global-color-5)","background-image":"","background-repeat":"repeat","background-position":"center center","background-size":"auto","background-attachment":"scroll","background-type":"","background-media":"","overlay-type":"","overlay-color":"","overlay-opacity":"","overlay-gradient":""},"tablet":{"background-color":"var(--ast-global-color-5)","background-image":"","background-repeat":"repeat","background-position":"center center","background-size":"auto","background-attachment":"scroll","background-type":"","background-media":"","overlay-type":"","overlay-color":"","overlay-opacity":"","overlay-gradient":""},"mobile":{"background-color":"var(--ast-global-color-5)","background-image":"","background-repeat":"repeat","background-position":"center center","background-size":"auto","background-attachment":"scroll","background-type":"","background-media":"","overlay-type":"","overlay-color":"","overlay-opacity":"","overlay-gradient":""}}},"product_brand":[],"product_cat":[997],"product_tag":[],"class_list":{"0":"post-36450","1":"product","2":"type-product","3":"status-publish","4":"has-post-thumbnail","6":"product_cat-pets-products","7":"pa_21288_csx32tuc-bla","8":"pa_21288_csx32tuc-gron","9":"pa_21288_csx32tuc-orange","10":"pa_21288_csx32tuc-rosa","11":"pa_21288_csx32tuc-svart","12":"pa_21288_pesb74gf-s","13":"pa_21288_pesb74gf-m","14":"pa_21288_pesb74gf-l","15":"desktop-align-left","16":"tablet-align-left","17":"mobile-align-left","19":"first","20":"instock","21":"shipping-taxable","22":"purchasable","23":"product-type-variable","24":"has-default-attributes"},"_links":{"self":[{"href":"https:\/\/keluvo.com\/se\/wp-json\/wp\/v2\/product\/36450","targetHints":{"allow":["GET"]}}],"collection":[{"href":"https:\/\/keluvo.com\/se\/wp-json\/wp\/v2\/product"}],"about":[{"href":"https:\/\/keluvo.com\/se\/wp-json\/wp\/v2\/types\/product"}],"replies":[{"embeddable":true,"href":"https:\/\/keluvo.com\/se\/wp-json\/wp\/v2\/comments?post=36450"}],"wp:featuredmedia":[{"embeddable":true,"href":"https:\/\/keluvo.com\/se\/wp-json\/wp\/v2\/media\/36446"}],"wp:attachment":[{"href":"https:\/\/keluvo.com\/se\/wp-json\/wp\/v2\/media?parent=36450"}],"wp:term":[{"taxonomy":"product_brand","embeddable":true,"href":"https:\/\/keluvo.com\/se\/wp-json\/wp\/v2\/product_brand?post=36450"},{"taxonomy":"product_cat","embeddable":true,"href":"https:\/\/keluvo.com\/se\/wp-json\/wp\/v2\/product_cat?post=36450"},{"taxonomy":"product_tag","embeddable":true,"href":"https:\/\/keluvo.com\/se\/wp-json\/wp\/v2\/product_tag?post=36450"}],"curies":[{"name":"wp","href":"https:\/\/api.w.org\/{rel}","templated":true}]}}