{"id":36381,"date":"2025-09-21T09:28:33","date_gmt":"2025-09-21T06:28:33","guid":{"rendered":"https:\/\/keluvo.com\/se\/product\/dukutdragare-for-bil\/"},"modified":"2025-10-14T18:37:03","modified_gmt":"2025-10-14T15:37:03","slug":"dukutdragare-for-bil","status":"publish","type":"product","link":"https:\/\/keluvo.com\/se\/product\/dukutdragare-for-bil\/","title":{"rendered":"Dukutdragare f\u00f6r bil"},"content":{"rendered":"<p style=\"text-align: center\" data-start=\"125\" data-end=\"182\"><strong data-start=\"125\" data-end=\"177\">Fixa Bucklor P\u00e5 Bilen Snabbt Utan Dyra Reparationer!<\/strong> \ud83d\ude97<\/p>\n<p style=\"text-align: center\" data-start=\"184\" data-end=\"441\">Den h\u00e4r bilbuckelutdragaren anv\u00e4nder stark sugkraft f\u00f6r att dra ut bucklor som orsakats av mindre st\u00f6tar, hagel eller parkeringsolyckor &#8211; allt utan att skada bilens lack. Det \u00e4r ett enkelt, \u00e5teranv\u00e4ndbart och kostnadseffektivt s\u00e4tt att \u00e5terst\u00e4lla ditt fordons sl\u00e4ta yta. <span style=\"font-size: 16px;font-style: normal;font-weight: 400\">\ud83d\udee0<\/span><\/p>\n<p data-start=\"184\" data-end=\"441\"><img decoding=\"async\" class=\"size-full wp-image-31652 aligncenter\" src=\"https:\/\/keluvo.com\/template\/wp-content\/uploads\/sites\/5\/2025\/08\/Video_1_ventosa_grandine_auto-ezgif.com-video-to-webp-converter.webp\" alt=\"\" \/><\/p>\n<h2 style=\"text-align: center\" data-start=\"443\" data-end=\"465\">Huvudf\u00f6rdelar \ud83c\udf1f<\/h2>\n<p data-start=\"468\" data-end=\"548\">\ud83d\udcaa Starkt grepp &#8211; f\u00e4ster s\u00e4kert p\u00e5 ytor f\u00f6r effektiv buckling<\/p>\n<p data-start=\"551\" data-end=\"629\">\ud83c\udfaf Lacks\u00e4ker &#8211; tar bort bucklor utan att repa eller skada lacken<\/p>\n<p data-start=\"632\" data-end=\"699\">\ud83c\udfe0 DIY-v\u00e4nlig &#8211; fixa bucklor hemma och spara p\u00e5 reparationskostnader<\/p>\n<p data-start=\"702\" data-end=\"784\">\ud83d\udd04 \u00c5teranv\u00e4ndbar design &#8211; tillverkad av h\u00e5llbar plast och gummi f\u00f6r l\u00e5ngvarig anv\u00e4ndning<\/p>\n<p data-start=\"702\" data-end=\"784\">\ud83d\ude98 Multi-anv\u00e4ndning &#8211; fungerar p\u00e5 bilar, motorcyklar och plana ytor som glas<\/p>\n<p data-start=\"702\" data-end=\"784\"><img decoding=\"async\" class=\"size-full wp-image-31653 aligncenter\" src=\"https:\/\/keluvo.com\/template\/wp-content\/uploads\/sites\/5\/2025\/08\/Video_2_ventosa_grandine_auto-ezgif.com-video-to-webp-converter.webp\" alt=\"\" \/><\/p>\n<h2 style=\"text-align: center\" data-start=\"867\" data-end=\"886\">Anv\u00e4ndning \ud83e\ude84<\/h2>\n<ol data-start=\"887\" data-end=\"1045\">\n<li data-start=\"887\" data-end=\"927\">\n<p data-start=\"890\" data-end=\"927\">Reng\u00f6r bucklan f\u00f6r att ta bort smuts.<\/p>\n<\/li>\n<li data-start=\"928\" data-end=\"990\">\n<p data-start=\"931\" data-end=\"990\">Tryck sugkoppen ordentligt mot bucklans mitt.<\/p>\n<\/li>\n<li data-start=\"991\" data-end=\"1045\">\n<p data-start=\"994\" data-end=\"1045\">dra i handtaget f\u00f6r att lyfta tillbaka bucklan p\u00e5 plats.<\/p>\n<\/li>\n<\/ol>\n<h2 style=\"text-align: center\" data-start=\"1047\" data-end=\"1071\">Produktinformation \ud83d\udccb<\/h2>\n<ul data-start=\"1072\" data-end=\"1238\">\n<li data-start=\"1072\" data-end=\"1102\">\n<p data-start=\"1074\" data-end=\"1102\">Material: Plast + gummi<\/p>\n<\/li>\n<li data-start=\"1103\" data-end=\"1141\">\n<p data-start=\"1105\" data-end=\"1141\">F\u00e4rger: Svart, gul, orange, r\u00f6d<\/p>\n<\/li>\n<li data-start=\"1142\" data-end=\"1196\">\n<p data-start=\"1144\" data-end=\"1196\">Anv\u00e4ndning: Karosspaneler, motorcykelytor, glas<\/p>\n<\/li>\n<li data-start=\"1197\" data-end=\"1238\">\n<p data-start=\"1199\" data-end=\"1238\">Storlek: Passar standardbehov f\u00f6r reparation av bucklor<\/p>\n<\/li>\n<\/ul>\n<h2 style=\"text-align: center\" data-start=\"1240\" data-end=\"1265\">Paketet Inneh\u00e5ller \ud83c\udf81<\/h2>\n<ul data-start=\"1266\" data-end=\"1302\">\n<li data-start=\"1266\" data-end=\"1302\">\n<p data-start=\"1268\" data-end=\"1302\">1, 2, 4x bildelsdragare.<\/p>\n<\/li>\n<\/ul>\n","protected":false},"excerpt":{"rendered":"<p>Fixa Bucklor P\u00e5 Bilen Snabbt Utan Dyra Reparationer! \ud83d\ude97 Den h\u00e4r bilbuckelutdragaren anv\u00e4nder stark sugkraft f\u00f6r att dra ut bucklor [&hellip;]<\/p>\n","protected":false},"featured_media":36377,"comment_status":"open","ping_status":"closed","template":"","meta":{"site-sidebar-layout":"default","site-content-layout":"","ast-site-content-layout":"default","site-content-style":"default","site-sidebar-style":"default","ast-global-header-display":"","ast-banner-title-visibility":"","ast-main-header-display":"","ast-hfb-above-header-display":"","ast-hfb-below-header-display":"","ast-hfb-mobile-header-display":"","site-post-title":"","ast-breadcrumbs-content":"","ast-featured-img":"","footer-sml-layout":"","theme-transparent-header-meta":"default","adv-header-id-meta":"","stick-header-meta":"","header-above-stick-meta":"","header-main-stick-meta":"","header-below-stick-meta":"","astra-migrate-meta-layouts":"set","ast-page-background-enabled":"default","ast-page-background-meta":{"desktop":{"background-color":"var(--ast-global-color-4)","background-image":"","background-repeat":"repeat","background-position":"center center","background-size":"auto","background-attachment":"scroll","background-type":"","background-media":"","overlay-type":"","overlay-color":"","overlay-opacity":"","overlay-gradient":""},"tablet":{"background-color":"","background-image":"","background-repeat":"repeat","background-position":"center center","background-size":"auto","background-attachment":"scroll","background-type":"","background-media":"","overlay-type":"","overlay-color":"","overlay-opacity":"","overlay-gradient":""},"mobile":{"background-color":"","background-image":"","background-repeat":"repeat","background-position":"center center","background-size":"auto","background-attachment":"scroll","background-type":"","background-media":"","overlay-type":"","overlay-color":"","overlay-opacity":"","overlay-gradient":""}},"ast-content-background-meta":{"desktop":{"background-color":"var(--ast-global-color-5)","background-image":"","background-repeat":"repeat","background-position":"center center","background-size":"auto","background-attachment":"scroll","background-type":"","background-media":"","overlay-type":"","overlay-color":"","overlay-opacity":"","overlay-gradient":""},"tablet":{"background-color":"var(--ast-global-color-5)","background-image":"","background-repeat":"repeat","background-position":"center center","background-size":"auto","background-attachment":"scroll","background-type":"","background-media":"","overlay-type":"","overlay-color":"","overlay-opacity":"","overlay-gradient":""},"mobile":{"background-color":"var(--ast-global-color-5)","background-image":"","background-repeat":"repeat","background-position":"center center","background-size":"auto","background-attachment":"scroll","background-type":"","background-media":"","overlay-type":"","overlay-color":"","overlay-opacity":"","overlay-gradient":""}}},"product_brand":[],"product_cat":[998],"product_tag":[],"class_list":{"0":"post-36381","1":"product","2":"type-product","3":"status-publish","4":"has-post-thumbnail","6":"product_cat-automotive-products","7":"pa_39681_f2xtej6w-gul","8":"pa_39681_f2xtej6w-orange","9":"pa_39681_f2xtej6w-rod","10":"pa_39681_f2xtej6w-svart","11":"pa_39681_t4gn7o3g-1-st","12":"pa_39681_t4gn7o3g-2-st","13":"pa_39681_t4gn7o3g-4-st","14":"desktop-align-left","15":"tablet-align-left","16":"mobile-align-left","18":"first","19":"instock","20":"shipping-taxable","21":"purchasable","22":"product-type-variable","23":"has-default-attributes"},"_links":{"self":[{"href":"https:\/\/keluvo.com\/se\/wp-json\/wp\/v2\/product\/36381","targetHints":{"allow":["GET"]}}],"collection":[{"href":"https:\/\/keluvo.com\/se\/wp-json\/wp\/v2\/product"}],"about":[{"href":"https:\/\/keluvo.com\/se\/wp-json\/wp\/v2\/types\/product"}],"replies":[{"embeddable":true,"href":"https:\/\/keluvo.com\/se\/wp-json\/wp\/v2\/comments?post=36381"}],"wp:featuredmedia":[{"embeddable":true,"href":"https:\/\/keluvo.com\/se\/wp-json\/wp\/v2\/media\/36377"}],"wp:attachment":[{"href":"https:\/\/keluvo.com\/se\/wp-json\/wp\/v2\/media?parent=36381"}],"wp:term":[{"taxonomy":"product_brand","embeddable":true,"href":"https:\/\/keluvo.com\/se\/wp-json\/wp\/v2\/product_brand?post=36381"},{"taxonomy":"product_cat","embeddable":true,"href":"https:\/\/keluvo.com\/se\/wp-json\/wp\/v2\/product_cat?post=36381"},{"taxonomy":"product_tag","embeddable":true,"href":"https:\/\/keluvo.com\/se\/wp-json\/wp\/v2\/product_tag?post=36381"}],"curies":[{"name":"wp","href":"https:\/\/api.w.org\/{rel}","templated":true}]}}