{"id":36366,"date":"2025-09-21T09:27:42","date_gmt":"2025-09-21T06:27:42","guid":{"rendered":"https:\/\/keluvo.com\/se\/product\/halsband-3\/"},"modified":"2025-09-21T09:27:50","modified_gmt":"2025-09-21T06:27:50","slug":"halsband-3","status":"publish","type":"product","link":"https:\/\/keluvo.com\/se\/product\/halsband-3\/","title":{"rendered":"Halsband"},"content":{"rendered":"<p style=\"text-align: center\" data-start=\"119\" data-end=\"197\"><strong data-start=\"119\" data-end=\"192\">G\u00f6r Varje \u00d6gonblick Of\u00f6rgl\u00f6mligt Med Denna Fantastiska Presentupps\u00e4ttning Med Halsband!<\/strong> \ud83c\udf39<\/p>\n<p style=\"text-align: center\" data-start=\"199\" data-end=\"492\">Detta eleganta halsband kommer vackert f\u00f6rpackat i en unik hj\u00e4rtformad l\u00e5da med en bevarad ros inuti, vilket g\u00f6r det till det perfekta s\u00e4ttet att visa din k\u00e4rlek och uppskattning. Oavsett om det \u00e4r f\u00f6r en f\u00f6delsedag, \u00e5rsdag, Alla hj\u00e4rtans dag eller bara f\u00f6r att, kommer denna g\u00e5va att l\u00e4mna ett best\u00e5ende intryck.<\/p>\n<p data-start=\"199\" data-end=\"492\"><img decoding=\"async\" class=\"size-full wp-image-31393 aligncenter\" src=\"https:\/\/keluvo.com\/template\/wp-content\/uploads\/sites\/5\/2025\/08\/07212-ezgif.com-video-to-webp-converter-1.webp\" alt=\"\" \/><\/p>\n<h2 style=\"text-align: center\" data-start=\"494\" data-end=\"516\">Huvudf\u00f6rdelar \ud83c\udf1f<\/h2>\n<p data-start=\"519\" data-end=\"600\">\ud83d\udc8e Elegant och tidl\u00f6s design \u2013 ett vackert smycke som matchar alla outfits<\/p>\n<p data-start=\"603\" data-end=\"666\">\ud83c\udf39 Konserverad ros ing\u00e5r \u2013 symboliserar evig k\u00e4rlek<\/p>\n<p data-start=\"669\" data-end=\"725\">\ud83c\udf81 Presentf\u00f6rpackning \u2013 inget behov av inslagning<\/p>\n<p data-start=\"728\" data-end=\"812\">\ud83d\udc96 Perfekt f\u00f6r alla tillf\u00e4llen \u2013 f\u00f6delsedagar, \u00e5rsdagar eller romantiska \u00f6verraskningar<\/p>\n<p data-start=\"815\" data-end=\"881\">\ud83d\udc5c Kompakt och l\u00e4tt att b\u00e4ra \u2013 presentera den var som helst, n\u00e4r som helst<\/p>\n<p data-start=\"815\" data-end=\"881\"><img decoding=\"async\" class=\"size-full wp-image-31391 aligncenter\" src=\"https:\/\/keluvo.com\/template\/wp-content\/uploads\/sites\/5\/2025\/08\/LK_APPLEROSE_T1-2.webp\" alt=\"\" \/><\/p>\n<h2 style=\"text-align: center\" data-start=\"883\" data-end=\"902\">Hur Man Anv\u00e4nder \ud83e\ude84<\/h2>\n<ol data-start=\"903\" data-end=\"1117\">\n<li data-start=\"903\" data-end=\"976\">\n<p data-start=\"906\" data-end=\"976\">\u00d6ppna den hj\u00e4rtformade asken f\u00f6r att avsl\u00f6ja den konserverade rosen och halsbandet.<\/p>\n<\/li>\n<li data-start=\"977\" data-end=\"1061\">\n<p data-start=\"980\" data-end=\"1061\">Placera halsbandet runt mottagarens hals f\u00f6r det perfekta romantiska \u00f6gonblicket.<\/p>\n<\/li>\n<li data-start=\"1062\" data-end=\"1117\">\n<p data-start=\"1065\" data-end=\"1117\">F\u00f6rvara det s\u00e4kert i l\u00e5dan s\u00e5 att det ser nytt ut.<\/p>\n<\/li>\n<\/ol>\n<h2 style=\"text-align: center\" data-start=\"1119\" data-end=\"1143\">Produktdetaljer \ud83d\udccb<\/h2>\n<ul data-start=\"1144\" data-end=\"1365\">\n<li data-start=\"1144\" data-end=\"1202\">\n<p data-start=\"1146\" data-end=\"1202\">Material: h\u00f6gkvalitativ legering med cubic zirconia sten<\/p>\n<\/li>\n<li data-start=\"1203\" data-end=\"1234\">\n<p data-start=\"1205\" data-end=\"1234\">Halsbandsl\u00e4ngd: justerbar<\/p>\n<\/li>\n<li data-start=\"1235\" data-end=\"1273\">\n<p data-start=\"1237\" data-end=\"1273\">Rosstyp: bevarad, l\u00e5ngvarig<\/p>\n<\/li>\n<li data-start=\"1274\" data-end=\"1315\">\n<p data-start=\"1276\" data-end=\"1315\">L\u00e5dstorlek: kompakt hj\u00e4rtformad design<\/p>\n<\/li>\n<li data-start=\"1316\" data-end=\"1365\">\n<p data-start=\"1318\" data-end=\"1365\">F\u00e4rger: r\u00f6d l\u00e5da med guld- och silverhalsband.<\/p>\n<\/li>\n<\/ul>\n<h2 style=\"text-align: center\" data-start=\"1367\" data-end=\"1392\">Paketet Inneh\u00e5ller \ud83c\udf81<\/h2>\n<ul data-start=\"1393\" data-end=\"1467\">\n<li data-start=\"1393\" data-end=\"1442\">\n<p data-start=\"1395\" data-end=\"1442\">1x hj\u00e4rtformad presentask med bevarad ros<\/p>\n<\/li>\n<li data-start=\"1443\" data-end=\"1467\">\n<p data-start=\"1445\" data-end=\"1467\">1x elegant halsband<\/p>\n<\/li>\n<li>1x specialkort f\u00f6r din \u00e4lskare.<\/li>\n<\/ul>\n","protected":false},"excerpt":{"rendered":"<p>G\u00f6r Varje \u00d6gonblick Of\u00f6rgl\u00f6mligt Med Denna Fantastiska Presentupps\u00e4ttning Med Halsband! \ud83c\udf39 Detta eleganta halsband kommer vackert f\u00f6rpackat i en unik [&hellip;]<\/p>\n","protected":false},"featured_media":36362,"comment_status":"open","ping_status":"closed","template":"","meta":{"site-sidebar-layout":"default","site-content-layout":"","ast-site-content-layout":"default","site-content-style":"default","site-sidebar-style":"default","ast-global-header-display":"","ast-banner-title-visibility":"","ast-main-header-display":"","ast-hfb-above-header-display":"","ast-hfb-below-header-display":"","ast-hfb-mobile-header-display":"","site-post-title":"","ast-breadcrumbs-content":"","ast-featured-img":"","footer-sml-layout":"","theme-transparent-header-meta":"default","adv-header-id-meta":"","stick-header-meta":"","header-above-stick-meta":"","header-main-stick-meta":"","header-below-stick-meta":"","astra-migrate-meta-layouts":"set","ast-page-background-enabled":"default","ast-page-background-meta":{"desktop":{"background-color":"var(--ast-global-color-4)","background-image":"","background-repeat":"repeat","background-position":"center center","background-size":"auto","background-attachment":"scroll","background-type":"","background-media":"","overlay-type":"","overlay-color":"","overlay-opacity":"","overlay-gradient":""},"tablet":{"background-color":"","background-image":"","background-repeat":"repeat","background-position":"center center","background-size":"auto","background-attachment":"scroll","background-type":"","background-media":"","overlay-type":"","overlay-color":"","overlay-opacity":"","overlay-gradient":""},"mobile":{"background-color":"","background-image":"","background-repeat":"repeat","background-position":"center center","background-size":"auto","background-attachment":"scroll","background-type":"","background-media":"","overlay-type":"","overlay-color":"","overlay-opacity":"","overlay-gradient":""}},"ast-content-background-meta":{"desktop":{"background-color":"var(--ast-global-color-5)","background-image":"","background-repeat":"repeat","background-position":"center center","background-size":"auto","background-attachment":"scroll","background-type":"","background-media":"","overlay-type":"","overlay-color":"","overlay-opacity":"","overlay-gradient":""},"tablet":{"background-color":"var(--ast-global-color-5)","background-image":"","background-repeat":"repeat","background-position":"center center","background-size":"auto","background-attachment":"scroll","background-type":"","background-media":"","overlay-type":"","overlay-color":"","overlay-opacity":"","overlay-gradient":""},"mobile":{"background-color":"var(--ast-global-color-5)","background-image":"","background-repeat":"repeat","background-position":"center center","background-size":"auto","background-attachment":"scroll","background-type":"","background-media":"","overlay-type":"","overlay-color":"","overlay-opacity":"","overlay-gradient":""}}},"product_brand":[],"product_cat":[15],"product_tag":[],"class_list":{"0":"post-36366","1":"product","2":"type-product","3":"status-publish","4":"has-post-thumbnail","6":"product_cat-uncategorized","7":"pa_47663_hj390p2a-guld","8":"pa_47663_hj390p2a-silver","9":"desktop-align-left","10":"tablet-align-left","11":"mobile-align-left","13":"first","14":"instock","15":"shipping-taxable","16":"purchasable","17":"product-type-variable"},"_links":{"self":[{"href":"https:\/\/keluvo.com\/se\/wp-json\/wp\/v2\/product\/36366","targetHints":{"allow":["GET"]}}],"collection":[{"href":"https:\/\/keluvo.com\/se\/wp-json\/wp\/v2\/product"}],"about":[{"href":"https:\/\/keluvo.com\/se\/wp-json\/wp\/v2\/types\/product"}],"replies":[{"embeddable":true,"href":"https:\/\/keluvo.com\/se\/wp-json\/wp\/v2\/comments?post=36366"}],"wp:featuredmedia":[{"embeddable":true,"href":"https:\/\/keluvo.com\/se\/wp-json\/wp\/v2\/media\/36362"}],"wp:attachment":[{"href":"https:\/\/keluvo.com\/se\/wp-json\/wp\/v2\/media?parent=36366"}],"wp:term":[{"taxonomy":"product_brand","embeddable":true,"href":"https:\/\/keluvo.com\/se\/wp-json\/wp\/v2\/product_brand?post=36366"},{"taxonomy":"product_cat","embeddable":true,"href":"https:\/\/keluvo.com\/se\/wp-json\/wp\/v2\/product_cat?post=36366"},{"taxonomy":"product_tag","embeddable":true,"href":"https:\/\/keluvo.com\/se\/wp-json\/wp\/v2\/product_tag?post=36366"}],"curies":[{"name":"wp","href":"https:\/\/api.w.org\/{rel}","templated":true}]}}