{"id":36276,"date":"2025-09-21T09:23:32","date_gmt":"2025-09-21T06:23:32","guid":{"rendered":"https:\/\/keluvo.com\/se\/product\/vattenfontan-for-katt\/"},"modified":"2025-09-21T09:23:32","modified_gmt":"2025-09-21T06:23:32","slug":"vattenfontan-for-katt","status":"publish","type":"product","link":"https:\/\/keluvo.com\/se\/product\/vattenfontan-for-katt\/","title":{"rendered":"Vattenfont\u00e4n f\u00f6r katt"},"content":{"rendered":"<p style=\"text-align: center\" data-start=\"101\" data-end=\"144\"><strong>H\u00e5ll Din Katt Hydrerad Och Glad \ud83d\udc3e\ud83d\udca7<\/strong><\/p>\n<p style=\"text-align: center\" data-start=\"145\" data-end=\"402\">Den h\u00e4r vattenfont\u00e4nen f\u00f6r katter \u00e4r den ultimata vattenfont\u00e4nen i rostfritt st\u00e5l som uppmuntrar din katt att dricka mer, h\u00e5lla sig frisk och k\u00e4nna sig energisk. Med sitt kontinuerliga vattenfl\u00f6de och hygieniska design \u00e4r det det perfekta s\u00e4ttet att h\u00e5lla din lurviga v\u00e4n hydrerad hela dagen.<\/p>\n<p data-start=\"145\" data-end=\"402\"><img decoding=\"async\" class=\"size-full wp-image-31322 aligncenter\" src=\"https:\/\/keluvo.com\/template\/wp-content\/uploads\/sites\/5\/2025\/08\/ezgif-5-9e5d76ea52.webp\" alt=\"\" \/><\/p>\n<h2 style=\"text-align: center\" data-start=\"409\" data-end=\"431\"><strong>Huvudf\u00f6rdelar<\/strong><\/h2>\n<p data-start=\"434\" data-end=\"483\">\ud83d\udca7 Kontinuerligt f\u00e4rskt vatten f\u00f6r att uppmuntra till drickande<\/p>\n<p data-start=\"486\" data-end=\"532\">\ud83d\udc31 F\u00f6rb\u00e4ttrar hydrering och allm\u00e4n katth\u00e4lsa<\/p>\n<p data-start=\"535\" data-end=\"585\">\ud83e\uddb7 Hj\u00e4lper till att f\u00f6rebygga urinv\u00e4gs- och njurproblem<\/p>\n<p data-start=\"588\" data-end=\"627\">\ud83e\uddfc L\u00e4tt att reng\u00f6ra i rostfritt st\u00e5l<\/p>\n<p data-start=\"630\" data-end=\"671\">\ud83d\udd07 Tyst motor f\u00f6r stressfritt drickande<\/p>\n<p data-start=\"630\" data-end=\"671\"><img decoding=\"async\" class=\"size-full wp-image-31324 aligncenter\" src=\"https:\/\/keluvo.com\/template\/wp-content\/uploads\/sites\/5\/2025\/08\/katkallan1.webp\" alt=\"\" \/><\/p>\n<h2 style=\"text-align: center\" data-start=\"678\" data-end=\"697\"><strong>S\u00e5 H\u00e4r G\u00f6r Du<\/strong><\/h2>\n<ol data-start=\"698\" data-end=\"909\">\n<li data-start=\"698\" data-end=\"754\">\n<p data-start=\"701\" data-end=\"754\">Montera font\u00e4nen enligt den medf\u00f6ljande guiden.<\/p>\n<\/li>\n<li data-start=\"755\" data-end=\"789\">\n<p data-start=\"758\" data-end=\"789\">Fyll p\u00e5 med f\u00e4rskt, rent vatten.<\/p>\n<\/li>\n<li data-start=\"790\" data-end=\"850\">\n<p data-start=\"793\" data-end=\"850\">koppla in och l\u00e5t det mjuka vattenfl\u00f6det locka din katt.<\/p>\n<\/li>\n<li data-start=\"851\" data-end=\"909\">\n<p data-start=\"854\" data-end=\"909\">reng\u00f6r och byt filter regelbundet f\u00f6r b\u00e4sta resultat.<\/p>\n<\/li>\n<\/ol>\n<h2 style=\"text-align: center\" data-start=\"916\" data-end=\"940\"><strong>Produktdetaljer<\/strong><\/h2>\n<ul data-start=\"941\" data-end=\"1067\">\n<li data-start=\"941\" data-end=\"970\">\n<p data-start=\"943\" data-end=\"970\">Material: Rostfritt st\u00e5l<\/p>\n<\/li>\n<li data-start=\"971\" data-end=\"1022\">\n<p data-start=\"973\" data-end=\"1022\">Kapacitet: Tillr\u00e4ckligt stor f\u00f6r hush\u00e5ll med flera katter (4L)<\/p>\n<\/li>\n<li data-start=\"971\" data-end=\"1022\">\n<p data-start=\"973\" data-end=\"1022\">Storlek: 24 x 16cm<\/p>\n<\/li>\n<li data-start=\"971\" data-end=\"1022\">Inklusive utbytbart vattenfiltersystem<\/li>\n<\/ul>\n<h2 style=\"text-align: center\" data-start=\"1074\" data-end=\"1099\"><strong>Paketet Inneh\u00e5ller<\/strong><\/h2>\n<ul data-start=\"1100\" data-end=\"1172\">\n<li data-start=\"1100\" data-end=\"1135\">\n<p data-start=\"1102\" data-end=\"1135\">1x kattvattenfont\u00e4n<\/p>\n<\/li>\n<li data-start=\"1136\" data-end=\"1153\">\n<p data-start=\"1138\" data-end=\"1153\">1x filterset<\/p>\n<\/li>\n<li data-start=\"1154\" data-end=\"1172\">\n<p data-start=\"1156\" data-end=\"1172\">1x anv\u00e4ndarmanual.<\/p>\n<\/li>\n<\/ul>\n","protected":false},"excerpt":{"rendered":"<p>H\u00e5ll Din Katt Hydrerad Och Glad \ud83d\udc3e\ud83d\udca7 Den h\u00e4r vattenfont\u00e4nen f\u00f6r katter \u00e4r den ultimata vattenfont\u00e4nen i rostfritt st\u00e5l som [&hellip;]<\/p>\n","protected":false},"featured_media":36272,"comment_status":"open","ping_status":"closed","template":"","meta":{"site-sidebar-layout":"default","site-content-layout":"","ast-site-content-layout":"default","site-content-style":"default","site-sidebar-style":"default","ast-global-header-display":"","ast-banner-title-visibility":"","ast-main-header-display":"","ast-hfb-above-header-display":"","ast-hfb-below-header-display":"","ast-hfb-mobile-header-display":"","site-post-title":"","ast-breadcrumbs-content":"","ast-featured-img":"","footer-sml-layout":"","theme-transparent-header-meta":"default","adv-header-id-meta":"","stick-header-meta":"","header-above-stick-meta":"","header-main-stick-meta":"","header-below-stick-meta":"","astra-migrate-meta-layouts":"set","ast-page-background-enabled":"default","ast-page-background-meta":{"desktop":{"background-color":"var(--ast-global-color-4)","background-image":"","background-repeat":"repeat","background-position":"center center","background-size":"auto","background-attachment":"scroll","background-type":"","background-media":"","overlay-type":"","overlay-color":"","overlay-opacity":"","overlay-gradient":""},"tablet":{"background-color":"","background-image":"","background-repeat":"repeat","background-position":"center center","background-size":"auto","background-attachment":"scroll","background-type":"","background-media":"","overlay-type":"","overlay-color":"","overlay-opacity":"","overlay-gradient":""},"mobile":{"background-color":"","background-image":"","background-repeat":"repeat","background-position":"center center","background-size":"auto","background-attachment":"scroll","background-type":"","background-media":"","overlay-type":"","overlay-color":"","overlay-opacity":"","overlay-gradient":""}},"ast-content-background-meta":{"desktop":{"background-color":"var(--ast-global-color-5)","background-image":"","background-repeat":"repeat","background-position":"center center","background-size":"auto","background-attachment":"scroll","background-type":"","background-media":"","overlay-type":"","overlay-color":"","overlay-opacity":"","overlay-gradient":""},"tablet":{"background-color":"var(--ast-global-color-5)","background-image":"","background-repeat":"repeat","background-position":"center center","background-size":"auto","background-attachment":"scroll","background-type":"","background-media":"","overlay-type":"","overlay-color":"","overlay-opacity":"","overlay-gradient":""},"mobile":{"background-color":"var(--ast-global-color-5)","background-image":"","background-repeat":"repeat","background-position":"center center","background-size":"auto","background-attachment":"scroll","background-type":"","background-media":"","overlay-type":"","overlay-color":"","overlay-opacity":"","overlay-gradient":""}}},"product_brand":[],"product_cat":[997],"product_tag":[],"class_list":{"0":"post-36276","1":"product","2":"type-product","3":"status-publish","4":"has-post-thumbnail","6":"product_cat-pets-products","7":"desktop-align-left","8":"tablet-align-left","9":"mobile-align-left","11":"first","12":"instock","13":"shipping-taxable","14":"purchasable","15":"product-type-simple"},"_links":{"self":[{"href":"https:\/\/keluvo.com\/se\/wp-json\/wp\/v2\/product\/36276","targetHints":{"allow":["GET"]}}],"collection":[{"href":"https:\/\/keluvo.com\/se\/wp-json\/wp\/v2\/product"}],"about":[{"href":"https:\/\/keluvo.com\/se\/wp-json\/wp\/v2\/types\/product"}],"replies":[{"embeddable":true,"href":"https:\/\/keluvo.com\/se\/wp-json\/wp\/v2\/comments?post=36276"}],"wp:featuredmedia":[{"embeddable":true,"href":"https:\/\/keluvo.com\/se\/wp-json\/wp\/v2\/media\/36272"}],"wp:attachment":[{"href":"https:\/\/keluvo.com\/se\/wp-json\/wp\/v2\/media?parent=36276"}],"wp:term":[{"taxonomy":"product_brand","embeddable":true,"href":"https:\/\/keluvo.com\/se\/wp-json\/wp\/v2\/product_brand?post=36276"},{"taxonomy":"product_cat","embeddable":true,"href":"https:\/\/keluvo.com\/se\/wp-json\/wp\/v2\/product_cat?post=36276"},{"taxonomy":"product_tag","embeddable":true,"href":"https:\/\/keluvo.com\/se\/wp-json\/wp\/v2\/product_tag?post=36276"}],"curies":[{"name":"wp","href":"https:\/\/api.w.org\/{rel}","templated":true}]}}