{"id":36248,"date":"2025-09-21T09:22:21","date_gmt":"2025-09-21T06:22:21","guid":{"rendered":"https:\/\/keluvo.com\/se\/product\/kudde-2\/"},"modified":"2025-10-07T15:32:57","modified_gmt":"2025-10-07T12:32:57","slug":"kudde-2","status":"publish","type":"product","link":"https:\/\/keluvo.com\/se\/product\/kudde-2\/","title":{"rendered":"Kudde"},"content":{"rendered":"<p style=\"text-align: center\" data-start=\"106\" data-end=\"155\"><strong>Sov Bekv\u00e4mt Och Vakna Utan Sm\u00e4rta \ud83d\ude34\u2728<\/strong><\/p>\n<p style=\"text-align: center\" data-start=\"156\" data-end=\"407\">Njut av djup, vilsam s\u00f6mn och vakna upp utvilad med v\u00e5r ortopediska kudde. Den \u00e4r utformad f\u00f6r att h\u00e5lla ryggraden i linje och minskar trycket p\u00e5 kn\u00e4n, h\u00f6fter och nedre delen av ryggen &#8211; perfekt f\u00f6r dig som sover p\u00e5 sidan och vill undvika morgonv\u00e4rk.<\/p>\n<p data-start=\"156\" data-end=\"407\"><img decoding=\"async\" class=\"size-full wp-image-31294 aligncenter\" src=\"https:\/\/keluvo.com\/template\/wp-content\/uploads\/sites\/5\/2025\/08\/goodsleep-4.jpg\" alt=\"\" \/><\/p>\n<h2 style=\"text-align: center\" data-start=\"414\" data-end=\"436\">Huvudsakliga f\u00f6rdelar<\/h2>\n<p data-start=\"439\" data-end=\"487\">\ud83d\udee1\ufe0f Avlastar leder och nedre delen av ryggen<\/p>\n<p data-start=\"490\" data-end=\"557\">\ud83d\udca4 H\u00e5ller kroppen i en naturlig, h\u00e4lsosam position medan du sleep<\/p>\n<p data-start=\"560\" data-end=\"618\">\ud83c\udf2c\ufe0f Andningsaktiv design f\u00f6rhindrar svettning under natten<\/p>\n<p data-start=\"621\" data-end=\"665\">\ud83e\uddf5 Tv\u00e4ttbart \u00f6verdrag med praktisk dragkedja<\/p>\n<p data-start=\"668\" data-end=\"725\">\ud83e\ude91 Ergonomiskt formad f\u00f6r maximal komfort och st\u00f6d<\/p>\n<p data-start=\"668\" data-end=\"725\"><img decoding=\"async\" class=\"size-full wp-image-31298 aligncenter\" src=\"https:\/\/keluvo.com\/template\/wp-content\/uploads\/sites\/5\/2025\/08\/goodsleep-2.jpg\" alt=\"\" \/><\/p>\n<h2 style=\"text-align: center\" data-start=\"732\" data-end=\"751\"><strong>Anv\u00e4ndning<\/strong><\/h2>\n<ol data-start=\"752\" data-end=\"925\">\n<li data-start=\"752\" data-end=\"821\">\n<p data-start=\"755\" data-end=\"821\">Placera kudden mellan kn\u00e4na medan du sover p\u00e5 sidan.<\/p>\n<\/li>\n<li data-start=\"822\" data-end=\"886\">\n<p data-start=\"825\" data-end=\"886\">Justera efter din komfort s\u00e5 att dina h\u00f6fter och din ryggrad f\u00f6rblir i linje.<\/p>\n<\/li>\n<li data-start=\"887\" data-end=\"925\">\n<p data-start=\"890\" data-end=\"925\">Njut av en vilsam, sm\u00e4rtfri natt.<\/p>\n<\/li>\n<\/ol>\n<h2 style=\"text-align: center\" data-start=\"932\" data-end=\"956\"><strong>Produktdetaljer<\/strong><\/h2>\n<ul data-start=\"957\" data-end=\"1053\">\n<li data-start=\"957\" data-end=\"975\">\n<p data-start=\"959\" data-end=\"975\">Vikt: 0,2 kg<\/p>\n<\/li>\n<li data-start=\"976\" data-end=\"1008\">\n<p data-start=\"978\" data-end=\"1008\">\u00d6verdragsmaterial: 100% Akryl<\/p>\n<\/li>\n<li data-start=\"1009\" data-end=\"1053\">\n<p data-start=\"1011\" data-end=\"1053\">Fyllnadsmaterial: 100% polyuretanskum<\/p>\n<\/li>\n<\/ul>\n<h2 style=\"text-align: center\" data-start=\"1060\" data-end=\"1085\"><strong>F\u00f6rpackningen Inneh\u00e5ller<\/strong><\/h2>\n<ul data-start=\"1086\" data-end=\"1124\">\n<li data-start=\"1086\" data-end=\"1124\">\n<p data-start=\"1088\" data-end=\"1124\">1x ortopedisk kudde.<\/p>\n<\/li>\n<\/ul>\n","protected":false},"excerpt":{"rendered":"<p>Sov Bekv\u00e4mt Och Vakna Utan Sm\u00e4rta \ud83d\ude34\u2728 Njut av djup, vilsam s\u00f6mn och vakna upp utvilad med v\u00e5r ortopediska kudde. [&hellip;]<\/p>\n","protected":false},"featured_media":36244,"comment_status":"open","ping_status":"closed","template":"","meta":{"site-sidebar-layout":"default","site-content-layout":"","ast-site-content-layout":"default","site-content-style":"default","site-sidebar-style":"default","ast-global-header-display":"","ast-banner-title-visibility":"","ast-main-header-display":"","ast-hfb-above-header-display":"","ast-hfb-below-header-display":"","ast-hfb-mobile-header-display":"","site-post-title":"","ast-breadcrumbs-content":"","ast-featured-img":"","footer-sml-layout":"","theme-transparent-header-meta":"default","adv-header-id-meta":"","stick-header-meta":"","header-above-stick-meta":"","header-main-stick-meta":"","header-below-stick-meta":"","astra-migrate-meta-layouts":"set","ast-page-background-enabled":"default","ast-page-background-meta":{"desktop":{"background-color":"var(--ast-global-color-4)","background-image":"","background-repeat":"repeat","background-position":"center center","background-size":"auto","background-attachment":"scroll","background-type":"","background-media":"","overlay-type":"","overlay-color":"","overlay-opacity":"","overlay-gradient":""},"tablet":{"background-color":"","background-image":"","background-repeat":"repeat","background-position":"center center","background-size":"auto","background-attachment":"scroll","background-type":"","background-media":"","overlay-type":"","overlay-color":"","overlay-opacity":"","overlay-gradient":""},"mobile":{"background-color":"","background-image":"","background-repeat":"repeat","background-position":"center center","background-size":"auto","background-attachment":"scroll","background-type":"","background-media":"","overlay-type":"","overlay-color":"","overlay-opacity":"","overlay-gradient":""}},"ast-content-background-meta":{"desktop":{"background-color":"var(--ast-global-color-5)","background-image":"","background-repeat":"repeat","background-position":"center center","background-size":"auto","background-attachment":"scroll","background-type":"","background-media":"","overlay-type":"","overlay-color":"","overlay-opacity":"","overlay-gradient":""},"tablet":{"background-color":"var(--ast-global-color-5)","background-image":"","background-repeat":"repeat","background-position":"center center","background-size":"auto","background-attachment":"scroll","background-type":"","background-media":"","overlay-type":"","overlay-color":"","overlay-opacity":"","overlay-gradient":""},"mobile":{"background-color":"var(--ast-global-color-5)","background-image":"","background-repeat":"repeat","background-position":"center center","background-size":"auto","background-attachment":"scroll","background-type":"","background-media":"","overlay-type":"","overlay-color":"","overlay-opacity":"","overlay-gradient":""}}},"product_brand":[],"product_cat":[1001,991],"product_tag":[],"class_list":{"0":"post-36248","1":"product","2":"type-product","3":"status-publish","4":"has-post-thumbnail","6":"product_cat-household-goods","7":"product_cat-health-care-supplies","8":"pa_41731_tgeht80r-bla","9":"pa_41731_tgeht80r-vit","10":"desktop-align-left","11":"tablet-align-left","12":"mobile-align-left","14":"first","15":"instock","16":"shipping-taxable","17":"purchasable","18":"product-type-variable"},"_links":{"self":[{"href":"https:\/\/keluvo.com\/se\/wp-json\/wp\/v2\/product\/36248","targetHints":{"allow":["GET"]}}],"collection":[{"href":"https:\/\/keluvo.com\/se\/wp-json\/wp\/v2\/product"}],"about":[{"href":"https:\/\/keluvo.com\/se\/wp-json\/wp\/v2\/types\/product"}],"replies":[{"embeddable":true,"href":"https:\/\/keluvo.com\/se\/wp-json\/wp\/v2\/comments?post=36248"}],"wp:featuredmedia":[{"embeddable":true,"href":"https:\/\/keluvo.com\/se\/wp-json\/wp\/v2\/media\/36244"}],"wp:attachment":[{"href":"https:\/\/keluvo.com\/se\/wp-json\/wp\/v2\/media?parent=36248"}],"wp:term":[{"taxonomy":"product_brand","embeddable":true,"href":"https:\/\/keluvo.com\/se\/wp-json\/wp\/v2\/product_brand?post=36248"},{"taxonomy":"product_cat","embeddable":true,"href":"https:\/\/keluvo.com\/se\/wp-json\/wp\/v2\/product_cat?post=36248"},{"taxonomy":"product_tag","embeddable":true,"href":"https:\/\/keluvo.com\/se\/wp-json\/wp\/v2\/product_tag?post=36248"}],"curies":[{"name":"wp","href":"https:\/\/api.w.org\/{rel}","templated":true}]}}