{"id":36233,"date":"2025-09-21T09:21:42","date_gmt":"2025-09-21T06:21:42","guid":{"rendered":"https:\/\/keluvo.com\/se\/product\/rengoringsmedel-for-skor-2\/"},"modified":"2025-09-21T09:21:50","modified_gmt":"2025-09-21T06:21:50","slug":"rengoringsmedel-for-skor-2","status":"publish","type":"product","link":"https:\/\/keluvo.com\/se\/product\/rengoringsmedel-for-skor-2\/","title":{"rendered":"Reng\u00f6ringsmedel f\u00f6r skor"},"content":{"rendered":"<p style=\"text-align: center\" data-start=\"100\" data-end=\"139\"><strong>Ge Dina Skor Nytt Liv \ud83d\udc5f\u2728<\/strong><\/p>\n<p style=\"text-align: center\" data-start=\"140\" data-end=\"349\">S\u00e4g adj\u00f6 till envis smuts, gulf\u00e4rgning och fl\u00e4ckar! Den h\u00e4r skoreng\u00f6ringen \u00e5terst\u00e4ller dina sneakers, l\u00e4derskor och sportskor till deras ursprungliga ljusvita utseende &#8211; utan att skada materialet.<\/p>\n<p data-start=\"140\" data-end=\"349\"><img decoding=\"async\" class=\"size-full wp-image-31285 aligncenter\" src=\"https:\/\/keluvo.com\/template\/wp-content\/uploads\/sites\/5\/2025\/08\/cc8aebf49f70ab5a619c376f97b0838e13142cedc9c99bbe7773a95b78aa7ec7.webp\" alt=\"\" \/><\/p>\n<h2 style=\"text-align: center\" data-start=\"356\" data-end=\"378\">\ud83d\udca5 Huvudf\u00f6rdelar<\/h2>\n<p data-start=\"381\" data-end=\"422\">\u2728 G\u00f6r skorna omedelbart vitare och ljusare<\/p>\n<p data-start=\"425\" data-end=\"470\">\ud83e\uddfc Tar bort djupa fl\u00e4ckar, gulf\u00e4rgning och dirt<\/p>\n<p data-start=\"473\" data-end=\"522\">\ud83d\udee1\ufe0f Skonsam formula &#8211; s\u00e4ker f\u00f6r de flesta skomaterial<\/p>\n<p data-start=\"525\" data-end=\"591\">\ud83d\udd04 \u00c5terst\u00e4ller det ursprungliga utseendet utan att t\u00e4cka fl\u00e4ckar som f\u00e4rg<\/p>\n<p data-start=\"594\" data-end=\"649\">\ud83c\udfaf Fungerar p\u00e5 sneakers, canvas, l\u00e4der, mesh med mera<\/p>\n<p data-start=\"594\" data-end=\"649\"><img decoding=\"async\" class=\"size-full wp-image-31284 aligncenter\" src=\"https:\/\/keluvo.com\/template\/wp-content\/uploads\/sites\/5\/2025\/08\/745b8b8db51e6393cbab5929d80a7dd7db4adca29ea9972585e78b8195492864.webp\" alt=\"\" \/><\/p>\n<h2 style=\"text-align: center\" data-start=\"656\" data-end=\"675\">\ud83e\uddf4 Hur Man Anv\u00e4nder<\/h2>\n<ol data-start=\"676\" data-end=\"871\">\n<li data-start=\"676\" data-end=\"714\">\n<p data-start=\"679\" data-end=\"714\">Skaka flaskan v\u00e4l f\u00f6re anv\u00e4ndning.<\/p>\n<\/li>\n<li data-start=\"715\" data-end=\"771\">\n<p data-start=\"718\" data-end=\"771\">Applicera gel direkt p\u00e5 det fl\u00e4ckiga eller gulnade omr\u00e5det.<\/p>\n<\/li>\n<li data-start=\"772\" data-end=\"814\">\n<p data-start=\"775\" data-end=\"814\">Skrubba f\u00f6rsiktigt med den medf\u00f6ljande borsten.<\/p>\n<\/li>\n<li data-start=\"815\" data-end=\"871\">\n<p data-start=\"818\" data-end=\"871\">Torka bort rester och l\u00e5t dina skor torka naturligt.<\/p>\n<\/li>\n<\/ol>\n<h2 style=\"text-align: center\" data-start=\"878\" data-end=\"902\">\ud83d\udccf Produktdetaljer<\/h2>\n<ul data-start=\"903\" data-end=\"1065\">\n<li data-start=\"943\" data-end=\"963\">\n<p data-start=\"945\" data-end=\"963\">Kapacitet: 100 ml<\/p>\n<\/li>\n<li data-start=\"943\" data-end=\"963\">\n<p data-start=\"945\" data-end=\"963\">Material: Plast<\/p>\n<\/li>\n<li data-start=\"943\" data-end=\"963\">\n<p data-start=\"945\" data-end=\"963\">Reng\u00f6ringsstorlek: 11,5 x 3 cm x 3 cm<\/p>\n<\/li>\n<li data-start=\"943\" data-end=\"963\">\n<p data-start=\"945\" data-end=\"963\">Borstestorlek: 11,6 x 1,5 cm<\/p>\n<\/li>\n<li data-start=\"943\" data-end=\"963\">\n<p data-start=\"945\" data-end=\"963\">Maskningstejpstorlek: 3,5 x 0,8 cm<\/p>\n<\/li>\n<li data-start=\"996\" data-end=\"1065\">\n<p data-start=\"998\" data-end=\"1065\">S\u00e4ker f\u00f6r: Sneakers, l\u00e4der, sportskor, fritidsskor med mera.<\/p>\n<\/li>\n<\/ul>\n<h2 style=\"text-align: center\" data-start=\"1072\" data-end=\"1097\">\ud83d\udce6 Paketet Inneh\u00e5ller<\/h2>\n<ul data-start=\"1098\" data-end=\"1165\">\n<li data-start=\"1098\" data-end=\"1143\">\n<p data-start=\"1100\" data-end=\"1143\">1, 2, 3x skoputsare<\/p>\n<\/li>\n<li data-start=\"1144\" data-end=\"1165\">\n<p data-start=\"1146\" data-end=\"1165\">1, 2, 3x reng\u00f6ringsborste<\/p>\n<\/li>\n<li data-start=\"1144\" data-end=\"1165\">\n<p data-start=\"1146\" data-end=\"1165\">1, 2, 3x maskeringstejp.<\/p>\n<\/li>\n<\/ul>\n","protected":false},"excerpt":{"rendered":"<p>Ge Dina Skor Nytt Liv \ud83d\udc5f\u2728 S\u00e4g adj\u00f6 till envis smuts, gulf\u00e4rgning och fl\u00e4ckar! Den h\u00e4r skoreng\u00f6ringen \u00e5terst\u00e4ller dina sneakers, [&hellip;]<\/p>\n","protected":false},"featured_media":36229,"comment_status":"open","ping_status":"closed","template":"","meta":{"site-sidebar-layout":"default","site-content-layout":"","ast-site-content-layout":"default","site-content-style":"default","site-sidebar-style":"default","ast-global-header-display":"","ast-banner-title-visibility":"","ast-main-header-display":"","ast-hfb-above-header-display":"","ast-hfb-below-header-display":"","ast-hfb-mobile-header-display":"","site-post-title":"","ast-breadcrumbs-content":"","ast-featured-img":"","footer-sml-layout":"","theme-transparent-header-meta":"default","adv-header-id-meta":"","stick-header-meta":"","header-above-stick-meta":"","header-main-stick-meta":"","header-below-stick-meta":"","astra-migrate-meta-layouts":"set","ast-page-background-enabled":"default","ast-page-background-meta":{"desktop":{"background-color":"var(--ast-global-color-4)","background-image":"","background-repeat":"repeat","background-position":"center center","background-size":"auto","background-attachment":"scroll","background-type":"","background-media":"","overlay-type":"","overlay-color":"","overlay-opacity":"","overlay-gradient":""},"tablet":{"background-color":"","background-image":"","background-repeat":"repeat","background-position":"center center","background-size":"auto","background-attachment":"scroll","background-type":"","background-media":"","overlay-type":"","overlay-color":"","overlay-opacity":"","overlay-gradient":""},"mobile":{"background-color":"","background-image":"","background-repeat":"repeat","background-position":"center center","background-size":"auto","background-attachment":"scroll","background-type":"","background-media":"","overlay-type":"","overlay-color":"","overlay-opacity":"","overlay-gradient":""}},"ast-content-background-meta":{"desktop":{"background-color":"var(--ast-global-color-5)","background-image":"","background-repeat":"repeat","background-position":"center center","background-size":"auto","background-attachment":"scroll","background-type":"","background-media":"","overlay-type":"","overlay-color":"","overlay-opacity":"","overlay-gradient":""},"tablet":{"background-color":"var(--ast-global-color-5)","background-image":"","background-repeat":"repeat","background-position":"center center","background-size":"auto","background-attachment":"scroll","background-type":"","background-media":"","overlay-type":"","overlay-color":"","overlay-opacity":"","overlay-gradient":""},"mobile":{"background-color":"var(--ast-global-color-5)","background-image":"","background-repeat":"repeat","background-position":"center center","background-size":"auto","background-attachment":"scroll","background-type":"","background-media":"","overlay-type":"","overlay-color":"","overlay-opacity":"","overlay-gradient":""}}},"product_brand":[],"product_cat":[993],"product_tag":[],"class_list":{"0":"post-36233","1":"product","2":"type-product","3":"status-publish","4":"has-post-thumbnail","6":"product_cat-footwear-accessories","7":"pa_30070_x33d28dp-1-st","8":"pa_30070_x33d28dp-2-st","9":"pa_30070_x33d28dp-3-st","10":"desktop-align-left","11":"tablet-align-left","12":"mobile-align-left","14":"first","15":"instock","16":"shipping-taxable","17":"purchasable","18":"product-type-variable"},"_links":{"self":[{"href":"https:\/\/keluvo.com\/se\/wp-json\/wp\/v2\/product\/36233","targetHints":{"allow":["GET"]}}],"collection":[{"href":"https:\/\/keluvo.com\/se\/wp-json\/wp\/v2\/product"}],"about":[{"href":"https:\/\/keluvo.com\/se\/wp-json\/wp\/v2\/types\/product"}],"replies":[{"embeddable":true,"href":"https:\/\/keluvo.com\/se\/wp-json\/wp\/v2\/comments?post=36233"}],"wp:featuredmedia":[{"embeddable":true,"href":"https:\/\/keluvo.com\/se\/wp-json\/wp\/v2\/media\/36229"}],"wp:attachment":[{"href":"https:\/\/keluvo.com\/se\/wp-json\/wp\/v2\/media?parent=36233"}],"wp:term":[{"taxonomy":"product_brand","embeddable":true,"href":"https:\/\/keluvo.com\/se\/wp-json\/wp\/v2\/product_brand?post=36233"},{"taxonomy":"product_cat","embeddable":true,"href":"https:\/\/keluvo.com\/se\/wp-json\/wp\/v2\/product_cat?post=36233"},{"taxonomy":"product_tag","embeddable":true,"href":"https:\/\/keluvo.com\/se\/wp-json\/wp\/v2\/product_tag?post=36233"}],"curies":[{"name":"wp","href":"https:\/\/api.w.org\/{rel}","templated":true}]}}