{"id":36203,"date":"2025-09-21T09:20:36","date_gmt":"2025-09-21T06:20:36","guid":{"rendered":"https:\/\/keluvo.com\/se\/product\/led-rorelseljus\/"},"modified":"2025-09-21T09:20:58","modified_gmt":"2025-09-21T06:20:58","slug":"led-rorelseljus","status":"publish","type":"product","link":"https:\/\/keluvo.com\/se\/product\/led-rorelseljus\/","title":{"rendered":"LED-r\u00f6relseljus"},"content":{"rendered":"<p style=\"text-align: center\" data-start=\"103\" data-end=\"157\"><strong>Ljus Precis N\u00e4r Och D\u00e4r Du Beh\u00f6ver Det \ud83d\udca1\ud83d\udeb6\u200d\u2642\ufe0f<\/strong><\/p>\n<p style=\"text-align: center\" data-start=\"158\" data-end=\"402\">This smart LED-r\u00f6relselampa t\u00e4nds automatiskt n\u00e4r den uppt\u00e4cker r\u00f6relse, vilket ger s\u00e4ker, handsfree belysning p\u00e5 natten eller i m\u00f6rka utrymmen. Perfekt f\u00f6r korridorer, garderober, sovrum, trappor eller var som helst d\u00e4r du beh\u00f6ver extra ljus utan att fumla efter en str\u00f6mbrytare. Milj\u00f6v\u00e4nlig, enkel att installera och energibesparande.<\/p>\n<p data-start=\"158\" data-end=\"402\"><img decoding=\"async\" class=\"size-full wp-image-31256 aligncenter\" src=\"https:\/\/keluvo.com\/template\/wp-content\/uploads\/sites\/5\/2025\/08\/LUMISIGN-IMG1-min_4f8f6b50-ac8d-411d-af0b-249079394197_480x480.webp\" alt=\"\" \/><\/p>\n<h2 style=\"text-align: center\" data-start=\"460\" data-end=\"482\"><strong>Main Benefits<\/strong><\/h2>\n<p data-start=\"485\" data-end=\"547\">\ud83d\udeb6\u200d\u2642\ufe0f R\u00f6relseaktiverad f\u00f6r omedelbar belysning n\u00e4r du g\u00e5r f\u00f6rbi<\/p>\n<p data-start=\"550\" data-end=\"597\">\ud83d\udca1 Varmt, mjukt ljus som \u00e4r skonsamt f\u00f6r \u00f6gonen<\/p>\n<p data-start=\"600\" data-end=\"657\">\ud83c\udf31 Energisparande LED-teknik f\u00f6r l\u00e4ngre batteritid life<\/p>\n<p data-start=\"660\" data-end=\"724\">\ud83d\udee0\ufe0f Enkel installation &#8211; f\u00e4st var som helst med lim eller skruvar<\/p>\n<p data-start=\"727\" data-end=\"789\">\ud83c\udfe0 Perfekt f\u00f6r korridorer, garderober, trappor, sovrum och mycket mer<\/p>\n<p data-start=\"727\" data-end=\"789\"><img decoding=\"async\" class=\"size-full wp-image-31255 aligncenter\" src=\"https:\/\/keluvo.com\/template\/wp-content\/uploads\/sites\/5\/2025\/08\/Sf465637c268c4d3ea3f558587ef85bcdN_jpg_26ff92e2-1dcf-40b7-9929-7f4c43e82546_480x480.webp\" alt=\"\" \/><\/p>\n<h2 style=\"text-align: center\" data-start=\"796\" data-end=\"815\"><strong>How To Use<\/strong><\/h2>\n<ol data-start=\"816\" data-end=\"1059\">\n<li data-start=\"816\" data-end=\"871\">\n<p data-start=\"819\" data-end=\"871\">Installera med hj\u00e4lp av den medf\u00f6ljande limplattan eller skruvarna.<\/p>\n<\/li>\n<li data-start=\"872\" data-end=\"926\">\n<p data-start=\"875\" data-end=\"926\">Placera den p\u00e5 en plats d\u00e4r den kan uppt\u00e4cka r\u00f6relser.<\/p>\n<\/li>\n<li data-start=\"927\" data-end=\"993\">\n<p data-start=\"930\" data-end=\"993\">lampan t\u00e4nds automatiskt n\u00e4r r\u00f6relse uppt\u00e4cks.<\/p>\n<\/li>\n<li data-start=\"994\" data-end=\"1059\">\n<p data-start=\"997\" data-end=\"1059\">st\u00e4ngs av efter en kort tids inaktivitet f\u00f6r att spara energi.<\/p>\n<\/li>\n<\/ol>\n<h2 style=\"text-align: center\" data-start=\"1066\" data-end=\"1090\"><strong>Product Details<\/strong><\/h2>\n<ul data-start=\"1091\" data-end=\"1242\">\n<li data-start=\"1091\" data-end=\"1118\">\n<p data-start=\"1093\" data-end=\"1118\">Ljusf\u00e4rg: Varmvit och Vit<\/p>\n<\/li>\n<li data-start=\"1119\" data-end=\"1158\">\n<p data-start=\"1121\" data-end=\"1158\">R\u00e4ckvidd f\u00f6r r\u00f6relsedetektering: Upp till 3\u20135 m<\/p>\n<\/li>\n<li data-start=\"1119\" data-end=\"1158\">\n<p data-start=\"1121\" data-end=\"1158\"><span dir=\"auto\">Laddningstid:<\/span><span dir=\"auto\">\u00a02 timmar<\/span><\/p>\n<\/li>\n<li data-start=\"1119\" data-end=\"1158\">\n<p data-start=\"1121\" data-end=\"1158\">Detektionsvinkel: 120\u00b0<\/p>\n<\/li>\n<li data-start=\"1185\" data-end=\"1201\">\n<p data-start=\"1187\" data-end=\"1201\">Effekt: 0,6 W<\/p>\n<\/li>\n<li data-start=\"1202\" data-end=\"1225\">\n<p data-start=\"1204\" data-end=\"1225\">Storlek: 8 cm diameter<\/p>\n<\/li>\n<li data-start=\"1226\" data-end=\"1242\">\n<p data-start=\"1228\" data-end=\"1242\">Vikt: 72 g<\/p>\n<\/li>\n<\/ul>\n<h2 style=\"text-align: center\" data-start=\"1249\" data-end=\"1274\"><strong>Package Includes<\/strong><\/h2>\n<ul data-start=\"1275\" data-end=\"1357\">\n<li data-start=\"1275\" data-end=\"1316\">\n<p data-start=\"1277\" data-end=\"1316\">1, 2, 3x LED-r\u00f6relselampa<\/p>\n<\/li>\n<li data-start=\"1317\" data-end=\"1336\">\n<p data-start=\"1319\" data-end=\"1336\"><span style=\"font-size: 16px\">1, 2, 3x USB-laddningskabel <\/span><\/p>\n<\/li>\n<li data-start=\"1317\" data-end=\"1336\">\n<p data-start=\"1319\" data-end=\"1336\"><span style=\"font-size: 16px\">1, 2, 3x magnetisk klisterm\u00e4rke.<\/span><\/p>\n<\/li>\n<\/ul>\n","protected":false},"excerpt":{"rendered":"<p>Ljus Precis N\u00e4r Och D\u00e4r Du Beh\u00f6ver Det \ud83d\udca1\ud83d\udeb6\u200d\u2642\ufe0f This smart LED-r\u00f6relselampa t\u00e4nds automatiskt n\u00e4r den uppt\u00e4cker r\u00f6relse, vilket ger [&hellip;]<\/p>\n","protected":false},"featured_media":36199,"comment_status":"open","ping_status":"closed","template":"","meta":{"site-sidebar-layout":"default","site-content-layout":"","ast-site-content-layout":"default","site-content-style":"default","site-sidebar-style":"default","ast-global-header-display":"","ast-banner-title-visibility":"","ast-main-header-display":"","ast-hfb-above-header-display":"","ast-hfb-below-header-display":"","ast-hfb-mobile-header-display":"","site-post-title":"","ast-breadcrumbs-content":"","ast-featured-img":"","footer-sml-layout":"","theme-transparent-header-meta":"default","adv-header-id-meta":"","stick-header-meta":"","header-above-stick-meta":"","header-main-stick-meta":"","header-below-stick-meta":"","astra-migrate-meta-layouts":"set","ast-page-background-enabled":"default","ast-page-background-meta":{"desktop":{"background-color":"var(--ast-global-color-4)","background-image":"","background-repeat":"repeat","background-position":"center center","background-size":"auto","background-attachment":"scroll","background-type":"","background-media":"","overlay-type":"","overlay-color":"","overlay-opacity":"","overlay-gradient":""},"tablet":{"background-color":"","background-image":"","background-repeat":"repeat","background-position":"center center","background-size":"auto","background-attachment":"scroll","background-type":"","background-media":"","overlay-type":"","overlay-color":"","overlay-opacity":"","overlay-gradient":""},"mobile":{"background-color":"","background-image":"","background-repeat":"repeat","background-position":"center center","background-size":"auto","background-attachment":"scroll","background-type":"","background-media":"","overlay-type":"","overlay-color":"","overlay-opacity":"","overlay-gradient":""}},"ast-content-background-meta":{"desktop":{"background-color":"var(--ast-global-color-5)","background-image":"","background-repeat":"repeat","background-position":"center center","background-size":"auto","background-attachment":"scroll","background-type":"","background-media":"","overlay-type":"","overlay-color":"","overlay-opacity":"","overlay-gradient":""},"tablet":{"background-color":"var(--ast-global-color-5)","background-image":"","background-repeat":"repeat","background-position":"center center","background-size":"auto","background-attachment":"scroll","background-type":"","background-media":"","overlay-type":"","overlay-color":"","overlay-opacity":"","overlay-gradient":""},"mobile":{"background-color":"var(--ast-global-color-5)","background-image":"","background-repeat":"repeat","background-position":"center center","background-size":"auto","background-attachment":"scroll","background-type":"","background-media":"","overlay-type":"","overlay-color":"","overlay-opacity":"","overlay-gradient":""}}},"product_brand":[],"product_cat":[1001],"product_tag":[],"class_list":{"0":"post-36203","1":"product","2":"type-product","3":"status-publish","4":"has-post-thumbnail","6":"product_cat-household-goods","7":"pa_24050_6axry3a2-varm-och-vit","8":"pa_24050_6axry3a2-varm-vit","9":"pa_24050_6axry3a2-vit","10":"pa_24050_anshjou1-1-st","11":"pa_24050_anshjou1-2-st","12":"pa_24050_anshjou1-3-st","13":"desktop-align-left","14":"tablet-align-left","15":"mobile-align-left","17":"first","18":"instock","19":"shipping-taxable","20":"purchasable","21":"product-type-variable","22":"has-default-attributes"},"_links":{"self":[{"href":"https:\/\/keluvo.com\/se\/wp-json\/wp\/v2\/product\/36203","targetHints":{"allow":["GET"]}}],"collection":[{"href":"https:\/\/keluvo.com\/se\/wp-json\/wp\/v2\/product"}],"about":[{"href":"https:\/\/keluvo.com\/se\/wp-json\/wp\/v2\/types\/product"}],"replies":[{"embeddable":true,"href":"https:\/\/keluvo.com\/se\/wp-json\/wp\/v2\/comments?post=36203"}],"wp:featuredmedia":[{"embeddable":true,"href":"https:\/\/keluvo.com\/se\/wp-json\/wp\/v2\/media\/36199"}],"wp:attachment":[{"href":"https:\/\/keluvo.com\/se\/wp-json\/wp\/v2\/media?parent=36203"}],"wp:term":[{"taxonomy":"product_brand","embeddable":true,"href":"https:\/\/keluvo.com\/se\/wp-json\/wp\/v2\/product_brand?post=36203"},{"taxonomy":"product_cat","embeddable":true,"href":"https:\/\/keluvo.com\/se\/wp-json\/wp\/v2\/product_cat?post=36203"},{"taxonomy":"product_tag","embeddable":true,"href":"https:\/\/keluvo.com\/se\/wp-json\/wp\/v2\/product_tag?post=36203"}],"curies":[{"name":"wp","href":"https:\/\/api.w.org\/{rel}","templated":true}]}}